{"id":30146,"date":"2025-03-29T03:58:51","date_gmt":"2025-03-29T03:58:51","guid":{"rendered":"https:\/\/xinshengmanufacture.com\/datenschutzbestimmungen\/"},"modified":"2025-06-20T09:09:28","modified_gmt":"2025-06-20T09:09:28","slug":"datenschutzbestimmungen","status":"publish","type":"page","link":"https:\/\/xinshengmanufacture.com\/de\/datenschutzbestimmungen\/","title":{"rendered":"Datenschutzbestimmungen"},"content":{"rendered":"\t\t<div data-elementor-type=\"wp-page\" data-elementor-id=\"30146\" class=\"elementor elementor-30146 elementor-3\" data-elementor-post-type=\"page\">\n\t\t\t\t<div class=\"elementor-element elementor-element-5befe00b e-flex e-con-boxed e-con e-parent\" data-id=\"5befe00b\" data-element_type=\"container\" data-e-type=\"container\">\n\t\t\t\t\t<div class=\"e-con-inner\">\n\t\t\t\t<div class=\"elementor-element elementor-element-38191b6a elementor-widget elementor-widget-text-editor\" data-id=\"38191b6a\" data-element_type=\"widget\" data-e-type=\"widget\" data-widget_type=\"text-editor.default\">\n\t\t\t\t<div class=\"elementor-widget-container\">\n\t\t\t\t\t\t\t\t\t<p>Xinshengmanufacture LLC (\u201ewir\u201c) betreibt die Website www.xinshengmanufacture.com und die mobile Anwendung xinshengmanufacture (der \u201eDienst\u201c).<\/p>\n<p>Diese Seite informiert Sie \u00fcber unsere Richtlinien bez\u00fcglich der Erfassung, Verwendung und Weitergabe von pers\u00f6nlichen Daten, wenn Sie unseren Service nutzen, sowie \u00fcber die Wahlm\u00f6glichkeiten, die Sie bez\u00fcglich dieser Daten haben.<\/p>\n<p>Wir verwenden Ihre Daten, um den Service bereitzustellen und zu verbessern. Indem Sie den Service nutzen, stimmen Sie der Erfassung und Verwendung von Daten gem\u00e4\u00df dieser Richtlinie zu. Sofern in dieser Datenschutzrichtlinie nicht anders definiert, haben die in dieser Datenschutzrichtlinie verwendeten Begriffe die gleiche Bedeutung wie in unseren Allgemeinen Gesch\u00e4ftsbedingungen.  <\/p>\n<p>Definitionen Dienst<\/p>\n<p>Der Service bezieht sich auf die Website www.xinshengmanufacture.com und die mobile Anwendung xinshengmanufacture, die von xinshengmanufacture LLC betrieben werden.<\/p>\n<p>Pers\u00f6nliche Daten<\/p>\n<p>Personenbezogene Daten sind Daten \u00fcber eine lebende Person, die anhand dieser Daten (oder anhand anderer Informationen, die sich in unserem Besitz befinden oder in unseren Besitz gelangen k\u00f6nnen) identifiziert werden kann.<\/p>\n<p>Verwendungsdaten<\/p>\n<p>Nutzungsdaten sind Daten, die automatisch durch die Nutzung des Dienstes oder durch die Infrastruktur des Dienstes selbst erzeugt werden (z.B. die Dauer eines Seitenbesuchs).<\/p>\n<p>Cookies<\/p>\n<p>Cookies sind kleine Dateien, die auf Ihrem Ger\u00e4t (Computer oder Mobilger\u00e4t) gespeichert werden.<\/p>\n<p>Data Controller<\/p>\n<p>Verantwortlicher f\u00fcr die Datenverarbeitung ist die nat\u00fcrliche oder juristische Person, die (entweder allein, gemeinsam oder zusammen mit anderen Personen) die Zwecke und Mittel der Verarbeitung von personenbezogenen Daten bestimmt.<\/p>\n<p>F\u00fcr die Zwecke dieser Datenschutzrichtlinie sind wir der Datenverantwortliche f\u00fcr Ihre pers\u00f6nlichen Daten.<\/p>\n<p>Datenverarbeiter (oder Dienstanbieter)<\/p>\n<p>Datenverarbeiter (oder Dienstleister) bezeichnet jede nat\u00fcrliche oder juristische Person, die Daten im Auftrag des Datenverantwortlichen verarbeitet.<\/p>\n<p>Wir k\u00f6nnen die Dienste verschiedener Service Provider in Anspruch nehmen, um Ihre Daten effektiver zu verarbeiten.<\/p>\n<p>Datensubjekt (oder Benutzer)<\/p>\n<p>Betroffene Person ist jede lebende Person, die unsere Dienste nutzt und Gegenstand von personenbezogenen Daten ist.<\/p>\n<p>Sammlung und Verwendung von Informationen<br>Wir sammeln verschiedene Arten von Informationen zu unterschiedlichen Zwecken, um Ihnen unsere Dienste anbieten und verbessern zu k\u00f6nnen.<\/p>\n<p>Arten von gesammelten Daten<br>Pers\u00f6nliche Daten<\/p>\n<p>Bei der Nutzung unserer Dienste bitten wir Sie m\u00f6glicherweise, uns bestimmte personenbezogene Daten mitzuteilen, die verwendet werden k\u00f6nnen, um Sie zu kontaktieren oder zu identifizieren (\u201epersonenbezogene Daten\u201c). Zu den personenbezogenen Daten k\u00f6nnen unter anderem geh\u00f6ren: <\/p>\n<p>E-Mail Adresse<\/p>\n<p>Vor- und Nachname<\/p>\n<p>Rufnummer<\/p>\n<p>Adresse, Bundesland, Provinz, Postleitzahl, Stadt<\/p>\n<p>Cookies und Nutzungsdaten<\/p>\n<p>Wir k\u00f6nnen Ihre pers\u00f6nlichen Daten verwenden, um Sie mit Newslettern, Marketing- oder Werbematerialien und anderen Informationen zu kontaktieren, die f\u00fcr Sie von Interesse sein k\u00f6nnten. Sie haben die M\u00f6glichkeit, den Erhalt einzelner oder aller dieser Mitteilungen von uns abzulehnen, indem Sie auf die Abmeldelinks oder Anweisungen klicken, die in jeder von uns gesendeten E-Mail enthalten sind. <\/p>\n<p>Verwendungsdaten<\/p>\n<p>Wir k\u00f6nnen auch Informationen sammeln, die Ihr Browser sendet, wenn Sie unsere Dienste besuchen oder wenn Sie \u00fcber ein mobiles Ger\u00e4t auf die Dienste zugreifen (\u201eNutzungsdaten\u201c).<\/p>\n<p>Diese Nutzungsdaten k\u00f6nnen Informationen wie die Internetprotokolladresse Ihres Computers (z.B. IP-Adresse), den Browsertyp, die Browserversion, die von Ihnen besuchten Seiten unserer Dienste, die Uhrzeit und das Datum Ihres Besuchs, die auf diesen Seiten verbrachte Zeit, eindeutige Ger\u00e4tekennungen und andere Diagnosedaten enthalten.<\/p>\n<p>Wenn Sie mit einem mobilen Ger\u00e4t auf die Dienste zugreifen, k\u00f6nnen diese Nutzungsdaten Informationen wie die Art des von Ihnen verwendeten mobilen Ger\u00e4ts, die eindeutige ID Ihres mobilen Ger\u00e4ts, die IP-Adresse Ihres mobilen Ger\u00e4ts, Ihr mobiles Betriebssystem, die Art des von Ihnen verwendeten mobilen Internetbrowsers, eindeutige Ger\u00e4tekennungen und andere Diagnosedaten enthalten.<\/p>\n<p>Standortdaten<\/p>\n<p>Wir k\u00f6nnen Informationen \u00fcber Ihren Standort (\u201eStandortdaten\u201c) verwenden und speichern, wenn Sie uns dies erlauben. Wir verwenden diese Daten, um die Funktionen unserer Dienste bereitzustellen und um unsere Dienste zu verbessern und anzupassen. <\/p>\n<p>Sie k\u00f6nnen die Standortdienste jederzeit \u00fcber Ihre Ger\u00e4teeinstellungen aktivieren oder deaktivieren, w\u00e4hrend Sie unsere Dienste nutzen.<\/p>\n<p>Verfolgung von Cookie-Daten<\/p>\n<p>Wir verwenden Cookies und \u00e4hnliche Tracking-Technologien, um Aktivit\u00e4ten auf unseren Diensten zu verfolgen und bestimmte Informationen zu speichern.<\/p>\n<p>Cookies sind Dateien mit kleinen Datenmengen, die auch eine anonyme eindeutige Kennung enthalten k\u00f6nnen. Cookies werden von einer Website an Ihren Browser gesendet und auf Ihrem Ger\u00e4t gespeichert. Wir verwenden auch andere Tracking-Technologien (wie Beacons, Tags und Skripte), um Informationen zu sammeln und zu verfolgen und um unsere Dienste zu verbessern und zu analysieren.  <\/p>\n<p>Sie k\u00f6nnen Ihren Browser so einstellen, dass alle Cookies abgelehnt werden oder dass er anzeigt, wenn ein Cookie gesendet wird. Wenn Sie jedoch keine Cookies akzeptieren, k\u00f6nnen Sie bestimmte Teile unserer Dienste m\u00f6glicherweise nicht nutzen. <\/p>\n<p>Beispiele f\u00fcr von uns verwendete Cookies:<\/p>\n<p>Sitzungs-Cookies. Wir verwenden Sitzungscookies f\u00fcr den Betrieb unserer Dienste. <\/p>\n<p>Pr\u00e4ferenz-Cookies. Wir verwenden Pr\u00e4ferenz-Cookies, um Ihre Pr\u00e4ferenzen und verschiedene Einstellungen zu speichern. <\/p>\n<p>Sicherheits-Cookies. Wir verwenden Sicherheits-Cookies f\u00fcr Sicherheitszwecke. <\/p>\n<p>Verwendung von Daten<br>Xinsheng Manufacturing verwendet die gesammelten Daten f\u00fcr verschiedene Zwecke:<br>Unsere Dienste bereitstellen und pflegen<br>Sie \u00fcber \u00c4nderungen an unseren Services zu benachrichtigen<br>Ihnen die Teilnahme an interaktiven Funktionen unserer Dienste zu erm\u00f6glichen, wenn Sie dies w\u00fcnschen<br>Kundenunterst\u00fctzung bereitstellen<br>Sammeln von Analysen oder wertvollen Informationen, damit wir unsere Dienste verbessern k\u00f6nnen<br>\u00dcberwachen Sie die Nutzung unserer Dienste<br>Erkennen, verhindern und beheben Sie technische Probleme<br>Versorgen Sie mit Neuigkeiten, Sonderangeboten und allgemeinen Informationen \u00fcber andere Waren, Dienstleistungen und Veranstaltungen, die wir anbieten und die denen \u00e4hnlich sind, die Sie bereits gekauft oder angefragt haben, es sei denn, Sie haben sich gegen den Erhalt solcher Informationen entschieden<br>Wir geben keine Mobilfunkdaten an Dritte oder verbundene Unternehmen f\u00fcr deren Marketing- oder Werbezwecke weiter. SMS-Zustimmungsdaten und -Zustimmungen sind ebenfalls nicht enthalten und werden nicht an Dritte weitergegeben. <\/p>\n<p>Rechtsgrundlage f\u00fcr die Verarbeitung personenbezogener Daten gem\u00e4\u00df der Allgemeinen Datenschutzverordnung (GDPR)<br>Wenn Sie aus dem Europ\u00e4ischen Wirtschaftsraum (EWR) kommen, h\u00e4ngt die Rechtsgrundlage f\u00fcr die Erhebung und Verwendung der in dieser Datenschutzrichtlinie beschriebenen personenbezogenen Daten durch Xinsheng Manufacturing LLC von den personenbezogenen Daten ab, die wir erheben, sowie von dem spezifischen Kontext, in dem wir sie erheben. Xinsheng Manufacturing LLC kann Ihre pers\u00f6nlichen Daten verarbeiten, weil wir einen Vertrag mit Ihnen erf\u00fcllen m\u00fcssen<br>Sie haben uns die Erlaubnis dazu gegeben<br>Die Verarbeitung liegt in unserem legitimen Interesse und Ihre Rechte haben keinen Vorrang<br><br> F\u00fcr die Zahlungsabwicklung<br>Zur Einhaltung von Gesetzen<br>Datenaufbewahrung<br>Xinsheng Manufacturing LLC wird Ihre pers\u00f6nlichen Daten nur so lange aufbewahren, wie es f\u00fcr die in dieser Datenschutzrichtlinie genannten Zwecke erforderlich ist. Wir werden Ihre pers\u00f6nlichen Daten in dem Ma\u00dfe aufbewahren und verwenden, wie es notwendig ist, um unseren rechtlichen Verpflichtungen nachzukommen (z.B. wenn wir Ihre Daten aufbewahren m\u00fcssen, um geltende Gesetze einzuhalten), Streitigkeiten beizulegen und unsere rechtlichen Vereinbarungen und Richtlinien durchzusetzen. xinshengmanufacture LLC wird auch Nutzungsdaten f\u00fcr interne Analysezwecke aufbewahren. Nutzungsdaten werden in der Regel f\u00fcr einen k\u00fcrzeren Zeitraum aufbewahrt, es sei denn, die Daten werden verwendet, um die Sicherheit oder die Funktionalit\u00e4t unserer Dienstleistungen zu verbessern, oder wir sind gesetzlich verpflichtet, die Daten l\u00e4nger aufzubewahren.    <\/p>\n<p>\u00dcbermittlung von Daten<br>Ihre Informationen, einschlie\u00dflich personenbezogener Daten, k\u00f6nnen an Computer au\u00dferhalb Ihres Staates, Ihrer Provinz, Ihres Landes oder einer anderen staatlichen Gerichtsbarkeit \u00fcbermittelt und dort gespeichert werden, wo andere Datenschutzgesetze gelten als in Ihrer Gerichtsbarkeit. Wenn Sie sich au\u00dferhalb der Vereinigten Staaten befinden und sich entscheiden, uns Informationen zu \u00fcbermitteln, beachten Sie bitte, dass wir die Daten, einschlie\u00dflich personenbezogener Daten, in die Vereinigten Staaten \u00fcbertragen und dort verarbeiten. Ihre Zustimmung zu dieser Datenschutzrichtlinie und die anschlie\u00dfende \u00dcbermittlung solcher Informationen stellt Ihre Zustimmung zu dieser \u00dcbermittlung dar. xinshengmanufacture LLC wird alle angemessenen Schritte unternehmen, um sicherzustellen, dass Ihre Daten sicher und in \u00dcbereinstimmung mit dieser Datenschutzrichtlinie behandelt werden, und es wird keine \u00dcbermittlung Ihrer pers\u00f6nlichen Daten an eine Organisation oder ein Land stattfinden, wenn nicht angemessene Kontrollen vorhanden sind, die die Sicherheit Ihrer Daten und anderer pers\u00f6nlicher Informationen einschlie\u00dfen.   <\/p>\n<p>Offenlegung zu Zwecken der Strafverfolgung<br>Unter bestimmten Umst\u00e4nden kann xinshengmanufacture LLC verpflichtet sein, Ihre pers\u00f6nlichen Daten offenzulegen, wenn dies gesetzlich vorgeschrieben ist oder als Reaktion auf eine berechtigte Anfrage von Beh\u00f6rden (z.B. eines Gerichts oder einer Regierungsbeh\u00f6rde).<\/p>\n<p>Rechtliche Anforderungen<br>xinshengmanufacture LLC kann Ihre pers\u00f6nlichen Daten in gutem Glauben offenlegen, dass dies notwendig ist.<br>Erf\u00fcllung rechtlicher Verpflichtungen<br>Schutz und Verteidigung der Rechte oder des Eigentums von Xinsheng Manufacturing LLC<br>Verhinderung oder Untersuchung von m\u00f6glichem Fehlverhalten in Verbindung mit dem Dienst<br>Schutz der pers\u00f6nlichen Sicherheit der Nutzer des Dienstes oder der \u00d6ffentlichkeit<br>Schutz vor rechtlicher Haftung<\/p>\n<p>Datensicherheit<br>Die Sicherheit Ihrer Daten ist uns wichtig, aber denken Sie daran, dass keine Methode der \u00dcbertragung \u00fcber das Internet oder der elektronischen Speicherung 100% sicher ist. Obwohl wir uns bem\u00fchen, kommerziell annehmbare Mittel zum Schutz Ihrer pers\u00f6nlichen Daten einzusetzen, k\u00f6nnen wir deren absolute Sicherheit nicht garantieren.<br>Unsere Richtlinie zu Do Not Track-Signalen gem\u00e4\u00df dem California Online Protection Act (CalOPPA)<br>Wir unterst\u00fctzen Do Not Track (\"DNT\") nicht. Do Not Track\" ist eine Einstellung, die Sie in Ihrem Webbrowser vornehmen k\u00f6nnen, um Websites mitzuteilen, dass Sie nicht verfolgt werden m\u00f6chten. Sie k\u00f6nnen Do Not Track aktivieren oder deaktivieren, indem Sie die Seite \"Pr\u00e4ferenzen\" oder \"Einstellungen\" Ihres Webbrowsers besuchen.<br>Ihre Datenschutzrechte gem\u00e4\u00df der Allgemeinen Datenschutzverordnung (GDPR) Wenn Sie im Europ\u00e4ischen Wirtschaftsraum (EWR) ans\u00e4ssig sind, haben Sie bestimmte Datenschutzrechte. Xinshengmanufacture LLC ist bestrebt, angemessene Ma\u00dfnahmen zu ergreifen, damit Sie Ihre pers\u00f6nlichen Daten korrigieren, erg\u00e4nzen, l\u00f6schen oder deren Verwendung einschr\u00e4nken k\u00f6nnen. Wenn Sie \u00fcber die pers\u00f6nlichen Daten, die wir \u00fcber Sie gespeichert haben, informiert werden m\u00f6chten und w\u00fcnschen, dass diese aus unseren Systemen entfernt werden, kontaktieren Sie uns bitte. Unter bestimmten Umst\u00e4nden haben Sie die folgenden Datenschutzrechte: Das Recht auf Zugriff, Aktualisierung oder L\u00f6schung der Daten, die wir \u00fcber Sie gespeichert haben. Wann immer m\u00f6glich, k\u00f6nnen Sie direkt in den Einstellungen Ihres Kontos auf Ihre pers\u00f6nlichen Daten zugreifen, sie aktualisieren oder deren L\u00f6schung beantragen. Wenn Sie nicht in der Lage sind, diese Dinge selbst zu tun, wenden Sie sich bitte an uns, um Unterst\u00fctzung zu erhalten. Recht auf Berichtigung. Wenn Ihre Daten unrichtig oder unvollst\u00e4ndig sind, haben Sie das Recht, eine Berichtigung zu verlangen. Recht auf Widerspruch. Sie haben das Recht, der Verarbeitung Ihrer personenbezogenen Daten durch uns zu widersprechen. Recht auf Einschr\u00e4nkung. Sie haben das Recht zu verlangen, dass wir die Verarbeitung Ihrer personenbezogenen Daten einschr\u00e4nken. Recht auf Daten\u00fcbertragbarkeit. Sie haben das Recht, eine Kopie der Informationen, die wir \u00fcber Sie gespeichert haben, in einem strukturierten, maschinenlesbaren und allgemein gebr\u00e4uchlichen Format zu erhalten. Recht auf Widerruf der Zustimmung. Wenn Xinsheng LLC sich auf Ihre Zustimmung zur Verarbeitung Ihrer pers\u00f6nlichen Daten beruft, haben Sie ebenfalls das Recht, Ihre Zustimmung jederzeit zu widerrufen. Bitte beachten Sie, dass wir Sie m\u00f6glicherweise auffordern, Ihre Identit\u00e4t zu \u00fcberpr\u00fcfen, bevor wir auf solche Anfragen reagieren. Sie haben das Recht, sich bei einer Datenschutzbeh\u00f6rde \u00fcber die Erhebung und Verwendung Ihrer personenbezogenen Daten durch uns zu beschweren. F\u00fcr weitere Informationen wenden Sie sich bitte an Ihre lokale Datenschutzbeh\u00f6rde im Europ\u00e4ischen Wirtschaftsraum (EWR).                     <\/p>\n<p>Dienstleister Wir k\u00f6nnen Drittunternehmen und Einzelpersonen damit beauftragen, unseren Dienst zu erleichtern (\u201eDienstleister\u201c), den Dienst in unserem Namen bereitzustellen, dienstleistungsbezogene Dienstleistungen zu erbringen oder uns bei der Analyse der Nutzung unseres Dienstes zu unterst\u00fctzen. Diese Dritten haben nur Zugang zu Ihren pers\u00f6nlichen Daten, um diese Aufgaben in unserem Namen zu erf\u00fcllen, und sind verpflichtet, diese nicht weiterzugeben oder f\u00fcr andere Zwecke zu verwenden. <\/p>\n<p>Analytik<br>Wir k\u00f6nnen Drittanbieter einsetzen, um die Nutzung unserer Dienste zu \u00fcberwachen und zu analysieren.<\/p>\n<p>Google Analytics<br>Google Analytics ist ein von Google bereitgestellter Webanalysedienst, der den Website-Verkehr verfolgt und berichtet. Google verwendet die gesammelten Daten, um die Nutzung unserer Services zu verfolgen und zu \u00fcberwachen. Diese Daten werden mit anderen Google-Diensten geteilt. Google kann die gesammelten Daten verwenden, um Anzeigen f\u00fcr sein eigenes Werbenetzwerk zu kontextualisieren und zu personalisieren. Weitere Informationen \u00fcber die Datenschutzpraktiken von Google finden Sie auf der Webseite mit den Datenschutzbestimmungen von Google: https:\/\/policies.google.com\/privacy?hl=en    <\/p>\n<p>Zahlungen<br>Wir k\u00f6nnen im Rahmen der Dienste kostenpflichtige Produkte und\/oder Dienste anbieten. In solchen F\u00e4llen nutzen wir Dienstleistungen Dritter f\u00fcr die Zahlungsabwicklung (z. B. Zahlungsabwickler). Wir speichern oder erfassen Ihre Zahlungskartendaten nicht. Diese Informationen werden direkt an unsere Drittanbieter-Zahlungsabwickler weitergegeben, und deren Verwendung Ihrer pers\u00f6nlichen Daten unterliegt deren Datenschutzrichtlinien. Diese Zahlungsabwickler halten sich an die vom PCI-DSS festgelegten Standards, die vom PCI Security Standards Council verwaltet werden, einer gemeinsamen Initiative von Marken wie Visa, MasterCard, American Express und Discover. Die PCI-DSS-Anforderungen tragen dazu bei, den sicheren Umgang mit Zahlungsinformationen zu gew\u00e4hrleisten. Die Zahlungsabwickler, mit denen wir zusammenarbeiten, sind:<br>Apple Store In-App Payments<br>Ihre Datenschutzrichtlinien k\u00f6nnen Sie unter https:\/\/www.apple.com\/legal\/privacy\/en-ww\/<br>Google Play In-App Payments<br>Ihre Datenschutzrichtlinien k\u00f6nnen Sie unter https:\/\/www.google.com\/policies\/privacy\/<br>Stripe<br>Ihre Datenschutzrichtlinien k\u00f6nnen Sie unter https:\/\/stripe.com\/us\/privacy<br>Authorize.net<br>Ihre Datenschutzrichtlinien k\u00f6nnen Sie unter https:\/\/www.authorize.net\/company\/privacy\/<br>Links zu anderen Websites<br>Unsere Dienste k\u00f6nnen Links zu anderen Websites enthalten, die nicht von uns betrieben werden. Wenn Sie auf einen Link eines Dritten klicken, werden Sie auf die Website dieses Dritten weitergeleitet. Wir empfehlen Ihnen dringend, die Datenschutzrichtlinien jeder Website, die Sie besuchen, zu lesen. Wir haben keine Kontrolle \u00fcber den Inhalt, die Datenschutzrichtlinien oder die Praktiken von Websites oder Diensten Dritter und \u00fcbernehmen keine Verantwortung f\u00fcr diese.         <\/p>\n<p>Datenschutz f\u00fcr Kinder<br>Unsere Dienste richten sich nicht an Personen unter 18 Jahren (\u201eKinder\u201c). Wir sammeln nicht wissentlich personenbezogene Daten von Personen unter 18 Jahren. Wenn Sie ein Elternteil oder Erziehungsberechtigter sind und wissen, dass Ihr Kind uns personenbezogene Daten zur Verf\u00fcgung gestellt hat, kontaktieren Sie uns bitte. Wenn wir erfahren, dass wir personenbezogene Daten von einem Kind ohne \u00dcberpr\u00fcfung der elterlichen Zustimmung erfasst haben, ergreifen wir Ma\u00dfnahmen, um diese Daten von unseren Servern zu entfernen.   <\/p>\n<p>\u00c4nderungen an dieser Datenschutzrichtlinie<br>Wir k\u00f6nnen unsere Datenschutzrichtlinie von Zeit zu Zeit aktualisieren. Wir werden Sie \u00fcber alle \u00c4nderungen informieren, indem wir die neue Datenschutzrichtlinie auf dieser Seite ver\u00f6ffentlichen. Wir werden Sie per E-Mail und\/oder durch einen auff\u00e4lligen Hinweis in unserem Service benachrichtigen, bevor die \u00c4nderung in Kraft tritt, und das \u201eDatum des Inkrafttretens\u201c oben in dieser Datenschutzrichtlinie aktualisieren. Wir empfehlen Ihnen, diese Datenschutzrichtlinie regelm\u00e4\u00dfig auf \u00c4nderungen zu \u00fcberpr\u00fcfen. \u00c4nderungen an dieser Datenschutzrichtlinie treten in Kraft, wenn sie auf dieser Seite ver\u00f6ffentlicht werden.    <\/p>\n<p>Daten Verwendung<\/p>\n<p>Es werden keine Mobilfunkdaten zu Marketing-\/Werbezwecken an Dritte\/verbundene Unternehmen weitergegeben. Alle oben genannten Kategorien schlie\u00dfen die Opt-in-Daten und die Zustimmung des SMS-Absenders aus; diese Informationen werden nicht an Dritte weitergegeben. <\/p>\n<p>Kontakt<br>Wenn Sie Fragen zu dieser Datenschutzrichtlinie haben, kontaktieren Sie uns bitte:<br>Per E-Mail: pengz2259@gmail.com<\/p>\t\t\t\t\t\t\t\t<\/div>\n\t\t\t\t<\/div>\n\t\t\t\t\t<\/div>\n\t\t\t\t<\/div>\n\t\t\t\t<\/div>\n\t\t","protected":false},"excerpt":{"rendered":"<p>Xinshengmanufacture LLC (\u201ewir\u201c) betreibt die Website www.xinshengmanufacture.com und die mobile Anwendung xinshengmanufacture (der \u201eDienst\u201c). Diese Seite informiert Sie \u00fcber unsere Richtlinien bez\u00fcglich der Erfassung, Verwendung und Weitergabe von pers\u00f6nlichen Daten, wenn Sie unseren Service nutzen, sowie \u00fcber die Wahlm\u00f6glichkeiten, die Sie bez\u00fcglich dieser Daten haben. Wir verwenden Ihre Daten, um den Service bereitzustellen und zu&#8230;<\/p>\n","protected":false},"author":1,"featured_media":0,"parent":0,"menu_order":0,"comment_status":"closed","ping_status":"open","template":"","meta":{"_bst_post_transparent":"","_bst_post_title":"","_bst_post_layout":"","_bst_post_sidebar_id":"","_bst_post_content_style":"","_bst_post_vertical_padding":"","_bst_post_feature":"","_bst_post_feature_position":"","_bst_post_header":false,"_bst_post_footer":false,"footnotes":""},"class_list":["post-30146","page","type-page","status-publish","hentry"],"_links":{"self":[{"href":"https:\/\/xinshengmanufacture.com\/de\/wp-json\/wp\/v2\/pages\/30146","targetHints":{"allow":["GET"]}}],"collection":[{"href":"https:\/\/xinshengmanufacture.com\/de\/wp-json\/wp\/v2\/pages"}],"about":[{"href":"https:\/\/xinshengmanufacture.com\/de\/wp-json\/wp\/v2\/types\/page"}],"author":[{"embeddable":true,"href":"https:\/\/xinshengmanufacture.com\/de\/wp-json\/wp\/v2\/users\/1"}],"replies":[{"embeddable":true,"href":"https:\/\/xinshengmanufacture.com\/de\/wp-json\/wp\/v2\/comments?post=30146"}],"version-history":[{"count":2,"href":"https:\/\/xinshengmanufacture.com\/de\/wp-json\/wp\/v2\/pages\/30146\/revisions"}],"predecessor-version":[{"id":30148,"href":"https:\/\/xinshengmanufacture.com\/de\/wp-json\/wp\/v2\/pages\/30146\/revisions\/30148"}],"wp:attachment":[{"href":"https:\/\/xinshengmanufacture.com\/de\/wp-json\/wp\/v2\/media?parent=30146"}],"curies":[{"name":"wp","href":"https:\/\/api.w.org\/{rel}","templated":true}]}}