{"id":30885,"date":"2025-03-31T03:20:41","date_gmt":"2025-03-31T03:20:41","guid":{"rendered":"https:\/\/xinshengmanufacture.com\/werden-sie-unser-agent\/"},"modified":"2025-06-20T09:16:05","modified_gmt":"2025-06-20T09:16:05","slug":"werden-sie-unser-agent","status":"publish","type":"page","link":"https:\/\/xinshengmanufacture.com\/de\/werden-sie-unser-agent\/","title":{"rendered":"Werden Sie unser Agent"},"content":{"rendered":"\t\t<div data-elementor-type=\"wp-page\" data-elementor-id=\"30885\" class=\"elementor elementor-30885 elementor-3234\" data-elementor-post-type=\"page\">\n\t\t\t\t<div class=\"elementor-element elementor-element-f6e8795 e-flex e-con-boxed e-con e-parent\" data-id=\"f6e8795\" data-element_type=\"container\" data-e-type=\"container\">\n\t\t\t\t\t<div class=\"e-con-inner\">\n\t\t\t\t<div class=\"elementor-element elementor-element-788c83e elementor-widget elementor-widget-text-editor\" data-id=\"788c83e\" data-element_type=\"widget\" data-e-type=\"widget\" data-widget_type=\"text-editor.default\">\n\t\t\t\t<div class=\"elementor-widget-container\">\n\t\t\t\t\t\t\t\t\t<p>Wir hei\u00dfen Freunde aus der ganzen Welt willkommen, unsere Agenten zu werden, und wir \u00f6ffnen das Kontingent bedingungslos und berechnen Ihnen keine Agentengeb\u00fchr. Ganz gleich, ob Sie unsere Produkte in Ihrem Online-Shop oder in einem Online-Shop verkaufen m\u00f6chten, Sie m\u00fcssen nur eine Zusammenarbeit mit uns vereinbaren und unser Agenten-H\u00e4ndler-Zertifikat erhalten. Wenn Sie diese Idee haben, f\u00fcllen Sie bitte unser Antragsformular f\u00fcr Handelsvertreter aus. Wir werden Ihre Angaben pr\u00fcfen und Sie nach Erhalt kontaktieren! Wenn Sie durch unsere Entscheidung unser Vertreter werden, m\u00fcssen Sie einige Bedingungen einhalten. Sie m\u00fcssen sich an unseren Vertrag \u00fcber die Zusammenarbeit zwischen Agent und H\u00e4ndler halten:     <\/p><p>1: Sie m\u00fcssen Waren von uns kaufen und d\u00fcrfen keine Waren von anderen Herstellern unter dem Namen unseres Markenimages kaufen. Wenn wir solche Handlungen feststellen, werden wir zum Schutz unserer Markenrechte und -interessen eine Klage gegen Sie einreichen, und Sie werden alle Konsequenzen tragen. <\/p><p>2: Unabh\u00e4ngig davon, ob Sie in einem Online-Shop oder in einem Ladengesch\u00e4ft verkaufen, darf der Preis, zu dem Sie verkaufen, nicht niedriger sein als der Preis, zu dem Sie in unserem aktuellen Webshop verkaufen. Wenn wir feststellen, dass Sie den Marktpreis unserer Produkte st\u00f6ren, werden wir alle Mittel ergreifen, um unsere Markenrechte und Interessen zu sch\u00fctzen. <\/p><p>3: Da die meisten unserer Produkte kundenspezifisch sind und der endg\u00fcltige Produkttyp aufgrund unterschiedlicher Kundenbed\u00fcrfnisse anders ausfallen kann, akzeptieren wir keine R\u00fcckerstattungen oder R\u00fcckgaben von Bestellungen, wenn Sie uns einen Auftrag erteilen und unsere Fabrik mit der Produktion beginnen lassen. Alles wird nach dem urspr\u00fcnglichen Plan der Bestellung ausgef\u00fchrt. Sie m\u00fcssen also unbedingt mit Ihren Kunden abkl\u00e4ren, ob die Bestellung f\u00fcr den Produktionsbeginn bereit ist. Wir akzeptieren keine R\u00fcckerstattungen oder R\u00fccksendungen von Bestellungen, es sei denn, die erhaltene Bestellung ist besch\u00e4digt oder es fehlen Teile, dann k\u00f6nnen wir Ihnen die fehlenden Teile nachliefern oder den Verlust ersetzen.  <\/p>\t\t\t\t\t\t\t\t<\/div>\n\t\t\t\t<\/div>\n\t\t\t\t\t<\/div>\n\t\t\t\t<\/div>\n\t\t<div class=\"elementor-element elementor-element-be884fd e-flex e-con-boxed e-con e-parent\" data-id=\"be884fd\" data-element_type=\"container\" data-e-type=\"container\">\n\t\t\t\t\t<div class=\"e-con-inner\">\n\t\t\t\t<div class=\"elementor-element elementor-element-e50b512 elementor-widget elementor-widget-heading\" data-id=\"e50b512\" data-element_type=\"widget\" data-e-type=\"widget\" data-widget_type=\"heading.default\">\n\t\t\t\t<div class=\"elementor-widget-container\">\n\t\t\t\t\t<h2 class=\"elementor-heading-title elementor-size-default\">Bitte kontaktieren Sie uns \u00fcber das Formular oder WhatsApp\uff1a+86 5817858259<\/h2>\t\t\t\t<\/div>\n\t\t\t\t<\/div>\n\t\t\t\t\t<\/div>\n\t\t\t\t<\/div>\n\t\t<div class=\"elementor-element elementor-element-652545a e-flex e-con-boxed e-con e-parent\" data-id=\"652545a\" data-element_type=\"container\" data-e-type=\"container\" data-settings=\"{&quot;background_background&quot;:&quot;classic&quot;}\">\n\t\t\t\t\t<div class=\"e-con-inner\">\n\t\t\t\t\t<\/div>\n\t\t\t\t<\/div>\n\t\t<div class=\"elementor-element elementor-element-999668a e-flex e-con-boxed e-con e-parent\" data-id=\"999668a\" data-element_type=\"container\" data-e-type=\"container\" data-settings=\"{&quot;background_background&quot;:&quot;classic&quot;}\">\n\t\t\t\t\t<div class=\"e-con-inner\">\n\t\t\t\t<div class=\"elementor-element elementor-element-eccdf66 elementor-widget elementor-widget-shortcode\" data-id=\"eccdf66\" data-element_type=\"widget\" data-e-type=\"widget\" data-widget_type=\"shortcode.default\">\n\t\t\t\t<div class=\"elementor-widget-container\">\n\t\t\t\t\t\t\t<div class=\"elementor-shortcode\">\n<div class=\"wpcf7 no-js\" id=\"wpcf7-f49278-o1\" lang=\"de-DE\" dir=\"ltr\" data-wpcf7-id=\"49278\">\n<div class=\"screen-reader-response\"><p role=\"status\" aria-live=\"polite\" aria-atomic=\"true\"><\/p> <ul><\/ul><\/div>\n<form action=\"\/de\/wp-json\/wp\/v2\/pages\/30885#wpcf7-f49278-o1\" method=\"post\" class=\"wpcf7-form init\" aria-label=\"Kontaktformular\" novalidate=\"novalidate\" data-status=\"init\">\n<fieldset class=\"hidden-fields-container\"><input type=\"hidden\" name=\"_wpcf7\" value=\"49278\" \/><input type=\"hidden\" name=\"_wpcf7_version\" value=\"6.1.5\" \/><input type=\"hidden\" name=\"_wpcf7_locale\" value=\"de_DE\" \/><input type=\"hidden\" name=\"_wpcf7_unit_tag\" value=\"wpcf7-f49278-o1\" \/><input type=\"hidden\" name=\"_wpcf7_container_post\" value=\"0\" \/><input type=\"hidden\" name=\"_wpcf7_posted_data_hash\" value=\"\" \/>\n<\/fieldset>\n<p><label> Ihr Name<br \/>\n<span class=\"wpcf7-form-control-wrap\" data-name=\"your-name\"><input size=\"40\" maxlength=\"400\" class=\"wpcf7-form-control wpcf7-text wpcf7-validates-as-required\" autocomplete=\"name\" aria-required=\"true\" aria-invalid=\"false\" value=\"\" type=\"text\" name=\"your-name\" \/><\/span> <\/label>\n<\/p>\n<p><label> Ihre E-Mail<br \/>\n<span class=\"wpcf7-form-control-wrap\" data-name=\"your-email\"><input size=\"40\" maxlength=\"400\" class=\"wpcf7-form-control wpcf7-email wpcf7-validates-as-required wpcf7-text wpcf7-validates-as-email\" autocomplete=\"email\" aria-required=\"true\" aria-invalid=\"false\" value=\"\" type=\"email\" name=\"your-email\" \/><\/span> <\/label>\n<\/p>\n<p><label> Thema<br \/>\n<span class=\"wpcf7-form-control-wrap\" data-name=\"your-subject\"><input size=\"40\" maxlength=\"400\" class=\"wpcf7-form-control wpcf7-text wpcf7-validates-as-required\" aria-required=\"true\" aria-invalid=\"false\" value=\"\" type=\"text\" name=\"your-subject\" \/><\/span> <\/label>\n<\/p>\n<p><label> Ihre Nachricht (optional)<br \/>\n<span class=\"wpcf7-form-control-wrap\" data-name=\"your-message\"><textarea cols=\"40\" rows=\"10\" maxlength=\"2000\" class=\"wpcf7-form-control wpcf7-textarea\" aria-invalid=\"false\" name=\"your-message\"><\/textarea><\/span> <\/label>\n<\/p>\n<p><input class=\"wpcf7-form-control wpcf7-submit has-spinner\" type=\"submit\" value=\"Einreichen\" \/>\n<\/p><div class=\"wpcf7-response-output\" aria-hidden=\"true\"><\/div>\n<\/form>\n<\/div>\n<\/div>\n\t\t\t\t\t\t<\/div>\n\t\t\t\t<\/div>\n\t\t\t\t\t<\/div>\n\t\t\t\t<\/div>\n\t\t<div class=\"elementor-element elementor-element-00cb3ff e-flex e-con-boxed e-con e-parent\" data-id=\"00cb3ff\" data-element_type=\"container\" data-e-type=\"container\">\n\t\t\t\t\t<div class=\"e-con-inner\">\n\t\t\t\t\t<\/div>\n\t\t\t\t<\/div>\n\t\t\t\t<\/div>\n\t\t","protected":false},"excerpt":{"rendered":"<p>Wir hei\u00dfen Freunde aus der ganzen Welt willkommen, unsere Agenten zu werden, und wir \u00f6ffnen das Kontingent bedingungslos und berechnen Ihnen keine Agentengeb\u00fchr. Ganz gleich, ob Sie unsere Produkte in Ihrem Online-Shop oder in einem Online-Shop verkaufen m\u00f6chten, Sie m\u00fcssen nur eine Zusammenarbeit mit uns vereinbaren und unser Agenten-H\u00e4ndler-Zertifikat erhalten. Wenn Sie diese Idee haben,&#8230;<\/p>\n","protected":false},"author":1,"featured_media":0,"parent":0,"menu_order":0,"comment_status":"closed","ping_status":"closed","template":"","meta":{"_bst_post_transparent":"","_bst_post_title":"","_bst_post_layout":"","_bst_post_sidebar_id":"","_bst_post_content_style":"","_bst_post_vertical_padding":"","_bst_post_feature":"","_bst_post_feature_position":"","_bst_post_header":false,"_bst_post_footer":false,"footnotes":""},"class_list":["post-30885","page","type-page","status-publish","hentry"],"_links":{"self":[{"href":"https:\/\/xinshengmanufacture.com\/de\/wp-json\/wp\/v2\/pages\/30885","targetHints":{"allow":["GET"]}}],"collection":[{"href":"https:\/\/xinshengmanufacture.com\/de\/wp-json\/wp\/v2\/pages"}],"about":[{"href":"https:\/\/xinshengmanufacture.com\/de\/wp-json\/wp\/v2\/types\/page"}],"author":[{"embeddable":true,"href":"https:\/\/xinshengmanufacture.com\/de\/wp-json\/wp\/v2\/users\/1"}],"replies":[{"embeddable":true,"href":"https:\/\/xinshengmanufacture.com\/de\/wp-json\/wp\/v2\/comments?post=30885"}],"version-history":[{"count":2,"href":"https:\/\/xinshengmanufacture.com\/de\/wp-json\/wp\/v2\/pages\/30885\/revisions"}],"predecessor-version":[{"id":30889,"href":"https:\/\/xinshengmanufacture.com\/de\/wp-json\/wp\/v2\/pages\/30885\/revisions\/30889"}],"wp:attachment":[{"href":"https:\/\/xinshengmanufacture.com\/de\/wp-json\/wp\/v2\/media?parent=30885"}],"curies":[{"name":"wp","href":"https:\/\/api.w.org\/{rel}","templated":true}]}}