{"id":30949,"date":"2025-03-29T09:53:02","date_gmt":"2025-03-29T09:53:02","guid":{"rendered":"https:\/\/xinshengmanufacture.com\/allgemeine-geschaeftsbedingungen\/"},"modified":"2025-06-20T09:16:47","modified_gmt":"2025-06-20T09:16:47","slug":"allgemeine-geschaeftsbedingungen","status":"publish","type":"page","link":"https:\/\/xinshengmanufacture.com\/de\/allgemeine-geschaeftsbedingungen\/","title":{"rendered":"Allgemeine Gesch\u00e4ftsbedingungen"},"content":{"rendered":"\t\t<div data-elementor-type=\"wp-page\" data-elementor-id=\"30949\" class=\"elementor elementor-30949 elementor-3142\" data-elementor-post-type=\"page\">\n\t\t\t\t<div class=\"elementor-element elementor-element-2b5726b e-flex e-con-boxed e-con e-parent\" data-id=\"2b5726b\" data-element_type=\"container\" data-e-type=\"container\">\n\t\t\t\t\t<div class=\"e-con-inner\">\n\t\t\t\t<div class=\"elementor-element elementor-element-e25c1cd elementor-widget elementor-widget-text-editor\" data-id=\"e25c1cd\" data-element_type=\"widget\" data-e-type=\"widget\" data-widget_type=\"text-editor.default\">\n\t\t\t\t<div class=\"elementor-widget-container\">\n\t\t\t\t\t\t\t\t\t<p><br>Diese Allgemeinen Gesch\u00e4ftsbedingungen regeln den Verkauf von Waren und Dienstleistungen durch xinshengmanufacture LLC (das \u201eUnternehmen\u201c) an K\u00e4ufer (den \u201eKunden\u201c). Durch die Aufgabe einer Bestellung erkl\u00e4rt sich der Kunde mit den folgenden Bedingungen einverstanden: <\/p><p>1. Bestellungsannahme<br>Alle Bestellungen unterliegen der Annahme durch das Unternehmen. Das Unternehmen beh\u00e4lt sich das Recht vor, jede Bestellung abzulehnen oder zu stornieren. <\/p><p>2. Preise<br>Alle Preise sind in U.S. Dollar angegeben und k\u00f6nnen ohne vorherige Ank\u00fcndigung ge\u00e4ndert werden. Die Preise entsprechen dem Stand zum Zeitpunkt der Bestellung. Steuern, Versand- und Bearbeitungsgeb\u00fchren werden extra berechnet, sofern nicht anders angegeben.  <\/p><p>3. Zahlungsbedingungen<br>Sofern nichts anderes schriftlich vereinbart wurde, muss die Zahlung in voller H\u00f6he erfolgen, bevor das Produkt versandt wird. Akzeptierte Zahlungsarten sind Bargeld, Scheck, Kreditkarte und Bank\u00fcberweisung. <\/p><p>4. Keine R\u00fcckerstattung<br>Der Kunde erkl\u00e4rt sich damit einverstanden, keine R\u00fcckerstattung von Betr\u00e4gen vorzunehmen, die hierunter gezahlt wurden. Alle Verk\u00e4ufe sind endg\u00fcltig und alle Streitigkeiten sollten direkt mit dem Unternehmen gekl\u00e4rt werden. <\/p><p>5. Versand und Lieferung<br>Das Unternehmen unternimmt alle zumutbaren Anstrengungen, um das Produkt zum voraussichtlichen Liefertermin zu versenden. Das Unternehmen ist nicht f\u00fcr Lieferverz\u00f6gerungen verantwortlich. Obwohl wir alle Anstrengungen unternehmen, um eine rechtzeitige Lieferung zu gew\u00e4hrleisten, gibt es Faktoren, auf die wir keinen Einfluss haben, wie z.B. \u00dcberlastung der H\u00e4fen, Verz\u00f6gerungen beim Zoll und Unterbrechungen der globalen Lieferkette. Sollte es zu Verz\u00f6gerungen oder \u00c4nderungen Ihrer Lieferzeit kommen, werden wir Sie so schnell wie m\u00f6glich informieren und Ihnen alternative L\u00f6sungen anbieten. Das Risiko des Verlusts oder der Besch\u00e4digung sowie zus\u00e4tzliche Kosten werden zum Zeitpunkt der Lieferung an den Kunden weitergegeben. Kunden sollten die Waren vor der Unterzeichnung des Lieferscheins \u00fcberpr\u00fcfen, um sicherzustellen, dass keine Sch\u00e4den vorhanden sind. Wenn Sie Sch\u00e4den an den Waren feststellen, machen Sie bitte Fotos und vermerken Sie diese auf dem Lieferschein, bevor Sie unterschreiben.      <\/p><p>Ma\u00dfgeschneiderte Waren: F\u00fcr ma\u00dfgefertigte oder auf Bestellung hergestellte M\u00f6bel betr\u00e4gt die Produktionszeit je nach Produkt normalerweise 4-6 Wochen. Nach der Produktion betr\u00e4gt die Versandzeit auf dem Seeweg in der Regel 2-3 Monate. Bei Sonderanfertigungen senden wir Ihnen einen speziellen Produktionsplan zu.  <\/p><p>Versandkosten: Die Versandkosten h\u00e4ngen von der Gr\u00f6\u00dfe und dem Bestimmungsort Ihrer Bestellung ab.<br>Bevor Sie Ihren Einkauf abschlie\u00dfen, teilen wir Ihnen an der Kasse die genauen Versandkosten mit. Ma\u00dfgeblich sind die Angaben zum Zeitpunkt der Aufgabe der Bestellung <\/p><p>6. R\u00fcckgabe und R\u00fcckerstattung<br>Alle Verk\u00e4ufe sind endg\u00fcltig. Das Unternehmen akzeptiert keine R\u00fccksendungen oder R\u00fcckerstattungen, es sei denn, das Produkt ist defekt oder entspricht nicht der Beschreibung. In diesem Fall muss der Kunde das Unternehmen innerhalb von 48 Stunden nach Erhalt des Produkts benachrichtigen, da alle Verluste, die nach 48 Stunden entstehen, in der Verantwortung des Kunden liegen.  <\/p><p>7. Produktgarantie<br>Das Unternehmen garantiert, dass das Produkt w\u00e4hrend der Garantiezeit frei von Material- und Verarbeitungsfehlern ist. Diese Garantie deckt keine Defekte ab, die durch unsachgem\u00e4\u00dfen Gebrauch, Missbrauch oder nicht autorisierte \u00c4nderungen entstanden sind. <\/p><p>8. Haftungsbeschr\u00e4nkung<br>Die Haftung des Unternehmens ist auf den Kaufpreis des Produkts beschr\u00e4nkt. Das Unternehmen haftet nicht f\u00fcr indirekte, zuf\u00e4llige oder Folgesch\u00e4den, die sich aus der Verwendung oder der Unf\u00e4higkeit zur Verwendung des Produkts ergeben. <\/p><p>Kontaktieren Sie uns<br>Wenn Sie Fragen haben oder Hilfe ben\u00f6tigen, wenden Sie sich bitte an unseren Kundenservice:<\/p><p>Email: pengz2259@gmail.com<br>Wir sind daf\u00fcr da, dass Ihre xinshengmanufacture-M\u00f6bel sicher und p\u00fcnktlich bei Ihnen ankommen, und wir wissen Ihre Geduld und Ihr Vertrauen in unsere Produkte zu sch\u00e4tzen.<\/p>\t\t\t\t\t\t\t\t<\/div>\n\t\t\t\t<\/div>\n\t\t\t\t\t<\/div>\n\t\t\t\t<\/div>\n\t\t\t\t<\/div>\n\t\t","protected":false},"excerpt":{"rendered":"<p>Diese Allgemeinen Gesch\u00e4ftsbedingungen regeln den Verkauf von Waren und Dienstleistungen durch xinshengmanufacture LLC (das \u201eUnternehmen\u201c) an K\u00e4ufer (den \u201eKunden\u201c). Durch die Aufgabe einer Bestellung erkl\u00e4rt sich der Kunde mit den folgenden Bedingungen einverstanden: 1. BestellungsannahmeAlle Bestellungen unterliegen der Annahme durch das Unternehmen. Das Unternehmen beh\u00e4lt sich das Recht vor, jede Bestellung abzulehnen oder zu stornieren&#8230;.<\/p>\n","protected":false},"author":1,"featured_media":0,"parent":0,"menu_order":0,"comment_status":"closed","ping_status":"closed","template":"","meta":{"_bst_post_transparent":"","_bst_post_title":"","_bst_post_layout":"","_bst_post_sidebar_id":"","_bst_post_content_style":"","_bst_post_vertical_padding":"","_bst_post_feature":"","_bst_post_feature_position":"","_bst_post_header":false,"_bst_post_footer":false,"footnotes":""},"class_list":["post-30949","page","type-page","status-publish","hentry"],"_links":{"self":[{"href":"https:\/\/xinshengmanufacture.com\/de\/wp-json\/wp\/v2\/pages\/30949","targetHints":{"allow":["GET"]}}],"collection":[{"href":"https:\/\/xinshengmanufacture.com\/de\/wp-json\/wp\/v2\/pages"}],"about":[{"href":"https:\/\/xinshengmanufacture.com\/de\/wp-json\/wp\/v2\/types\/page"}],"author":[{"embeddable":true,"href":"https:\/\/xinshengmanufacture.com\/de\/wp-json\/wp\/v2\/users\/1"}],"replies":[{"embeddable":true,"href":"https:\/\/xinshengmanufacture.com\/de\/wp-json\/wp\/v2\/comments?post=30949"}],"version-history":[{"count":2,"href":"https:\/\/xinshengmanufacture.com\/de\/wp-json\/wp\/v2\/pages\/30949\/revisions"}],"predecessor-version":[{"id":30952,"href":"https:\/\/xinshengmanufacture.com\/de\/wp-json\/wp\/v2\/pages\/30949\/revisions\/30952"}],"wp:attachment":[{"href":"https:\/\/xinshengmanufacture.com\/de\/wp-json\/wp\/v2\/media?parent=30949"}],"curies":[{"name":"wp","href":"https:\/\/api.w.org\/{rel}","templated":true}]}}