{"id":32316,"date":"2025-04-01T02:35:45","date_gmt":"2025-04-01T02:35:45","guid":{"rendered":"https:\/\/xinshengmanufacture.com\/rueckerstattung-und-rueckgabebedingungen\/"},"modified":"2025-06-20T09:30:54","modified_gmt":"2025-06-20T09:30:54","slug":"rueckerstattung-und-rueckgabebedingungen","status":"publish","type":"page","link":"https:\/\/xinshengmanufacture.com\/de\/rueckerstattung-und-rueckgabebedingungen\/","title":{"rendered":"R\u00fcckerstattung und R\u00fcckgabebedingungen"},"content":{"rendered":"\t\t<div data-elementor-type=\"wp-page\" data-elementor-id=\"32316\" class=\"elementor elementor-32316 elementor-10\" data-elementor-post-type=\"page\">\n\t\t\t\t<div class=\"elementor-element elementor-element-21cc70a0 e-flex e-con-boxed e-con e-parent\" data-id=\"21cc70a0\" data-element_type=\"container\" data-e-type=\"container\">\n\t\t\t\t\t<div class=\"e-con-inner\">\n\t\t\t\t<div class=\"elementor-element elementor-element-64b8d0e2 elementor-widget elementor-widget-text-editor\" data-id=\"64b8d0e2\" data-element_type=\"widget\" data-e-type=\"widget\" data-widget_type=\"text-editor.default\">\n\t\t\t\t<div class=\"elementor-widget-container\">\n\t\t\t\t\t\t\t\t\t<p>Aufgrund der Beschaffenheit unserer Produkte, einschlie\u00dflich der Ma\u00dfanfertigung und des umfangreichen Seetransports, akzeptieren wir unter normalen Umst\u00e4nden keine R\u00fcckgaben zur Erstattung. Das Unternehmen akzeptiert keine R\u00fcckgaben oder R\u00fcckerstattungen, es sei denn, das Produkt ist defekt oder entspricht nicht der Beschreibung. In diesem Fall muss der Kunde das Unternehmen innerhalb von 48 Stunden nach Erhalt des Produkts benachrichtigen, und die Kosten f\u00fcr die R\u00fccksendung gehen zu Lasten des Kunden. Wenn Sie sich nach mehr als 48 Stunden mit unserem Unternehmen in Verbindung setzen, \u00fcbernehmen wir keine Verantwortung f\u00fcr die entstandenen Verluste, und alle entstandenen Verluste gehen zu Lasten des Kunden.   <\/p>\n<p>Bestellen:<\/p>\n<p>Jeder Artikel ist auf die spezifischen Bed\u00fcrfnisse und Anforderungen zugeschnitten und wird so zu einem einzigartigen Artikel in Ihrer Bestellung.<\/p>\n<p>Sobald die Produktion beginnt, sind keine \u00c4nderungen oder Stornierungen mehr m\u00f6glich.<\/p>\n<p>Versandzeit:<\/p>\n<p>Aufgrund der internationalen Versandprozesse kann die Lieferzeit 2-3 Monate betragen.<\/p>\n<p>Wir empfehlen Ihnen, Ihre Bestellungen im Voraus aufzugeben, damit Sie Ihren Projektplan einhalten k\u00f6nnen.<\/p>\n<p>Auftragsbest\u00e4tigung:<\/p>\n<p>Alle Auftr\u00e4ge werden vor Beginn der Produktion im Detail mit Ihnen abgestimmt, um Klarheit und Genauigkeit zu gew\u00e4hrleisten.<\/p>\n<p>Bitte \u00fcberpr\u00fcfen Sie alle Spezifikationen, einschlie\u00dflich Farbe, Material und Gr\u00f6\u00dfe, vor der endg\u00fcltigen Genehmigung.<\/p>\n<p>R\u00fcckgaberecht<br>Aufgrund der Beschaffenheit unserer Produkte, einschlie\u00dflich der gro\u00dfen Gr\u00f6\u00dfen, der individuellen Anpassung und der langen Versandzeiten (der Seetransport dauert 2-3 Monate), k\u00f6nnen wir keine R\u00fcckgabe oder Umtausch akzeptieren.<\/p>\n<p>Auf diese Weise k\u00f6nnen wir die h\u00f6chsten Qualit\u00e4tsstandards einhalten und die individuellen Anforderungen jeder einzelnen Bestellung erf\u00fcllen. Wir empfehlen Ihnen dringend, die Details Ihrer Bestellung sorgf\u00e4ltig zu pr\u00fcfen, einschlie\u00dflich Gr\u00f6\u00dfe, Farbe und Spezifikationen, bevor Sie die Bestellung best\u00e4tigen. <\/p>\n<p>Wenn Sie w\u00e4hrend des Kaufvorgangs irgendwelche Bedenken haben, ist unser Team immer f\u00fcr Sie da, um Ihnen zu helfen und sicherzustellen, dass Ihre Bestellung Ihren Erwartungen entspricht.<\/p>\n<p>Garantiebestimmungen<br>Wir garantieren die Qualit\u00e4t unserer Produkte und gew\u00e4hren eine begrenzte Garantie, um Ihren Kauf zu sch\u00fctzen.<\/p>\n<p>Garantieabdeckung:<\/p>\n<p>Strukturelle Komponenten: bis zu 12 Monate ab dem Lieferdatum.<\/p>\n<p>Oberfl\u00e4chenbehandlung (z.B. Besch\u00e4digung der Oberfl\u00e4chenfarbe): gilt nur f\u00fcr die von unserem Unternehmen durchgef\u00fchrte Spedition. Bei Oberfl\u00e4chensch\u00e4den, die durch St\u00f6\u00dfe w\u00e4hrend des Transports verursacht wurden, m\u00fcssen Kunden uns vor der Unterzeichnung der Lieferung kontaktieren, um eine L\u00f6sung auszuhandeln. Wir sind nicht verantwortlich f\u00fcr Sch\u00e4den, die mehr als 48 Stunden nach der Unterzeichnung der Lieferung verursacht werden, und der Kunde ist f\u00fcr den Verlust verantwortlich. Wenn der Kunde eine eigene Spedition hat, sind wir nur f\u00fcr die Gew\u00e4hrleistung von unserer Firmenadresse bis zu der vom Kunden angegebenen Lageradresse verantwortlich. Sobald der Schaden durch das Betreten des Lagers verursacht wird, ist der Kunde oder die vom Kunden angegebene Spedition verantwortlich.    <\/p>\n<p>Elektrische Komponenten (falls zutreffend): bis zu 12 Monate ab dem Datum der Lieferung. Kunden m\u00fcssen sich innerhalb der angegebenen Zeit mit dem Berater unseres Unternehmens in Verbindung setzen und das Problem genau beschreiben, damit unser Unternehmen dem Kunden das besch\u00e4digte Zubeh\u00f6r zur Verf\u00fcgung stellen kann. Die Kosten f\u00fcr den Transport des Zubeh\u00f6rs gehen zu Lasten des Kunden.  <\/p>\n<p>Garantieausschl\u00fcsse:<\/p>\n<p>Normale Abnutzung oder Sch\u00e4den durch unsachgem\u00e4\u00dfen Gebrauch.<\/p>\n<p>Probleme, die durch unsachgem\u00e4\u00dfe Montage, Wartung oder nicht autorisierte Reparaturen verursacht wurden.<\/p>\n<p>Leichte Ver\u00e4nderungen in Farbe, Textur oder Beschaffenheit sind nat\u00fcrliche Eigenschaften bestimmter Materialien.<\/p>\n<p>Einreichen eines Garantieanspruchs:<br>Um einen Anspruch anzumelden, kontaktieren Sie uns bitte unter pengz2259@gmail.com und geben Sie die folgenden Informationen an:<br>Ihre Bestellnummer.<br>Ein deutliches Foto oder Video des Problems.<br>Eine detaillierte Beschreibung des Problems.<br>Anspr\u00fcche m\u00fcssen innerhalb der Garantiezeit eingereicht werden.<\/p>\t\t\t\t\t\t\t\t<\/div>\n\t\t\t\t<\/div>\n\t\t\t\t\t<\/div>\n\t\t\t\t<\/div>\n\t\t\t\t<\/div>\n\t\t","protected":false},"excerpt":{"rendered":"<p>Aufgrund der Beschaffenheit unserer Produkte, einschlie\u00dflich der Ma\u00dfanfertigung und des umfangreichen Seetransports, akzeptieren wir unter normalen Umst\u00e4nden keine R\u00fcckgaben zur Erstattung. Das Unternehmen akzeptiert keine R\u00fcckgaben oder R\u00fcckerstattungen, es sei denn, das Produkt ist defekt oder entspricht nicht der Beschreibung. In diesem Fall muss der Kunde das Unternehmen innerhalb von 48 Stunden nach Erhalt des&#8230;<\/p>\n","protected":false},"author":1,"featured_media":0,"parent":0,"menu_order":0,"comment_status":"closed","ping_status":"closed","template":"","meta":{"_bst_post_transparent":"","_bst_post_title":"","_bst_post_layout":"","_bst_post_sidebar_id":"","_bst_post_content_style":"","_bst_post_vertical_padding":"","_bst_post_feature":"","_bst_post_feature_position":"","_bst_post_header":false,"_bst_post_footer":false,"footnotes":""},"class_list":["post-32316","page","type-page","status-publish","hentry"],"_links":{"self":[{"href":"https:\/\/xinshengmanufacture.com\/de\/wp-json\/wp\/v2\/pages\/32316","targetHints":{"allow":["GET"]}}],"collection":[{"href":"https:\/\/xinshengmanufacture.com\/de\/wp-json\/wp\/v2\/pages"}],"about":[{"href":"https:\/\/xinshengmanufacture.com\/de\/wp-json\/wp\/v2\/types\/page"}],"author":[{"embeddable":true,"href":"https:\/\/xinshengmanufacture.com\/de\/wp-json\/wp\/v2\/users\/1"}],"replies":[{"embeddable":true,"href":"https:\/\/xinshengmanufacture.com\/de\/wp-json\/wp\/v2\/comments?post=32316"}],"version-history":[{"count":2,"href":"https:\/\/xinshengmanufacture.com\/de\/wp-json\/wp\/v2\/pages\/32316\/revisions"}],"predecessor-version":[{"id":32320,"href":"https:\/\/xinshengmanufacture.com\/de\/wp-json\/wp\/v2\/pages\/32316\/revisions\/32320"}],"wp:attachment":[{"href":"https:\/\/xinshengmanufacture.com\/de\/wp-json\/wp\/v2\/media?parent=32316"}],"curies":[{"name":"wp","href":"https:\/\/api.w.org\/{rel}","templated":true}]}}