{"id":33932,"date":"2025-04-17T02:29:00","date_gmt":"2025-04-17T02:29:00","guid":{"rendered":"https:\/\/xinshengmanufacture.com\/product\/luxus-salon-haar-moebel-elektrische-massage-shampoo-bett-massage-center-mit-begasung-wasserzirkulation-massage-bett-kopf-therapie-bett-spa-bett-kommerzielle-moebel-ausruestung\/"},"modified":"2025-08-26T08:04:12","modified_gmt":"2025-08-26T08:04:12","slug":"luxus-salon-haar-moebel-elektrische-massage-shampoo-bett-massage-center-mit-begasung-wasserzirkulation-massage-bett-kopf-therapie-bett-spa-bett-kommerzielle-moebel-ausruestung","status":"publish","type":"product","link":"https:\/\/xinshengmanufacture.com\/de\/product\/luxus-salon-haar-moebel-elektrische-massage-shampoo-bett-massage-center-mit-begasung-wasserzirkulation-massage-bett-kopf-therapie-bett-spa-bett-kommerzielle-moebel-ausruestung\/","title":{"rendered":"Luxus Salon Haar M\u00f6bel elektrische Massage Shampoo Bett Massage-Center mit Begasung Wasserzirkulation Massage Bett Kopf Therapie Bett Spa Bett kommerzielle M\u00f6bel Ausr\u00fcstung"},"content":{"rendered":"<div class=\"wp-playlist wp-video-playlist wp-playlist-light\">\n\t\t<video controls=\"controls\" preload=\"none\" width=\"1408\"\n\t\t height=\"2503\"\t><\/video>\n\t<div class=\"wp-playlist-next\"><\/div>\n\t<div class=\"wp-playlist-prev\"><\/div>\n\t<noscript>\n\t<ol>\n\t\t<li><a href='https:\/\/xinshengmanufacture.com\/wp-content\/uploads\/2025\/04\/WeChat_20250417102715.mp4'>WeChat_20250417102715<\/a><\/li>\t<\/ol>\n\t<\/noscript>\n\t<script type=\"application\/json\" class=\"wp-playlist-script\">{\"type\":\"video\",\"tracklist\":false,\"tracknumbers\":true,\"images\":true,\"artists\":true,\"tracks\":[{\"src\":\"https:\/\/xinshengmanufacture.com\/wp-content\/uploads\/2025\/04\/WeChat_20250417102715.mp4\",\"type\":\"video\/mp4\",\"title\":\"WeChat_20250417102715\",\"caption\":\"\",\"description\":\"\",\"meta\":{\"length_formatted\":\"0:45\"},\"dimensions\":{\"original\":{\"width\":1080,\"height\":1920},\"resized\":{\"width\":1408,\"height\":2503}},\"image\":{\"src\":\"https:\/\/xinshengmanufacture.com\/wp-includes\/images\/media\/video.svg\",\"width\":48,\"height\":64},\"thumb\":{\"src\":\"https:\/\/xinshengmanufacture.com\/wp-includes\/images\/media\/video.svg\",\"width\":48,\"height\":64}}]}<\/script>\n<\/div>\n\t\n<p style=\"text-align: center;\"><img fetchpriority=\"high\" decoding=\"async\" class=\"size-full wp-image-4292 aligncenter\" src=\"https:\/\/xinshengmanufacture.com\/wp-content\/uploads\/2025\/04\/%E8%B6%85%E5%B7%A5%E5%AE%9A%E5%88%B6%E8%8B%B1%E6%96%87_01-4.jpg\" alt=\"\" width=\"790\" height=\"1223\"><img decoding=\"async\" class=\"size-full wp-image-4293 aligncenter\" src=\"https:\/\/xinshengmanufacture.com\/wp-content\/uploads\/2025\/04\/%E8%B6%85%E5%B7%A5%E5%AE%9A%E5%88%B6%E8%8B%B1%E6%96%87_02-4.jpg\" alt=\"\" width=\"790\" height=\"694\"><img decoding=\"async\" class=\"size-full wp-image-4294 aligncenter\" src=\"https:\/\/xinshengmanufacture.com\/wp-content\/uploads\/2025\/04\/%E8%B6%85%E5%B7%A5%E5%AE%9A%E5%88%B6%E8%8B%B1%E6%96%87_03-4.jpg\" alt=\"\" width=\"790\" height=\"1029\"><img loading=\"lazy\" decoding=\"async\" class=\"size-full wp-image-4295 aligncenter\" src=\"https:\/\/xinshengmanufacture.com\/wp-content\/uploads\/2025\/04\/%E8%B6%85%E5%B7%A5%E5%AE%9A%E5%88%B6%E8%8B%B1%E6%96%87_04-4.jpg\" alt=\"\" width=\"790\" height=\"1156\"><img loading=\"lazy\" decoding=\"async\" class=\"size-full wp-image-4296 aligncenter\" src=\"https:\/\/xinshengmanufacture.com\/wp-content\/uploads\/2025\/04\/%E8%B6%85%E5%B7%A5%E5%AE%9A%E5%88%B6%E8%8B%B1%E6%96%87_05-4.jpg\" alt=\"\" width=\"790\" height=\"1486\"><img loading=\"lazy\" decoding=\"async\" class=\"size-full wp-image-4275 aligncenter\" src=\"https:\/\/xinshengmanufacture.com\/wp-content\/uploads\/2025\/04\/%E8%AF%A6%E6%83%85%E9%A1%B5_01-2.jpg\" alt=\"\" width=\"790\" height=\"1181\"> <img loading=\"lazy\" decoding=\"async\" class=\"size-full wp-image-4276 aligncenter\" src=\"https:\/\/xinshengmanufacture.com\/wp-content\/uploads\/2025\/04\/%E8%AF%A6%E6%83%85%E9%A1%B5_02-2.jpg\" alt=\"\" width=\"790\" height=\"1285\"> <img loading=\"lazy\" decoding=\"async\" class=\"size-full wp-image-4277 aligncenter\" src=\"https:\/\/xinshengmanufacture.com\/wp-content\/uploads\/2025\/04\/%E8%AF%A6%E6%83%85%E9%A1%B5_03-2.jpg\" alt=\"\" width=\"790\" height=\"729\"> <img loading=\"lazy\" decoding=\"async\" class=\"size-full wp-image-4278 aligncenter\" src=\"https:\/\/xinshengmanufacture.com\/wp-content\/uploads\/2025\/04\/%E8%AF%A6%E6%83%85%E9%A1%B5_04-2.jpg\" alt=\"\" width=\"790\" height=\"886\"> <img loading=\"lazy\" decoding=\"async\" class=\"size-full wp-image-4279 aligncenter\" src=\"https:\/\/xinshengmanufacture.com\/wp-content\/uploads\/2025\/04\/%E8%AF%A6%E6%83%85%E9%A1%B5_05-2.jpg\" alt=\"\" width=\"790\" height=\"1140\"> <img loading=\"lazy\" decoding=\"async\" class=\"size-full wp-image-4280 aligncenter\" src=\"https:\/\/xinshengmanufacture.com\/wp-content\/uploads\/2025\/04\/%E8%AF%A6%E6%83%85%E9%A1%B5_06-2.jpg\" alt=\"\" width=\"790\" height=\"964\"> <img loading=\"lazy\" decoding=\"async\" class=\"size-full wp-image-4281 aligncenter\" src=\"https:\/\/xinshengmanufacture.com\/wp-content\/uploads\/2025\/04\/%E8%AF%A6%E6%83%85%E9%A1%B5_07-2.jpg\" alt=\"\" width=\"790\" height=\"821\"> <img loading=\"lazy\" decoding=\"async\" class=\"size-full wp-image-4282 aligncenter\" src=\"https:\/\/xinshengmanufacture.com\/wp-content\/uploads\/2025\/04\/%E8%AF%A6%E6%83%85%E9%A1%B5_08-2.jpg\" alt=\"\" width=\"790\" height=\"1085\"> <img loading=\"lazy\" decoding=\"async\" class=\"size-full wp-image-4283 aligncenter\" src=\"https:\/\/xinshengmanufacture.com\/wp-content\/uploads\/2025\/04\/%E8%AF%A6%E6%83%85%E9%A1%B5_09-2.jpg\" alt=\"\" width=\"790\" height=\"1168\"> <img loading=\"lazy\" decoding=\"async\" class=\"size-full wp-image-4284 aligncenter\" src=\"https:\/\/xinshengmanufacture.com\/wp-content\/uploads\/2025\/04\/%E8%AF%A6%E6%83%85%E9%A1%B5_10-2.jpg\" alt=\"\" width=\"790\" height=\"1192\"> <img loading=\"lazy\" decoding=\"async\" class=\"size-full wp-image-4285 aligncenter\" src=\"https:\/\/xinshengmanufacture.com\/wp-content\/uploads\/2025\/04\/%E8%AF%A6%E6%83%85%E9%A1%B5_11-2.jpg\" alt=\"\" width=\"790\" height=\"1470\"> <img loading=\"lazy\" decoding=\"async\" class=\"size-full wp-image-4286 aligncenter\" src=\"https:\/\/xinshengmanufacture.com\/wp-content\/uploads\/2025\/04\/%E8%AF%A6%E6%83%85%E9%A1%B5_12-2.jpg\" alt=\"\" width=\"790\" height=\"1265\"> <img loading=\"lazy\" decoding=\"async\" class=\"size-full wp-image-4287 aligncenter\" src=\"https:\/\/xinshengmanufacture.com\/wp-content\/uploads\/2025\/04\/%E8%AF%A6%E6%83%85%E9%A1%B5_13-1.jpg\" alt=\"\" width=\"790\" height=\"1343\"> <img loading=\"lazy\" decoding=\"async\" class=\"size-full wp-image-4288 aligncenter\" src=\"https:\/\/xinshengmanufacture.com\/wp-content\/uploads\/2025\/04\/%E8%AF%A6%E6%83%85%E9%A1%B5_14-1.jpg\" alt=\"\" width=\"790\" height=\"819\"> <img loading=\"lazy\" decoding=\"async\" class=\"size-full wp-image-4289 aligncenter\" src=\"https:\/\/xinshengmanufacture.com\/wp-content\/uploads\/2025\/04\/%E8%AF%A6%E6%83%85%E9%A1%B5_15-1.jpg\" alt=\"\" width=\"790\" height=\"1265\"> <img loading=\"lazy\" decoding=\"async\" class=\"size-full wp-image-4290 aligncenter\" src=\"https:\/\/xinshengmanufacture.com\/wp-content\/uploads\/2025\/04\/%E8%AF%A6%E6%83%85%E9%A1%B5_16-1.jpg\" alt=\"\" width=\"790\" height=\"1107\"> <img loading=\"lazy\" decoding=\"async\" class=\"size-full wp-image-4291 aligncenter\" src=\"https:\/\/xinshengmanufacture.com\/wp-content\/uploads\/2025\/04\/%E8%AF%A6%E6%83%85%E9%A1%B5_17.jpg\" alt=\"\" width=\"790\" height=\"1075\"><\/p>\n","protected":false},"excerpt":{"rendered":"<p>Luxuri\u00f6ses elektrisches Massageshampoonierbett f\u00fcr Friseursalons, Massagezentren, Sch\u00f6nheitszentren, Wellnesszentren usw.<\/p>\n","protected":false},"featured_media":32583,"template":"","meta":{"_bst_post_transparent":"","_bst_post_title":"","_bst_post_layout":"","_bst_post_sidebar_id":"","_bst_post_content_style":"","_bst_post_vertical_padding":"","_bst_post_feature":"","_bst_post_feature_position":"","_bst_post_header":false,"_bst_post_footer":false},"product_brand":[1084],"product_cat":[894],"product_tag":[],"class_list":{"0":"post-33932","1":"product","2":"type-product","3":"status-publish","4":"has-post-thumbnail","6":"product_brand-xinsheng-de","7":"product_cat-elektrisches-massagebett","8":"pa_color-benutzerdefinierte-farben","9":"pa_color-weis","10":"pa_size-190cm86cm85cm-de","12":"first","13":"instock","14":"sale","15":"shipping-taxable","16":"purchasable","17":"product-type-variable","18":"entry","19":"content-bg","20":"loop-entry"},"_links":{"self":[{"href":"https:\/\/xinshengmanufacture.com\/de\/wp-json\/wp\/v2\/product\/33932","targetHints":{"allow":["GET"]}}],"collection":[{"href":"https:\/\/xinshengmanufacture.com\/de\/wp-json\/wp\/v2\/product"}],"about":[{"href":"https:\/\/xinshengmanufacture.com\/de\/wp-json\/wp\/v2\/types\/product"}],"version-history":[{"count":2,"href":"https:\/\/xinshengmanufacture.com\/de\/wp-json\/wp\/v2\/product\/33932\/revisions"}],"predecessor-version":[{"id":75003,"href":"https:\/\/xinshengmanufacture.com\/de\/wp-json\/wp\/v2\/product\/33932\/revisions\/75003"}],"wp:featuredmedia":[{"embeddable":true,"href":"https:\/\/xinshengmanufacture.com\/de\/wp-json\/wp\/v2\/media\/32583"}],"wp:attachment":[{"href":"https:\/\/xinshengmanufacture.com\/de\/wp-json\/wp\/v2\/media?parent=33932"}],"wp:term":[{"taxonomy":"product_brand","embeddable":true,"href":"https:\/\/xinshengmanufacture.com\/de\/wp-json\/wp\/v2\/product_brand?post=33932"},{"taxonomy":"product_cat","embeddable":true,"href":"https:\/\/xinshengmanufacture.com\/de\/wp-json\/wp\/v2\/product_cat?post=33932"},{"taxonomy":"product_tag","embeddable":true,"href":"https:\/\/xinshengmanufacture.com\/de\/wp-json\/wp\/v2\/product_tag?post=33932"}],"curies":[{"name":"wp","href":"https:\/\/api.w.org\/{rel}","templated":true}]}}