{"id":44487,"date":"2025-04-17T07:28:05","date_gmt":"2025-04-17T07:28:05","guid":{"rendered":"https:\/\/xinshengmanufacture.com\/product\/thai-massage-shampoo-bett-friseursalon-gewerbemoebel-schoenheitssalon-gesichtspflege-massagebett-friseursalon-shampoo-bett-ausruestung-spa-bett-kopfstuetze-therapie-bett\/"},"modified":"2025-08-26T08:04:36","modified_gmt":"2025-08-26T08:04:36","slug":"thai-massage-shampoo-bett-friseursalon-gewerbemoebel-schoenheitssalon-gesichtspflege-massagebett-friseursalon-shampoo-bett-ausruestung-spa-bett-kopfstuetze-therapie-bett","status":"publish","type":"product","link":"https:\/\/xinshengmanufacture.com\/de\/product\/thai-massage-shampoo-bett-friseursalon-gewerbemoebel-schoenheitssalon-gesichtspflege-massagebett-friseursalon-shampoo-bett-ausruestung-spa-bett-kopfstuetze-therapie-bett\/","title":{"rendered":"Thai-Massage-Shampoo-Bett Friseursalon Gewerbem\u00f6bel Sch\u00f6nheitssalon Gesichtspflege Massagebett Friseursalon Shampoo-Bett Ausr\u00fcstung Spa-Bett Kopfst\u00fctze Therapie Bett"},"content":{"rendered":"<div class=\"wp-playlist wp-video-playlist wp-playlist-light\">\n\t\t<video controls=\"controls\" preload=\"none\" width=\"1408\"\n\t\t height=\"2503\"\t><\/video>\n\t<div class=\"wp-playlist-next\"><\/div>\n\t<div class=\"wp-playlist-prev\"><\/div>\n\t<noscript>\n\t<ol>\n\t\t<li><a href='https:\/\/xinshengmanufacture.com\/wp-content\/uploads\/2025\/04\/WeChat_20250417152639.mp4'>WeChat_20250417152639<\/a><\/li>\t<\/ol>\n\t<\/noscript>\n\t<script type=\"application\/json\" class=\"wp-playlist-script\">{\"type\":\"video\",\"tracklist\":false,\"tracknumbers\":true,\"images\":true,\"artists\":true,\"tracks\":[{\"src\":\"https:\/\/xinshengmanufacture.com\/wp-content\/uploads\/2025\/04\/WeChat_20250417152639.mp4\",\"type\":\"video\/mp4\",\"title\":\"WeChat_20250417152639\",\"caption\":\"\",\"description\":\"\",\"meta\":{\"length_formatted\":\"0:44\"},\"dimensions\":{\"original\":{\"width\":1080,\"height\":1920},\"resized\":{\"width\":1408,\"height\":2503}},\"image\":{\"src\":\"https:\/\/xinshengmanufacture.com\/wp-includes\/images\/media\/video.svg\",\"width\":48,\"height\":64},\"thumb\":{\"src\":\"https:\/\/xinshengmanufacture.com\/wp-includes\/images\/media\/video.svg\",\"width\":48,\"height\":64}}]}<\/script>\n<\/div>\n\t\n<p style=\"text-align: center;\"><img fetchpriority=\"high\" decoding=\"async\" class=\"alignundefined wp-image-4338\" src=\"https:\/\/xinshengmanufacture.com\/wp-content\/uploads\/2025\/04\/%E8%B6%85%E5%B7%A5%E5%AE%9A%E5%88%B6%E8%8B%B1%E6%96%87_01-5.jpg\" alt=\"\" width=\"750\" height=\"1161\"><img decoding=\"async\" class=\"alignundefined wp-image-4339\" src=\"https:\/\/xinshengmanufacture.com\/wp-content\/uploads\/2025\/04\/%E8%B6%85%E5%B7%A5%E5%AE%9A%E5%88%B6%E8%8B%B1%E6%96%87_02-5.jpg\" alt=\"\" width=\"750\" height=\"659\"><img decoding=\"async\" class=\"alignundefined wp-image-4340\" src=\"https:\/\/xinshengmanufacture.com\/wp-content\/uploads\/2025\/04\/%E8%B6%85%E5%B7%A5%E5%AE%9A%E5%88%B6%E8%8B%B1%E6%96%87_03-5.jpg\" alt=\"\" width=\"750\" height=\"977\"><img loading=\"lazy\" decoding=\"async\" class=\"aligncenter wp-image-4341\" src=\"https:\/\/xinshengmanufacture.com\/wp-content\/uploads\/2025\/04\/%E8%B6%85%E5%B7%A5%E5%AE%9A%E5%88%B6%E8%8B%B1%E6%96%87_04-5.jpg\" alt=\"\" width=\"750\" height=\"1097\"><img loading=\"lazy\" decoding=\"async\" class=\"alignnone wp-image-4342\" src=\"https:\/\/xinshengmanufacture.com\/wp-content\/uploads\/2025\/04\/%E8%B6%85%E5%B7%A5%E5%AE%9A%E5%88%B6%E8%8B%B1%E6%96%87_05-5.jpg\" alt=\"\" width=\"750\" height=\"1411\"><img loading=\"lazy\" decoding=\"async\" class=\"alignnone size-full wp-image-4369\" src=\"https:\/\/xinshengmanufacture.com\/wp-content\/uploads\/2025\/04\/%E8%AF%A6%E6%83%85%E5%9B%BE01_01.jpg\" alt=\"\" width=\"750\" height=\"1075\"> <img loading=\"lazy\" decoding=\"async\" class=\"alignnone size-full wp-image-4370\" src=\"https:\/\/xinshengmanufacture.com\/wp-content\/uploads\/2025\/04\/%E8%AF%A6%E6%83%85%E5%9B%BE01_02.jpg\" alt=\"\" width=\"750\" height=\"787\"> <img loading=\"lazy\" decoding=\"async\" class=\"alignnone size-full wp-image-4371\" src=\"https:\/\/xinshengmanufacture.com\/wp-content\/uploads\/2025\/04\/%E8%AF%A6%E6%83%85%E5%9B%BE01_03.jpg\" alt=\"\" width=\"750\" height=\"1038\"> <img loading=\"lazy\" decoding=\"async\" class=\"alignnone size-full wp-image-4372\" src=\"https:\/\/xinshengmanufacture.com\/wp-content\/uploads\/2025\/04\/%E8%AF%A6%E6%83%85%E5%9B%BE01_04.jpg\" alt=\"\" width=\"750\" height=\"1333\"> <img loading=\"lazy\" decoding=\"async\" class=\"alignnone size-full wp-image-4373\" src=\"https:\/\/xinshengmanufacture.com\/wp-content\/uploads\/2025\/04\/%E8%AF%A6%E6%83%85%E5%9B%BE01_05.jpg\" alt=\"\" width=\"750\" height=\"1202\"> <img loading=\"lazy\" decoding=\"async\" class=\"alignnone size-full wp-image-4374\" src=\"https:\/\/xinshengmanufacture.com\/wp-content\/uploads\/2025\/04\/%E8%AF%A6%E6%83%85%E5%9B%BE01_06.jpg\" alt=\"\" width=\"750\" height=\"1101\"> <img loading=\"lazy\" decoding=\"async\" class=\"alignnone size-full wp-image-4375\" src=\"https:\/\/xinshengmanufacture.com\/wp-content\/uploads\/2025\/04\/%E8%AF%A6%E6%83%85%E5%9B%BE01_07.jpg\" alt=\"\" width=\"750\" height=\"1091\"> <img loading=\"lazy\" decoding=\"async\" class=\"alignnone size-full wp-image-4376\" src=\"https:\/\/xinshengmanufacture.com\/wp-content\/uploads\/2025\/04\/%E8%AF%A6%E6%83%85%E5%9B%BE01_08.jpg\" alt=\"\" width=\"750\" height=\"1178\"> <img loading=\"lazy\" decoding=\"async\" class=\"alignnone size-full wp-image-4377\" src=\"https:\/\/xinshengmanufacture.com\/wp-content\/uploads\/2025\/04\/%E8%AF%A6%E6%83%85%E5%9B%BE01_09.jpg\" alt=\"\" width=\"750\" height=\"1739\"> <img loading=\"lazy\" decoding=\"async\" class=\"alignnone size-full wp-image-4378\" src=\"https:\/\/xinshengmanufacture.com\/wp-content\/uploads\/2025\/04\/%E8%AF%A6%E6%83%85%E5%9B%BE01_10.jpg\" alt=\"\" width=\"750\" height=\"1525\"><\/p>\n","protected":false},"excerpt":{"rendered":"<p>Das Thai-Massage-Shampoonierbett kann in Friseursalons, Massagezentren, Sch\u00f6nheitszentren, Friseursalons, Spa-Zentren usw. verwendet werden.<\/p>\n","protected":false},"featured_media":44489,"template":"","meta":{"_bst_post_transparent":"","_bst_post_title":"","_bst_post_layout":"","_bst_post_sidebar_id":"","_bst_post_content_style":"","_bst_post_vertical_padding":"","_bst_post_feature":"","_bst_post_feature_position":"","_bst_post_header":false,"_bst_post_footer":false},"product_brand":[],"product_cat":[570],"product_tag":[],"class_list":{"0":"post-44487","1":"product","2":"type-product","3":"status-publish","4":"has-post-thumbnail","6":"product_cat-thai-shampoo-bett","7":"pa_color-aprikose","8":"pa_color-benutzerdefinierte-farben","9":"pa_size-240cm80cm70cm-de","11":"first","12":"instock","13":"sale","14":"shipping-taxable","15":"purchasable","16":"product-type-variable","17":"entry","18":"content-bg","19":"loop-entry"},"_links":{"self":[{"href":"https:\/\/xinshengmanufacture.com\/de\/wp-json\/wp\/v2\/product\/44487","targetHints":{"allow":["GET"]}}],"collection":[{"href":"https:\/\/xinshengmanufacture.com\/de\/wp-json\/wp\/v2\/product"}],"about":[{"href":"https:\/\/xinshengmanufacture.com\/de\/wp-json\/wp\/v2\/types\/product"}],"version-history":[{"count":2,"href":"https:\/\/xinshengmanufacture.com\/de\/wp-json\/wp\/v2\/product\/44487\/revisions"}],"predecessor-version":[{"id":75040,"href":"https:\/\/xinshengmanufacture.com\/de\/wp-json\/wp\/v2\/product\/44487\/revisions\/75040"}],"wp:featuredmedia":[{"embeddable":true,"href":"https:\/\/xinshengmanufacture.com\/de\/wp-json\/wp\/v2\/media\/44489"}],"wp:attachment":[{"href":"https:\/\/xinshengmanufacture.com\/de\/wp-json\/wp\/v2\/media?parent=44487"}],"wp:term":[{"taxonomy":"product_brand","embeddable":true,"href":"https:\/\/xinshengmanufacture.com\/de\/wp-json\/wp\/v2\/product_brand?post=44487"},{"taxonomy":"product_cat","embeddable":true,"href":"https:\/\/xinshengmanufacture.com\/de\/wp-json\/wp\/v2\/product_cat?post=44487"},{"taxonomy":"product_tag","embeddable":true,"href":"https:\/\/xinshengmanufacture.com\/de\/wp-json\/wp\/v2\/product_tag?post=44487"}],"curies":[{"name":"wp","href":"https:\/\/api.w.org\/{rel}","templated":true}]}}