{"id":44937,"date":"2025-05-29T07:56:42","date_gmt":"2025-05-29T07:56:42","guid":{"rendered":"https:\/\/xinshengmanufacture.com\/product\/salon-friseur-kommerzielle-moebel-high-end-luxus-fussbad-pedikuere-stuhl-multifunktion-mit-massage-surfen-licht-beauty-center-fussbad-pedikuere-stuhl-intelligente-anpassung-fussbad-stuhl\/"},"modified":"2025-08-26T08:02:24","modified_gmt":"2025-08-26T08:02:24","slug":"salon-friseur-kommerzielle-moebel-high-end-luxus-fussbad-pedikuere-stuhl-multifunktion-mit-massage-surfen-licht-beauty-center-fussbad-pedikuere-stuhl-intelligente-anpassung-fussbad-stuhl","status":"publish","type":"product","link":"https:\/\/xinshengmanufacture.com\/de\/product\/salon-friseur-kommerzielle-moebel-high-end-luxus-fussbad-pedikuere-stuhl-multifunktion-mit-massage-surfen-licht-beauty-center-fussbad-pedikuere-stuhl-intelligente-anpassung-fussbad-stuhl\/","title":{"rendered":"Salon Friseur kommerzielle M\u00f6bel High-End-Luxus-Fu\u00dfbad Pedik\u00fcre Stuhl Multifunktion mit Massage Surfen Licht Beauty Center Fu\u00dfbad Pedik\u00fcre Stuhl intelligente Anpassung Fu\u00dfbad Stuhl"},"content":{"rendered":"<div class=\"wp-playlist wp-video-playlist wp-playlist-light\">\n\t\t<video controls=\"controls\" preload=\"none\" width=\"1408\"\n\t\t height=\"2503\"\t><\/video>\n\t<div class=\"wp-playlist-next\"><\/div>\n\t<div class=\"wp-playlist-prev\"><\/div>\n\t<noscript>\n\t<ol>\n\t\t<li><a href='https:\/\/xinshengmanufacture.com\/wp-content\/uploads\/2025\/05\/\u53d137.mp4'>\u53d137<\/a><\/li>\t<\/ol>\n\t<\/noscript>\n\t<script type=\"application\/json\" class=\"wp-playlist-script\">{\"type\":\"video\",\"tracklist\":false,\"tracknumbers\":true,\"images\":true,\"artists\":true,\"tracks\":[{\"src\":\"https:\/\/xinshengmanufacture.com\/wp-content\/uploads\/2025\/05\/\\u53d137.mp4\",\"type\":\"video\/mp4\",\"title\":\"\\u53d137\",\"caption\":\"\",\"description\":\"\",\"meta\":{\"length_formatted\":\"0:24\"},\"dimensions\":{\"original\":{\"width\":720,\"height\":1280},\"resized\":{\"width\":1408,\"height\":2503}},\"image\":{\"src\":\"https:\/\/xinshengmanufacture.com\/wp-includes\/images\/media\/video.svg\",\"width\":48,\"height\":64},\"thumb\":{\"src\":\"https:\/\/xinshengmanufacture.com\/wp-includes\/images\/media\/video.svg\",\"width\":48,\"height\":64}}]}<\/script>\n<\/div>\n\t\n<p style=\"text-align: center;\"> <img fetchpriority=\"high\" decoding=\"async\" class=\"size-full wp-image-5372 aligncenter\" src=\"https:\/\/xinshengmanufacture.com\/wp-content\/uploads\/2025\/05\/%E8%B6%85%E5%B7%A5%E5%AE%9A%E5%88%B6%E8%8B%B1%E6%96%87_03-1.jpg\" alt=\"\" width=\"790\" height=\"1029\"><img decoding=\"async\" class=\"size-full wp-image-5371 aligncenter\" style=\"letter-spacing: 0.3px;\" src=\"https:\/\/xinshengmanufacture.com\/wp-content\/uploads\/2025\/05\/%E8%B6%85%E5%B7%A5%E5%AE%9A%E5%88%B6%E8%8B%B1%E6%96%87_02-1.jpg\" alt=\"\" width=\"790\" height=\"694\"><img decoding=\"async\" class=\"size-full wp-image-5373 aligncenter\" style=\"letter-spacing: 0.3px;\" src=\"https:\/\/xinshengmanufacture.com\/wp-content\/uploads\/2025\/05\/%E8%B6%85%E5%B7%A5%E5%AE%9A%E5%88%B6%E8%8B%B1%E6%96%87_04-1.jpg\" alt=\"\" width=\"790\" height=\"1156\"> <img loading=\"lazy\" decoding=\"async\" class=\"size-full wp-image-5374 aligncenter\" style=\"letter-spacing: 0.3px;\" src=\"https:\/\/xinshengmanufacture.com\/wp-content\/uploads\/2025\/05\/%E8%B6%85%E5%B7%A5%E5%AE%9A%E5%88%B6%E8%8B%B1%E6%96%87_05-1.jpg\" alt=\"\" width=\"790\" height=\"1486\"><img loading=\"lazy\" decoding=\"async\" class=\"size-full wp-image-5375 aligncenter\" style=\"letter-spacing: 0.3px;\" src=\"https:\/\/xinshengmanufacture.com\/wp-content\/uploads\/2025\/05\/%E6%9C%AA%E6%A0%87%E9%A2%98-1%E5%A4%96_01-1.jpg\" alt=\"\" width=\"790\" height=\"1220\"> <img loading=\"lazy\" decoding=\"async\" class=\"size-full wp-image-5376 aligncenter\" style=\"letter-spacing: 0.3px;\" src=\"https:\/\/xinshengmanufacture.com\/wp-content\/uploads\/2025\/05\/%E6%9C%AA%E6%A0%87%E9%A2%98-1%E5%A4%96_02-1.jpg\" alt=\"\" width=\"790\" height=\"1333\"> <img loading=\"lazy\" decoding=\"async\" class=\"aligncenter wp-image-5377\" style=\"letter-spacing: 0.3px;\" src=\"https:\/\/xinshengmanufacture.com\/wp-content\/uploads\/2025\/05\/%E6%9C%AA%E6%A0%87%E9%A2%98-1%E5%A4%96_04-1-scaled.jpg\" alt=\"\" width=\"790\" height=\"2821\"> <img loading=\"lazy\" decoding=\"async\" class=\"size-full wp-image-5378 aligncenter\" style=\"letter-spacing: 0.3px;\" src=\"https:\/\/xinshengmanufacture.com\/wp-content\/uploads\/2025\/05\/%E6%9C%AA%E6%A0%87%E9%A2%98-1%E5%A4%96_05-1.jpg\" alt=\"\" width=\"790\" height=\"1660\"> <img loading=\"lazy\" decoding=\"async\" class=\"size-full wp-image-5379 aligncenter\" style=\"letter-spacing: 0.3px;\" src=\"https:\/\/xinshengmanufacture.com\/wp-content\/uploads\/2025\/05\/%E6%9C%AA%E6%A0%87%E9%A2%98-1%E5%A4%96_06-1.jpg\" alt=\"\" width=\"790\" height=\"1320\"> <img loading=\"lazy\" decoding=\"async\" class=\"size-full wp-image-5380 aligncenter\" style=\"letter-spacing: 0.3px;\" src=\"https:\/\/xinshengmanufacture.com\/wp-content\/uploads\/2025\/05\/%E6%9C%AA%E6%A0%87%E9%A2%98-1%E5%A4%96_07-1.jpg\" alt=\"\" width=\"790\" height=\"1066\"> <img loading=\"lazy\" decoding=\"async\" class=\"size-full wp-image-5381 aligncenter\" style=\"letter-spacing: 0.3px;\" src=\"https:\/\/xinshengmanufacture.com\/wp-content\/uploads\/2025\/05\/%E6%9C%AA%E6%A0%87%E9%A2%98-1%E5%A4%96_08-1.jpg\" alt=\"\" width=\"790\" height=\"1090\"> <img loading=\"lazy\" decoding=\"async\" class=\"size-full wp-image-5382 aligncenter\" style=\"letter-spacing: 0.3px;\" src=\"https:\/\/xinshengmanufacture.com\/wp-content\/uploads\/2025\/05\/%E6%9C%AA%E6%A0%87%E9%A2%98-1%E5%A4%96_09-1.jpg\" alt=\"\" width=\"790\" height=\"1268\"> <img loading=\"lazy\" decoding=\"async\" class=\"size-full wp-image-5383 aligncenter\" style=\"letter-spacing: 0.3px;\" src=\"https:\/\/xinshengmanufacture.com\/wp-content\/uploads\/2025\/05\/%E6%9C%AA%E6%A0%87%E9%A2%98-1%E5%A4%96_10-1.jpg\" alt=\"\" width=\"790\" height=\"1281\"> <img loading=\"lazy\" decoding=\"async\" class=\"size-full wp-image-5384 aligncenter\" style=\"letter-spacing: 0.3px;\" src=\"https:\/\/xinshengmanufacture.com\/wp-content\/uploads\/2025\/05\/%E6%9C%AA%E6%A0%87%E9%A2%98-1%E5%A4%96_11-1.jpg\" alt=\"\" width=\"790\" height=\"1336\"> <img loading=\"lazy\" decoding=\"async\" class=\"size-full wp-image-5385 aligncenter\" style=\"letter-spacing: 0.3px;\" src=\"https:\/\/xinshengmanufacture.com\/wp-content\/uploads\/2025\/05\/%E6%9C%AA%E6%A0%87%E9%A2%98-1%E5%A4%96_12-1.jpg\" alt=\"\" width=\"790\" height=\"1243\"> <img loading=\"lazy\" decoding=\"async\" class=\"size-full wp-image-5386 aligncenter\" style=\"letter-spacing: 0.3px;\" src=\"https:\/\/xinshengmanufacture.com\/wp-content\/uploads\/2025\/05\/%E6%9C%AA%E6%A0%87%E9%A2%98-1%E5%A4%96_13.jpg\" alt=\"\" width=\"790\" height=\"1981\"> <img loading=\"lazy\" decoding=\"async\" class=\"size-full wp-image-5387 aligncenter\" style=\"letter-spacing: 0.3px;\" src=\"https:\/\/xinshengmanufacture.com\/wp-content\/uploads\/2025\/05\/%E6%9C%AA%E6%A0%87%E9%A2%98-1%E5%A4%96_14.jpg\" alt=\"\" width=\"790\" height=\"1691\"><\/p>\n","protected":false},"excerpt":{"rendered":"<p>Hochwertige Luxus-Fu\u00dfbad- und Pedik\u00fcrest\u00fchle k\u00f6nnen in Salons, Sch\u00f6nheitszentren, Spas, Kopfbehandlungszentren, Fu\u00dfbad- und Massagezentren usw. verwendet werden.<\/p>\n","protected":false},"featured_media":44940,"template":"..\/public\/views\/revslider-page-template.php","meta":{"_bst_post_transparent":"","_bst_post_title":"","_bst_post_layout":"","_bst_post_sidebar_id":"","_bst_post_content_style":"","_bst_post_vertical_padding":"","_bst_post_feature":"","_bst_post_feature_position":"","_bst_post_header":false,"_bst_post_footer":false},"product_brand":[1084],"product_cat":[815],"product_tag":[],"class_list":{"0":"post-44937","1":"product","2":"type-product","3":"status-publish","4":"has-post-thumbnail","6":"product_brand-xinsheng-de","7":"product_cat-fusbad-pedikurestuhl","8":"pa_color-benutzerdefinierte-farben","9":"pa_color-schwarz","10":"pa_color-weis","11":"pa_size-50ccm78cm90cm-de","13":"first","14":"instock","15":"sale","16":"shipping-taxable","17":"purchasable","18":"product-type-variable","19":"entry","20":"content-bg","21":"loop-entry"},"_links":{"self":[{"href":"https:\/\/xinshengmanufacture.com\/de\/wp-json\/wp\/v2\/product\/44937","targetHints":{"allow":["GET"]}}],"collection":[{"href":"https:\/\/xinshengmanufacture.com\/de\/wp-json\/wp\/v2\/product"}],"about":[{"href":"https:\/\/xinshengmanufacture.com\/de\/wp-json\/wp\/v2\/types\/product"}],"version-history":[{"count":1,"href":"https:\/\/xinshengmanufacture.com\/de\/wp-json\/wp\/v2\/product\/44937\/revisions"}],"predecessor-version":[{"id":44996,"href":"https:\/\/xinshengmanufacture.com\/de\/wp-json\/wp\/v2\/product\/44937\/revisions\/44996"}],"wp:featuredmedia":[{"embeddable":true,"href":"https:\/\/xinshengmanufacture.com\/de\/wp-json\/wp\/v2\/media\/44940"}],"wp:attachment":[{"href":"https:\/\/xinshengmanufacture.com\/de\/wp-json\/wp\/v2\/media?parent=44937"}],"wp:term":[{"taxonomy":"product_brand","embeddable":true,"href":"https:\/\/xinshengmanufacture.com\/de\/wp-json\/wp\/v2\/product_brand?post=44937"},{"taxonomy":"product_cat","embeddable":true,"href":"https:\/\/xinshengmanufacture.com\/de\/wp-json\/wp\/v2\/product_cat?post=44937"},{"taxonomy":"product_tag","embeddable":true,"href":"https:\/\/xinshengmanufacture.com\/de\/wp-json\/wp\/v2\/product_tag?post=44937"}],"curies":[{"name":"wp","href":"https:\/\/api.w.org\/{rel}","templated":true}]}}