{"id":46202,"date":"2025-05-23T07:21:09","date_gmt":"2025-05-23T07:21:09","guid":{"rendered":"https:\/\/xinshengmanufacture.com\/product\/premium-electric-smart-massage-foot-bath-pedicure-chair-foot-bath-sofa-chair-salon-furniture-massage-center-pedicure-chair-beauty-salon-foot-therapy-chair-salon-equipment\/"},"modified":"2026-03-17T01:38:48","modified_gmt":"2026-03-17T01:38:48","slug":"premium-electric-smart-massage-foot-bath-pedicure-chair-foot-bath-sofa-chair-salon-furniture-massage-center-pedicure-chair-beauty-salon-foot-therapy-chair-salon-equipment","status":"publish","type":"product","link":"https:\/\/xinshengmanufacture.com\/de\/product\/premium-electric-smart-massage-foot-bath-pedicure-chair-foot-bath-sofa-chair-salon-furniture-massage-center-pedicure-chair-beauty-salon-foot-therapy-chair-salon-equipment\/","title":{"rendered":"Premium Electric Smart Massage Foot Bath Pedicure Chair Foot Bath Sofa Chair Salon Furniture Massage Center Pedicure Chair Beauty Salon Foot Therapy Chair Salon Equipment"},"content":{"rendered":"<div class=\"wp-playlist wp-video-playlist wp-playlist-light\">\n\t\t<video controls=\"controls\" preload=\"none\" width=\"1408\"\n\t\t height=\"2503\"\t><\/video>\n\t<div class=\"wp-playlist-next\"><\/div>\n\t<div class=\"wp-playlist-prev\"><\/div>\n\t<noscript>\n\t<ol>\n\t\t<li><a href='https:\/\/xinshengmanufacture.com\/wp-content\/uploads\/2025\/05\/7-2.mp4'>7<\/a><\/li>\t<\/ol>\n\t<\/noscript>\n\t<script type=\"application\/json\" class=\"wp-playlist-script\">{\"type\":\"video\",\"tracklist\":false,\"tracknumbers\":true,\"images\":true,\"artists\":true,\"tracks\":[{\"src\":\"https:\/\/xinshengmanufacture.com\/wp-content\/uploads\/2025\/05\/7-2.mp4\",\"type\":\"video\/mp4\",\"title\":\"7\",\"caption\":\"\",\"description\":\"\",\"meta\":{\"length_formatted\":\"0:46\"},\"dimensions\":{\"original\":{\"width\":1080,\"height\":1920},\"resized\":{\"width\":1408,\"height\":2503}},\"image\":{\"src\":\"https:\/\/xinshengmanufacture.com\/wp-includes\/images\/media\/video.svg\",\"width\":48,\"height\":64},\"thumb\":{\"src\":\"https:\/\/xinshengmanufacture.com\/wp-includes\/images\/media\/video.svg\",\"width\":48,\"height\":64}}]}<\/script>\n<\/div>\n\t\n<p style=\"text-align: center;\"><img fetchpriority=\"high\" decoding=\"async\" class=\"alignnone size-full wp-image-5189 aligncenter\" src=\"https:\/\/xinshengmanufacture.com\/wp-content\/uploads\/2025\/05\/%E8%B6%85%E5%B7%A5%E5%AE%9A%E5%88%B6%E8%8B%B1%E6%96%87_011-3.jpg\" alt=\"\" width=\"1200\" height=\"1857\"><img decoding=\"async\" class=\"size-full wp-image-5190 aligncenter\" src=\"https:\/\/xinshengmanufacture.com\/wp-content\/uploads\/2025\/05\/%E8%B6%85%E5%B7%A5%E5%AE%9A%E5%88%B6%E8%8B%B1%E6%96%87_021-3.jpg\" alt=\"\" width=\"1200\" height=\"1054\"><img decoding=\"async\" class=\"size-full wp-image-5191 aligncenter\" src=\"https:\/\/xinshengmanufacture.com\/wp-content\/uploads\/2025\/05\/%E8%B6%85%E5%B7%A5%E5%AE%9A%E5%88%B6%E8%8B%B1%E6%96%87_031-3.jpg\" alt=\"\" width=\"1200\" height=\"1563\"><img loading=\"lazy\" decoding=\"async\" class=\"size-full wp-image-5192 aligncenter\" src=\"https:\/\/xinshengmanufacture.com\/wp-content\/uploads\/2025\/05\/%E8%B6%85%E5%B7%A5%E5%AE%9A%E5%88%B6%E8%8B%B1%E6%96%87_041-3.jpg\" alt=\"\" width=\"1200\" height=\"1755\"><img loading=\"lazy\" decoding=\"async\" class=\"size-full wp-image-5193 aligncenter\" src=\"https:\/\/xinshengmanufacture.com\/wp-content\/uploads\/2025\/05\/%E8%B6%85%E5%B7%A5%E5%AE%9A%E5%88%B6%E8%8B%B1%E6%96%87_051-3.jpg\" alt=\"\" width=\"1200\" height=\"2257\"><img loading=\"lazy\" decoding=\"async\" class=\"size-full wp-image-5287 aligncenter\" src=\"https:\/\/xinshengmanufacture.com\/wp-content\/uploads\/2025\/05\/%E5%9B%BD%E5%A4%96-%E6%8B%B7%E8%B4%9D_01-1.jpg\" alt=\"\" width=\"1200\" height=\"2116\"> <img loading=\"lazy\" decoding=\"async\" class=\"size-full wp-image-5288 aligncenter\" src=\"https:\/\/xinshengmanufacture.com\/wp-content\/uploads\/2025\/05\/%E5%9B%BD%E5%A4%96-%E6%8B%B7%E8%B4%9D_02-1.jpg\" alt=\"\" width=\"1200\" height=\"2049\"> <img loading=\"lazy\" decoding=\"async\" class=\"size-full wp-image-5289 aligncenter\" src=\"https:\/\/xinshengmanufacture.com\/wp-content\/uploads\/2025\/05\/%E5%9B%BD%E5%A4%96-%E6%8B%B7%E8%B4%9D_03-1.jpg\" alt=\"\" width=\"1200\" height=\"1836\"> <img loading=\"lazy\" decoding=\"async\" class=\"size-full wp-image-5290 aligncenter\" src=\"https:\/\/xinshengmanufacture.com\/wp-content\/uploads\/2025\/05\/%E5%9B%BD%E5%A4%96-%E6%8B%B7%E8%B4%9D_04-1.jpg\" alt=\"\" width=\"1200\" height=\"2075\"> <img loading=\"lazy\" decoding=\"async\" class=\"wp-image-5291 aligncenter\" src=\"https:\/\/xinshengmanufacture.com\/wp-content\/uploads\/2025\/05\/%E5%9B%BD%E5%A4%96-%E6%8B%B7%E8%B4%9D_05-1-scaled.jpg\" alt=\"\" width=\"1200\" height=\"2648\"> <img loading=\"lazy\" decoding=\"async\" class=\"size-full wp-image-5292 aligncenter\" src=\"https:\/\/xinshengmanufacture.com\/wp-content\/uploads\/2025\/05\/%E5%9B%BD%E5%A4%96-%E6%8B%B7%E8%B4%9D_06-1.jpg\" alt=\"\" width=\"1200\" height=\"2083\"> <img loading=\"lazy\" decoding=\"async\" class=\"size-full wp-image-5293 aligncenter\" src=\"https:\/\/xinshengmanufacture.com\/wp-content\/uploads\/2025\/05\/%E5%9B%BD%E5%A4%96-%E6%8B%B7%E8%B4%9D_07-1.jpg\" alt=\"\" width=\"1200\" height=\"2123\"> <img loading=\"lazy\" decoding=\"async\" class=\"size-full wp-image-5294 aligncenter\" src=\"https:\/\/xinshengmanufacture.com\/wp-content\/uploads\/2025\/05\/%E5%9B%BD%E5%A4%96-%E6%8B%B7%E8%B4%9D_08-1.jpg\" alt=\"\" width=\"1200\" height=\"2014\"> <img loading=\"lazy\" decoding=\"async\" class=\"size-full wp-image-5295 aligncenter\" src=\"https:\/\/xinshengmanufacture.com\/wp-content\/uploads\/2025\/05\/%E5%9B%BD%E5%A4%96-%E6%8B%B7%E8%B4%9D_09-1.jpg\" alt=\"\" width=\"1200\" height=\"2365\"> <img loading=\"lazy\" decoding=\"async\" class=\"wp-image-5296 aligncenter\" src=\"https:\/\/xinshengmanufacture.com\/wp-content\/uploads\/2025\/05\/%E5%9B%BD%E5%A4%96-%E6%8B%B7%E8%B4%9D_10-1-scaled.jpg\" alt=\"\" width=\"1200\" height=\"2816\"> <img loading=\"lazy\" decoding=\"async\" class=\"size-full wp-image-5297 aligncenter\" src=\"https:\/\/xinshengmanufacture.com\/wp-content\/uploads\/2025\/05\/%E5%9B%BD%E5%A4%96-%E6%8B%B7%E8%B4%9D_11-1.jpg\" alt=\"\" width=\"1200\" height=\"2432\"><\/p>\n","protected":false},"excerpt":{"rendered":"<p>Der fortschrittliche elektrische intelligente Massage-Fu\u00dfbad-Pedik\u00fcrestuhl kann in Friseursalons, Massagezentren, Sch\u00f6nheitszentren, Spa-Zentren usw. eingesetzt werden.<\/p>\n","protected":false},"featured_media":46208,"template":"","meta":{"_bst_post_transparent":"default","_bst_post_title":"","_bst_post_layout":"default","_bst_post_sidebar_id":"","_bst_post_content_style":"default","_bst_post_vertical_padding":"default","_bst_post_feature":"","_bst_post_feature_position":"","_bst_post_header":false,"_bst_post_footer":false},"product_brand":[1084],"product_cat":[815],"product_tag":[],"class_list":{"0":"post-46202","1":"product","2":"type-product","3":"status-publish","4":"has-post-thumbnail","6":"product_brand-xinsheng-de","7":"product_cat-fusbad-pedikurestuhl","8":"pa_color-benutzerdefinierte-farben","9":"pa_color-rosa-de","10":"pa_color-schwarz","11":"pa_size-88cm85cm123cm-de","13":"first","14":"instock","15":"sale","16":"shipping-taxable","17":"purchasable","18":"product-type-variable","19":"entry","20":"content-bg","21":"loop-entry"},"_links":{"self":[{"href":"https:\/\/xinshengmanufacture.com\/de\/wp-json\/wp\/v2\/product\/46202","targetHints":{"allow":["GET"]}}],"collection":[{"href":"https:\/\/xinshengmanufacture.com\/de\/wp-json\/wp\/v2\/product"}],"about":[{"href":"https:\/\/xinshengmanufacture.com\/de\/wp-json\/wp\/v2\/types\/product"}],"version-history":[{"count":10,"href":"https:\/\/xinshengmanufacture.com\/de\/wp-json\/wp\/v2\/product\/46202\/revisions"}],"predecessor-version":[{"id":88421,"href":"https:\/\/xinshengmanufacture.com\/de\/wp-json\/wp\/v2\/product\/46202\/revisions\/88421"}],"wp:featuredmedia":[{"embeddable":true,"href":"https:\/\/xinshengmanufacture.com\/de\/wp-json\/wp\/v2\/media\/46208"}],"wp:attachment":[{"href":"https:\/\/xinshengmanufacture.com\/de\/wp-json\/wp\/v2\/media?parent=46202"}],"wp:term":[{"taxonomy":"product_brand","embeddable":true,"href":"https:\/\/xinshengmanufacture.com\/de\/wp-json\/wp\/v2\/product_brand?post=46202"},{"taxonomy":"product_cat","embeddable":true,"href":"https:\/\/xinshengmanufacture.com\/de\/wp-json\/wp\/v2\/product_cat?post=46202"},{"taxonomy":"product_tag","embeddable":true,"href":"https:\/\/xinshengmanufacture.com\/de\/wp-json\/wp\/v2\/product_tag?post=46202"}],"curies":[{"name":"wp","href":"https:\/\/api.w.org\/{rel}","templated":true}]}}