{"id":47707,"date":"2025-05-17T08:23:18","date_gmt":"2025-05-17T08:23:18","guid":{"rendered":"https:\/\/xinshengmanufacture.com\/product\/multi-motor-steuerung-und-anpassung-der-luxus-mode-schoenheit-bett-salon-haar-moebel-beauty-center-massage-bett-ausruestung-fussbad-massagezentrum-massagebett\/"},"modified":"2025-08-26T08:01:26","modified_gmt":"2025-08-26T08:01:26","slug":"multi-motor-steuerung-und-anpassung-der-luxus-mode-schoenheit-bett-salon-haar-moebel-beauty-center-massage-bett-ausruestung-fussbad-massagezentrum-massagebett","status":"publish","type":"product","link":"https:\/\/xinshengmanufacture.com\/de\/product\/multi-motor-steuerung-und-anpassung-der-luxus-mode-schoenheit-bett-salon-haar-moebel-beauty-center-massage-bett-ausruestung-fussbad-massagezentrum-massagebett\/","title":{"rendered":"Multi-Motor-Steuerung und Anpassung der Luxus-Mode Sch\u00f6nheit Bett Salon Haar M\u00f6bel Beauty Center Massage Bett Ausr\u00fcstung Fu\u00dfbad Massagezentrum Massagebett"},"content":{"rendered":"<p style=\"text-align: center;\"><img fetchpriority=\"high\" decoding=\"async\" class=\"alignnone size-full wp-image-4976 aligncenter\" src=\"https:\/\/xinshengmanufacture.com\/wp-content\/uploads\/2025\/05\/%E8%B6%85%E5%B7%A5%E5%AE%9A%E5%88%B6%E8%8B%B1%E6%96%87_011-2.jpg\" alt=\"\" width=\"1200\" height=\"1857\"><img decoding=\"async\" class=\"size-full wp-image-4977 aligncenter\" src=\"https:\/\/xinshengmanufacture.com\/wp-content\/uploads\/2025\/05\/%E8%B6%85%E5%B7%A5%E5%AE%9A%E5%88%B6%E8%8B%B1%E6%96%87_021-2.jpg\" alt=\"\" width=\"1200\" height=\"1054\"><img decoding=\"async\" class=\"size-full wp-image-4978 aligncenter\" src=\"https:\/\/xinshengmanufacture.com\/wp-content\/uploads\/2025\/05\/%E8%B6%85%E5%B7%A5%E5%AE%9A%E5%88%B6%E8%8B%B1%E6%96%87_031-2.jpg\" alt=\"\" width=\"1200\" height=\"1563\"><img loading=\"lazy\" decoding=\"async\" class=\"size-full wp-image-4979 aligncenter\" src=\"https:\/\/xinshengmanufacture.com\/wp-content\/uploads\/2025\/05\/%E8%B6%85%E5%B7%A5%E5%AE%9A%E5%88%B6%E8%8B%B1%E6%96%87_041-2.jpg\" alt=\"\" width=\"1200\" height=\"1755\"><img loading=\"lazy\" decoding=\"async\" class=\"size-full wp-image-4980 aligncenter\" src=\"https:\/\/xinshengmanufacture.com\/wp-content\/uploads\/2025\/05\/%E8%B6%85%E5%B7%A5%E5%AE%9A%E5%88%B6%E8%8B%B1%E6%96%87_051-2.jpg\" alt=\"\" width=\"1200\" height=\"2257\"><img loading=\"lazy\" decoding=\"async\" class=\"alignnone size-full wp-image-5162\" src=\"https:\/\/xinshengmanufacture.com\/wp-content\/uploads\/2025\/05\/%E6%9C%AA%E6%A0%87%E9%A2%98-1_01-1.jpg\" alt=\"\" width=\"1200\" height=\"1812\"> <img loading=\"lazy\" decoding=\"async\" class=\"alignnone size-full wp-image-5163\" src=\"https:\/\/xinshengmanufacture.com\/wp-content\/uploads\/2025\/05\/%E6%9C%AA%E6%A0%87%E9%A2%98-1_02-1.jpg\" alt=\"\" width=\"1200\" height=\"1708\"> <img loading=\"lazy\" decoding=\"async\" class=\"alignnone size-full wp-image-5164\" src=\"https:\/\/xinshengmanufacture.com\/wp-content\/uploads\/2025\/05\/%E6%9C%AA%E6%A0%87%E9%A2%98-1_03-1.jpg\" alt=\"\" width=\"1200\" height=\"1626\"> <img loading=\"lazy\" decoding=\"async\" class=\"alignnone size-full wp-image-5165\" src=\"https:\/\/xinshengmanufacture.com\/wp-content\/uploads\/2025\/05\/%E6%9C%AA%E6%A0%87%E9%A2%98-1_04-1.jpg\" alt=\"\" width=\"1200\" height=\"1777\"> <img loading=\"lazy\" decoding=\"async\" class=\"alignundefined wp-image-5166\" src=\"https:\/\/xinshengmanufacture.com\/wp-content\/uploads\/2025\/05\/%E6%9C%AA%E6%A0%87%E9%A2%98-1_05-1-scaled.jpg\" alt=\"\" width=\"1200\" height=\"2863\"> <img loading=\"lazy\" decoding=\"async\" class=\"alignnone size-full wp-image-5167\" src=\"https:\/\/xinshengmanufacture.com\/wp-content\/uploads\/2025\/05\/%E6%9C%AA%E6%A0%87%E9%A2%98-1_06-1.jpg\" alt=\"\" width=\"1200\" height=\"1895\"> <img loading=\"lazy\" decoding=\"async\" class=\"alignnone size-full wp-image-5168\" src=\"https:\/\/xinshengmanufacture.com\/wp-content\/uploads\/2025\/05\/%E6%9C%AA%E6%A0%87%E9%A2%98-1_07-1.jpg\" alt=\"\" width=\"1200\" height=\"1878\"> <img loading=\"lazy\" decoding=\"async\" class=\"alignnone size-full wp-image-5169\" src=\"https:\/\/xinshengmanufacture.com\/wp-content\/uploads\/2025\/05\/%E6%9C%AA%E6%A0%87%E9%A2%98-1_08-1.jpg\" alt=\"\" width=\"1200\" height=\"1878\"> <img loading=\"lazy\" decoding=\"async\" class=\"alignnone size-full wp-image-5170\" src=\"https:\/\/xinshengmanufacture.com\/wp-content\/uploads\/2025\/05\/%E6%9C%AA%E6%A0%87%E9%A2%98-1_09-1.jpg\" alt=\"\" width=\"1200\" height=\"1875\"> <img loading=\"lazy\" decoding=\"async\" class=\"alignnone size-full wp-image-5171\" src=\"https:\/\/xinshengmanufacture.com\/wp-content\/uploads\/2025\/05\/%E6%9C%AA%E6%A0%87%E9%A2%98-1_10-1.jpg\" alt=\"\" width=\"1200\" height=\"1883\"> <img loading=\"lazy\" decoding=\"async\" class=\"alignnone size-full wp-image-5172\" src=\"https:\/\/xinshengmanufacture.com\/wp-content\/uploads\/2025\/05\/%E6%9C%AA%E6%A0%87%E9%A2%98-1_11-1.jpg\" alt=\"\" width=\"1200\" height=\"2557\"> <img loading=\"lazy\" decoding=\"async\" class=\"alignnone size-full wp-image-5173\" src=\"https:\/\/xinshengmanufacture.com\/wp-content\/uploads\/2025\/05\/%E6%9C%AA%E6%A0%87%E9%A2%98-1_12-1.jpg\" alt=\"\" width=\"1200\" height=\"2257\"><\/p>\n","protected":false},"excerpt":{"rendered":"<p>Das multi-motorisch gesteuerte verstellbare Sch\u00f6nheitsbett kann in Salons, Sch\u00f6nheitszentren, Massagezentren, Spa-Zentren usw. eingesetzt werden.<\/p>\n","protected":false},"featured_media":47712,"template":"","meta":{"_bst_post_transparent":"","_bst_post_title":"","_bst_post_layout":"","_bst_post_sidebar_id":"","_bst_post_content_style":"","_bst_post_vertical_padding":"","_bst_post_feature":"","_bst_post_feature_position":"","_bst_post_header":false,"_bst_post_footer":false},"product_brand":[1084],"product_cat":[857],"product_tag":[],"class_list":{"0":"post-47707","1":"product","2":"type-product","3":"status-publish","4":"has-post-thumbnail","6":"product_brand-xinsheng-de","7":"product_cat-schonheitsbett","8":"pa_color-benutzerdefinierte-farben","9":"pa_color-rosa-de","11":"first","12":"instock","13":"sale","14":"shipping-taxable","15":"purchasable","16":"product-type-variable","17":"entry","18":"content-bg","19":"loop-entry"},"_links":{"self":[{"href":"https:\/\/xinshengmanufacture.com\/de\/wp-json\/wp\/v2\/product\/47707","targetHints":{"allow":["GET"]}}],"collection":[{"href":"https:\/\/xinshengmanufacture.com\/de\/wp-json\/wp\/v2\/product"}],"about":[{"href":"https:\/\/xinshengmanufacture.com\/de\/wp-json\/wp\/v2\/types\/product"}],"version-history":[{"count":1,"href":"https:\/\/xinshengmanufacture.com\/de\/wp-json\/wp\/v2\/product\/47707\/revisions"}],"predecessor-version":[{"id":47745,"href":"https:\/\/xinshengmanufacture.com\/de\/wp-json\/wp\/v2\/product\/47707\/revisions\/47745"}],"wp:featuredmedia":[{"embeddable":true,"href":"https:\/\/xinshengmanufacture.com\/de\/wp-json\/wp\/v2\/media\/47712"}],"wp:attachment":[{"href":"https:\/\/xinshengmanufacture.com\/de\/wp-json\/wp\/v2\/media?parent=47707"}],"wp:term":[{"taxonomy":"product_brand","embeddable":true,"href":"https:\/\/xinshengmanufacture.com\/de\/wp-json\/wp\/v2\/product_brand?post=47707"},{"taxonomy":"product_cat","embeddable":true,"href":"https:\/\/xinshengmanufacture.com\/de\/wp-json\/wp\/v2\/product_cat?post=47707"},{"taxonomy":"product_tag","embeddable":true,"href":"https:\/\/xinshengmanufacture.com\/de\/wp-json\/wp\/v2\/product_tag?post=47707"}],"curies":[{"name":"wp","href":"https:\/\/api.w.org\/{rel}","templated":true}]}}