{"id":48322,"date":"2025-05-17T07:33:26","date_gmt":"2025-05-17T07:33:26","guid":{"rendered":"https:\/\/xinshengmanufacture.com\/product\/thai-style-shampoo-bed-high-quality-simple-fashion-massage-bed-salon-hair-furniture-beauty-salon-massage-bed-spa-center-equipment-shampoo-bed-foot-bath-center-equipment\/"},"modified":"2025-08-26T08:01:13","modified_gmt":"2025-08-26T08:01:13","slug":"thai-style-shampoo-bed-high-quality-simple-fashion-massage-bed-salon-hair-furniture-beauty-salon-massage-bed-spa-center-equipment-shampoo-bed-foot-bath-center-equipment","status":"publish","type":"product","link":"https:\/\/xinshengmanufacture.com\/de\/product\/thai-style-shampoo-bed-high-quality-simple-fashion-massage-bed-salon-hair-furniture-beauty-salon-massage-bed-spa-center-equipment-shampoo-bed-foot-bath-center-equipment\/","title":{"rendered":"Thai style shampoo bed high quality simple fashion massage bed salon hair furniture beauty salon massage bed spa center equipment shampoo bed foot bath center equipment"},"content":{"rendered":"<div class=\"wp-playlist wp-video-playlist wp-playlist-light\">\n\t\t<video controls=\"controls\" preload=\"none\" width=\"1408\"\n\t\t height=\"2503\"\t><\/video>\n\t<div class=\"wp-playlist-next\"><\/div>\n\t<div class=\"wp-playlist-prev\"><\/div>\n\t<noscript>\n\t<ol>\n\t\t<li><a href='https:\/\/xinshengmanufacture.com\/wp-content\/uploads\/2025\/05\/5\u670817\u65e5-3.mp4'>5\u670817\u65e5 (3)<\/a><\/li>\t<\/ol>\n\t<\/noscript>\n\t<script type=\"application\/json\" class=\"wp-playlist-script\">{\"type\":\"video\",\"tracklist\":false,\"tracknumbers\":true,\"images\":false,\"artists\":true,\"tracks\":[{\"src\":\"https:\/\/xinshengmanufacture.com\/wp-content\/uploads\/2025\/05\/5\\u670817\\u65e5-3.mp4\",\"type\":\"video\/mp4\",\"title\":\"5\\u670817\\u65e5 (3)\",\"caption\":\"\",\"description\":\"\",\"meta\":{\"length_formatted\":\"0:43\"},\"dimensions\":{\"original\":{\"width\":1080,\"height\":1920},\"resized\":{\"width\":1408,\"height\":2503}},\"image\":{\"src\":\"https:\/\/xinshengmanufacture.com\/wp-includes\/images\/media\/video.svg\",\"width\":48,\"height\":64},\"thumb\":{\"src\":\"https:\/\/xinshengmanufacture.com\/wp-includes\/images\/media\/video.svg\",\"width\":48,\"height\":64}}]}<\/script>\n<\/div>\n\t\n<p style=\"text-align: center;\"><img fetchpriority=\"high\" decoding=\"async\" class=\"alignnone size-full wp-image-4976 aligncenter\" src=\"https:\/\/xinshengmanufacture.com\/wp-content\/uploads\/2025\/05\/%E8%B6%85%E5%B7%A5%E5%AE%9A%E5%88%B6%E8%8B%B1%E6%96%87_011-2.jpg\" alt=\"\" width=\"1200\" height=\"1857\"><img decoding=\"async\" class=\"size-full wp-image-4977 aligncenter\" src=\"https:\/\/xinshengmanufacture.com\/wp-content\/uploads\/2025\/05\/%E8%B6%85%E5%B7%A5%E5%AE%9A%E5%88%B6%E8%8B%B1%E6%96%87_021-2.jpg\" alt=\"\" width=\"1200\" height=\"1054\"><img decoding=\"async\" class=\"size-full wp-image-4978 aligncenter\" src=\"https:\/\/xinshengmanufacture.com\/wp-content\/uploads\/2025\/05\/%E8%B6%85%E5%B7%A5%E5%AE%9A%E5%88%B6%E8%8B%B1%E6%96%87_031-2.jpg\" alt=\"\" width=\"1200\" height=\"1563\"><img loading=\"lazy\" decoding=\"async\" class=\"size-full wp-image-4979 aligncenter\" src=\"https:\/\/xinshengmanufacture.com\/wp-content\/uploads\/2025\/05\/%E8%B6%85%E5%B7%A5%E5%AE%9A%E5%88%B6%E8%8B%B1%E6%96%87_041-2.jpg\" alt=\"\" width=\"1200\" height=\"1755\"><img loading=\"lazy\" decoding=\"async\" class=\"alignnone size-full wp-image-4980 aligncenter\" src=\"https:\/\/xinshengmanufacture.com\/wp-content\/uploads\/2025\/05\/%E8%B6%85%E5%B7%A5%E5%AE%9A%E5%88%B6%E8%8B%B1%E6%96%87_051-2.jpg\" alt=\"\" width=\"1200\" height=\"2257\"><img loading=\"lazy\" decoding=\"async\" class=\"alignnone size-full wp-image-5119\" src=\"https:\/\/xinshengmanufacture.com\/wp-content\/uploads\/2025\/05\/%E6%9C%AA%E6%A0%87%E9%A2%98-1_01.jpg\" alt=\"\" width=\"1200\" height=\"1821\"> <img loading=\"lazy\" decoding=\"async\" class=\"alignnone size-full wp-image-5120\" src=\"https:\/\/xinshengmanufacture.com\/wp-content\/uploads\/2025\/05\/%E6%9C%AA%E6%A0%87%E9%A2%98-1_02.jpg\" alt=\"\" width=\"1200\" height=\"1423\"> <img loading=\"lazy\" decoding=\"async\" class=\"alignnone size-full wp-image-5121\" src=\"https:\/\/xinshengmanufacture.com\/wp-content\/uploads\/2025\/05\/%E6%9C%AA%E6%A0%87%E9%A2%98-1_03.jpg\" alt=\"\" width=\"790\" height=\"990\"> <img loading=\"lazy\" decoding=\"async\" class=\"alignnone size-full wp-image-5122\" src=\"https:\/\/xinshengmanufacture.com\/wp-content\/uploads\/2025\/05\/%E6%9C%AA%E6%A0%87%E9%A2%98-1_04.jpg\" alt=\"\" width=\"1200\" height=\"1462\"> <img loading=\"lazy\" decoding=\"async\" class=\"alignnone size-full wp-image-5123\" src=\"https:\/\/xinshengmanufacture.com\/wp-content\/uploads\/2025\/05\/%E6%9C%AA%E6%A0%87%E9%A2%98-1_05.jpg\" alt=\"\" width=\"1200\" height=\"1670\"> <img loading=\"lazy\" decoding=\"async\" class=\"alignnone size-full wp-image-5124\" src=\"https:\/\/xinshengmanufacture.com\/wp-content\/uploads\/2025\/05\/%E6%9C%AA%E6%A0%87%E9%A2%98-1_06.jpg\" alt=\"\" width=\"1200\" height=\"1792\"> <img loading=\"lazy\" decoding=\"async\" class=\"alignnone size-full wp-image-5125\" src=\"https:\/\/xinshengmanufacture.com\/wp-content\/uploads\/2025\/05\/%E6%9C%AA%E6%A0%87%E9%A2%98-1_07.jpg\" alt=\"\" width=\"1200\" height=\"2346\"> <img loading=\"lazy\" decoding=\"async\" class=\"alignnone size-full wp-image-5126\" src=\"https:\/\/xinshengmanufacture.com\/wp-content\/uploads\/2025\/05\/%E6%9C%AA%E6%A0%87%E9%A2%98-1_08.jpg\" alt=\"\" width=\"1200\" height=\"1476\"> <img loading=\"lazy\" decoding=\"async\" class=\"alignnone size-full wp-image-5127\" src=\"https:\/\/xinshengmanufacture.com\/wp-content\/uploads\/2025\/05\/%E6%9C%AA%E6%A0%87%E9%A2%98-1_09.jpg\" alt=\"\" width=\"1200\" height=\"1076\"> <img loading=\"lazy\" decoding=\"async\" class=\"alignnone size-full wp-image-5128\" src=\"https:\/\/xinshengmanufacture.com\/wp-content\/uploads\/2025\/05\/%E6%9C%AA%E6%A0%87%E9%A2%98-1_10.jpg\" alt=\"\" width=\"1200\" height=\"1575\"> <img loading=\"lazy\" decoding=\"async\" class=\"alignnone size-full wp-image-5129\" src=\"https:\/\/xinshengmanufacture.com\/wp-content\/uploads\/2025\/05\/%E6%9C%AA%E6%A0%87%E9%A2%98-1_11.jpg\" alt=\"\" width=\"1200\" height=\"1453\"> <img loading=\"lazy\" decoding=\"async\" class=\"alignnone size-full wp-image-5130\" src=\"https:\/\/xinshengmanufacture.com\/wp-content\/uploads\/2025\/05\/%E6%9C%AA%E6%A0%87%E9%A2%98-1_12.jpg\" alt=\"\" width=\"1200\" height=\"1426\"> <img loading=\"lazy\" decoding=\"async\" class=\"alignnone size-full wp-image-5131\" src=\"https:\/\/xinshengmanufacture.com\/wp-content\/uploads\/2025\/05\/%E6%9C%AA%E6%A0%87%E9%A2%98-1_13.jpg\" alt=\"\" width=\"1200\" height=\"1342\"><\/p>\n<div id=\"gtx-trans\" style=\"position: absolute; left: 666px; top: 33px;\">\n<div class=\"gtx-trans-icon\"><\/div>\n<\/div>\n","protected":false},"excerpt":{"rendered":"<p>Das thail\u00e4ndische Shampoobett kann in Friseursalons, Fu\u00dfmassagezentren, Spa-Zentren, Sch\u00f6nheitszentren usw. verwendet werden.<\/p>\n","protected":false},"featured_media":48331,"template":"","meta":{"_bst_post_transparent":"","_bst_post_title":"","_bst_post_layout":"","_bst_post_sidebar_id":"","_bst_post_content_style":"","_bst_post_vertical_padding":"","_bst_post_feature":"","_bst_post_feature_position":"","_bst_post_header":false,"_bst_post_footer":false},"product_brand":[1084],"product_cat":[570],"product_tag":[],"class_list":{"0":"post-48322","1":"product","2":"type-product","3":"status-publish","4":"has-post-thumbnail","6":"product_brand-xinsheng-de","7":"product_cat-thai-shampoo-bett","8":"pa_color-benutzerdefinierte-farben","9":"pa_color-blau","10":"pa_color-gray-de","11":"pa_color-grun","12":"pa_color-schwarz","13":"pa_size-2006565cm-de","15":"first","16":"instock","17":"sale","18":"shipping-taxable","19":"purchasable","20":"product-type-variable","21":"entry","22":"content-bg","23":"loop-entry"},"_links":{"self":[{"href":"https:\/\/xinshengmanufacture.com\/de\/wp-json\/wp\/v2\/product\/48322","targetHints":{"allow":["GET"]}}],"collection":[{"href":"https:\/\/xinshengmanufacture.com\/de\/wp-json\/wp\/v2\/product"}],"about":[{"href":"https:\/\/xinshengmanufacture.com\/de\/wp-json\/wp\/v2\/types\/product"}],"version-history":[{"count":1,"href":"https:\/\/xinshengmanufacture.com\/de\/wp-json\/wp\/v2\/product\/48322\/revisions"}],"predecessor-version":[{"id":48364,"href":"https:\/\/xinshengmanufacture.com\/de\/wp-json\/wp\/v2\/product\/48322\/revisions\/48364"}],"wp:featuredmedia":[{"embeddable":true,"href":"https:\/\/xinshengmanufacture.com\/de\/wp-json\/wp\/v2\/media\/48331"}],"wp:attachment":[{"href":"https:\/\/xinshengmanufacture.com\/de\/wp-json\/wp\/v2\/media?parent=48322"}],"wp:term":[{"taxonomy":"product_brand","embeddable":true,"href":"https:\/\/xinshengmanufacture.com\/de\/wp-json\/wp\/v2\/product_brand?post=48322"},{"taxonomy":"product_cat","embeddable":true,"href":"https:\/\/xinshengmanufacture.com\/de\/wp-json\/wp\/v2\/product_cat?post=48322"},{"taxonomy":"product_tag","embeddable":true,"href":"https:\/\/xinshengmanufacture.com\/de\/wp-json\/wp\/v2\/product_tag?post=48322"}],"curies":[{"name":"wp","href":"https:\/\/api.w.org\/{rel}","templated":true}]}}