{"id":77114,"date":"2025-09-13T08:51:05","date_gmt":"2025-09-13T08:51:05","guid":{"rendered":"https:\/\/xinshengmanufacture.com\/product\/multifunktionaler-fussbad-pedikuerestuhl-mit-massagefunktion-salonmoebel-ausstattung-fussmassagezentrum-fussbadestuhl-spa-kopfmassagezentrum-fussbad-ausstattung-salonmoebel-hersteller\/"},"modified":"2025-09-13T08:51:05","modified_gmt":"2025-09-13T08:51:05","slug":"multifunktionaler-fussbad-pedikuerestuhl-mit-massagefunktion-salonmoebel-ausstattung-fussmassagezentrum-fussbadestuhl-spa-kopfmassagezentrum-fussbad-ausstattung-salonmoebel-hersteller","status":"publish","type":"product","link":"https:\/\/xinshengmanufacture.com\/de\/product\/multifunktionaler-fussbad-pedikuerestuhl-mit-massagefunktion-salonmoebel-ausstattung-fussmassagezentrum-fussbadestuhl-spa-kopfmassagezentrum-fussbad-ausstattung-salonmoebel-hersteller\/","title":{"rendered":"Multifunktionaler Fu\u00dfbad-Pedik\u00fcrestuhl mit Massagefunktion Salonm\u00f6bel Ausstattung Fu\u00dfmassagezentrum Fu\u00dfbadestuhl Spa Kopfmassagezentrum Fu\u00dfbad Ausstattung Salonm\u00f6bel Hersteller"},"content":{"rendered":"<p><img fetchpriority=\"high\" decoding=\"async\" class=\"alignnone size-full wp-image-75522 aligncenter\" src=\"https:\/\/xinshengmanufacture.com\/wp-content\/uploads\/2025\/09\/%E8%B6%85%E5%B7%A5%E5%AE%9A%E5%88%B6%E8%8B%B1%E6%96%87_011.jpg\" alt=\"\" width=\"1200\" height=\"1857\"><img decoding=\"async\" class=\"alignnone size-full wp-image-75534 aligncenter\" src=\"https:\/\/xinshengmanufacture.com\/wp-content\/uploads\/2025\/09\/%E8%B6%85%E5%B7%A5%E5%AE%9A%E5%88%B6%E8%8B%B1%E6%96%87_021.jpg\" alt=\"\" width=\"1200\" height=\"1054\"><img decoding=\"async\" class=\"alignnone size-full wp-image-75546 aligncenter\" src=\"https:\/\/xinshengmanufacture.com\/wp-content\/uploads\/2025\/09\/%E8%B6%85%E5%B7%A5%E5%AE%9A%E5%88%B6%E8%8B%B1%E6%96%87_031.jpg\" alt=\"\" width=\"1200\" height=\"1563\"><img loading=\"lazy\" decoding=\"async\" class=\"alignnone size-full wp-image-75558 aligncenter\" src=\"https:\/\/xinshengmanufacture.com\/wp-content\/uploads\/2025\/09\/%E8%B6%85%E5%B7%A5%E5%AE%9A%E5%88%B6%E8%8B%B1%E6%96%87_041.jpg\" alt=\"\" width=\"1200\" height=\"1755\"><img loading=\"lazy\" decoding=\"async\" class=\"alignnone size-full wp-image-75570 aligncenter\" src=\"https:\/\/xinshengmanufacture.com\/wp-content\/uploads\/2025\/09\/%E8%B6%85%E5%B7%A5%E5%AE%9A%E5%88%B6%E8%8B%B1%E6%96%87_051.jpg\" alt=\"\" width=\"1200\" height=\"2257\"><img loading=\"lazy\" decoding=\"async\" class=\"size-full wp-image-76827 aligncenter\" src=\"https:\/\/xinshengmanufacture.com\/wp-content\/uploads\/2025\/09\/%E8%AF%A6%E6%83%85%E9%A1%B5_01.jpg\" alt=\"\" width=\"1200\" height=\"1781\"> <img loading=\"lazy\" decoding=\"async\" class=\"size-full wp-image-76839 aligncenter\" src=\"https:\/\/xinshengmanufacture.com\/wp-content\/uploads\/2025\/09\/%E8%AF%A6%E6%83%85%E9%A1%B5_02.jpg\" alt=\"\" width=\"1200\" height=\"1417\"> <img loading=\"lazy\" decoding=\"async\" class=\"aligncenter wp-image-76851\" src=\"https:\/\/xinshengmanufacture.com\/wp-content\/uploads\/2025\/09\/%E8%AF%A6%E6%83%85%E9%A1%B5_03.jpg\" alt=\"\" width=\"1200\" height=\"3394\"> <img loading=\"lazy\" decoding=\"async\" class=\"aligncenter wp-image-76863\" src=\"https:\/\/xinshengmanufacture.com\/wp-content\/uploads\/2025\/09\/%E8%AF%A6%E6%83%85%E9%A1%B5_04.jpg\" alt=\"\" width=\"1200\" height=\"3391\"> <img loading=\"lazy\" decoding=\"async\" class=\"aligncenter wp-image-76875\" src=\"https:\/\/xinshengmanufacture.com\/wp-content\/uploads\/2025\/09\/%E8%AF%A6%E6%83%85%E9%A1%B5_05.jpg\" alt=\"\" width=\"1200\" height=\"3429\"> <img loading=\"lazy\" decoding=\"async\" class=\"size-full wp-image-76887 aligncenter\" src=\"https:\/\/xinshengmanufacture.com\/wp-content\/uploads\/2025\/09\/%E8%AF%A6%E6%83%85%E9%A1%B5_06.jpg\" alt=\"\" width=\"1200\" height=\"2548\"> <img loading=\"lazy\" decoding=\"async\" class=\"aligncenter wp-image-76899\" src=\"https:\/\/xinshengmanufacture.com\/wp-content\/uploads\/2025\/09\/%E8%AF%A6%E6%83%85%E9%A1%B5_07.jpg\" alt=\"\" width=\"1200\" height=\"2898\"> <img loading=\"lazy\" decoding=\"async\" class=\"size-full wp-image-76911 aligncenter\" src=\"https:\/\/xinshengmanufacture.com\/wp-content\/uploads\/2025\/09\/%E8%AF%A6%E6%83%85%E9%A1%B5_08.jpg\" alt=\"\" width=\"1200\" height=\"2460\"><\/p>\n","protected":false},"excerpt":{"rendered":"<p>Der multifunktionale intelligente Massage-Pedik\u00fcre-Stuhl kann in Friseursalons, Spa-Zentren, Massagezentren, Fu\u00dfb\u00e4dern usw. eingesetzt werden.<\/p>\n","protected":false},"featured_media":76974,"template":"","meta":{"_bst_post_transparent":"","_bst_post_title":"","_bst_post_layout":"","_bst_post_sidebar_id":"","_bst_post_content_style":"","_bst_post_vertical_padding":"","_bst_post_feature":"","_bst_post_feature_position":"","_bst_post_header":false,"_bst_post_footer":false},"product_brand":[1084],"product_cat":[815],"product_tag":[],"class_list":{"0":"post-77114","1":"product","2":"type-product","3":"status-publish","4":"has-post-thumbnail","6":"product_brand-xinsheng-de","7":"product_cat-fusbad-pedikurestuhl","8":"pa_color-benutzerdefinierte-farben","9":"pa_color-gray-de","10":"pa_size-150cm82cm134cm-de","12":"first","13":"instock","14":"sale","15":"shipping-taxable","16":"purchasable","17":"product-type-variable","18":"entry","19":"content-bg","20":"loop-entry"},"_links":{"self":[{"href":"https:\/\/xinshengmanufacture.com\/de\/wp-json\/wp\/v2\/product\/77114","targetHints":{"allow":["GET"]}}],"collection":[{"href":"https:\/\/xinshengmanufacture.com\/de\/wp-json\/wp\/v2\/product"}],"about":[{"href":"https:\/\/xinshengmanufacture.com\/de\/wp-json\/wp\/v2\/types\/product"}],"version-history":[{"count":0,"href":"https:\/\/xinshengmanufacture.com\/de\/wp-json\/wp\/v2\/product\/77114\/revisions"}],"wp:featuredmedia":[{"embeddable":true,"href":"https:\/\/xinshengmanufacture.com\/de\/wp-json\/wp\/v2\/media\/76974"}],"wp:attachment":[{"href":"https:\/\/xinshengmanufacture.com\/de\/wp-json\/wp\/v2\/media?parent=77114"}],"wp:term":[{"taxonomy":"product_brand","embeddable":true,"href":"https:\/\/xinshengmanufacture.com\/de\/wp-json\/wp\/v2\/product_brand?post=77114"},{"taxonomy":"product_cat","embeddable":true,"href":"https:\/\/xinshengmanufacture.com\/de\/wp-json\/wp\/v2\/product_cat?post=77114"},{"taxonomy":"product_tag","embeddable":true,"href":"https:\/\/xinshengmanufacture.com\/de\/wp-json\/wp\/v2\/product_tag?post=77114"}],"curies":[{"name":"wp","href":"https:\/\/api.w.org\/{rel}","templated":true}]}}