{"id":80883,"date":"2025-10-16T08:48:10","date_gmt":"2025-10-16T08:48:10","guid":{"rendered":"https:\/\/xinshengmanufacture.com\/\u4ea7\u54c1\/sofa-fussbad-pedikuere-stuhl-mit-massagefunktion-salonmoebel-ausstattung-stilvoll-und-praktisch-spa-center-massagestuhl-schoenheit-manikuere-sofa-stuhl-salonmoebel-hersteller\/"},"modified":"2025-10-16T08:48:10","modified_gmt":"2025-10-16T08:48:10","slug":"sofa-fussbad-pedikuere-stuhl-mit-massagefunktion-salonmoebel-ausstattung-stilvoll-und-praktisch-spa-center-massagestuhl-schoenheit-manikuere-sofa-stuhl-salonmoebel-hersteller","status":"publish","type":"product","link":"https:\/\/xinshengmanufacture.com\/de\/product\/sofa-fussbad-pedikuere-stuhl-mit-massagefunktion-salonmoebel-ausstattung-stilvoll-und-praktisch-spa-center-massagestuhl-schoenheit-manikuere-sofa-stuhl-salonmoebel-hersteller\/","title":{"rendered":"Sofa Fu\u00dfbad Pedik\u00fcre Stuhl mit Massagefunktion Salonm\u00f6bel Ausstattung stilvoll und praktisch Spa Center Massagestuhl Sch\u00f6nheit Manik\u00fcre Sofa Stuhl Salonm\u00f6bel Hersteller"},"content":{"rendered":"<div class=\"wp-playlist wp-video-playlist wp-playlist-light\">\n\t\t<video controls=\"controls\" preload=\"none\" width=\"1408\"\n\t\t height=\"2503\"\t><\/video>\n\t<div class=\"wp-playlist-next\"><\/div>\n\t<div class=\"wp-playlist-prev\"><\/div>\n\t<noscript>\n\t<ol>\n\t\t<li><a href='https:\/\/xinshengmanufacture.com\/wp-content\/uploads\/2025\/10\/\u53d122.mp4'>\u53d122<\/a><\/li>\t<\/ol>\n\t<\/noscript>\n\t<script type=\"application\/json\" class=\"wp-playlist-script\">{\"type\":\"video\",\"tracklist\":false,\"tracknumbers\":true,\"images\":true,\"artists\":true,\"tracks\":[{\"src\":\"https:\/\/xinshengmanufacture.com\/wp-content\/uploads\/2025\/10\/\\u53d122.mp4\",\"type\":\"video\/mp4\",\"title\":\"\\u53d122\",\"caption\":\"\",\"description\":\"\",\"meta\":{\"length_formatted\":\"0:45\"},\"dimensions\":{\"original\":{\"width\":1080,\"height\":1920},\"resized\":{\"width\":1408,\"height\":2503}},\"image\":{\"src\":\"https:\/\/xinshengmanufacture.com\/wp-includes\/images\/media\/video.svg\",\"width\":48,\"height\":64},\"thumb\":{\"src\":\"https:\/\/xinshengmanufacture.com\/wp-includes\/images\/media\/video.svg\",\"width\":48,\"height\":64}}]}<\/script>\n<\/div>\n\t\n<p style=\"text-align: center;\"><img fetchpriority=\"high\" decoding=\"async\" class=\"size-full wp-image-78585 aligncenter\" src=\"https:\/\/xinshengmanufacture.com\/wp-content\/uploads\/2025\/10\/%E8%B6%85%E5%B7%A5%E5%AE%9A%E5%88%B6%E8%8B%B1%E6%96%87_011.jpg\" alt=\"\" width=\"1200\" height=\"1857\"><img decoding=\"async\" class=\"size-full wp-image-78597 aligncenter\" src=\"https:\/\/xinshengmanufacture.com\/wp-content\/uploads\/2025\/10\/%E8%B6%85%E5%B7%A5%E5%AE%9A%E5%88%B6%E8%8B%B1%E6%96%87_021.jpg\" alt=\"\" width=\"1200\" height=\"1054\"><img decoding=\"async\" class=\"size-full wp-image-78609 aligncenter\" src=\"https:\/\/xinshengmanufacture.com\/wp-content\/uploads\/2025\/10\/%E8%B6%85%E5%B7%A5%E5%AE%9A%E5%88%B6%E8%8B%B1%E6%96%87_031.jpg\" alt=\"\" width=\"1200\" height=\"1563\"><img loading=\"lazy\" decoding=\"async\" class=\"size-full wp-image-78621 aligncenter\" src=\"https:\/\/xinshengmanufacture.com\/wp-content\/uploads\/2025\/10\/%E8%B6%85%E5%B7%A5%E5%AE%9A%E5%88%B6%E8%8B%B1%E6%96%87_041.jpg\" alt=\"\" width=\"1200\" height=\"1755\"><img loading=\"lazy\" decoding=\"async\" class=\"size-full wp-image-78633 aligncenter\" src=\"https:\/\/xinshengmanufacture.com\/wp-content\/uploads\/2025\/10\/%E8%B6%85%E5%B7%A5%E5%AE%9A%E5%88%B6%E8%8B%B1%E6%96%87_051.jpg\" alt=\"\" width=\"1200\" height=\"2257\"><img loading=\"lazy\" decoding=\"async\" class=\"size-full wp-image-80585 aligncenter\" src=\"https:\/\/xinshengmanufacture.com\/wp-content\/uploads\/2025\/10\/%E5%9B%BD%E5%A4%96-%E6%8B%B7%E8%B4%9D_01-1.jpg\" alt=\"\" width=\"1200\" height=\"2235\"> <img loading=\"lazy\" decoding=\"async\" class=\"size-full wp-image-80597 aligncenter\" src=\"https:\/\/xinshengmanufacture.com\/wp-content\/uploads\/2025\/10\/%E5%9B%BD%E5%A4%96-%E6%8B%B7%E8%B4%9D_02-1.jpg\" alt=\"\" width=\"1200\" height=\"2115\"> <img loading=\"lazy\" decoding=\"async\" class=\"size-full wp-image-80609 aligncenter\" src=\"https:\/\/xinshengmanufacture.com\/wp-content\/uploads\/2025\/10\/%E5%9B%BD%E5%A4%96-%E6%8B%B7%E8%B4%9D_03.jpg\" alt=\"\" width=\"1200\" height=\"1836\"> <img loading=\"lazy\" decoding=\"async\" class=\"size-full wp-image-80621 aligncenter\" src=\"https:\/\/xinshengmanufacture.com\/wp-content\/uploads\/2025\/10\/%E5%9B%BD%E5%A4%96-%E6%8B%B7%E8%B4%9D_04-1.jpg\" alt=\"\" width=\"1200\" height=\"2075\"> <img loading=\"lazy\" decoding=\"async\" class=\"aligncenter wp-image-80633\" src=\"https:\/\/xinshengmanufacture.com\/wp-content\/uploads\/2025\/10\/%E5%9B%BD%E5%A4%96-%E6%8B%B7%E8%B4%9D_05-1.jpg\" alt=\"\" width=\"1200\" height=\"2648\"> <img loading=\"lazy\" decoding=\"async\" class=\"size-full wp-image-80645 aligncenter\" src=\"https:\/\/xinshengmanufacture.com\/wp-content\/uploads\/2025\/10\/%E5%9B%BD%E5%A4%96-%E6%8B%B7%E8%B4%9D_06-1.jpg\" alt=\"\" width=\"1200\" height=\"2082\"> <img loading=\"lazy\" decoding=\"async\" class=\"size-full wp-image-80657 aligncenter\" src=\"https:\/\/xinshengmanufacture.com\/wp-content\/uploads\/2025\/10\/%E5%9B%BD%E5%A4%96-%E6%8B%B7%E8%B4%9D_07-1.jpg\" alt=\"\" width=\"1200\" height=\"2124\"> <img loading=\"lazy\" decoding=\"async\" class=\"size-full wp-image-80669 aligncenter\" src=\"https:\/\/xinshengmanufacture.com\/wp-content\/uploads\/2025\/10\/%E5%9B%BD%E5%A4%96-%E6%8B%B7%E8%B4%9D_08-1.jpg\" alt=\"\" width=\"1200\" height=\"2014\"> <img loading=\"lazy\" decoding=\"async\" class=\"size-full wp-image-80681 aligncenter\" src=\"https:\/\/xinshengmanufacture.com\/wp-content\/uploads\/2025\/10\/%E5%9B%BD%E5%A4%96-%E6%8B%B7%E8%B4%9D_09-1.jpg\" alt=\"\" width=\"1200\" height=\"2365\"> <img loading=\"lazy\" decoding=\"async\" class=\"aligncenter wp-image-80693\" src=\"https:\/\/xinshengmanufacture.com\/wp-content\/uploads\/2025\/10\/%E5%9B%BD%E5%A4%96-%E6%8B%B7%E8%B4%9D_10-1.jpg\" alt=\"\" width=\"1200\" height=\"2816\"> <img loading=\"lazy\" decoding=\"async\" class=\"size-full wp-image-80705 aligncenter\" src=\"https:\/\/xinshengmanufacture.com\/wp-content\/uploads\/2025\/10\/%E5%9B%BD%E5%A4%96-%E6%8B%B7%E8%B4%9D_11-1.jpg\" alt=\"\" width=\"1200\" height=\"2432\"><\/p>\n","protected":false},"excerpt":{"rendered":"<p>Hochwertiges und praktisches Fu\u00dfbadsofa f\u00fcr Friseursalons, Massagezentren, Sch\u00f6nheitssalons, Spa-Zentren usw. Unterst\u00fctzt individuelle Farben<\/p>\n","protected":false},"featured_media":80792,"template":"","meta":{"_bst_post_transparent":"","_bst_post_title":"","_bst_post_layout":"","_bst_post_sidebar_id":"","_bst_post_content_style":"","_bst_post_vertical_padding":"","_bst_post_feature":"","_bst_post_feature_position":"","_bst_post_header":false,"_bst_post_footer":false},"product_brand":[1084],"product_cat":[815],"product_tag":[],"class_list":{"0":"post-80883","1":"product","2":"type-product","3":"status-publish","4":"has-post-thumbnail","6":"product_brand-xinsheng-de","7":"product_cat-fusbad-pedikurestuhl","8":"pa_color-aprikose","9":"pa_color-benutzerdefinierte-farben","10":"pa_size-9014287cm-de","12":"first","13":"instock","14":"sale","15":"shipping-taxable","16":"purchasable","17":"product-type-variable","18":"entry","19":"content-bg","20":"loop-entry"},"_links":{"self":[{"href":"https:\/\/xinshengmanufacture.com\/de\/wp-json\/wp\/v2\/product\/80883","targetHints":{"allow":["GET"]}}],"collection":[{"href":"https:\/\/xinshengmanufacture.com\/de\/wp-json\/wp\/v2\/product"}],"about":[{"href":"https:\/\/xinshengmanufacture.com\/de\/wp-json\/wp\/v2\/types\/product"}],"version-history":[{"count":0,"href":"https:\/\/xinshengmanufacture.com\/de\/wp-json\/wp\/v2\/product\/80883\/revisions"}],"wp:featuredmedia":[{"embeddable":true,"href":"https:\/\/xinshengmanufacture.com\/de\/wp-json\/wp\/v2\/media\/80792"}],"wp:attachment":[{"href":"https:\/\/xinshengmanufacture.com\/de\/wp-json\/wp\/v2\/media?parent=80883"}],"wp:term":[{"taxonomy":"product_brand","embeddable":true,"href":"https:\/\/xinshengmanufacture.com\/de\/wp-json\/wp\/v2\/product_brand?post=80883"},{"taxonomy":"product_cat","embeddable":true,"href":"https:\/\/xinshengmanufacture.com\/de\/wp-json\/wp\/v2\/product_cat?post=80883"},{"taxonomy":"product_tag","embeddable":true,"href":"https:\/\/xinshengmanufacture.com\/de\/wp-json\/wp\/v2\/product_tag?post=80883"}],"curies":[{"name":"wp","href":"https:\/\/api.w.org\/{rel}","templated":true}]}}