{"id":81773,"date":"2025-10-17T07:07:28","date_gmt":"2025-10-17T07:07:28","guid":{"rendered":"https:\/\/xinshengmanufacture.com\/\u4ea7\u54c1\/high-end-mode-pedikuere-stuhl-mit-massagefunktion-salon-ausruestung-schoenheit-manikuere-fussbad-stuhl-spa-center-pedikuere-stuhl-multifunktionale-fussbad-pedikuere-stuhl-salon-moebel-hersteller\/"},"modified":"2025-10-17T07:07:28","modified_gmt":"2025-10-17T07:07:28","slug":"high-end-mode-pedikuere-stuhl-mit-massagefunktion-salon-ausruestung-schoenheit-manikuere-fussbad-stuhl-spa-center-pedikuere-stuhl-multifunktionale-fussbad-pedikuere-stuhl-salon-moebel-hersteller","status":"publish","type":"product","link":"https:\/\/xinshengmanufacture.com\/de\/product\/high-end-mode-pedikuere-stuhl-mit-massagefunktion-salon-ausruestung-schoenheit-manikuere-fussbad-stuhl-spa-center-pedikuere-stuhl-multifunktionale-fussbad-pedikuere-stuhl-salon-moebel-hersteller\/","title":{"rendered":"High-End Mode Pedik\u00fcre Stuhl mit Massagefunktion Salon Ausr\u00fcstung Sch\u00f6nheit Manik\u00fcre Fu\u00dfbad Stuhl Spa Center Pedik\u00fcre Stuhl multifunktionale Fu\u00dfbad Pedik\u00fcre Stuhl Salon M\u00f6bel Hersteller"},"content":{"rendered":"<div class=\"wp-playlist wp-video-playlist wp-playlist-light\">\n\t\t<video controls=\"controls\" preload=\"none\" width=\"1408\"\n\t\t height=\"2503\"\t><\/video>\n\t<div class=\"wp-playlist-next\"><\/div>\n\t<div class=\"wp-playlist-prev\"><\/div>\n\t<noscript>\n\t<ol>\n\t\t<li><a href='https:\/\/xinshengmanufacture.com\/wp-content\/uploads\/2025\/10\/7-8.mp4'>7<\/a><\/li>\t<\/ol>\n\t<\/noscript>\n\t<script type=\"application\/json\" class=\"wp-playlist-script\">{\"type\":\"video\",\"tracklist\":false,\"tracknumbers\":true,\"images\":true,\"artists\":true,\"tracks\":[{\"src\":\"https:\/\/xinshengmanufacture.com\/wp-content\/uploads\/2025\/10\/7-8.mp4\",\"type\":\"video\/mp4\",\"title\":\"7\",\"caption\":\"\",\"description\":\"\",\"meta\":{\"length_formatted\":\"0:45\"},\"dimensions\":{\"original\":{\"width\":1080,\"height\":1920},\"resized\":{\"width\":1408,\"height\":2503}},\"image\":{\"src\":\"https:\/\/xinshengmanufacture.com\/wp-includes\/images\/media\/video.svg\",\"width\":48,\"height\":64},\"thumb\":{\"src\":\"https:\/\/xinshengmanufacture.com\/wp-includes\/images\/media\/video.svg\",\"width\":48,\"height\":64}}]}<\/script>\n<\/div>\n\t\n<p style=\"text-align: center;\"><img fetchpriority=\"high\" decoding=\"async\" class=\"size-full wp-image-78585 aligncenter\" src=\"https:\/\/xinshengmanufacture.com\/wp-content\/uploads\/2025\/10\/%E8%B6%85%E5%B7%A5%E5%AE%9A%E5%88%B6%E8%8B%B1%E6%96%87_011.jpg\" alt=\"\" width=\"1200\" height=\"1857\"><img decoding=\"async\" class=\"size-full wp-image-78597 aligncenter\" src=\"https:\/\/xinshengmanufacture.com\/wp-content\/uploads\/2025\/10\/%E8%B6%85%E5%B7%A5%E5%AE%9A%E5%88%B6%E8%8B%B1%E6%96%87_021.jpg\" alt=\"\" width=\"1200\" height=\"1054\"><img decoding=\"async\" class=\"size-full wp-image-78609 aligncenter\" src=\"https:\/\/xinshengmanufacture.com\/wp-content\/uploads\/2025\/10\/%E8%B6%85%E5%B7%A5%E5%AE%9A%E5%88%B6%E8%8B%B1%E6%96%87_031.jpg\" alt=\"\" width=\"1200\" height=\"1563\"><img loading=\"lazy\" decoding=\"async\" class=\"size-full wp-image-78621 aligncenter\" src=\"https:\/\/xinshengmanufacture.com\/wp-content\/uploads\/2025\/10\/%E8%B6%85%E5%B7%A5%E5%AE%9A%E5%88%B6%E8%8B%B1%E6%96%87_041.jpg\" alt=\"\" width=\"1200\" height=\"1755\"><img loading=\"lazy\" decoding=\"async\" class=\"size-full wp-image-78633 aligncenter\" src=\"https:\/\/xinshengmanufacture.com\/wp-content\/uploads\/2025\/10\/%E8%B6%85%E5%B7%A5%E5%AE%9A%E5%88%B6%E8%8B%B1%E6%96%87_051.jpg\" alt=\"\" width=\"1200\" height=\"2257\"><img loading=\"lazy\" decoding=\"async\" class=\"size-full wp-image-80971 aligncenter\" src=\"https:\/\/xinshengmanufacture.com\/wp-content\/uploads\/2025\/10\/%E5%9B%BD%E5%A4%96_01-1.jpg\" alt=\"\" width=\"1200\" height=\"2069\"> <img loading=\"lazy\" decoding=\"async\" class=\"size-full wp-image-80983 aligncenter\" src=\"https:\/\/xinshengmanufacture.com\/wp-content\/uploads\/2025\/10\/%E5%9B%BD%E5%A4%96_02-1.jpg\" alt=\"\" width=\"1200\" height=\"2098\"> <img loading=\"lazy\" decoding=\"async\" class=\"size-full wp-image-80995 aligncenter\" src=\"https:\/\/xinshengmanufacture.com\/wp-content\/uploads\/2025\/10\/%E5%9B%BD%E5%A4%96_03-1.jpg\" alt=\"\" width=\"1200\" height=\"1760\"> <img loading=\"lazy\" decoding=\"async\" class=\"size-full wp-image-81007 aligncenter\" src=\"https:\/\/xinshengmanufacture.com\/wp-content\/uploads\/2025\/10\/%E5%9B%BD%E5%A4%96_04-1.jpg\" alt=\"\" width=\"1200\" height=\"2125\"> <img loading=\"lazy\" decoding=\"async\" class=\"size-full wp-image-81019 aligncenter\" src=\"https:\/\/xinshengmanufacture.com\/wp-content\/uploads\/2025\/10\/%E5%9B%BD%E5%A4%96_05-1.jpg\" alt=\"\" width=\"1200\" height=\"1228\"> <img loading=\"lazy\" decoding=\"async\" class=\"aligncenter wp-image-81043\" src=\"https:\/\/xinshengmanufacture.com\/wp-content\/uploads\/2025\/10\/%E5%9B%BD%E5%A4%96_07-1.jpg\" alt=\"\" width=\"1200\" height=\"2714\"> <img loading=\"lazy\" decoding=\"async\" class=\"size-full wp-image-81055 aligncenter\" src=\"https:\/\/xinshengmanufacture.com\/wp-content\/uploads\/2025\/10\/%E5%9B%BD%E5%A4%96_08-1.jpg\" alt=\"\" width=\"1200\" height=\"2085\"> <img loading=\"lazy\" decoding=\"async\" class=\"size-full wp-image-81067 aligncenter\" src=\"https:\/\/xinshengmanufacture.com\/wp-content\/uploads\/2025\/10\/%E5%9B%BD%E5%A4%96_09-1.jpg\" alt=\"\" width=\"1200\" height=\"2024\"> <img loading=\"lazy\" decoding=\"async\" class=\"size-full wp-image-81079 aligncenter\" src=\"https:\/\/xinshengmanufacture.com\/wp-content\/uploads\/2025\/10\/%E5%9B%BD%E5%A4%96_10-1.jpg\" alt=\"\" width=\"1200\" height=\"2114\"> <img loading=\"lazy\" decoding=\"async\" class=\"size-full wp-image-81091 aligncenter\" src=\"https:\/\/xinshengmanufacture.com\/wp-content\/uploads\/2025\/10\/%E5%9B%BD%E5%A4%96_11-1.jpg\" alt=\"\" width=\"1200\" height=\"2252\"> <img loading=\"lazy\" decoding=\"async\" class=\"size-full wp-image-81103 aligncenter\" src=\"https:\/\/xinshengmanufacture.com\/wp-content\/uploads\/2025\/10\/%E5%9B%BD%E5%A4%96_12-1.jpg\" alt=\"\" width=\"1200\" height=\"2398\"> <img loading=\"lazy\" decoding=\"async\" class=\"aligncenter wp-image-81115\" src=\"https:\/\/xinshengmanufacture.com\/wp-content\/uploads\/2025\/10\/%E5%9B%BD%E5%A4%96_13.jpg\" alt=\"\" width=\"1200\" height=\"2931\"> <img loading=\"lazy\" decoding=\"async\" class=\"size-full wp-image-81127 aligncenter\" src=\"https:\/\/xinshengmanufacture.com\/wp-content\/uploads\/2025\/10\/%E5%9B%BD%E5%A4%96_14.jpg\" alt=\"\" width=\"1200\" height=\"2384\"> <img loading=\"lazy\" decoding=\"async\" class=\"size-full wp-image-81139 aligncenter\" src=\"https:\/\/xinshengmanufacture.com\/wp-content\/uploads\/2025\/10\/%E5%9B%BD%E5%A4%96_15.jpg\" alt=\"\" width=\"1200\" height=\"1811\"><\/p>\n","protected":false},"excerpt":{"rendered":"<p>Multifunktionaler, intelligenter Massage-Pedik\u00fcre-Stuhl f\u00fcr Friseursalons, Spa-Zentren, Massagezentren, Fu\u00dfb\u00e4der usw. Unterst\u00fctzt individuelle Farben usw.<\/p>\n","protected":false},"featured_media":81166,"template":"","meta":{"_bst_post_transparent":"","_bst_post_title":"","_bst_post_layout":"","_bst_post_sidebar_id":"","_bst_post_content_style":"","_bst_post_vertical_padding":"","_bst_post_feature":"","_bst_post_feature_position":"","_bst_post_header":false,"_bst_post_footer":false},"product_brand":[1084],"product_cat":[815],"product_tag":[],"class_list":{"0":"post-81773","1":"product","2":"type-product","3":"status-publish","4":"has-post-thumbnail","6":"product_brand-xinsheng-de","7":"product_cat-fusbad-pedikurestuhl","8":"pa_color-benutzerdefinierte-farben","9":"pa_color-gray-de","10":"pa_size-130cm70cm145cm-de","12":"first","13":"instock","14":"sale","15":"shipping-taxable","16":"purchasable","17":"product-type-variable","18":"entry","19":"content-bg","20":"loop-entry"},"_links":{"self":[{"href":"https:\/\/xinshengmanufacture.com\/de\/wp-json\/wp\/v2\/product\/81773","targetHints":{"allow":["GET"]}}],"collection":[{"href":"https:\/\/xinshengmanufacture.com\/de\/wp-json\/wp\/v2\/product"}],"about":[{"href":"https:\/\/xinshengmanufacture.com\/de\/wp-json\/wp\/v2\/types\/product"}],"version-history":[{"count":0,"href":"https:\/\/xinshengmanufacture.com\/de\/wp-json\/wp\/v2\/product\/81773\/revisions"}],"wp:featuredmedia":[{"embeddable":true,"href":"https:\/\/xinshengmanufacture.com\/de\/wp-json\/wp\/v2\/media\/81166"}],"wp:attachment":[{"href":"https:\/\/xinshengmanufacture.com\/de\/wp-json\/wp\/v2\/media?parent=81773"}],"wp:term":[{"taxonomy":"product_brand","embeddable":true,"href":"https:\/\/xinshengmanufacture.com\/de\/wp-json\/wp\/v2\/product_brand?post=81773"},{"taxonomy":"product_cat","embeddable":true,"href":"https:\/\/xinshengmanufacture.com\/de\/wp-json\/wp\/v2\/product_cat?post=81773"},{"taxonomy":"product_tag","embeddable":true,"href":"https:\/\/xinshengmanufacture.com\/de\/wp-json\/wp\/v2\/product_tag?post=81773"}],"curies":[{"name":"wp","href":"https:\/\/api.w.org\/{rel}","templated":true}]}}