{"id":82843,"date":"2025-10-24T09:34:01","date_gmt":"2025-10-24T09:34:01","guid":{"rendered":"https:\/\/xinshengmanufacture.com\/\u4ea7\u54c1\/high-end-mode-schoenheit-bett-salon-moebel-ausruestung-schoenheitssalon-wimpernverlaengerung-bett-mit-fussanlasser-multi-motor-frei-einstellbaren-winkel-beauty-center-pflege-bett-medizinische-ausruest\/"},"modified":"2025-10-24T09:34:01","modified_gmt":"2025-10-24T09:34:01","slug":"high-end-mode-schoenheit-bett-salon-moebel-ausruestung-schoenheitssalon-wimpernverlaengerung-bett-mit-fussanlasser-multi-motor-frei-einstellbaren-winkel-beauty-center-pflege-bett-medizinische-ausruest","status":"publish","type":"product","link":"https:\/\/xinshengmanufacture.com\/de\/product\/high-end-mode-schoenheit-bett-salon-moebel-ausruestung-schoenheitssalon-wimpernverlaengerung-bett-mit-fussanlasser-multi-motor-frei-einstellbaren-winkel-beauty-center-pflege-bett-medizinische-ausruest\/","title":{"rendered":"High-End-Mode Sch\u00f6nheit Bett Salon M\u00f6bel Ausr\u00fcstung Sch\u00f6nheitssalon Wimpernverl\u00e4ngerung Bett mit Fu\u00dfanlasser Multi-Motor frei einstellbaren Winkel Beauty Center Pflege Bett medizinische Ausr\u00fcstung gyn\u00e4kologische Bett medizinische Ausr\u00fcstung Salon M\u00f6bel Hersteller"},"content":{"rendered":"<p><img fetchpriority=\"high\" decoding=\"async\" class=\"alignnone size-full wp-image-78585 aligncenter\" src=\"https:\/\/xinshengmanufacture.com\/wp-content\/uploads\/2025\/10\/%E8%B6%85%E5%B7%A5%E5%AE%9A%E5%88%B6%E8%8B%B1%E6%96%87_011.jpg\" alt=\"\" width=\"1200\" height=\"1857\"><img decoding=\"async\" class=\"size-full wp-image-78597 aligncenter\" src=\"https:\/\/xinshengmanufacture.com\/wp-content\/uploads\/2025\/10\/%E8%B6%85%E5%B7%A5%E5%AE%9A%E5%88%B6%E8%8B%B1%E6%96%87_021.jpg\" alt=\"\" width=\"1200\" height=\"1054\"><br \/>\n<img decoding=\"async\" class=\"size-full wp-image-78621 aligncenter\" src=\"https:\/\/xinshengmanufacture.com\/wp-content\/uploads\/2025\/10\/%E8%B6%85%E5%B7%A5%E5%AE%9A%E5%88%B6%E8%8B%B1%E6%96%87_041.jpg\" alt=\"\" width=\"1200\" height=\"1755\"><img loading=\"lazy\" decoding=\"async\" class=\"size-full wp-image-78633 aligncenter\" src=\"https:\/\/xinshengmanufacture.com\/wp-content\/uploads\/2025\/10\/%E8%B6%85%E5%B7%A5%E5%AE%9A%E5%88%B6%E8%8B%B1%E6%96%87_051.jpg\" alt=\"\" width=\"1200\" height=\"2257\"><img loading=\"lazy\" decoding=\"async\" class=\"size-full wp-image-81793 aligncenter\" src=\"https:\/\/xinshengmanufacture.com\/wp-content\/uploads\/2025\/10\/1_01-8.jpg\" alt=\"\" width=\"1200\" height=\"2021\" srcset=\"https:\/\/xinshengmanufacture.com\/wp-content\/uploads\/2025\/10\/1_01-8.jpg 1200w, https:\/\/xinshengmanufacture.com\/wp-content\/uploads\/2025\/10\/1_01-8-178x300.jpg 178w, https:\/\/xinshengmanufacture.com\/wp-content\/uploads\/2025\/10\/1_01-8-608x1024.jpg 608w, https:\/\/xinshengmanufacture.com\/wp-content\/uploads\/2025\/10\/1_01-8-768x1293.jpg 768w, https:\/\/xinshengmanufacture.com\/wp-content\/uploads\/2025\/10\/1_01-8-912x1536.jpg 912w, https:\/\/xinshengmanufacture.com\/wp-content\/uploads\/2025\/10\/1_01-8-600x1011.jpg 600w\" sizes=\"(max-width: 1200px) 100vw, 1200px\" \/> <img loading=\"lazy\" decoding=\"async\" class=\"size-full wp-image-81805 aligncenter\" src=\"https:\/\/xinshengmanufacture.com\/wp-content\/uploads\/2025\/10\/1_03-7.jpg\" alt=\"\" width=\"1200\" height=\"1939\" srcset=\"https:\/\/xinshengmanufacture.com\/wp-content\/uploads\/2025\/10\/1_03-7.jpg 1200w, https:\/\/xinshengmanufacture.com\/wp-content\/uploads\/2025\/10\/1_03-7-186x300.jpg 186w, https:\/\/xinshengmanufacture.com\/wp-content\/uploads\/2025\/10\/1_03-7-634x1024.jpg 634w, https:\/\/xinshengmanufacture.com\/wp-content\/uploads\/2025\/10\/1_03-7-768x1241.jpg 768w, https:\/\/xinshengmanufacture.com\/wp-content\/uploads\/2025\/10\/1_03-7-951x1536.jpg 951w, https:\/\/xinshengmanufacture.com\/wp-content\/uploads\/2025\/10\/1_03-7-600x970.jpg 600w\" sizes=\"(max-width: 1200px) 100vw, 1200px\" \/> <img loading=\"lazy\" decoding=\"async\" class=\"size-full wp-image-81817 aligncenter\" src=\"https:\/\/xinshengmanufacture.com\/wp-content\/uploads\/2025\/10\/1_04-8.jpg\" alt=\"\" width=\"1200\" height=\"2493\" srcset=\"https:\/\/xinshengmanufacture.com\/wp-content\/uploads\/2025\/10\/1_04-8.jpg 1200w, https:\/\/xinshengmanufacture.com\/wp-content\/uploads\/2025\/10\/1_04-8-144x300.jpg 144w, https:\/\/xinshengmanufacture.com\/wp-content\/uploads\/2025\/10\/1_04-8-493x1024.jpg 493w, https:\/\/xinshengmanufacture.com\/wp-content\/uploads\/2025\/10\/1_04-8-768x1596.jpg 768w, https:\/\/xinshengmanufacture.com\/wp-content\/uploads\/2025\/10\/1_04-8-739x1536.jpg 739w, https:\/\/xinshengmanufacture.com\/wp-content\/uploads\/2025\/10\/1_04-8-986x2048.jpg 986w, https:\/\/xinshengmanufacture.com\/wp-content\/uploads\/2025\/10\/1_04-8-600x1247.jpg 600w\" sizes=\"(max-width: 1200px) 100vw, 1200px\" \/> <img loading=\"lazy\" decoding=\"async\" class=\"aligncenter wp-image-81829\" src=\"https:\/\/xinshengmanufacture.com\/wp-content\/uploads\/2025\/10\/1_05-8.jpg\" alt=\"\" width=\"1200\" height=\"2912\" srcset=\"https:\/\/xinshengmanufacture.com\/wp-content\/uploads\/2025\/10\/1_05-8.jpg 1055w, https:\/\/xinshengmanufacture.com\/wp-content\/uploads\/2025\/10\/1_05-8-124x300.jpg 124w, https:\/\/xinshengmanufacture.com\/wp-content\/uploads\/2025\/10\/1_05-8-422x1024.jpg 422w, https:\/\/xinshengmanufacture.com\/wp-content\/uploads\/2025\/10\/1_05-8-768x1864.jpg 768w, https:\/\/xinshengmanufacture.com\/wp-content\/uploads\/2025\/10\/1_05-8-633x1536.jpg 633w, https:\/\/xinshengmanufacture.com\/wp-content\/uploads\/2025\/10\/1_05-8-844x2048.jpg 844w, https:\/\/xinshengmanufacture.com\/wp-content\/uploads\/2025\/10\/1_05-8-600x1456.jpg 600w\" sizes=\"(max-width: 1200px) 100vw, 1200px\" \/> <img loading=\"lazy\" decoding=\"async\" class=\"size-full wp-image-81841 aligncenter\" src=\"https:\/\/xinshengmanufacture.com\/wp-content\/uploads\/2025\/10\/1_06-8.jpg\" alt=\"\" width=\"1200\" height=\"2200\" srcset=\"https:\/\/xinshengmanufacture.com\/wp-content\/uploads\/2025\/10\/1_06-8.jpg 1200w, https:\/\/xinshengmanufacture.com\/wp-content\/uploads\/2025\/10\/1_06-8-164x300.jpg 164w, https:\/\/xinshengmanufacture.com\/wp-content\/uploads\/2025\/10\/1_06-8-559x1024.jpg 559w, https:\/\/xinshengmanufacture.com\/wp-content\/uploads\/2025\/10\/1_06-8-768x1408.jpg 768w, https:\/\/xinshengmanufacture.com\/wp-content\/uploads\/2025\/10\/1_06-8-838x1536.jpg 838w, https:\/\/xinshengmanufacture.com\/wp-content\/uploads\/2025\/10\/1_06-8-1117x2048.jpg 1117w, https:\/\/xinshengmanufacture.com\/wp-content\/uploads\/2025\/10\/1_06-8-600x1100.jpg 600w\" sizes=\"(max-width: 1200px) 100vw, 1200px\" \/> <img loading=\"lazy\" decoding=\"async\" class=\"size-full wp-image-81853 aligncenter\" src=\"https:\/\/xinshengmanufacture.com\/wp-content\/uploads\/2025\/10\/1_07-8.jpg\" alt=\"\" width=\"1200\" height=\"1630\" srcset=\"https:\/\/xinshengmanufacture.com\/wp-content\/uploads\/2025\/10\/1_07-8.jpg 1200w, https:\/\/xinshengmanufacture.com\/wp-content\/uploads\/2025\/10\/1_07-8-221x300.jpg 221w, https:\/\/xinshengmanufacture.com\/wp-content\/uploads\/2025\/10\/1_07-8-754x1024.jpg 754w, https:\/\/xinshengmanufacture.com\/wp-content\/uploads\/2025\/10\/1_07-8-768x1043.jpg 768w, https:\/\/xinshengmanufacture.com\/wp-content\/uploads\/2025\/10\/1_07-8-1131x1536.jpg 1131w, https:\/\/xinshengmanufacture.com\/wp-content\/uploads\/2025\/10\/1_07-8-600x815.jpg 600w\" sizes=\"(max-width: 1200px) 100vw, 1200px\" \/> <img loading=\"lazy\" decoding=\"async\" class=\"size-full wp-image-81865 aligncenter\" src=\"https:\/\/xinshengmanufacture.com\/wp-content\/uploads\/2025\/10\/1_08-8.jpg\" alt=\"\" width=\"1200\" height=\"1688\" srcset=\"https:\/\/xinshengmanufacture.com\/wp-content\/uploads\/2025\/10\/1_08-8.jpg 1200w, https:\/\/xinshengmanufacture.com\/wp-content\/uploads\/2025\/10\/1_08-8-213x300.jpg 213w, https:\/\/xinshengmanufacture.com\/wp-content\/uploads\/2025\/10\/1_08-8-728x1024.jpg 728w, https:\/\/xinshengmanufacture.com\/wp-content\/uploads\/2025\/10\/1_08-8-768x1080.jpg 768w, https:\/\/xinshengmanufacture.com\/wp-content\/uploads\/2025\/10\/1_08-8-1092x1536.jpg 1092w, https:\/\/xinshengmanufacture.com\/wp-content\/uploads\/2025\/10\/1_08-8-600x844.jpg 600w\" sizes=\"(max-width: 1200px) 100vw, 1200px\" \/> <img loading=\"lazy\" decoding=\"async\" class=\"aligncenter wp-image-81877\" src=\"https:\/\/xinshengmanufacture.com\/wp-content\/uploads\/2025\/10\/1_09-8.jpg\" alt=\"\" width=\"1200\" height=\"3551\" srcset=\"https:\/\/xinshengmanufacture.com\/wp-content\/uploads\/2025\/10\/1_09-8.jpg 865w, https:\/\/xinshengmanufacture.com\/wp-content\/uploads\/2025\/10\/1_09-8-101x300.jpg 101w, https:\/\/xinshengmanufacture.com\/wp-content\/uploads\/2025\/10\/1_09-8-346x1024.jpg 346w, https:\/\/xinshengmanufacture.com\/wp-content\/uploads\/2025\/10\/1_09-8-768x2273.jpg 768w, https:\/\/xinshengmanufacture.com\/wp-content\/uploads\/2025\/10\/1_09-8-519x1536.jpg 519w, https:\/\/xinshengmanufacture.com\/wp-content\/uploads\/2025\/10\/1_09-8-692x2048.jpg 692w, https:\/\/xinshengmanufacture.com\/wp-content\/uploads\/2025\/10\/1_09-8-600x1776.jpg 600w\" sizes=\"(max-width: 1200px) 100vw, 1200px\" \/> <img loading=\"lazy\" decoding=\"async\" class=\"aligncenter wp-image-81889\" src=\"https:\/\/xinshengmanufacture.com\/wp-content\/uploads\/2025\/10\/1_10-8.jpg\" alt=\"\" width=\"1200\" height=\"3230\" srcset=\"https:\/\/xinshengmanufacture.com\/wp-content\/uploads\/2025\/10\/1_10-8.jpg 951w, https:\/\/xinshengmanufacture.com\/wp-content\/uploads\/2025\/10\/1_10-8-111x300.jpg 111w, https:\/\/xinshengmanufacture.com\/wp-content\/uploads\/2025\/10\/1_10-8-380x1024.jpg 380w, https:\/\/xinshengmanufacture.com\/wp-content\/uploads\/2025\/10\/1_10-8-768x2067.jpg 768w, https:\/\/xinshengmanufacture.com\/wp-content\/uploads\/2025\/10\/1_10-8-571x1536.jpg 571w, https:\/\/xinshengmanufacture.com\/wp-content\/uploads\/2025\/10\/1_10-8-761x2048.jpg 761w, https:\/\/xinshengmanufacture.com\/wp-content\/uploads\/2025\/10\/1_10-8-600x1615.jpg 600w\" sizes=\"(max-width: 1200px) 100vw, 1200px\" \/><\/p>\n","protected":false},"excerpt":{"rendered":"<p>Mehrmotorige Kosmetikbetten k\u00f6nnen in Sch\u00f6nheitssalons, Sch\u00f6nheitszentren, Tattoo-Shops, medizinischen Zentren, Krankenh\u00e4usern usw. eingesetzt werden und unterst\u00fctzen individuelle Farben.<\/p>\n","protected":false},"featured_media":81964,"template":"","meta":{"_bst_post_transparent":"","_bst_post_title":"","_bst_post_layout":"","_bst_post_sidebar_id":"","_bst_post_content_style":"","_bst_post_vertical_padding":"","_bst_post_feature":"","_bst_post_feature_position":"","_bst_post_header":false,"_bst_post_footer":false},"product_brand":[1084],"product_cat":[857],"product_tag":[],"class_list":{"0":"post-82843","1":"product","2":"type-product","3":"status-publish","4":"has-post-thumbnail","6":"product_brand-xinsheng-de","7":"product_cat-schonheitsbett","8":"pa_color-benutzerdefinierte-farben","9":"pa_color-hellgrun","10":"pa_size-180cm62cm60cm","12":"first","13":"instock","14":"sale","15":"shipping-taxable","16":"purchasable","17":"product-type-variable","18":"entry","19":"content-bg","20":"loop-entry"},"_links":{"self":[{"href":"https:\/\/xinshengmanufacture.com\/de\/wp-json\/wp\/v2\/product\/82843","targetHints":{"allow":["GET"]}}],"collection":[{"href":"https:\/\/xinshengmanufacture.com\/de\/wp-json\/wp\/v2\/product"}],"about":[{"href":"https:\/\/xinshengmanufacture.com\/de\/wp-json\/wp\/v2\/types\/product"}],"version-history":[{"count":0,"href":"https:\/\/xinshengmanufacture.com\/de\/wp-json\/wp\/v2\/product\/82843\/revisions"}],"wp:featuredmedia":[{"embeddable":true,"href":"https:\/\/xinshengmanufacture.com\/de\/wp-json\/wp\/v2\/media\/81964"}],"wp:attachment":[{"href":"https:\/\/xinshengmanufacture.com\/de\/wp-json\/wp\/v2\/media?parent=82843"}],"wp:term":[{"taxonomy":"product_brand","embeddable":true,"href":"https:\/\/xinshengmanufacture.com\/de\/wp-json\/wp\/v2\/product_brand?post=82843"},{"taxonomy":"product_cat","embeddable":true,"href":"https:\/\/xinshengmanufacture.com\/de\/wp-json\/wp\/v2\/product_cat?post=82843"},{"taxonomy":"product_tag","embeddable":true,"href":"https:\/\/xinshengmanufacture.com\/de\/wp-json\/wp\/v2\/product_tag?post=82843"}],"curies":[{"name":"wp","href":"https:\/\/api.w.org\/{rel}","templated":true}]}}