{"id":82966,"date":"2025-10-28T08:26:55","date_gmt":"2025-10-28T08:26:55","guid":{"rendered":"https:\/\/xinshengmanufacture.com\/\u4ea7\u54c1\/elektrisches-sofa-unterstuetzt-heben-salon-moebel-schoenheit-nagel-sofa-verwendet-high-density-schwamm-weich-und-bequem-fortschrittliche-sofa-mit-massagefunktion-spa-center-sofa-stuhl\/"},"modified":"2025-11-05T06:07:45","modified_gmt":"2025-11-05T06:07:45","slug":"elektrisches-sofa-unterstuetzt-heben-salon-moebel-schoenheit-nagel-sofa-verwendet-high-density-schwamm-weich-und-bequem-fortschrittliche-sofa-mit-massagefunktion-spa-center-sofa-stuhl","status":"publish","type":"product","link":"https:\/\/xinshengmanufacture.com\/de\/product\/elektrisches-sofa-unterstuetzt-heben-salon-moebel-schoenheit-nagel-sofa-verwendet-high-density-schwamm-weich-und-bequem-fortschrittliche-sofa-mit-massagefunktion-spa-center-sofa-stuhl\/","title":{"rendered":"Elektrisches Sofa unterst\u00fctzt Heben Salon M\u00f6bel Sch\u00f6nheit Nagel Sofa verwendet High-Density-Schwamm weich und bequem fortschrittliche Sofa mit Massagefunktion Spa-Center Sofa Stuhl"},"content":{"rendered":"<div class=\"wp-playlist wp-video-playlist wp-playlist-light\">\n\t\t<video controls=\"controls\" preload=\"none\" width=\"1408\"\n\t\t height=\"2503\"\t><\/video>\n\t<div class=\"wp-playlist-next\"><\/div>\n\t<div class=\"wp-playlist-prev\"><\/div>\n\t<noscript>\n\t<ol>\n\t\t<li><a href='https:\/\/xinshengmanufacture.com\/wp-content\/uploads\/2025\/10\/7-9.mp4'>7<\/a><\/li>\t<\/ol>\n\t<\/noscript>\n\t<script type=\"application\/json\" class=\"wp-playlist-script\">{\"type\":\"video\",\"tracklist\":false,\"tracknumbers\":true,\"images\":true,\"artists\":true,\"tracks\":[{\"src\":\"https:\/\/xinshengmanufacture.com\/wp-content\/uploads\/2025\/10\/7-9.mp4\",\"type\":\"video\/mp4\",\"title\":\"7\",\"caption\":\"\",\"description\":\"\",\"meta\":{\"length_formatted\":\"0:45\"},\"dimensions\":{\"original\":{\"width\":1080,\"height\":1920},\"resized\":{\"width\":1408,\"height\":2503}},\"image\":{\"src\":\"https:\/\/xinshengmanufacture.com\/wp-includes\/images\/media\/video.svg\",\"width\":48,\"height\":64},\"thumb\":{\"src\":\"https:\/\/xinshengmanufacture.com\/wp-includes\/images\/media\/video.svg\",\"width\":48,\"height\":64}}]}<\/script>\n<\/div>\n\t\n<p style=\"text-align: center;\"><img fetchpriority=\"high\" decoding=\"async\" class=\"alignnone size-full wp-image-78585 aligncenter\" src=\"https:\/\/xinshengmanufacture.com\/wp-content\/uploads\/2025\/10\/%E8%B6%85%E5%B7%A5%E5%AE%9A%E5%88%B6%E8%8B%B1%E6%96%87_011.jpg\" alt=\"\" width=\"1200\" height=\"1857\"><img decoding=\"async\" class=\"alignnone size-full wp-image-78597 aligncenter\" src=\"https:\/\/xinshengmanufacture.com\/wp-content\/uploads\/2025\/10\/%E8%B6%85%E5%B7%A5%E5%AE%9A%E5%88%B6%E8%8B%B1%E6%96%87_021.jpg\" alt=\"\" width=\"1200\" height=\"1054\"><img decoding=\"async\" class=\"alignnone size-full wp-image-78609 aligncenter\" src=\"https:\/\/xinshengmanufacture.com\/wp-content\/uploads\/2025\/10\/%E8%B6%85%E5%B7%A5%E5%AE%9A%E5%88%B6%E8%8B%B1%E6%96%87_031.jpg\" alt=\"\" width=\"1200\" height=\"1563\"><img loading=\"lazy\" decoding=\"async\" class=\"alignnone size-full wp-image-78621 aligncenter\" src=\"https:\/\/xinshengmanufacture.com\/wp-content\/uploads\/2025\/10\/%E8%B6%85%E5%B7%A5%E5%AE%9A%E5%88%B6%E8%8B%B1%E6%96%87_041.jpg\" alt=\"\" width=\"1200\" height=\"1755\"><img loading=\"lazy\" decoding=\"async\" class=\"alignnone size-full wp-image-78633 aligncenter\" src=\"https:\/\/xinshengmanufacture.com\/wp-content\/uploads\/2025\/10\/%E8%B6%85%E5%B7%A5%E5%AE%9A%E5%88%B6%E8%8B%B1%E6%96%87_051.jpg\" alt=\"\" width=\"1200\" height=\"2257\"><img loading=\"lazy\" decoding=\"async\" class=\"size-full wp-image-81977 aligncenter\" src=\"https:\/\/xinshengmanufacture.com\/wp-content\/uploads\/2025\/10\/%E5%9B%BD%E5%A4%96_01-3.jpg\" alt=\"\" width=\"1200\" height=\"1820\"><img loading=\"lazy\" decoding=\"async\" class=\"size-full wp-image-82001 aligncenter\" src=\"https:\/\/xinshengmanufacture.com\/wp-content\/uploads\/2025\/10\/%E5%9B%BD%E5%A4%96_03-3.jpg\" alt=\"\" width=\"1200\" height=\"1816\"> <img loading=\"lazy\" decoding=\"async\" class=\"size-full wp-image-82013 aligncenter\" src=\"https:\/\/xinshengmanufacture.com\/wp-content\/uploads\/2025\/10\/%E5%9B%BD%E5%A4%96_04-3.jpg\" alt=\"\" width=\"1200\" height=\"1933\"> <img loading=\"lazy\" decoding=\"async\" class=\"size-full wp-image-82025 aligncenter\" src=\"https:\/\/xinshengmanufacture.com\/wp-content\/uploads\/2025\/10\/%E5%9B%BD%E5%A4%96_05-3.jpg\" alt=\"\" width=\"1200\" height=\"1777\"> <img loading=\"lazy\" decoding=\"async\" class=\"size-full wp-image-82037 aligncenter\" src=\"https:\/\/xinshengmanufacture.com\/wp-content\/uploads\/2025\/10\/%E5%9B%BD%E5%A4%96_06-3.jpg\" alt=\"\" width=\"1200\" height=\"1815\"> <img loading=\"lazy\" decoding=\"async\" class=\"size-full wp-image-82049 aligncenter\" src=\"https:\/\/xinshengmanufacture.com\/wp-content\/uploads\/2025\/10\/%E5%9B%BD%E5%A4%96_07-3.jpg\" alt=\"\" width=\"1200\" height=\"1562\"> <img loading=\"lazy\" decoding=\"async\" class=\"size-full wp-image-82061 aligncenter\" src=\"https:\/\/xinshengmanufacture.com\/wp-content\/uploads\/2025\/10\/%E5%9B%BD%E5%A4%96_08-3.jpg\" alt=\"\" width=\"1200\" height=\"1812\"> <img loading=\"lazy\" decoding=\"async\" class=\"aligncenter wp-image-82073\" src=\"https:\/\/xinshengmanufacture.com\/wp-content\/uploads\/2025\/10\/%E5%9B%BD%E5%A4%96_09-3.jpg\" alt=\"\" width=\"1200\" height=\"2793\"> <img loading=\"lazy\" decoding=\"async\" class=\"size-full wp-image-82085 aligncenter\" src=\"https:\/\/xinshengmanufacture.com\/wp-content\/uploads\/2025\/10\/%E5%9B%BD%E5%A4%96_10-3.jpg\" alt=\"\" width=\"1200\" height=\"2431\"> <img loading=\"lazy\" decoding=\"async\" class=\"size-full wp-image-82097 aligncenter\" src=\"https:\/\/xinshengmanufacture.com\/wp-content\/uploads\/2025\/10\/%E5%9B%BD%E5%A4%96_11-3.jpg\" alt=\"\" width=\"1200\" height=\"1760\"><\/p>\n<div id=\"gtx-trans\" style=\"position: absolute; left: 722px; top: 35px;\">\n<div class=\"gtx-trans-icon\"><\/div>\n<\/div>\n","protected":false},"excerpt":{"rendered":"<p>Das elektrische Massagesofa kann in Salons, Sch\u00f6nheitssalons, Spas usw. verwendet werden und unterst\u00fctzt individuelle Farben<\/p>\n","protected":false},"featured_media":82124,"template":"","meta":{"_bst_post_transparent":"","_bst_post_title":"","_bst_post_layout":"","_bst_post_sidebar_id":"","_bst_post_content_style":"","_bst_post_vertical_padding":"","_bst_post_feature":"","_bst_post_feature_position":"","_bst_post_header":false,"_bst_post_footer":false},"product_brand":[1084],"product_cat":[875,815],"product_tag":[],"class_list":{"0":"post-82966","1":"product","2":"type-product","3":"status-publish","4":"has-post-thumbnail","6":"product_brand-xinsheng-de","7":"product_cat-friseurstuhl","8":"product_cat-fusbad-pedikurestuhl","9":"pa_color-benutzerdefinierte-farben","10":"pa_color-schwarz","11":"pa_size-90cm88cm105cm","13":"first","14":"instock","15":"sale","16":"shipping-taxable","17":"purchasable","18":"product-type-variable","19":"entry","20":"content-bg","21":"loop-entry"},"_links":{"self":[{"href":"https:\/\/xinshengmanufacture.com\/de\/wp-json\/wp\/v2\/product\/82966","targetHints":{"allow":["GET"]}}],"collection":[{"href":"https:\/\/xinshengmanufacture.com\/de\/wp-json\/wp\/v2\/product"}],"about":[{"href":"https:\/\/xinshengmanufacture.com\/de\/wp-json\/wp\/v2\/types\/product"}],"version-history":[{"count":10,"href":"https:\/\/xinshengmanufacture.com\/de\/wp-json\/wp\/v2\/product\/82966\/revisions"}],"predecessor-version":[{"id":83042,"href":"https:\/\/xinshengmanufacture.com\/de\/wp-json\/wp\/v2\/product\/82966\/revisions\/83042"}],"wp:featuredmedia":[{"embeddable":true,"href":"https:\/\/xinshengmanufacture.com\/de\/wp-json\/wp\/v2\/media\/82124"}],"wp:attachment":[{"href":"https:\/\/xinshengmanufacture.com\/de\/wp-json\/wp\/v2\/media?parent=82966"}],"wp:term":[{"taxonomy":"product_brand","embeddable":true,"href":"https:\/\/xinshengmanufacture.com\/de\/wp-json\/wp\/v2\/product_brand?post=82966"},{"taxonomy":"product_cat","embeddable":true,"href":"https:\/\/xinshengmanufacture.com\/de\/wp-json\/wp\/v2\/product_cat?post=82966"},{"taxonomy":"product_tag","embeddable":true,"href":"https:\/\/xinshengmanufacture.com\/de\/wp-json\/wp\/v2\/product_tag?post=82966"}],"curies":[{"name":"wp","href":"https:\/\/api.w.org\/{rel}","templated":true}]}}