{"id":83052,"date":"2025-10-30T07:26:17","date_gmt":"2025-10-30T07:26:17","guid":{"rendered":"https:\/\/xinshengmanufacture.com\/\u4ea7\u54c1\/shampoonierbett-im-thailaendischen-stil-salonmoebel-salon-haarbehandlungsbett-minimalistisches-und-stilvolles-massagebett-spa-shampoonierbett-salonausruestung-hersteller-von-salonmoebeln-fabrik\/"},"modified":"2025-11-05T06:08:00","modified_gmt":"2025-11-05T06:08:00","slug":"shampoonierbett-im-thailaendischen-stil-salonmoebel-salon-haarbehandlungsbett-minimalistisches-und-stilvolles-massagebett-spa-shampoonierbett-salonausruestung-hersteller-von-salonmoebeln-fabrik","status":"publish","type":"product","link":"https:\/\/xinshengmanufacture.com\/de\/product\/shampoonierbett-im-thailaendischen-stil-salonmoebel-salon-haarbehandlungsbett-minimalistisches-und-stilvolles-massagebett-spa-shampoonierbett-salonausruestung-hersteller-von-salonmoebeln-fabrik\/","title":{"rendered":"Shampoonierbett im thail\u00e4ndischen Stil, Salonm\u00f6bel, Salon-Haarbehandlungsbett, minimalistisches und stilvolles Massagebett, Spa-Shampoonierbett, Salonausr\u00fcstung, Hersteller von Salonm\u00f6beln, Fabrik-Gro\u00dfhandel."},"content":{"rendered":"<div class=\"wp-playlist wp-video-playlist wp-playlist-light\">\n\t\t<video controls=\"controls\" preload=\"none\" width=\"1408\"\n\t\t height=\"2503\"\t><\/video>\n\t<div class=\"wp-playlist-next\"><\/div>\n\t<div class=\"wp-playlist-prev\"><\/div>\n\t<noscript>\n\t<ol>\n\t\t<li><a href='https:\/\/xinshengmanufacture.com\/wp-content\/uploads\/2025\/10\/7-10.mp4'>7<\/a><\/li>\t<\/ol>\n\t<\/noscript>\n\t<script type=\"application\/json\" class=\"wp-playlist-script\">{\"type\":\"video\",\"tracklist\":false,\"tracknumbers\":true,\"images\":true,\"artists\":true,\"tracks\":[{\"src\":\"https:\/\/xinshengmanufacture.com\/wp-content\/uploads\/2025\/10\/7-10.mp4\",\"type\":\"video\/mp4\",\"title\":\"7\",\"caption\":\"\",\"description\":\"\",\"meta\":{\"length_formatted\":\"0:44\"},\"dimensions\":{\"original\":{\"width\":1080,\"height\":1920},\"resized\":{\"width\":1408,\"height\":2503}},\"image\":{\"src\":\"https:\/\/xinshengmanufacture.com\/wp-includes\/images\/media\/video.svg\",\"width\":48,\"height\":64},\"thumb\":{\"src\":\"https:\/\/xinshengmanufacture.com\/wp-includes\/images\/media\/video.svg\",\"width\":48,\"height\":64}}]}<\/script>\n<\/div>\n\t\n<p style=\"text-align: center;\"><img fetchpriority=\"high\" decoding=\"async\" class=\"size-full wp-image-78585 aligncenter\" src=\"https:\/\/xinshengmanufacture.com\/wp-content\/uploads\/2025\/10\/%E8%B6%85%E5%B7%A5%E5%AE%9A%E5%88%B6%E8%8B%B1%E6%96%87_011.jpg\" alt=\"\" width=\"1200\" height=\"1857\"><img decoding=\"async\" class=\"size-full wp-image-78597 aligncenter\" src=\"https:\/\/xinshengmanufacture.com\/wp-content\/uploads\/2025\/10\/%E8%B6%85%E5%B7%A5%E5%AE%9A%E5%88%B6%E8%8B%B1%E6%96%87_021.jpg\" alt=\"\" width=\"1200\" height=\"1054\"><img decoding=\"async\" class=\"size-full wp-image-78609 aligncenter\" src=\"https:\/\/xinshengmanufacture.com\/wp-content\/uploads\/2025\/10\/%E8%B6%85%E5%B7%A5%E5%AE%9A%E5%88%B6%E8%8B%B1%E6%96%87_031.jpg\" alt=\"\" width=\"1200\" height=\"1563\"><img loading=\"lazy\" decoding=\"async\" class=\"size-full wp-image-78621 aligncenter\" src=\"https:\/\/xinshengmanufacture.com\/wp-content\/uploads\/2025\/10\/%E8%B6%85%E5%B7%A5%E5%AE%9A%E5%88%B6%E8%8B%B1%E6%96%87_041.jpg\" alt=\"\" width=\"1200\" height=\"1755\"><img loading=\"lazy\" decoding=\"async\" class=\"size-full wp-image-78633 aligncenter\" src=\"https:\/\/xinshengmanufacture.com\/wp-content\/uploads\/2025\/10\/%E8%B6%85%E5%B7%A5%E5%AE%9A%E5%88%B6%E8%8B%B1%E6%96%87_051.jpg\" alt=\"\" width=\"1200\" height=\"2257\"><img loading=\"lazy\" decoding=\"async\" class=\"size-full wp-image-82197 aligncenter\" src=\"https:\/\/xinshengmanufacture.com\/wp-content\/uploads\/2025\/10\/%E5%8D%8A%E5%BC%A0%E8%AF%A6%E6%83%85%E9%A1%B5%E5%A4%96_01.jpg\" alt=\"\" width=\"1200\" height=\"1960\"> <img loading=\"lazy\" decoding=\"async\" class=\"size-full wp-image-82209 aligncenter\" src=\"https:\/\/xinshengmanufacture.com\/wp-content\/uploads\/2025\/10\/%E5%8D%8A%E5%BC%A0%E8%AF%A6%E6%83%85%E9%A1%B5%E5%A4%96_02.jpg\" alt=\"\" width=\"1200\" height=\"1407\"> <img loading=\"lazy\" decoding=\"async\" class=\"size-full wp-image-82221 aligncenter\" src=\"https:\/\/xinshengmanufacture.com\/wp-content\/uploads\/2025\/10\/%E5%8D%8A%E5%BC%A0%E8%AF%A6%E6%83%85%E9%A1%B5%E5%A4%96_03.jpg\" alt=\"\" width=\"1200\" height=\"2078\"> <img loading=\"lazy\" decoding=\"async\" class=\"size-full wp-image-82233 aligncenter\" src=\"https:\/\/xinshengmanufacture.com\/wp-content\/uploads\/2025\/10\/%E5%8D%8A%E5%BC%A0%E8%AF%A6%E6%83%85%E9%A1%B5%E5%A4%96_04.jpg\" alt=\"\" width=\"1200\" height=\"1626\"> <img loading=\"lazy\" decoding=\"async\" class=\"size-full wp-image-82245 aligncenter\" src=\"https:\/\/xinshengmanufacture.com\/wp-content\/uploads\/2025\/10\/%E5%8D%8A%E5%BC%A0%E8%AF%A6%E6%83%85%E9%A1%B5%E5%A4%96_05.jpg\" alt=\"\" width=\"1200\" height=\"250\"> <img loading=\"lazy\" decoding=\"async\" class=\"size-full wp-image-82257 aligncenter\" src=\"https:\/\/xinshengmanufacture.com\/wp-content\/uploads\/2025\/10\/%E5%8D%8A%E5%BC%A0%E8%AF%A6%E6%83%85%E9%A1%B5%E5%A4%96_06.jpg\" alt=\"\" width=\"1200\" height=\"2019\"> <img loading=\"lazy\" decoding=\"async\" class=\"size-full wp-image-82269 aligncenter\" src=\"https:\/\/xinshengmanufacture.com\/wp-content\/uploads\/2025\/10\/%E5%8D%8A%E5%BC%A0%E8%AF%A6%E6%83%85%E9%A1%B5%E5%A4%96_07.jpg\" alt=\"\" width=\"1200\" height=\"2013\"> <img loading=\"lazy\" decoding=\"async\" class=\"size-full wp-image-82281 aligncenter\" src=\"https:\/\/xinshengmanufacture.com\/wp-content\/uploads\/2025\/10\/%E5%8D%8A%E5%BC%A0%E8%AF%A6%E6%83%85%E9%A1%B5%E5%A4%96_08.jpg\" alt=\"\" width=\"1200\" height=\"2100\"> <img loading=\"lazy\" decoding=\"async\" class=\"size-full wp-image-82293 aligncenter\" src=\"https:\/\/xinshengmanufacture.com\/wp-content\/uploads\/2025\/10\/%E5%8D%8A%E5%BC%A0%E8%AF%A6%E6%83%85%E9%A1%B5%E5%A4%96_09.jpg\" alt=\"\" width=\"1200\" height=\"1978\"> <img loading=\"lazy\" decoding=\"async\" class=\"size-full wp-image-82305 aligncenter\" src=\"https:\/\/xinshengmanufacture.com\/wp-content\/uploads\/2025\/10\/%E5%8D%8A%E5%BC%A0%E8%AF%A6%E6%83%85%E9%A1%B5%E5%A4%96_10.jpg\" alt=\"\" width=\"1200\" height=\"2020\"> <img loading=\"lazy\" decoding=\"async\" class=\"size-full wp-image-82317 aligncenter\" src=\"https:\/\/xinshengmanufacture.com\/wp-content\/uploads\/2025\/10\/%E5%8D%8A%E5%BC%A0%E8%AF%A6%E6%83%85%E9%A1%B5%E5%A4%96_11.jpg\" alt=\"\" width=\"1200\" height=\"1981\"> <img loading=\"lazy\" decoding=\"async\" class=\"size-full wp-image-82329 aligncenter\" src=\"https:\/\/xinshengmanufacture.com\/wp-content\/uploads\/2025\/10\/%E5%8D%8A%E5%BC%A0%E8%AF%A6%E6%83%85%E9%A1%B5%E5%A4%96_12.jpg\" alt=\"\" width=\"1200\" height=\"1984\"> <img loading=\"lazy\" decoding=\"async\" class=\"size-full wp-image-82341 aligncenter\" src=\"https:\/\/xinshengmanufacture.com\/wp-content\/uploads\/2025\/10\/%E5%8D%8A%E5%BC%A0%E8%AF%A6%E6%83%85%E9%A1%B5%E5%A4%96_13.jpg\" alt=\"\" width=\"1200\" height=\"1970\"> <img loading=\"lazy\" decoding=\"async\" class=\"aligncenter wp-image-82353\" src=\"https:\/\/xinshengmanufacture.com\/wp-content\/uploads\/2025\/10\/%E5%8D%8A%E5%BC%A0%E8%AF%A6%E6%83%85%E9%A1%B5%E5%A4%96_14.jpg\" alt=\"\" width=\"1200\" height=\"2683\"> <img loading=\"lazy\" decoding=\"async\" class=\"size-full wp-image-82365 aligncenter\" src=\"https:\/\/xinshengmanufacture.com\/wp-content\/uploads\/2025\/10\/%E5%8D%8A%E5%BC%A0%E8%AF%A6%E6%83%85%E9%A1%B5%E5%A4%96_15.jpg\" alt=\"\" width=\"1200\" height=\"14\"> <img loading=\"lazy\" decoding=\"async\" class=\"size-full wp-image-82377 aligncenter\" src=\"https:\/\/xinshengmanufacture.com\/wp-content\/uploads\/2025\/10\/%E5%8D%8A%E5%BC%A0%E8%AF%A6%E6%83%85%E9%A1%B5%E5%A4%96_16.jpg\" alt=\"\" width=\"1200\" height=\"2399\"><\/p>\n<div id=\"gtx-trans\" style=\"position: absolute; left: 732px; top: 35px;\">\n<div class=\"gtx-trans-icon\"><\/div>\n<\/div>\n","protected":false},"excerpt":{"rendered":"<p>Shampoobetten im thail\u00e4ndischen Stil k\u00f6nnen in Salons, Sch\u00f6nheitssalons, Nagelstudios, Spas usw. verwendet werden, und es sind individuelle Farben erh\u00e4ltlich.<\/p>\n","protected":false},"featured_media":82404,"template":"","meta":{"_bst_post_transparent":"","_bst_post_title":"","_bst_post_layout":"","_bst_post_sidebar_id":"","_bst_post_content_style":"","_bst_post_vertical_padding":"","_bst_post_feature":"","_bst_post_feature_position":"","_bst_post_header":false,"_bst_post_footer":false},"product_brand":[1084],"product_cat":[570],"product_tag":[],"class_list":{"0":"post-83052","1":"product","2":"type-product","3":"status-publish","4":"has-post-thumbnail","6":"product_brand-xinsheng-de","7":"product_cat-thai-shampoo-bett","8":"pa_color-benutzerdefinierte-farben","9":"pa_color-rosa-de","10":"pa_size-190cm75cm65cm","12":"first","13":"instock","14":"sale","15":"shipping-taxable","16":"purchasable","17":"product-type-variable","18":"entry","19":"content-bg","20":"loop-entry"},"_links":{"self":[{"href":"https:\/\/xinshengmanufacture.com\/de\/wp-json\/wp\/v2\/product\/83052","targetHints":{"allow":["GET"]}}],"collection":[{"href":"https:\/\/xinshengmanufacture.com\/de\/wp-json\/wp\/v2\/product"}],"about":[{"href":"https:\/\/xinshengmanufacture.com\/de\/wp-json\/wp\/v2\/types\/product"}],"version-history":[{"count":10,"href":"https:\/\/xinshengmanufacture.com\/de\/wp-json\/wp\/v2\/product\/83052\/revisions"}],"predecessor-version":[{"id":83132,"href":"https:\/\/xinshengmanufacture.com\/de\/wp-json\/wp\/v2\/product\/83052\/revisions\/83132"}],"wp:featuredmedia":[{"embeddable":true,"href":"https:\/\/xinshengmanufacture.com\/de\/wp-json\/wp\/v2\/media\/82404"}],"wp:attachment":[{"href":"https:\/\/xinshengmanufacture.com\/de\/wp-json\/wp\/v2\/media?parent=83052"}],"wp:term":[{"taxonomy":"product_brand","embeddable":true,"href":"https:\/\/xinshengmanufacture.com\/de\/wp-json\/wp\/v2\/product_brand?post=83052"},{"taxonomy":"product_cat","embeddable":true,"href":"https:\/\/xinshengmanufacture.com\/de\/wp-json\/wp\/v2\/product_cat?post=83052"},{"taxonomy":"product_tag","embeddable":true,"href":"https:\/\/xinshengmanufacture.com\/de\/wp-json\/wp\/v2\/product_tag?post=83052"}],"curies":[{"name":"wp","href":"https:\/\/api.w.org\/{rel}","templated":true}]}}