{"id":83137,"date":"2025-10-30T08:56:17","date_gmt":"2025-10-30T08:56:17","guid":{"rendered":"https:\/\/xinshengmanufacture.com\/\u4ea7\u54c1\/hochwertige-luxus-fussmassagesessel-ausgestattet-mit-massagefunktionen-und-anderen-multifunktionalen-salonmoebeln-stilvoll-und-praktisch-fussbadestuehle-fuer-schoenheitssalons-spa-pedikuere-fussba\/"},"modified":"2025-11-05T06:08:09","modified_gmt":"2025-11-05T06:08:09","slug":"hochwertige-luxus-fussmassagesessel-ausgestattet-mit-massagefunktionen-und-anderen-multifunktionalen-salonmoebeln-stilvoll-und-praktisch-fussbadestuehle-fuer-schoenheitssalons-spa-pedikuere-fussba","status":"publish","type":"product","link":"https:\/\/xinshengmanufacture.com\/de\/product\/hochwertige-luxus-fussmassagesessel-ausgestattet-mit-massagefunktionen-und-anderen-multifunktionalen-salonmoebeln-stilvoll-und-praktisch-fussbadestuehle-fuer-schoenheitssalons-spa-pedikuere-fussba\/","title":{"rendered":"Hochwertige Luxus-Fu\u00dfmassagesessel, ausgestattet mit Massagefunktionen und anderen multifunktionalen Salonm\u00f6beln; stilvoll und praktisch. Fu\u00dfbadest\u00fchle f\u00fcr Sch\u00f6nheitssalons, Spa-Pedik\u00fcre-Fu\u00dfbadest\u00fchle; Hersteller von Salonm\u00f6beln. M\u00f6bel Gro\u00dfhandel."},"content":{"rendered":"<div class=\"wp-playlist wp-video-playlist wp-playlist-light\">\n\t\t<video controls=\"controls\" preload=\"none\" width=\"1408\"\n\t\t height=\"792\"\t><\/video>\n\t<div class=\"wp-playlist-next\"><\/div>\n\t<div class=\"wp-playlist-prev\"><\/div>\n\t<noscript>\n\t<ol>\n\t\t<li><a href='https:\/\/xinshengmanufacture.com\/wp-content\/uploads\/2025\/10\/\u5fae\u4fe1\u89c6\u98912025-10-29_174532_280.mp4'>\u5fae\u4fe1\u89c6\u98912025-10-29_174532_280<\/a><\/li>\t<\/ol>\n\t<\/noscript>\n\t<script type=\"application\/json\" class=\"wp-playlist-script\">{\"type\":\"video\",\"tracklist\":false,\"tracknumbers\":true,\"images\":true,\"artists\":true,\"tracks\":[{\"src\":\"https:\/\/xinshengmanufacture.com\/wp-content\/uploads\/2025\/10\/\\u5fae\\u4fe1\\u89c6\\u98912025-10-29_174532_280.mp4\",\"type\":\"video\/mp4\",\"title\":\"\\u5fae\\u4fe1\\u89c6\\u98912025-10-29_174532_280\",\"caption\":\"\",\"description\":\"\",\"meta\":{\"length_formatted\":\"0:45\"},\"dimensions\":{\"original\":{\"width\":1920,\"height\":1080},\"resized\":{\"width\":1408,\"height\":792}},\"image\":{\"src\":\"https:\/\/xinshengmanufacture.com\/wp-includes\/images\/media\/video.svg\",\"width\":48,\"height\":64},\"thumb\":{\"src\":\"https:\/\/xinshengmanufacture.com\/wp-includes\/images\/media\/video.svg\",\"width\":48,\"height\":64}}]}<\/script>\n<\/div>\n\t\n<p style=\"text-align: center;\"><img fetchpriority=\"high\" decoding=\"async\" class=\"size-full wp-image-82465 aligncenter\" src=\"https:\/\/xinshengmanufacture.com\/wp-content\/uploads\/2025\/10\/%E8%B6%85%E5%B7%A5%E5%AE%9A%E5%88%B6%E8%8B%B1%E6%96%87_011-1.jpg\" alt=\"\" width=\"1200\" height=\"1857\"> <img decoding=\"async\" class=\"size-full wp-image-82477 aligncenter\" src=\"https:\/\/xinshengmanufacture.com\/wp-content\/uploads\/2025\/10\/%E8%B6%85%E5%B7%A5%E5%AE%9A%E5%88%B6%E8%8B%B1%E6%96%87_021-1.jpg\" alt=\"\" width=\"1200\" height=\"1054\"> <img decoding=\"async\" class=\"size-full wp-image-82489 aligncenter\" src=\"https:\/\/xinshengmanufacture.com\/wp-content\/uploads\/2025\/10\/%E8%B6%85%E5%B7%A5%E5%AE%9A%E5%88%B6%E8%8B%B1%E6%96%87_031-1.jpg\" alt=\"\" width=\"1200\" height=\"1563\"> <img loading=\"lazy\" decoding=\"async\" class=\"size-full wp-image-82501 aligncenter\" src=\"https:\/\/xinshengmanufacture.com\/wp-content\/uploads\/2025\/10\/%E8%B6%85%E5%B7%A5%E5%AE%9A%E5%88%B6%E8%8B%B1%E6%96%87_041-1.jpg\" alt=\"\" width=\"1200\" height=\"1755\"> <img loading=\"lazy\" decoding=\"async\" class=\"size-full wp-image-82513 aligncenter\" src=\"https:\/\/xinshengmanufacture.com\/wp-content\/uploads\/2025\/10\/%E8%B6%85%E5%B7%A5%E5%AE%9A%E5%88%B6%E8%8B%B1%E6%96%87_051-1.jpg\" alt=\"\" width=\"1200\" height=\"2257\"><img loading=\"lazy\" decoding=\"async\" class=\"size-full wp-image-82525 aligncenter\" src=\"https:\/\/xinshengmanufacture.com\/wp-content\/uploads\/2025\/10\/%E5%9B%BD%E5%A4%96_01-4.jpg\" alt=\"\" width=\"1200\" height=\"2191\"> <img loading=\"lazy\" decoding=\"async\" class=\"size-full wp-image-82537 aligncenter\" src=\"https:\/\/xinshengmanufacture.com\/wp-content\/uploads\/2025\/10\/%E5%9B%BD%E5%A4%96_02-4.jpg\" alt=\"\" width=\"1200\" height=\"2265\"> <img loading=\"lazy\" decoding=\"async\" class=\"size-full wp-image-82549 aligncenter\" src=\"https:\/\/xinshengmanufacture.com\/wp-content\/uploads\/2025\/10\/%E5%9B%BD%E5%A4%96_03-4.jpg\" alt=\"\" width=\"1200\" height=\"1798\"> <img loading=\"lazy\" decoding=\"async\" class=\"size-full wp-image-82561 aligncenter\" src=\"https:\/\/xinshengmanufacture.com\/wp-content\/uploads\/2025\/10\/%E5%9B%BD%E5%A4%96_04-4.jpg\" alt=\"\" width=\"1200\" height=\"2036\"> <img loading=\"lazy\" decoding=\"async\" class=\"aligncenter wp-image-82573\" src=\"https:\/\/xinshengmanufacture.com\/wp-content\/uploads\/2025\/10\/%E5%9B%BD%E5%A4%96_05-4.jpg\" alt=\"\" width=\"1200\" height=\"2671\"> <img loading=\"lazy\" decoding=\"async\" class=\"size-full wp-image-82585 aligncenter\" src=\"https:\/\/xinshengmanufacture.com\/wp-content\/uploads\/2025\/10\/%E5%9B%BD%E5%A4%96_06-4.jpg\" alt=\"\" width=\"1200\" height=\"2089\"> <img loading=\"lazy\" decoding=\"async\" class=\"size-full wp-image-82597 aligncenter\" src=\"https:\/\/xinshengmanufacture.com\/wp-content\/uploads\/2025\/10\/%E5%9B%BD%E5%A4%96_07-4.jpg\" alt=\"\" width=\"1200\" height=\"2031\"> <img loading=\"lazy\" decoding=\"async\" class=\"size-full wp-image-82609 aligncenter\" src=\"https:\/\/xinshengmanufacture.com\/wp-content\/uploads\/2025\/10\/%E5%9B%BD%E5%A4%96_08-4.jpg\" alt=\"\" width=\"1200\" height=\"2111\"> <img loading=\"lazy\" decoding=\"async\" class=\"size-full wp-image-82621 aligncenter\" src=\"https:\/\/xinshengmanufacture.com\/wp-content\/uploads\/2025\/10\/%E5%9B%BD%E5%A4%96_09-4.jpg\" alt=\"\" width=\"1200\" height=\"2273\"> <img loading=\"lazy\" decoding=\"async\" class=\"size-full wp-image-82633 aligncenter\" src=\"https:\/\/xinshengmanufacture.com\/wp-content\/uploads\/2025\/10\/%E5%9B%BD%E5%A4%96_10-4.jpg\" alt=\"\" width=\"1200\" height=\"2465\"> <img loading=\"lazy\" decoding=\"async\" class=\"aligncenter wp-image-82645\" src=\"https:\/\/xinshengmanufacture.com\/wp-content\/uploads\/2025\/10\/%E5%9B%BD%E5%A4%96_11-4.jpg\" alt=\"\" width=\"1200\" height=\"2813\"> <img loading=\"lazy\" decoding=\"async\" class=\"size-full wp-image-82657 aligncenter\" src=\"https:\/\/xinshengmanufacture.com\/wp-content\/uploads\/2025\/10\/%E5%9B%BD%E5%A4%96_12-3.jpg\" alt=\"\" width=\"1200\" height=\"2464\"> <img loading=\"lazy\" decoding=\"async\" class=\"size-full wp-image-82669 aligncenter\" src=\"https:\/\/xinshengmanufacture.com\/wp-content\/uploads\/2025\/10\/%E5%9B%BD%E5%A4%96_13-2.jpg\" alt=\"\" width=\"1200\" height=\"1799\"><\/p>\n","protected":false},"excerpt":{"rendered":"<p>Die hochwertigen Luxus-Pedik\u00fcrest\u00fchle eignen sich f\u00fcr Sch\u00f6nheitssalons, Nagelstudios, Fu\u00dfbadezentren, Spas und andere \u00e4hnliche Einrichtungen und k\u00f6nnen farblich angepasst werden.<\/p>\n","protected":false},"featured_media":82792,"template":"","meta":{"_bst_post_transparent":"","_bst_post_title":"","_bst_post_layout":"","_bst_post_sidebar_id":"","_bst_post_content_style":"","_bst_post_vertical_padding":"","_bst_post_feature":"","_bst_post_feature_position":"","_bst_post_header":false,"_bst_post_footer":false},"product_brand":[1084],"product_cat":[815],"product_tag":[],"class_list":{"0":"post-83137","1":"product","2":"type-product","3":"status-publish","4":"has-post-thumbnail","6":"product_brand-xinsheng-de","7":"product_cat-fusbad-pedikurestuhl","8":"pa_color-benutzerdefinierte-farben","9":"pa_color-rosa-de","10":"pa_size-160cm85cm155cm","12":"first","13":"instock","14":"sale","15":"shipping-taxable","16":"purchasable","17":"product-type-variable","18":"entry","19":"content-bg","20":"loop-entry"},"_links":{"self":[{"href":"https:\/\/xinshengmanufacture.com\/de\/wp-json\/wp\/v2\/product\/83137","targetHints":{"allow":["GET"]}}],"collection":[{"href":"https:\/\/xinshengmanufacture.com\/de\/wp-json\/wp\/v2\/product"}],"about":[{"href":"https:\/\/xinshengmanufacture.com\/de\/wp-json\/wp\/v2\/types\/product"}],"version-history":[{"count":6,"href":"https:\/\/xinshengmanufacture.com\/de\/wp-json\/wp\/v2\/product\/83137\/revisions"}],"predecessor-version":[{"id":83152,"href":"https:\/\/xinshengmanufacture.com\/de\/wp-json\/wp\/v2\/product\/83137\/revisions\/83152"}],"wp:featuredmedia":[{"embeddable":true,"href":"https:\/\/xinshengmanufacture.com\/de\/wp-json\/wp\/v2\/media\/82792"}],"wp:attachment":[{"href":"https:\/\/xinshengmanufacture.com\/de\/wp-json\/wp\/v2\/media?parent=83137"}],"wp:term":[{"taxonomy":"product_brand","embeddable":true,"href":"https:\/\/xinshengmanufacture.com\/de\/wp-json\/wp\/v2\/product_brand?post=83137"},{"taxonomy":"product_cat","embeddable":true,"href":"https:\/\/xinshengmanufacture.com\/de\/wp-json\/wp\/v2\/product_cat?post=83137"},{"taxonomy":"product_tag","embeddable":true,"href":"https:\/\/xinshengmanufacture.com\/de\/wp-json\/wp\/v2\/product_tag?post=83137"}],"curies":[{"name":"wp","href":"https:\/\/api.w.org\/{rel}","templated":true}]}}