{"id":87869,"date":"2026-01-31T07:31:33","date_gmt":"2026-01-31T07:31:33","guid":{"rendered":"https:\/\/xinshengmanufacture.com\/product\/elegantes-und-tragbares-schoenheitsbett-salonmoebel-elektrisch-anhebbares-schoenheitsbett-mit-verstellbarer-hoehe-geeignet-fuer-schoenheitssalons-spas-und-wimpernverlaengerungsdienste-direktvertri\/"},"modified":"2026-01-31T07:31:33","modified_gmt":"2026-01-31T07:31:33","slug":"elegantes-und-tragbares-schoenheitsbett-salonmoebel-elektrisch-anhebbares-schoenheitsbett-mit-verstellbarer-hoehe-geeignet-fuer-schoenheitssalons-spas-und-wimpernverlaengerungsdienste-direktvertri","status":"publish","type":"product","link":"https:\/\/xinshengmanufacture.com\/de\/product\/elegantes-und-tragbares-schoenheitsbett-salonmoebel-elektrisch-anhebbares-schoenheitsbett-mit-verstellbarer-hoehe-geeignet-fuer-schoenheitssalons-spas-und-wimpernverlaengerungsdienste-direktvertri\/","title":{"rendered":"Elegantes und tragbares Sch\u00f6nheitsbett\/Salonm\u00f6bel, elektrisch anhebbares Sch\u00f6nheitsbett mit verstellbarer H\u00f6he, geeignet f\u00fcr Sch\u00f6nheitssalons, Spas und Wimpernverl\u00e4ngerungsdienste. Direktvertrieb ab Werk, anpassbare Farben verf\u00fcgbar."},"content":{"rendered":"<p style=\"text-align: center;\"><img fetchpriority=\"high\" decoding=\"async\" class=\"size-full wp-image-87664 aligncenter\" src=\"https:\/\/xinshengmanufacture.com\/wp-content\/uploads\/2026\/01\/%E8%B6%85%E5%B7%A5%E5%AE%9A%E5%88%B6%E8%8B%B1%E6%96%87_011.jpg\" alt=\"\" width=\"1200\" height=\"1857\"> <img decoding=\"async\" class=\"size-full wp-image-87665 aligncenter\" src=\"https:\/\/xinshengmanufacture.com\/wp-content\/uploads\/2026\/01\/%E8%B6%85%E5%B7%A5%E5%AE%9A%E5%88%B6%E8%8B%B1%E6%96%87_021.jpg\" alt=\"\" width=\"1200\" height=\"1054\"> <img decoding=\"async\" class=\"size-full wp-image-87666 aligncenter\" src=\"https:\/\/xinshengmanufacture.com\/wp-content\/uploads\/2026\/01\/%E8%B6%85%E5%B7%A5%E5%AE%9A%E5%88%B6%E8%8B%B1%E6%96%87_031.jpg\" alt=\"\" width=\"1200\" height=\"1563\"> <img loading=\"lazy\" decoding=\"async\" class=\"size-full wp-image-87667 aligncenter\" src=\"https:\/\/xinshengmanufacture.com\/wp-content\/uploads\/2026\/01\/%E8%B6%85%E5%B7%A5%E5%AE%9A%E5%88%B6%E8%8B%B1%E6%96%87_041.jpg\" alt=\"\" width=\"1200\" height=\"1755\"> <img loading=\"lazy\" decoding=\"async\" class=\"size-full wp-image-87668 aligncenter\" src=\"https:\/\/xinshengmanufacture.com\/wp-content\/uploads\/2026\/01\/%E8%B6%85%E5%B7%A5%E5%AE%9A%E5%88%B6%E8%8B%B1%E6%96%87_051.jpg\" alt=\"\" width=\"1200\" height=\"2257\"><img loading=\"lazy\" decoding=\"async\" class=\"size-full wp-image-87669 aligncenter\" src=\"https:\/\/xinshengmanufacture.com\/wp-content\/uploads\/2026\/01\/%E7%BE%8E%E5%AE%B9%E6%A4%85_01.jpg\" alt=\"\" width=\"1200\" height=\"2542\"> <img loading=\"lazy\" decoding=\"async\" class=\"size-full wp-image-87670 aligncenter\" src=\"https:\/\/xinshengmanufacture.com\/wp-content\/uploads\/2026\/01\/%E7%BE%8E%E5%AE%B9%E6%A4%85_02.jpg\" alt=\"\" width=\"1200\" height=\"1755\"> <img loading=\"lazy\" decoding=\"async\" class=\"aligncenter wp-image-87671\" src=\"https:\/\/xinshengmanufacture.com\/wp-content\/uploads\/2026\/01\/%E7%BE%8E%E5%AE%B9%E6%A4%85_03.jpg\" alt=\"\" width=\"1200\" height=\"2721\"> <img loading=\"lazy\" decoding=\"async\" class=\"size-full wp-image-87672 aligncenter\" src=\"https:\/\/xinshengmanufacture.com\/wp-content\/uploads\/2026\/01\/%E7%BE%8E%E5%AE%B9%E6%A4%85_04.jpg\" alt=\"\" width=\"1200\" height=\"2096\"> <img loading=\"lazy\" decoding=\"async\" class=\"size-full wp-image-87673 aligncenter\" src=\"https:\/\/xinshengmanufacture.com\/wp-content\/uploads\/2026\/01\/%E7%BE%8E%E5%AE%B9%E6%A4%85_05.jpg\" alt=\"\" width=\"1200\" height=\"2011\"> <img loading=\"lazy\" decoding=\"async\" class=\"size-full wp-image-87674 aligncenter\" src=\"https:\/\/xinshengmanufacture.com\/wp-content\/uploads\/2026\/01\/%E7%BE%8E%E5%AE%B9%E6%A4%85_06.jpg\" alt=\"\" width=\"1200\" height=\"2308\"> <img loading=\"lazy\" decoding=\"async\" class=\"aligncenter wp-image-87675\" src=\"https:\/\/xinshengmanufacture.com\/wp-content\/uploads\/2026\/01\/%E7%BE%8E%E5%AE%B9%E6%A4%85_07.jpg\" alt=\"\" width=\"1200\" height=\"4123\"> <img loading=\"lazy\" decoding=\"async\" class=\"size-full wp-image-87676 aligncenter\" src=\"https:\/\/xinshengmanufacture.com\/wp-content\/uploads\/2026\/01\/%E7%BE%8E%E5%AE%B9%E6%A4%85_08.jpg\" alt=\"\" width=\"1200\" height=\"1766\"> <img loading=\"lazy\" decoding=\"async\" class=\"aligncenter wp-image-87677\" src=\"https:\/\/xinshengmanufacture.com\/wp-content\/uploads\/2026\/01\/%E7%BE%8E%E5%AE%B9%E6%A4%85_09.jpg\" alt=\"\" width=\"1200\" height=\"2648\"> <img loading=\"lazy\" decoding=\"async\" class=\"size-full wp-image-87678 aligncenter\" src=\"https:\/\/xinshengmanufacture.com\/wp-content\/uploads\/2026\/01\/%E7%BE%8E%E5%AE%B9%E6%A4%85_10.jpg\" alt=\"\" width=\"1200\" height=\"2436\"><\/p>\n","protected":false},"excerpt":{"rendered":"<p>Elegantes und tragbares elektrisches Hebe-Beautybett, geeignet f\u00fcr den Einsatz in Sch\u00f6nheitssalons, Sch\u00f6nheitszentren, Spas, Nagelstudios und anderen Orten. Direkt aus der Fabrik, Gro\u00dfhandelspreis auch f\u00fcr Einzelst\u00fccke. Kundenspezifische Farben verf\u00fcgbar.  <\/p>\n","protected":false},"featured_media":87875,"template":"","meta":{"_bst_post_transparent":"","_bst_post_title":"","_bst_post_layout":"","_bst_post_sidebar_id":"","_bst_post_content_style":"","_bst_post_vertical_padding":"","_bst_post_feature":"","_bst_post_feature_position":"","_bst_post_header":false,"_bst_post_footer":false},"product_brand":[1084],"product_cat":[857],"product_tag":[],"class_list":{"0":"post-87869","1":"product","2":"type-product","3":"status-publish","4":"has-post-thumbnail","6":"product_brand-xinsheng-de","7":"product_cat-schonheitsbett","8":"pa_color-benutzerdefinierte-farben","9":"pa_color-weis","10":"pa_size-195cm80cm98cm","12":"first","13":"instock","14":"sale","15":"shipping-taxable","16":"purchasable","17":"product-type-variable","18":"entry","19":"content-bg","20":"loop-entry"},"_links":{"self":[{"href":"https:\/\/xinshengmanufacture.com\/de\/wp-json\/wp\/v2\/product\/87869","targetHints":{"allow":["GET"]}}],"collection":[{"href":"https:\/\/xinshengmanufacture.com\/de\/wp-json\/wp\/v2\/product"}],"about":[{"href":"https:\/\/xinshengmanufacture.com\/de\/wp-json\/wp\/v2\/types\/product"}],"version-history":[{"count":0,"href":"https:\/\/xinshengmanufacture.com\/de\/wp-json\/wp\/v2\/product\/87869\/revisions"}],"wp:featuredmedia":[{"embeddable":true,"href":"https:\/\/xinshengmanufacture.com\/de\/wp-json\/wp\/v2\/media\/87875"}],"wp:attachment":[{"href":"https:\/\/xinshengmanufacture.com\/de\/wp-json\/wp\/v2\/media?parent=87869"}],"wp:term":[{"taxonomy":"product_brand","embeddable":true,"href":"https:\/\/xinshengmanufacture.com\/de\/wp-json\/wp\/v2\/product_brand?post=87869"},{"taxonomy":"product_cat","embeddable":true,"href":"https:\/\/xinshengmanufacture.com\/de\/wp-json\/wp\/v2\/product_cat?post=87869"},{"taxonomy":"product_tag","embeddable":true,"href":"https:\/\/xinshengmanufacture.com\/de\/wp-json\/wp\/v2\/product_tag?post=87869"}],"curies":[{"name":"wp","href":"https:\/\/api.w.org\/{rel}","templated":true}]}}