{"id":30879,"date":"2025-03-31T03:20:41","date_gmt":"2025-03-31T03:20:41","guid":{"rendered":"https:\/\/xinshengmanufacture.com\/conviertete-en-nuestro-agente\/"},"modified":"2025-06-20T09:16:05","modified_gmt":"2025-06-20T09:16:05","slug":"conviertete-en-nuestro-agente","status":"publish","type":"page","link":"https:\/\/xinshengmanufacture.com\/es\/conviertete-en-nuestro-agente\/","title":{"rendered":"Convi\u00e9rtete en nuestro agente"},"content":{"rendered":"\t\t<div data-elementor-type=\"wp-page\" data-elementor-id=\"30879\" class=\"elementor elementor-30879 elementor-3234\" data-elementor-post-type=\"page\">\n\t\t\t\t<div class=\"elementor-element elementor-element-f6e8795 e-flex e-con-boxed e-con e-parent\" data-id=\"f6e8795\" data-element_type=\"container\" data-e-type=\"container\">\n\t\t\t\t\t<div class=\"e-con-inner\">\n\t\t\t\t<div class=\"elementor-element elementor-element-788c83e elementor-widget elementor-widget-text-editor\" data-id=\"788c83e\" data-element_type=\"widget\" data-e-type=\"widget\" data-widget_type=\"text-editor.default\">\n\t\t\t\t<div class=\"elementor-widget-container\">\n\t\t\t\t\t\t\t\t\t<p>Damos la bienvenida a amigos de todo el mundo para que se conviertan en nuestros agentes, y abrimos el cupo incondicionalmente y no te cobraremos ninguna comisi\u00f3n de agente. Si vas a vender nuestros productos en tu tienda en l\u00ednea o en una tienda online, s\u00f3lo tienes que llegar a un acuerdo de cooperaci\u00f3n con nosotros y obtener nuestro certificado de autorizaci\u00f3n de agente distribuidor. Si tienes esta idea, rellena nuestro formulario de solicitud de agente. Revisaremos tu informaci\u00f3n y nos pondremos en contacto contigo despu\u00e9s de recibirla. Si te conviertes en nuestro agente por decisi\u00f3n nuestra, debes cumplir varias condiciones. Debes cumplir nuestro contrato de cooperaci\u00f3n entre agentes y distribuidores:     <\/p><p>1: Debes comprarnos productos a nosotros, y no debes comprar productos de otros fabricantes bajo el nombre de nuestra imagen de marca. Si descubrimos tales acciones, presentaremos una demanda contra ti para proteger los derechos e intereses de nuestra marca, y t\u00fa asumir\u00e1s todas las consecuencias. <\/p><p>2: Tanto si vendes en una tienda online como en una tienda f\u00edsica, el precio que vendas no debe ser inferior al precio de venta en nuestra tienda web actual. Si se descubre que alteras el precio de mercado de nuestros productos, tomaremos todas las medidas para proteger los derechos e intereses de nuestra marca. <\/p><p>3: Dado que la mayor\u00eda de nuestros productos son personalizados, y que el tipo de producto final puede ser diferente debido a las distintas necesidades de los clientes, cuando nos hagas un pedido y dejes que nuestra f\u00e1brica inicie la producci\u00f3n, no aceptaremos reembolsos ni devoluciones de pedidos. Todo se llevar\u00e1 a cabo seg\u00fan el plan original del pedido, por lo que debes confirmar estrictamente con tus clientes si el pedido est\u00e1 listo para iniciar la producci\u00f3n. No aceptamos reembolsos ni devoluciones de pedidos, a menos que el pedido recibido est\u00e9 da\u00f1ado o falten piezas, podemos proporcionarte la reemisi\u00f3n de las piezas que falten o una compensaci\u00f3n por la p\u00e9rdida.  <\/p>\t\t\t\t\t\t\t\t<\/div>\n\t\t\t\t<\/div>\n\t\t\t\t\t<\/div>\n\t\t\t\t<\/div>\n\t\t<div class=\"elementor-element elementor-element-be884fd e-flex e-con-boxed e-con e-parent\" data-id=\"be884fd\" data-element_type=\"container\" data-e-type=\"container\">\n\t\t\t\t\t<div class=\"e-con-inner\">\n\t\t\t\t<div class=\"elementor-element elementor-element-e50b512 elementor-widget elementor-widget-heading\" data-id=\"e50b512\" data-element_type=\"widget\" data-e-type=\"widget\" data-widget_type=\"heading.default\">\n\t\t\t\t<div class=\"elementor-widget-container\">\n\t\t\t\t\t<h2 class=\"elementor-heading-title elementor-size-default\">Ponte en contacto con nosotros a trav\u00e9s del formulario o WhatsApp\uff1a+86 5817858259<\/h2>\t\t\t\t<\/div>\n\t\t\t\t<\/div>\n\t\t\t\t\t<\/div>\n\t\t\t\t<\/div>\n\t\t<div class=\"elementor-element elementor-element-652545a e-flex e-con-boxed e-con e-parent\" data-id=\"652545a\" data-element_type=\"container\" data-e-type=\"container\" data-settings=\"{&quot;background_background&quot;:&quot;classic&quot;}\">\n\t\t\t\t\t<div class=\"e-con-inner\">\n\t\t\t\t\t<\/div>\n\t\t\t\t<\/div>\n\t\t<div class=\"elementor-element elementor-element-999668a e-flex e-con-boxed e-con e-parent\" data-id=\"999668a\" data-element_type=\"container\" data-e-type=\"container\" data-settings=\"{&quot;background_background&quot;:&quot;classic&quot;}\">\n\t\t\t\t\t<div class=\"e-con-inner\">\n\t\t\t\t<div class=\"elementor-element elementor-element-eccdf66 elementor-widget elementor-widget-shortcode\" data-id=\"eccdf66\" data-element_type=\"widget\" data-e-type=\"widget\" data-widget_type=\"shortcode.default\">\n\t\t\t\t<div class=\"elementor-widget-container\">\n\t\t\t\t\t\t\t<div class=\"elementor-shortcode\">\n<div class=\"wpcf7 no-js\" id=\"wpcf7-f49276-o1\" lang=\"es-ES\" dir=\"ltr\" data-wpcf7-id=\"49276\">\n<div class=\"screen-reader-response\"><p role=\"status\" aria-live=\"polite\" aria-atomic=\"true\"><\/p> <ul><\/ul><\/div>\n<form action=\"\/es\/wp-json\/wp\/v2\/pages\/30879#wpcf7-f49276-o1\" method=\"post\" class=\"wpcf7-form init\" aria-label=\"Formulario de contacto\" novalidate=\"novalidate\" data-status=\"init\">\n<fieldset class=\"hidden-fields-container\"><input type=\"hidden\" name=\"_wpcf7\" value=\"49276\" \/><input type=\"hidden\" name=\"_wpcf7_version\" value=\"6.1.5\" \/><input type=\"hidden\" name=\"_wpcf7_locale\" value=\"es_ES\" \/><input type=\"hidden\" name=\"_wpcf7_unit_tag\" value=\"wpcf7-f49276-o1\" \/><input type=\"hidden\" name=\"_wpcf7_container_post\" value=\"0\" \/><input type=\"hidden\" name=\"_wpcf7_posted_data_hash\" value=\"\" \/>\n<\/fieldset>\n<p><label> Tu nombre<br \/>\n<span class=\"wpcf7-form-control-wrap\" data-name=\"your-name\"><input size=\"40\" maxlength=\"400\" class=\"wpcf7-form-control wpcf7-text wpcf7-validates-as-required\" autocomplete=\"name\" aria-required=\"true\" aria-invalid=\"false\" value=\"\" type=\"text\" name=\"your-name\" \/><\/span> <\/label>\n<\/p>\n<p><label> Tu correo electr\u00f3nico<br \/>\n<span class=\"wpcf7-form-control-wrap\" data-name=\"your-email\"><input size=\"40\" maxlength=\"400\" class=\"wpcf7-form-control wpcf7-email wpcf7-validates-as-required wpcf7-text wpcf7-validates-as-email\" autocomplete=\"email\" aria-required=\"true\" aria-invalid=\"false\" value=\"\" type=\"email\" name=\"your-email\" \/><\/span> <\/label>\n<\/p>\n<p><label> Asunto<br \/>\n<span class=\"wpcf7-form-control-wrap\" data-name=\"your-subject\"><input size=\"40\" maxlength=\"400\" class=\"wpcf7-form-control wpcf7-text wpcf7-validates-as-required\" aria-required=\"true\" aria-invalid=\"false\" value=\"\" type=\"text\" name=\"your-subject\" \/><\/span> <\/label>\n<\/p>\n<p><label> Tu mensaje (opcional)<br \/>\n<span class=\"wpcf7-form-control-wrap\" data-name=\"your-message\"><textarea cols=\"40\" rows=\"10\" maxlength=\"2000\" class=\"wpcf7-form-control wpcf7-textarea\" aria-invalid=\"false\" name=\"your-message\"><\/textarea><\/span> <\/label>\n<\/p>\n<p><input class=\"wpcf7-form-control wpcf7-submit has-spinner\" type=\"submit\" value=\"Env\u00eda\" \/>\n<\/p><div class=\"wpcf7-response-output\" aria-hidden=\"true\"><\/div>\n<\/form>\n<\/div>\n<\/div>\n\t\t\t\t\t\t<\/div>\n\t\t\t\t<\/div>\n\t\t\t\t\t<\/div>\n\t\t\t\t<\/div>\n\t\t<div class=\"elementor-element elementor-element-00cb3ff e-flex e-con-boxed e-con e-parent\" data-id=\"00cb3ff\" data-element_type=\"container\" data-e-type=\"container\">\n\t\t\t\t\t<div class=\"e-con-inner\">\n\t\t\t\t\t<\/div>\n\t\t\t\t<\/div>\n\t\t\t\t<\/div>\n\t\t","protected":false},"excerpt":{"rendered":"<p>Damos la bienvenida a amigos de todo el mundo para que se conviertan en nuestros agentes, y abrimos el cupo incondicionalmente y no te cobraremos ninguna comisi\u00f3n de agente. Si vas a vender nuestros productos en tu tienda en l\u00ednea o en una tienda online, s\u00f3lo tienes que llegar a un acuerdo de cooperaci\u00f3n con&#8230;<\/p>\n","protected":false},"author":1,"featured_media":0,"parent":0,"menu_order":0,"comment_status":"closed","ping_status":"closed","template":"","meta":{"_bst_post_transparent":"","_bst_post_title":"","_bst_post_layout":"","_bst_post_sidebar_id":"","_bst_post_content_style":"","_bst_post_vertical_padding":"","_bst_post_feature":"","_bst_post_feature_position":"","_bst_post_header":false,"_bst_post_footer":false,"footnotes":""},"class_list":["post-30879","page","type-page","status-publish","hentry"],"_links":{"self":[{"href":"https:\/\/xinshengmanufacture.com\/es\/wp-json\/wp\/v2\/pages\/30879","targetHints":{"allow":["GET"]}}],"collection":[{"href":"https:\/\/xinshengmanufacture.com\/es\/wp-json\/wp\/v2\/pages"}],"about":[{"href":"https:\/\/xinshengmanufacture.com\/es\/wp-json\/wp\/v2\/types\/page"}],"author":[{"embeddable":true,"href":"https:\/\/xinshengmanufacture.com\/es\/wp-json\/wp\/v2\/users\/1"}],"replies":[{"embeddable":true,"href":"https:\/\/xinshengmanufacture.com\/es\/wp-json\/wp\/v2\/comments?post=30879"}],"version-history":[{"count":2,"href":"https:\/\/xinshengmanufacture.com\/es\/wp-json\/wp\/v2\/pages\/30879\/revisions"}],"predecessor-version":[{"id":30884,"href":"https:\/\/xinshengmanufacture.com\/es\/wp-json\/wp\/v2\/pages\/30879\/revisions\/30884"}],"wp:attachment":[{"href":"https:\/\/xinshengmanufacture.com\/es\/wp-json\/wp\/v2\/media?parent=30879"}],"curies":[{"name":"wp","href":"https:\/\/api.w.org\/{rel}","templated":true}]}}