{"id":32996,"date":"2025-04-17T07:03:29","date_gmt":"2025-04-17T07:03:29","guid":{"rendered":"https:\/\/xinshengmanufacture.com\/product\/cama-de-champu-tailandes-cama-de-masaje-capilar-apoya-la-personalizacion-con-la-circulacion-de-agua-de-fumigacion-bano-de-pies-centro-de-terapia-de-cabeza-cama-de-spa-cama-de-peluqueria-equipo-comerci\/"},"modified":"2025-08-26T08:04:28","modified_gmt":"2025-08-26T08:04:28","slug":"cama-de-champu-tailandes-cama-de-masaje-capilar-apoya-la-personalizacion-con-la-circulacion-de-agua-de-fumigacion-bano-de-pies-centro-de-terapia-de-cabeza-cama-de-spa-cama-de-peluqueria-equipo-comerci","status":"publish","type":"product","link":"https:\/\/xinshengmanufacture.com\/es\/product\/cama-de-champu-tailandes-cama-de-masaje-capilar-apoya-la-personalizacion-con-la-circulacion-de-agua-de-fumigacion-bano-de-pies-centro-de-terapia-de-cabeza-cama-de-spa-cama-de-peluqueria-equipo-comerci\/","title":{"rendered":"cama de champ\u00fa tailand\u00e9s cama de masaje capilar apoya la personalizaci\u00f3n con la circulaci\u00f3n de agua de fumigaci\u00f3n ba\u00f1o de pies centro de terapia de cabeza cama de spa cama de peluquer\u00eda equipo comercial"},"content":{"rendered":"<div class=\"wp-playlist wp-video-playlist wp-playlist-light\">\n\t\t<video controls=\"controls\" preload=\"none\" width=\"1408\"\n\t\t height=\"2503\"\t><\/video>\n\t<div class=\"wp-playlist-next\"><\/div>\n\t<div class=\"wp-playlist-prev\"><\/div>\n\t<noscript>\n\t<ol>\n\t\t<li><a href='https:\/\/xinshengmanufacture.com\/wp-content\/uploads\/2025\/04\/WeChat_20250417145652.mp4'>WeChat_20250417145652<\/a><\/li>\t<\/ol>\n\t<\/noscript>\n\t<script type=\"application\/json\" class=\"wp-playlist-script\">{\"type\":\"video\",\"tracklist\":false,\"tracknumbers\":true,\"images\":true,\"artists\":true,\"tracks\":[{\"src\":\"https:\/\/xinshengmanufacture.com\/wp-content\/uploads\/2025\/04\/WeChat_20250417145652.mp4\",\"type\":\"video\/mp4\",\"title\":\"WeChat_20250417145652\",\"caption\":\"\",\"description\":\"\",\"meta\":{\"length_formatted\":\"0:45\"},\"dimensions\":{\"original\":{\"width\":1080,\"height\":1920},\"resized\":{\"width\":1408,\"height\":2503}},\"image\":{\"src\":\"https:\/\/xinshengmanufacture.com\/wp-includes\/images\/media\/video.svg\",\"width\":48,\"height\":64},\"thumb\":{\"src\":\"https:\/\/xinshengmanufacture.com\/wp-includes\/images\/media\/video.svg\",\"width\":48,\"height\":64}}]}<\/script>\n<\/div>\n\t\n<p style=\"text-align: center;\"><img fetchpriority=\"high\" decoding=\"async\" class=\"size-full wp-image-4338 aligncenter\" src=\"https:\/\/xinshengmanufacture.com\/wp-content\/uploads\/2025\/04\/%E8%B6%85%E5%B7%A5%E5%AE%9A%E5%88%B6%E8%8B%B1%E6%96%87_01-5.jpg\" alt=\"\" width=\"790\" height=\"1223\"><img decoding=\"async\" class=\"size-full wp-image-4339 aligncenter\" src=\"https:\/\/xinshengmanufacture.com\/wp-content\/uploads\/2025\/04\/%E8%B6%85%E5%B7%A5%E5%AE%9A%E5%88%B6%E8%8B%B1%E6%96%87_02-5.jpg\" alt=\"\" width=\"790\" height=\"694\"><img decoding=\"async\" class=\"size-full wp-image-4340 aligncenter\" src=\"https:\/\/xinshengmanufacture.com\/wp-content\/uploads\/2025\/04\/%E8%B6%85%E5%B7%A5%E5%AE%9A%E5%88%B6%E8%8B%B1%E6%96%87_03-5.jpg\" alt=\"\" width=\"790\" height=\"1029\"><img loading=\"lazy\" decoding=\"async\" class=\"size-full wp-image-4341 aligncenter\" src=\"https:\/\/xinshengmanufacture.com\/wp-content\/uploads\/2025\/04\/%E8%B6%85%E5%B7%A5%E5%AE%9A%E5%88%B6%E8%8B%B1%E6%96%87_04-5.jpg\" alt=\"\" width=\"790\" height=\"1156\"><img loading=\"lazy\" decoding=\"async\" class=\"size-full wp-image-4342 aligncenter\" src=\"https:\/\/xinshengmanufacture.com\/wp-content\/uploads\/2025\/04\/%E8%B6%85%E5%B7%A5%E5%AE%9A%E5%88%B6%E8%8B%B1%E6%96%87_05-5.jpg\" alt=\"\" width=\"790\" height=\"1486\"><img loading=\"lazy\" decoding=\"async\" class=\"size-full wp-image-4351 aligncenter\" src=\"https:\/\/xinshengmanufacture.com\/wp-content\/uploads\/2025\/04\/%E6%9C%AA%E6%A0%87%E9%A2%98-1wai_02.jpg\" alt=\"\" width=\"786\" height=\"1291\"> <img loading=\"lazy\" decoding=\"async\" class=\"alignundefined wp-image-4405 size-full aligncenter\" src=\"https:\/\/xinshengmanufacture.com\/wp-content\/uploads\/2025\/04\/1-13-1.jpg\" alt=\"\" width=\"786\" height=\"1193\" srcset=\"https:\/\/xinshengmanufacture.com\/wp-content\/uploads\/2025\/04\/1-13-1.jpg 786w, https:\/\/xinshengmanufacture.com\/wp-content\/uploads\/2025\/04\/1-13-1-600x911.jpg 600w, https:\/\/xinshengmanufacture.com\/wp-content\/uploads\/2025\/04\/1-13-1-198x300.jpg 198w, https:\/\/xinshengmanufacture.com\/wp-content\/uploads\/2025\/04\/1-13-1-675x1024.jpg 675w, https:\/\/xinshengmanufacture.com\/wp-content\/uploads\/2025\/04\/1-13-1-768x1166.jpg 768w\" sizes=\"(max-width: 786px) 100vw, 786px\" \/><img loading=\"lazy\" decoding=\"async\" class=\"alignundefined wp-image-4413 aligncenter\" src=\"https:\/\/xinshengmanufacture.com\/wp-content\/uploads\/2025\/04\/1-21-1.jpg\" alt=\"\" width=\"786\" height=\"917\" srcset=\"https:\/\/xinshengmanufacture.com\/wp-content\/uploads\/2025\/04\/1-21-1.jpg 786w, https:\/\/xinshengmanufacture.com\/wp-content\/uploads\/2025\/04\/1-21-1-600x700.jpg 600w, https:\/\/xinshengmanufacture.com\/wp-content\/uploads\/2025\/04\/1-21-1-257x300.jpg 257w, https:\/\/xinshengmanufacture.com\/wp-content\/uploads\/2025\/04\/1-21-1-768x896.jpg 768w\" sizes=\"(max-width: 786px) 100vw, 786px\" \/> <img loading=\"lazy\" decoding=\"async\" class=\"size-full wp-image-4353 aligncenter\" src=\"https:\/\/xinshengmanufacture.com\/wp-content\/uploads\/2025\/04\/%E6%9C%AA%E6%A0%87%E9%A2%98-1wai_05.jpg\" alt=\"\" width=\"786\" height=\"1179\"> <img loading=\"lazy\" decoding=\"async\" class=\"size-full wp-image-4354 aligncenter\" src=\"https:\/\/xinshengmanufacture.com\/wp-content\/uploads\/2025\/04\/%E6%9C%AA%E6%A0%87%E9%A2%98-1wai_06.jpg\" alt=\"\" width=\"786\" height=\"1199\"> <img loading=\"lazy\" decoding=\"async\" class=\"size-full wp-image-4355 aligncenter\" src=\"https:\/\/xinshengmanufacture.com\/wp-content\/uploads\/2025\/04\/%E6%9C%AA%E6%A0%87%E9%A2%98-1wai_07.jpg\" alt=\"\" width=\"786\" height=\"1223\"> <img loading=\"lazy\" decoding=\"async\" class=\"size-full wp-image-4356 aligncenter\" src=\"https:\/\/xinshengmanufacture.com\/wp-content\/uploads\/2025\/04\/%E6%9C%AA%E6%A0%87%E9%A2%98-1wai_08.jpg\" alt=\"\" width=\"786\" height=\"2028\"> <img loading=\"lazy\" decoding=\"async\" class=\"size-full wp-image-4357 aligncenter\" src=\"https:\/\/xinshengmanufacture.com\/wp-content\/uploads\/2025\/04\/%E6%9C%AA%E6%A0%87%E9%A2%98-1wai_09.jpg\" alt=\"\" width=\"786\" height=\"1191\"> <img loading=\"lazy\" decoding=\"async\" class=\"size-full wp-image-4358 aligncenter\" src=\"https:\/\/xinshengmanufacture.com\/wp-content\/uploads\/2025\/04\/%E6%9C%AA%E6%A0%87%E9%A2%98-1wai_10.jpg\" alt=\"\" width=\"786\" height=\"1086\"> <img loading=\"lazy\" decoding=\"async\" class=\"size-full wp-image-4359 aligncenter\" src=\"https:\/\/xinshengmanufacture.com\/wp-content\/uploads\/2025\/04\/%E6%9C%AA%E6%A0%87%E9%A2%98-1wai_11.jpg\" alt=\"\" width=\"786\" height=\"1065\"> <img loading=\"lazy\" decoding=\"async\" class=\"size-full wp-image-4360 aligncenter\" src=\"https:\/\/xinshengmanufacture.com\/wp-content\/uploads\/2025\/04\/%E6%9C%AA%E6%A0%87%E9%A2%98-1wai_12.jpg\" alt=\"\" width=\"786\" height=\"1575\"><\/p>\n<div id=\"gtx-trans\" style=\"position: absolute; left: 737px; top: 35px;\">\n<div class=\"gtx-trans-icon\"><\/div>\n<\/div>\n","protected":false},"excerpt":{"rendered":"<p>La cama de champ\u00fa para masaje tailand\u00e9s puede utilizarse en salones, centros de masaje, centros de belleza, centros de spa, etc.<\/p>\n","protected":false},"featured_media":33003,"template":"","meta":{"_bst_post_transparent":"","_bst_post_title":"","_bst_post_layout":"","_bst_post_sidebar_id":"","_bst_post_content_style":"","_bst_post_vertical_padding":"","_bst_post_feature":"","_bst_post_feature_position":"","_bst_post_header":false,"_bst_post_footer":false},"product_brand":[1082],"product_cat":[567],"product_tag":[],"class_list":{"0":"post-32996","1":"product","2":"type-product","3":"status-publish","4":"has-post-thumbnail","6":"product_brand-xinsheng-es","7":"product_cat-cama-de-champu-tailandes","8":"pa_color-colores-personalizados","9":"pa_color-verde","10":"pa_size-208cm80cm70cm-es","12":"first","13":"instock","14":"sale","15":"shipping-taxable","16":"purchasable","17":"product-type-variable","18":"entry","19":"content-bg","20":"loop-entry"},"_links":{"self":[{"href":"https:\/\/xinshengmanufacture.com\/es\/wp-json\/wp\/v2\/product\/32996","targetHints":{"allow":["GET"]}}],"collection":[{"href":"https:\/\/xinshengmanufacture.com\/es\/wp-json\/wp\/v2\/product"}],"about":[{"href":"https:\/\/xinshengmanufacture.com\/es\/wp-json\/wp\/v2\/types\/product"}],"version-history":[{"count":2,"href":"https:\/\/xinshengmanufacture.com\/es\/wp-json\/wp\/v2\/product\/32996\/revisions"}],"predecessor-version":[{"id":75028,"href":"https:\/\/xinshengmanufacture.com\/es\/wp-json\/wp\/v2\/product\/32996\/revisions\/75028"}],"wp:featuredmedia":[{"embeddable":true,"href":"https:\/\/xinshengmanufacture.com\/es\/wp-json\/wp\/v2\/media\/33003"}],"wp:attachment":[{"href":"https:\/\/xinshengmanufacture.com\/es\/wp-json\/wp\/v2\/media?parent=32996"}],"wp:term":[{"taxonomy":"product_brand","embeddable":true,"href":"https:\/\/xinshengmanufacture.com\/es\/wp-json\/wp\/v2\/product_brand?post=32996"},{"taxonomy":"product_cat","embeddable":true,"href":"https:\/\/xinshengmanufacture.com\/es\/wp-json\/wp\/v2\/product_cat?post=32996"},{"taxonomy":"product_tag","embeddable":true,"href":"https:\/\/xinshengmanufacture.com\/es\/wp-json\/wp\/v2\/product_tag?post=32996"}],"curies":[{"name":"wp","href":"https:\/\/api.w.org\/{rel}","templated":true}]}}