{"id":33453,"date":"2025-04-17T06:31:26","date_gmt":"2025-04-17T06:31:26","guid":{"rendered":"https:\/\/xinshengmanufacture.com\/product\/lujo-multifuncional-electrico-masaje-cama-de-champu-con-la-circulacion-del-agua-de-fumigacion-salon-de-peluqueria-muebles-comerciales-terapia-de-cabeza-cama-de-spa-cama-de-belleza-salon-de-champu-cama\/"},"modified":"2025-08-26T08:04:23","modified_gmt":"2025-08-26T08:04:23","slug":"lujo-multifuncional-electrico-masaje-cama-de-champu-con-la-circulacion-del-agua-de-fumigacion-salon-de-peluqueria-muebles-comerciales-terapia-de-cabeza-cama-de-spa-cama-de-belleza-salon-de-champu-cama","status":"publish","type":"product","link":"https:\/\/xinshengmanufacture.com\/es\/product\/lujo-multifuncional-electrico-masaje-cama-de-champu-con-la-circulacion-del-agua-de-fumigacion-salon-de-peluqueria-muebles-comerciales-terapia-de-cabeza-cama-de-spa-cama-de-belleza-salon-de-champu-cama\/","title":{"rendered":"Lujo multifuncional el\u00e9ctrico masaje cama de champ\u00fa con la circulaci\u00f3n del agua de fumigaci\u00f3n sal\u00f3n de peluquer\u00eda muebles comerciales terapia de cabeza cama de spa cama de belleza sal\u00f3n de champ\u00fa cama de masaje equipo"},"content":{"rendered":"<div class=\"wp-playlist wp-video-playlist wp-playlist-light\">\n\t\t<video controls=\"controls\" preload=\"none\" width=\"1408\"\n\t\t height=\"2503\"\t><\/video>\n\t<div class=\"wp-playlist-next\"><\/div>\n\t<div class=\"wp-playlist-prev\"><\/div>\n\t<noscript>\n\t<ol>\n\t\t<li><a href='https:\/\/xinshengmanufacture.com\/wp-content\/uploads\/2025\/04\/WeChat_20250417142851.mp4'>WeChat_20250417142851<\/a><\/li>\t<\/ol>\n\t<\/noscript>\n\t<script type=\"application\/json\" class=\"wp-playlist-script\">{\"type\":\"video\",\"tracklist\":false,\"tracknumbers\":true,\"images\":true,\"artists\":true,\"tracks\":[{\"src\":\"https:\/\/xinshengmanufacture.com\/wp-content\/uploads\/2025\/04\/WeChat_20250417142851.mp4\",\"type\":\"video\/mp4\",\"title\":\"WeChat_20250417142851\",\"caption\":\"\",\"description\":\"\",\"meta\":{\"length_formatted\":\"0:46\"},\"dimensions\":{\"original\":{\"width\":1080,\"height\":1920},\"resized\":{\"width\":1408,\"height\":2503}},\"image\":{\"src\":\"https:\/\/xinshengmanufacture.com\/wp-includes\/images\/media\/video.svg\",\"width\":48,\"height\":64},\"thumb\":{\"src\":\"https:\/\/xinshengmanufacture.com\/wp-includes\/images\/media\/video.svg\",\"width\":48,\"height\":64}}]}<\/script>\n<\/div>\n\t\n<p style=\"text-align: center;\"><img fetchpriority=\"high\" decoding=\"async\" class=\"size-full wp-image-4338 aligncenter\" src=\"https:\/\/xinshengmanufacture.com\/wp-content\/uploads\/2025\/04\/%E8%B6%85%E5%B7%A5%E5%AE%9A%E5%88%B6%E8%8B%B1%E6%96%87_01-5.jpg\" alt=\"\" width=\"790\" height=\"1223\"><img decoding=\"async\" class=\"size-full wp-image-4339 aligncenter\" src=\"https:\/\/xinshengmanufacture.com\/wp-content\/uploads\/2025\/04\/%E8%B6%85%E5%B7%A5%E5%AE%9A%E5%88%B6%E8%8B%B1%E6%96%87_02-5.jpg\" alt=\"\" width=\"790\" height=\"694\"><img decoding=\"async\" class=\"size-full wp-image-4340 aligncenter\" src=\"https:\/\/xinshengmanufacture.com\/wp-content\/uploads\/2025\/04\/%E8%B6%85%E5%B7%A5%E5%AE%9A%E5%88%B6%E8%8B%B1%E6%96%87_03-5.jpg\" alt=\"\" width=\"790\" height=\"1029\"><img loading=\"lazy\" decoding=\"async\" class=\"size-full wp-image-4341 aligncenter\" src=\"https:\/\/xinshengmanufacture.com\/wp-content\/uploads\/2025\/04\/%E8%B6%85%E5%B7%A5%E5%AE%9A%E5%88%B6%E8%8B%B1%E6%96%87_04-5.jpg\" alt=\"\" width=\"790\" height=\"1156\"><img loading=\"lazy\" decoding=\"async\" class=\"size-full wp-image-4342 aligncenter\" src=\"https:\/\/xinshengmanufacture.com\/wp-content\/uploads\/2025\/04\/%E8%B6%85%E5%B7%A5%E5%AE%9A%E5%88%B6%E8%8B%B1%E6%96%87_05-5.jpg\" alt=\"\" width=\"790\" height=\"1486\"><img loading=\"lazy\" decoding=\"async\" class=\"size-full wp-image-4326 aligncenter\" src=\"https:\/\/xinshengmanufacture.com\/wp-content\/uploads\/2025\/04\/%E8%AF%A6%E6%83%85%E9%A1%B5_01-3.jpg\" alt=\"\" width=\"790\" height=\"1149\"> <img loading=\"lazy\" decoding=\"async\" class=\"size-full wp-image-4327 aligncenter\" src=\"https:\/\/xinshengmanufacture.com\/wp-content\/uploads\/2025\/04\/%E8%AF%A6%E6%83%85%E9%A1%B5_02-3.jpg\" alt=\"\" width=\"790\" height=\"1241\"> <img loading=\"lazy\" decoding=\"async\" class=\"size-full wp-image-4328 aligncenter\" src=\"https:\/\/xinshengmanufacture.com\/wp-content\/uploads\/2025\/04\/%E8%AF%A6%E6%83%85%E9%A1%B5_03-3.jpg\" alt=\"\" width=\"790\" height=\"1611\"> <img loading=\"lazy\" decoding=\"async\" class=\"size-full wp-image-4329 aligncenter\" src=\"https:\/\/xinshengmanufacture.com\/wp-content\/uploads\/2025\/04\/%E8%AF%A6%E6%83%85%E9%A1%B5_04-3.jpg\" alt=\"\" width=\"790\" height=\"2102\"> <img loading=\"lazy\" decoding=\"async\" class=\"size-full wp-image-4330 aligncenter\" src=\"https:\/\/xinshengmanufacture.com\/wp-content\/uploads\/2025\/04\/%E8%AF%A6%E6%83%85%E9%A1%B5_05-3.jpg\" alt=\"\" width=\"790\" height=\"903\"> <img loading=\"lazy\" decoding=\"async\" class=\"size-full wp-image-4331 aligncenter\" src=\"https:\/\/xinshengmanufacture.com\/wp-content\/uploads\/2025\/04\/%E8%AF%A6%E6%83%85%E9%A1%B5_06-3.jpg\" alt=\"\" width=\"790\" height=\"1085\"> <img loading=\"lazy\" decoding=\"async\" class=\"size-full wp-image-4332 aligncenter\" src=\"https:\/\/xinshengmanufacture.com\/wp-content\/uploads\/2025\/04\/%E8%AF%A6%E6%83%85%E9%A1%B5_07-3.jpg\" alt=\"\" width=\"790\" height=\"1168\"> <img loading=\"lazy\" decoding=\"async\" class=\"size-full wp-image-4333 aligncenter\" src=\"https:\/\/xinshengmanufacture.com\/wp-content\/uploads\/2025\/04\/%E8%AF%A6%E6%83%85%E9%A1%B5_08-3.jpg\" alt=\"\" width=\"790\" height=\"1197\"> <img loading=\"lazy\" decoding=\"async\" class=\"size-full wp-image-4334 aligncenter\" src=\"https:\/\/xinshengmanufacture.com\/wp-content\/uploads\/2025\/04\/%E8%AF%A6%E6%83%85%E9%A1%B5_09-3.jpg\" alt=\"\" width=\"790\" height=\"1429\"> <img loading=\"lazy\" decoding=\"async\" class=\"size-full wp-image-4335 aligncenter\" src=\"https:\/\/xinshengmanufacture.com\/wp-content\/uploads\/2025\/04\/%E8%AF%A6%E6%83%85%E9%A1%B5_10-3.jpg\" alt=\"\" width=\"790\" height=\"1301\"> <img loading=\"lazy\" decoding=\"async\" class=\"size-full wp-image-4336 aligncenter\" src=\"https:\/\/xinshengmanufacture.com\/wp-content\/uploads\/2025\/04\/%E8%AF%A6%E6%83%85%E9%A1%B5_11-3.jpg\" alt=\"\" width=\"790\" height=\"1953\"> <img loading=\"lazy\" decoding=\"async\" class=\"size-full wp-image-4337 aligncenter\" src=\"https:\/\/xinshengmanufacture.com\/wp-content\/uploads\/2025\/04\/%E8%AF%A6%E6%83%85%E9%A1%B5_12-3.jpg\" alt=\"\" width=\"790\" height=\"1609\"><\/p>\n","protected":false},"excerpt":{"rendered":"<p>La lujosa cama de masaje el\u00e9ctrica multifuncional para champ\u00fa puede utilizarse en peluquer\u00edas, centros de masaje, centros de belleza, centros de spa de terapia craneal, etc.<\/p>\n","protected":false},"featured_media":33467,"template":"","meta":{"_bst_post_transparent":"","_bst_post_title":"","_bst_post_layout":"","_bst_post_sidebar_id":"","_bst_post_content_style":"","_bst_post_vertical_padding":"","_bst_post_feature":"","_bst_post_feature_position":"","_bst_post_header":false,"_bst_post_footer":false},"product_brand":[1082],"product_cat":[892],"product_tag":[],"class_list":{"0":"post-33453","1":"product","2":"type-product","3":"status-publish","4":"has-post-thumbnail","6":"product_brand-xinsheng-es","7":"product_cat-cama-de-masaje-electrica","8":"pa_color-blanco","9":"pa_color-colores-personalizados","10":"pa_color-negro","11":"pa_size-190cm78cm82cm-es","13":"first","14":"instock","15":"sale","16":"shipping-taxable","17":"purchasable","18":"product-type-variable","19":"entry","20":"content-bg","21":"loop-entry"},"_links":{"self":[{"href":"https:\/\/xinshengmanufacture.com\/es\/wp-json\/wp\/v2\/product\/33453","targetHints":{"allow":["GET"]}}],"collection":[{"href":"https:\/\/xinshengmanufacture.com\/es\/wp-json\/wp\/v2\/product"}],"about":[{"href":"https:\/\/xinshengmanufacture.com\/es\/wp-json\/wp\/v2\/types\/product"}],"version-history":[{"count":2,"href":"https:\/\/xinshengmanufacture.com\/es\/wp-json\/wp\/v2\/product\/33453\/revisions"}],"predecessor-version":[{"id":75020,"href":"https:\/\/xinshengmanufacture.com\/es\/wp-json\/wp\/v2\/product\/33453\/revisions\/75020"}],"wp:featuredmedia":[{"embeddable":true,"href":"https:\/\/xinshengmanufacture.com\/es\/wp-json\/wp\/v2\/media\/33467"}],"wp:attachment":[{"href":"https:\/\/xinshengmanufacture.com\/es\/wp-json\/wp\/v2\/media?parent=33453"}],"wp:term":[{"taxonomy":"product_brand","embeddable":true,"href":"https:\/\/xinshengmanufacture.com\/es\/wp-json\/wp\/v2\/product_brand?post=33453"},{"taxonomy":"product_cat","embeddable":true,"href":"https:\/\/xinshengmanufacture.com\/es\/wp-json\/wp\/v2\/product_cat?post=33453"},{"taxonomy":"product_tag","embeddable":true,"href":"https:\/\/xinshengmanufacture.com\/es\/wp-json\/wp\/v2\/product_tag?post=33453"}],"curies":[{"name":"wp","href":"https:\/\/api.w.org\/{rel}","templated":true}]}}