{"id":34698,"date":"2025-04-16T09:28:21","date_gmt":"2025-04-16T09:28:21","guid":{"rendered":"https:\/\/xinshengmanufacture.com\/product\/cama-de-champu-estilo-tailandes-con-circulacion-de-agua-de-fumigacion-equipo-de-mobiliario-para-peluquerias-salon-de-belleza-masaje-facial-cama-de-champu-spa-terapia-de-cabeza-equipo-comercial\/"},"modified":"2026-01-17T05:51:33","modified_gmt":"2026-01-17T05:51:33","slug":"cama-de-champu-estilo-tailandes-con-circulacion-de-agua-de-fumigacion-equipo-de-mobiliario-para-peluquerias-salon-de-belleza-masaje-facial-cama-de-champu-spa-terapia-de-cabeza-equipo-comercial","status":"publish","type":"product","link":"https:\/\/xinshengmanufacture.com\/es\/product\/cama-de-champu-estilo-tailandes-con-circulacion-de-agua-de-fumigacion-equipo-de-mobiliario-para-peluquerias-salon-de-belleza-masaje-facial-cama-de-champu-spa-terapia-de-cabeza-equipo-comercial\/","title":{"rendered":"Cama de champ\u00fa estilo tailand\u00e9s con circulaci\u00f3n de agua de fumigaci\u00f3n equipo de mobiliario para peluquer\u00edas sal\u00f3n de belleza masaje facial cama de champ\u00fa spa terapia de cabeza equipo comercial"},"content":{"rendered":"<div class=\"wp-playlist wp-video-playlist wp-playlist-light\">\n\t\t<video controls=\"controls\" preload=\"none\" width=\"1408\"\n\t\t height=\"2503\"\t><\/video>\n\t<div class=\"wp-playlist-next\"><\/div>\n\t<div class=\"wp-playlist-prev\"><\/div>\n\t<noscript>\n\t<ol>\n\t\t<li><a href='https:\/\/xinshengmanufacture.com\/wp-content\/uploads\/2025\/04\/WeChat_20250411174711.mp4'>WeChat_20250411174711<\/a><\/li>\t<\/ol>\n\t<\/noscript>\n\t<script type=\"application\/json\" class=\"wp-playlist-script\">{\"type\":\"video\",\"tracklist\":false,\"tracknumbers\":true,\"images\":true,\"artists\":true,\"tracks\":[{\"src\":\"https:\/\/xinshengmanufacture.com\/wp-content\/uploads\/2025\/04\/WeChat_20250411174711.mp4\",\"type\":\"video\/mp4\",\"title\":\"WeChat_20250411174711\",\"caption\":\"\",\"description\":\"\",\"meta\":{\"length_formatted\":\"1:24\"},\"dimensions\":{\"original\":{\"width\":1080,\"height\":1920},\"resized\":{\"width\":1408,\"height\":2503}},\"image\":{\"src\":\"https:\/\/xinshengmanufacture.com\/wp-includes\/images\/media\/video.svg\",\"width\":48,\"height\":64},\"thumb\":{\"src\":\"https:\/\/xinshengmanufacture.com\/wp-includes\/images\/media\/video.svg\",\"width\":48,\"height\":64}}]}<\/script>\n<\/div>\n\t\n<p style=\"text-align: center;\"><img fetchpriority=\"high\" decoding=\"async\" class=\"size-full wp-image-4065 aligncenter\" src=\"https:\/\/xinshengmanufacture.com\/wp-content\/uploads\/2025\/04\/%E8%B6%85%E5%B7%A5%E5%AE%9A%E5%88%B6%E8%8B%B1%E6%96%87_011-1.jpg\" alt=\"\" width=\"1200\" height=\"1857\"><img decoding=\"async\" class=\"size-full wp-image-4066 aligncenter\" src=\"https:\/\/xinshengmanufacture.com\/wp-content\/uploads\/2025\/04\/%E8%B6%85%E5%B7%A5%E5%AE%9A%E5%88%B6%E8%8B%B1%E6%96%87_021-1.jpg\" alt=\"\" width=\"1200\" height=\"1054\"><img decoding=\"async\" class=\"size-full wp-image-4067 aligncenter\" src=\"https:\/\/xinshengmanufacture.com\/wp-content\/uploads\/2025\/04\/%E8%B6%85%E5%B7%A5%E5%AE%9A%E5%88%B6%E8%8B%B1%E6%96%87_031-1.jpg\" alt=\"\" width=\"1200\" height=\"1563\"><img loading=\"lazy\" decoding=\"async\" class=\"aligncenter wp-image-4068\" src=\"https:\/\/xinshengmanufacture.com\/wp-content\/uploads\/2025\/04\/%E8%B6%85%E5%B7%A5%E5%AE%9A%E5%88%B6%E8%8B%B1%E6%96%87_041-1.jpg\" alt=\"\" width=\"1200\" height=\"1755\"><img loading=\"lazy\" decoding=\"async\" class=\"size-full wp-image-4069 aligncenter\" src=\"https:\/\/xinshengmanufacture.com\/wp-content\/uploads\/2025\/04\/%E8%B6%85%E5%B7%A5%E5%AE%9A%E5%88%B6%E8%8B%B1%E6%96%87_051-1.jpg\" alt=\"\" width=\"1200\" height=\"2257\"><img loading=\"lazy\" decoding=\"async\" class=\"size-full wp-image-4237 aligncenter\" src=\"https:\/\/xinshengmanufacture.com\/wp-content\/uploads\/2025\/04\/%E8%AF%A6%E6%83%85%E9%A1%B5WAI_01.jpg\" alt=\"\" width=\"1200\" height=\"1983\"> <img loading=\"lazy\" decoding=\"async\" class=\"size-full wp-image-4238 aligncenter\" src=\"https:\/\/xinshengmanufacture.com\/wp-content\/uploads\/2025\/04\/%E8%AF%A6%E6%83%85%E9%A1%B5WAI_02.jpg\" alt=\"\" width=\"1200\" height=\"1844\"> <img loading=\"lazy\" decoding=\"async\" class=\"size-full wp-image-4239 aligncenter\" src=\"https:\/\/xinshengmanufacture.com\/wp-content\/uploads\/2025\/04\/%E8%AF%A6%E6%83%85%E9%A1%B5WAI_03.jpg\" alt=\"\" width=\"1200\" height=\"1740\"> <img loading=\"lazy\" decoding=\"async\" class=\"size-full wp-image-4240 aligncenter\" src=\"https:\/\/xinshengmanufacture.com\/wp-content\/uploads\/2025\/04\/%E8%AF%A6%E6%83%85%E9%A1%B5WAI_04.jpg\" alt=\"\" width=\"1200\" height=\"1968\"> <img loading=\"lazy\" decoding=\"async\" class=\"size-full wp-image-4241 aligncenter\" src=\"https:\/\/xinshengmanufacture.com\/wp-content\/uploads\/2025\/04\/%E8%AF%A6%E6%83%85%E9%A1%B5WAI_05.jpg\" alt=\"\" width=\"1200\" height=\"1754\"> <img loading=\"lazy\" decoding=\"async\" class=\"size-full wp-image-4242 aligncenter\" src=\"https:\/\/xinshengmanufacture.com\/wp-content\/uploads\/2025\/04\/%E8%AF%A6%E6%83%85%E9%A1%B5WAI_06.jpg\" alt=\"\" width=\"1200\" height=\"1672\"> <img loading=\"lazy\" decoding=\"async\" class=\"size-full wp-image-4243 aligncenter\" src=\"https:\/\/xinshengmanufacture.com\/wp-content\/uploads\/2025\/04\/%E8%AF%A6%E6%83%85%E9%A1%B5WAI_07.jpg\" alt=\"\" width=\"1200\" height=\"1910\"> <img loading=\"lazy\" decoding=\"async\" class=\"size-full wp-image-4244 aligncenter\" src=\"https:\/\/xinshengmanufacture.com\/wp-content\/uploads\/2025\/04\/%E8%AF%A6%E6%83%85%E9%A1%B5WAI_08.jpg\" alt=\"\" width=\"1200\" height=\"1740\"> <img loading=\"lazy\" decoding=\"async\" class=\"size-full wp-image-4245 aligncenter\" src=\"https:\/\/xinshengmanufacture.com\/wp-content\/uploads\/2025\/04\/%E8%AF%A6%E6%83%85%E9%A1%B5WAI_09.jpg\" alt=\"\" width=\"1200\" height=\"2125\"> <img loading=\"lazy\" decoding=\"async\" class=\"size-full wp-image-4246 aligncenter\" src=\"https:\/\/xinshengmanufacture.com\/wp-content\/uploads\/2025\/04\/%E8%AF%A6%E6%83%85%E9%A1%B5WAI_10.jpg\" alt=\"\" width=\"1200\" height=\"1765\"> <img loading=\"lazy\" decoding=\"async\" class=\"aligncenter wp-image-4247\" src=\"https:\/\/xinshengmanufacture.com\/wp-content\/uploads\/2025\/04\/%E8%AF%A6%E6%83%85%E9%A1%B5WAI_11-scaled.jpg\" alt=\"\" width=\"1200\" height=\"2858\"> <img loading=\"lazy\" decoding=\"async\" class=\"size-full wp-image-4248 aligncenter\" src=\"https:\/\/xinshengmanufacture.com\/wp-content\/uploads\/2025\/04\/%E8%AF%A6%E6%83%85%E9%A1%B5WAI_12.jpg\" alt=\"\" width=\"1200\" height=\"2460\"><\/p>\n","protected":false},"excerpt":{"rendered":"<p>La cama de champ\u00fa tailandesa puede utilizarse en centros de lavado, centros de masaje, peluquer\u00edas, centros de belleza, etc.<\/p>\n","protected":false},"featured_media":34703,"template":"","meta":{"_bst_post_transparent":"","_bst_post_title":"","_bst_post_layout":"","_bst_post_sidebar_id":"","_bst_post_content_style":"","_bst_post_vertical_padding":"","_bst_post_feature":"","_bst_post_feature_position":"","_bst_post_header":false,"_bst_post_footer":false},"product_brand":[1082],"product_cat":[567],"product_tag":[],"class_list":{"0":"post-34698","1":"product","2":"type-product","3":"status-publish","4":"has-post-thumbnail","6":"product_brand-xinsheng-es","7":"product_cat-cama-de-champu-tailandes","8":"pa_color-colores-personalizados","9":"pa_color-negro","10":"pa_size-206cm72cm68cm-es","12":"first","13":"instock","14":"sale","15":"shipping-taxable","16":"purchasable","17":"product-type-variable","18":"entry","19":"content-bg","20":"loop-entry"},"_links":{"self":[{"href":"https:\/\/xinshengmanufacture.com\/es\/wp-json\/wp\/v2\/product\/34698","targetHints":{"allow":["GET"]}}],"collection":[{"href":"https:\/\/xinshengmanufacture.com\/es\/wp-json\/wp\/v2\/product"}],"about":[{"href":"https:\/\/xinshengmanufacture.com\/es\/wp-json\/wp\/v2\/types\/product"}],"version-history":[{"count":10,"href":"https:\/\/xinshengmanufacture.com\/es\/wp-json\/wp\/v2\/product\/34698\/revisions"}],"predecessor-version":[{"id":87589,"href":"https:\/\/xinshengmanufacture.com\/es\/wp-json\/wp\/v2\/product\/34698\/revisions\/87589"}],"wp:featuredmedia":[{"embeddable":true,"href":"https:\/\/xinshengmanufacture.com\/es\/wp-json\/wp\/v2\/media\/34703"}],"wp:attachment":[{"href":"https:\/\/xinshengmanufacture.com\/es\/wp-json\/wp\/v2\/media?parent=34698"}],"wp:term":[{"taxonomy":"product_brand","embeddable":true,"href":"https:\/\/xinshengmanufacture.com\/es\/wp-json\/wp\/v2\/product_brand?post=34698"},{"taxonomy":"product_cat","embeddable":true,"href":"https:\/\/xinshengmanufacture.com\/es\/wp-json\/wp\/v2\/product_cat?post=34698"},{"taxonomy":"product_tag","embeddable":true,"href":"https:\/\/xinshengmanufacture.com\/es\/wp-json\/wp\/v2\/product_tag?post=34698"}],"curies":[{"name":"wp","href":"https:\/\/api.w.org\/{rel}","templated":true}]}}