{"id":34859,"date":"2025-04-16T08:59:06","date_gmt":"2025-04-16T08:59:06","guid":{"rendered":"https:\/\/xinshengmanufacture.com\/product\/muebles-de-peluqueria-cama-de-champu-de-masaje-inteligente-electrica-cama-de-champu-facial-de-alta-calidad-para-salon-de-belleza-con-circulacion-de-agua-de-fumigacion\/"},"modified":"2025-08-26T08:03:52","modified_gmt":"2025-08-26T08:03:52","slug":"muebles-de-peluqueria-cama-de-champu-de-masaje-inteligente-electrica-cama-de-champu-facial-de-alta-calidad-para-salon-de-belleza-con-circulacion-de-agua-de-fumigacion","status":"publish","type":"product","link":"https:\/\/xinshengmanufacture.com\/es\/product\/muebles-de-peluqueria-cama-de-champu-de-masaje-inteligente-electrica-cama-de-champu-facial-de-alta-calidad-para-salon-de-belleza-con-circulacion-de-agua-de-fumigacion\/","title":{"rendered":"Muebles de peluquer\u00eda Cama de champ\u00fa de masaje inteligente el\u00e9ctrica Cama de champ\u00fa facial de alta calidad para sal\u00f3n de belleza con circulaci\u00f3n de agua de fumigaci\u00f3n"},"content":{"rendered":"<div class=\"wp-playlist wp-video-playlist wp-playlist-light\">\n\t\t<video controls=\"controls\" preload=\"none\" width=\"1408\"\n\t\t height=\"2503\"\t><\/video>\n\t<div class=\"wp-playlist-next\"><\/div>\n\t<div class=\"wp-playlist-prev\"><\/div>\n\t<noscript>\n\t<ol>\n\t\t<li><a href='https:\/\/xinshengmanufacture.com\/wp-content\/uploads\/2025\/04\/WeChat_20250416165744.mp4'>WeChat_20250416165744<\/a><\/li>\t<\/ol>\n\t<\/noscript>\n\t<script type=\"application\/json\" class=\"wp-playlist-script\">{\"type\":\"video\",\"tracklist\":false,\"tracknumbers\":true,\"images\":true,\"artists\":true,\"tracks\":[{\"src\":\"https:\/\/xinshengmanufacture.com\/wp-content\/uploads\/2025\/04\/WeChat_20250416165744.mp4\",\"type\":\"video\/mp4\",\"title\":\"WeChat_20250416165744\",\"caption\":\"\",\"description\":\"\",\"meta\":{\"length_formatted\":\"0:46\"},\"dimensions\":{\"original\":{\"width\":1080,\"height\":1920},\"resized\":{\"width\":1408,\"height\":2503}},\"image\":{\"src\":\"https:\/\/xinshengmanufacture.com\/wp-includes\/images\/media\/video.svg\",\"width\":48,\"height\":64},\"thumb\":{\"src\":\"https:\/\/xinshengmanufacture.com\/wp-includes\/images\/media\/video.svg\",\"width\":48,\"height\":64}}]}<\/script>\n<\/div>\n\t\n<p style=\"text-align: center;\"><img fetchpriority=\"high\" decoding=\"async\" class=\"size-full wp-image-4058 aligncenter\" src=\"https:\/\/xinshengmanufacture.com\/wp-content\/uploads\/2025\/04\/%E8%B6%85%E5%B7%A5%E5%AE%9A%E5%88%B6%E8%8B%B1%E6%96%87_01-3.jpg\" alt=\"\" width=\"790\" height=\"1223\"><img decoding=\"async\" class=\"size-full wp-image-4059 aligncenter\" src=\"https:\/\/xinshengmanufacture.com\/wp-content\/uploads\/2025\/04\/%E8%B6%85%E5%B7%A5%E5%AE%9A%E5%88%B6%E8%8B%B1%E6%96%87_02-3.jpg\" alt=\"\" width=\"790\" height=\"694\"><img decoding=\"async\" class=\"size-full wp-image-4060 aligncenter\" src=\"https:\/\/xinshengmanufacture.com\/wp-content\/uploads\/2025\/04\/%E8%B6%85%E5%B7%A5%E5%AE%9A%E5%88%B6%E8%8B%B1%E6%96%87_03-3.jpg\" alt=\"\" width=\"790\" height=\"1029\"><img loading=\"lazy\" decoding=\"async\" class=\"size-full wp-image-4061 aligncenter\" src=\"https:\/\/xinshengmanufacture.com\/wp-content\/uploads\/2025\/04\/%E8%B6%85%E5%B7%A5%E5%AE%9A%E5%88%B6%E8%8B%B1%E6%96%87_04-3.jpg\" alt=\"\" width=\"790\" height=\"1156\"><img loading=\"lazy\" decoding=\"async\" class=\"size-full wp-image-4062 aligncenter\" src=\"https:\/\/xinshengmanufacture.com\/wp-content\/uploads\/2025\/04\/%E8%B6%85%E5%B7%A5%E5%AE%9A%E5%88%B6%E8%8B%B1%E6%96%87_05-3.jpg\" alt=\"\" width=\"790\" height=\"1486\"><img loading=\"lazy\" decoding=\"async\" class=\"size-full wp-image-4219 aligncenter\" src=\"https:\/\/xinshengmanufacture.com\/wp-content\/uploads\/2025\/04\/wai_01.jpg\" alt=\"\" width=\"790\" height=\"1197\" srcset=\"https:\/\/xinshengmanufacture.com\/wp-content\/uploads\/2025\/04\/wai_01.jpg 790w, https:\/\/xinshengmanufacture.com\/wp-content\/uploads\/2025\/04\/wai_01-600x909.jpg 600w, https:\/\/xinshengmanufacture.com\/wp-content\/uploads\/2025\/04\/wai_01-198x300.jpg 198w, https:\/\/xinshengmanufacture.com\/wp-content\/uploads\/2025\/04\/wai_01-676x1024.jpg 676w, https:\/\/xinshengmanufacture.com\/wp-content\/uploads\/2025\/04\/wai_01-768x1164.jpg 768w\" sizes=\"(max-width: 790px) 100vw, 790px\" \/> <img loading=\"lazy\" decoding=\"async\" class=\"size-full wp-image-4220 aligncenter\" src=\"https:\/\/xinshengmanufacture.com\/wp-content\/uploads\/2025\/04\/wai_02.jpg\" alt=\"\" width=\"790\" height=\"1194\" srcset=\"https:\/\/xinshengmanufacture.com\/wp-content\/uploads\/2025\/04\/wai_02.jpg 790w, https:\/\/xinshengmanufacture.com\/wp-content\/uploads\/2025\/04\/wai_02-600x907.jpg 600w, https:\/\/xinshengmanufacture.com\/wp-content\/uploads\/2025\/04\/wai_02-198x300.jpg 198w, https:\/\/xinshengmanufacture.com\/wp-content\/uploads\/2025\/04\/wai_02-678x1024.jpg 678w, https:\/\/xinshengmanufacture.com\/wp-content\/uploads\/2025\/04\/wai_02-768x1161.jpg 768w\" sizes=\"(max-width: 790px) 100vw, 790px\" \/> <img loading=\"lazy\" decoding=\"async\" class=\"size-full wp-image-4221 aligncenter\" src=\"https:\/\/xinshengmanufacture.com\/wp-content\/uploads\/2025\/04\/wai_03.jpg\" alt=\"\" width=\"790\" height=\"1176\" srcset=\"https:\/\/xinshengmanufacture.com\/wp-content\/uploads\/2025\/04\/wai_03.jpg 790w, https:\/\/xinshengmanufacture.com\/wp-content\/uploads\/2025\/04\/wai_03-600x893.jpg 600w, https:\/\/xinshengmanufacture.com\/wp-content\/uploads\/2025\/04\/wai_03-202x300.jpg 202w, https:\/\/xinshengmanufacture.com\/wp-content\/uploads\/2025\/04\/wai_03-688x1024.jpg 688w, https:\/\/xinshengmanufacture.com\/wp-content\/uploads\/2025\/04\/wai_03-768x1143.jpg 768w\" sizes=\"(max-width: 790px) 100vw, 790px\" \/> <img loading=\"lazy\" decoding=\"async\" class=\"size-full wp-image-4222 aligncenter\" src=\"https:\/\/xinshengmanufacture.com\/wp-content\/uploads\/2025\/04\/wai_04.jpg\" alt=\"\" width=\"790\" height=\"1185\" srcset=\"https:\/\/xinshengmanufacture.com\/wp-content\/uploads\/2025\/04\/wai_04.jpg 790w, https:\/\/xinshengmanufacture.com\/wp-content\/uploads\/2025\/04\/wai_04-600x900.jpg 600w, https:\/\/xinshengmanufacture.com\/wp-content\/uploads\/2025\/04\/wai_04-200x300.jpg 200w, https:\/\/xinshengmanufacture.com\/wp-content\/uploads\/2025\/04\/wai_04-683x1024.jpg 683w, https:\/\/xinshengmanufacture.com\/wp-content\/uploads\/2025\/04\/wai_04-768x1152.jpg 768w\" sizes=\"(max-width: 790px) 100vw, 790px\" \/> <img loading=\"lazy\" decoding=\"async\" class=\"size-full wp-image-4223 aligncenter\" src=\"https:\/\/xinshengmanufacture.com\/wp-content\/uploads\/2025\/04\/wai_05.jpg\" alt=\"\" width=\"790\" height=\"1874\" srcset=\"https:\/\/xinshengmanufacture.com\/wp-content\/uploads\/2025\/04\/wai_05.jpg 790w, https:\/\/xinshengmanufacture.com\/wp-content\/uploads\/2025\/04\/wai_05-600x1423.jpg 600w, https:\/\/xinshengmanufacture.com\/wp-content\/uploads\/2025\/04\/wai_05-126x300.jpg 126w, https:\/\/xinshengmanufacture.com\/wp-content\/uploads\/2025\/04\/wai_05-432x1024.jpg 432w, https:\/\/xinshengmanufacture.com\/wp-content\/uploads\/2025\/04\/wai_05-768x1822.jpg 768w, https:\/\/xinshengmanufacture.com\/wp-content\/uploads\/2025\/04\/wai_05-648x1536.jpg 648w\" sizes=\"(max-width: 790px) 100vw, 790px\" \/> <img loading=\"lazy\" decoding=\"async\" class=\"size-full wp-image-4224 aligncenter\" src=\"https:\/\/xinshengmanufacture.com\/wp-content\/uploads\/2025\/04\/wai_06.jpg\" alt=\"\" width=\"790\" height=\"1096\" srcset=\"https:\/\/xinshengmanufacture.com\/wp-content\/uploads\/2025\/04\/wai_06.jpg 790w, https:\/\/xinshengmanufacture.com\/wp-content\/uploads\/2025\/04\/wai_06-600x832.jpg 600w, https:\/\/xinshengmanufacture.com\/wp-content\/uploads\/2025\/04\/wai_06-216x300.jpg 216w, https:\/\/xinshengmanufacture.com\/wp-content\/uploads\/2025\/04\/wai_06-738x1024.jpg 738w, https:\/\/xinshengmanufacture.com\/wp-content\/uploads\/2025\/04\/wai_06-768x1065.jpg 768w\" sizes=\"(max-width: 790px) 100vw, 790px\" \/> <img loading=\"lazy\" decoding=\"async\" class=\"size-full wp-image-4225 aligncenter\" src=\"https:\/\/xinshengmanufacture.com\/wp-content\/uploads\/2025\/04\/wai_07.jpg\" alt=\"\" width=\"790\" height=\"648\" srcset=\"https:\/\/xinshengmanufacture.com\/wp-content\/uploads\/2025\/04\/wai_07.jpg 790w, https:\/\/xinshengmanufacture.com\/wp-content\/uploads\/2025\/04\/wai_07-600x492.jpg 600w, https:\/\/xinshengmanufacture.com\/wp-content\/uploads\/2025\/04\/wai_07-300x246.jpg 300w, https:\/\/xinshengmanufacture.com\/wp-content\/uploads\/2025\/04\/wai_07-768x630.jpg 768w\" sizes=\"(max-width: 790px) 100vw, 790px\" \/> <img loading=\"lazy\" decoding=\"async\" class=\"size-full wp-image-4226 aligncenter\" src=\"https:\/\/xinshengmanufacture.com\/wp-content\/uploads\/2025\/04\/wai_08.jpg\" alt=\"\" width=\"790\" height=\"1044\" srcset=\"https:\/\/xinshengmanufacture.com\/wp-content\/uploads\/2025\/04\/wai_08.jpg 790w, https:\/\/xinshengmanufacture.com\/wp-content\/uploads\/2025\/04\/wai_08-600x793.jpg 600w, https:\/\/xinshengmanufacture.com\/wp-content\/uploads\/2025\/04\/wai_08-227x300.jpg 227w, https:\/\/xinshengmanufacture.com\/wp-content\/uploads\/2025\/04\/wai_08-775x1024.jpg 775w, https:\/\/xinshengmanufacture.com\/wp-content\/uploads\/2025\/04\/wai_08-768x1015.jpg 768w\" sizes=\"(max-width: 790px) 100vw, 790px\" \/> <img loading=\"lazy\" decoding=\"async\" class=\"size-full wp-image-4227 aligncenter\" src=\"https:\/\/xinshengmanufacture.com\/wp-content\/uploads\/2025\/04\/wai_09.jpg\" alt=\"\" width=\"790\" height=\"1781\" srcset=\"https:\/\/xinshengmanufacture.com\/wp-content\/uploads\/2025\/04\/wai_09.jpg 790w, https:\/\/xinshengmanufacture.com\/wp-content\/uploads\/2025\/04\/wai_09-600x1353.jpg 600w, https:\/\/xinshengmanufacture.com\/wp-content\/uploads\/2025\/04\/wai_09-133x300.jpg 133w, https:\/\/xinshengmanufacture.com\/wp-content\/uploads\/2025\/04\/wai_09-454x1024.jpg 454w, https:\/\/xinshengmanufacture.com\/wp-content\/uploads\/2025\/04\/wai_09-768x1731.jpg 768w, https:\/\/xinshengmanufacture.com\/wp-content\/uploads\/2025\/04\/wai_09-681x1536.jpg 681w\" sizes=\"(max-width: 790px) 100vw, 790px\" \/> <img loading=\"lazy\" decoding=\"async\" class=\"size-full wp-image-4228 aligncenter\" src=\"https:\/\/xinshengmanufacture.com\/wp-content\/uploads\/2025\/04\/wai_10.jpg\" alt=\"\" width=\"790\" height=\"1631\" srcset=\"https:\/\/xinshengmanufacture.com\/wp-content\/uploads\/2025\/04\/wai_10.jpg 790w, https:\/\/xinshengmanufacture.com\/wp-content\/uploads\/2025\/04\/wai_10-600x1239.jpg 600w, https:\/\/xinshengmanufacture.com\/wp-content\/uploads\/2025\/04\/wai_10-145x300.jpg 145w, https:\/\/xinshengmanufacture.com\/wp-content\/uploads\/2025\/04\/wai_10-496x1024.jpg 496w, https:\/\/xinshengmanufacture.com\/wp-content\/uploads\/2025\/04\/wai_10-768x1586.jpg 768w, https:\/\/xinshengmanufacture.com\/wp-content\/uploads\/2025\/04\/wai_10-744x1536.jpg 744w\" sizes=\"(max-width: 790px) 100vw, 790px\" \/><\/p>\n","protected":false},"excerpt":{"rendered":"<p>La cama de champ\u00fa de masaje inteligente el\u00e9ctrica puede utilizarse en salones de belleza, centros de masaje, centros de belleza, centros de tratamiento de cabeza de spa, centros de lavado, etc.<\/p>\n","protected":false},"featured_media":32573,"template":"","meta":{"_bst_post_transparent":"","_bst_post_title":"","_bst_post_layout":"","_bst_post_sidebar_id":"","_bst_post_content_style":"","_bst_post_vertical_padding":"","_bst_post_feature":"","_bst_post_feature_position":"","_bst_post_header":false,"_bst_post_footer":false},"product_brand":[1082],"product_cat":[892],"product_tag":[],"class_list":{"0":"post-34859","1":"product","2":"type-product","3":"status-publish","4":"has-post-thumbnail","6":"product_brand-xinsheng-es","7":"product_cat-cama-de-masaje-electrica","8":"pa_color-blanco","9":"pa_color-colores-personalizados","10":"pa_size-200cm78cm80cm-es","12":"first","13":"instock","14":"sale","15":"shipping-taxable","16":"purchasable","17":"product-type-variable","18":"entry","19":"content-bg","20":"loop-entry"},"_links":{"self":[{"href":"https:\/\/xinshengmanufacture.com\/es\/wp-json\/wp\/v2\/product\/34859","targetHints":{"allow":["GET"]}}],"collection":[{"href":"https:\/\/xinshengmanufacture.com\/es\/wp-json\/wp\/v2\/product"}],"about":[{"href":"https:\/\/xinshengmanufacture.com\/es\/wp-json\/wp\/v2\/types\/product"}],"version-history":[{"count":2,"href":"https:\/\/xinshengmanufacture.com\/es\/wp-json\/wp\/v2\/product\/34859\/revisions"}],"predecessor-version":[{"id":74969,"href":"https:\/\/xinshengmanufacture.com\/es\/wp-json\/wp\/v2\/product\/34859\/revisions\/74969"}],"wp:featuredmedia":[{"embeddable":true,"href":"https:\/\/xinshengmanufacture.com\/es\/wp-json\/wp\/v2\/media\/32573"}],"wp:attachment":[{"href":"https:\/\/xinshengmanufacture.com\/es\/wp-json\/wp\/v2\/media?parent=34859"}],"wp:term":[{"taxonomy":"product_brand","embeddable":true,"href":"https:\/\/xinshengmanufacture.com\/es\/wp-json\/wp\/v2\/product_brand?post=34859"},{"taxonomy":"product_cat","embeddable":true,"href":"https:\/\/xinshengmanufacture.com\/es\/wp-json\/wp\/v2\/product_cat?post=34859"},{"taxonomy":"product_tag","embeddable":true,"href":"https:\/\/xinshengmanufacture.com\/es\/wp-json\/wp\/v2\/product_tag?post=34859"}],"curies":[{"name":"wp","href":"https:\/\/api.w.org\/{rel}","templated":true}]}}