{"id":38088,"date":"2025-04-15T01:52:35","date_gmt":"2025-04-15T01:52:35","guid":{"rendered":"https:\/\/xinshengmanufacture.com\/product\/mobiliario-de-peluqueria-de-alta-calidad-silla-para-champu-con-control-inteligente-y-elevador-silla-para-peluqueria-de-belleza\/"},"modified":"2025-08-26T08:02:53","modified_gmt":"2025-08-26T08:02:53","slug":"mobiliario-de-peluqueria-de-alta-calidad-silla-para-champu-con-control-inteligente-y-elevador-silla-para-peluqueria-de-belleza","status":"publish","type":"product","link":"https:\/\/xinshengmanufacture.com\/es\/product\/mobiliario-de-peluqueria-de-alta-calidad-silla-para-champu-con-control-inteligente-y-elevador-silla-para-peluqueria-de-belleza\/","title":{"rendered":"Mobiliario de peluquer\u00eda de alta calidad Silla para champ\u00fa con control inteligente y elevador Silla para peluquer\u00eda de belleza"},"content":{"rendered":"<div class=\"wp-playlist wp-video-playlist wp-playlist-light\">\n\t\t<video controls=\"controls\" preload=\"none\" width=\"1408\"\n\t\t height=\"2503\"\t><\/video>\n\t<div class=\"wp-playlist-next\"><\/div>\n\t<div class=\"wp-playlist-prev\"><\/div>\n\t<noscript>\n\t<ol>\n\t\t<li><a href='https:\/\/xinshengmanufacture.com\/wp-content\/uploads\/2025\/04\/WeChat_20250415111444.mp4'>WeChat_20250415111444<\/a><\/li>\t<\/ol>\n\t<\/noscript>\n\t<script type=\"application\/json\" class=\"wp-playlist-script\">{\"type\":\"video\",\"tracklist\":false,\"tracknumbers\":true,\"images\":true,\"artists\":true,\"tracks\":[{\"src\":\"https:\/\/xinshengmanufacture.com\/wp-content\/uploads\/2025\/04\/WeChat_20250415111444.mp4\",\"type\":\"video\/mp4\",\"title\":\"WeChat_20250415111444\",\"caption\":\"\",\"description\":\"\",\"meta\":{\"length_formatted\":\"0:45\"},\"dimensions\":{\"original\":{\"width\":1080,\"height\":1920},\"resized\":{\"width\":1408,\"height\":2503}},\"image\":{\"src\":\"https:\/\/xinshengmanufacture.com\/wp-includes\/images\/media\/video.svg\",\"width\":48,\"height\":64},\"thumb\":{\"src\":\"https:\/\/xinshengmanufacture.com\/wp-includes\/images\/media\/video.svg\",\"width\":48,\"height\":64}}]}<\/script>\n<\/div>\n\t\n<p style=\"text-align: center;\"><img fetchpriority=\"high\" decoding=\"async\" class=\"size-full wp-image-3863 aligncenter\" src=\"https:\/\/xinshengmanufacture.com\/wp-content\/uploads\/2025\/04\/%E8%B6%85%E5%B7%A5%E5%AE%9A%E5%88%B6%E8%8B%B1%E6%96%87_01.jpg\" alt=\"\" width=\"790\" height=\"1223\"><img decoding=\"async\" class=\"size-full wp-image-3864 aligncenter\" src=\"https:\/\/xinshengmanufacture.com\/wp-content\/uploads\/2025\/04\/%E8%B6%85%E5%B7%A5%E5%AE%9A%E5%88%B6%E8%8B%B1%E6%96%87_02.jpg\" alt=\"\" width=\"790\" height=\"694\"><img decoding=\"async\" class=\"size-full wp-image-3865 aligncenter\" src=\"https:\/\/xinshengmanufacture.com\/wp-content\/uploads\/2025\/04\/%E8%B6%85%E5%B7%A5%E5%AE%9A%E5%88%B6%E8%8B%B1%E6%96%87_03.jpg\" alt=\"\" width=\"790\" height=\"1029\"><img loading=\"lazy\" decoding=\"async\" class=\"size-full wp-image-3866 aligncenter\" src=\"https:\/\/xinshengmanufacture.com\/wp-content\/uploads\/2025\/04\/%E8%B6%85%E5%B7%A5%E5%AE%9A%E5%88%B6%E8%8B%B1%E6%96%87_04.jpg\" alt=\"\" width=\"790\" height=\"1156\"><img loading=\"lazy\" decoding=\"async\" class=\"size-full wp-image-3867 aligncenter\" src=\"https:\/\/xinshengmanufacture.com\/wp-content\/uploads\/2025\/04\/%E8%B6%85%E5%B7%A5%E5%AE%9A%E5%88%B6%E8%8B%B1%E6%96%87_05.jpg\" alt=\"\" width=\"790\" height=\"1486\"><img loading=\"lazy\" decoding=\"async\" class=\"size-full wp-image-3928 aligncenter\" src=\"https:\/\/xinshengmanufacture.com\/wp-content\/uploads\/2025\/04\/%E6%9C%AA%E6%A0%87%E9%A2%98-2-%E6%81%A2%E5%A4%8D%E7%9A%84_01-1.jpg\" alt=\"\" width=\"790\" height=\"1134\"><img loading=\"lazy\" decoding=\"async\" class=\"size-full wp-image-3927 aligncenter\" src=\"https:\/\/xinshengmanufacture.com\/wp-content\/uploads\/2025\/04\/%E5%BE%AE%E4%BF%A1%E5%9B%BE%E7%89%87_20250317110457.jpg\" alt=\"\" width=\"790\" height=\"798\"> <img loading=\"lazy\" decoding=\"async\" class=\"size-full wp-image-3930 aligncenter\" src=\"https:\/\/xinshengmanufacture.com\/wp-content\/uploads\/2025\/04\/%E6%9C%AA%E6%A0%87%E9%A2%98-2-%E6%81%A2%E5%A4%8D%E7%9A%84_03-1.jpg\" alt=\"\" width=\"790\" height=\"1051\"> <img loading=\"lazy\" decoding=\"async\" class=\"size-full wp-image-3931 aligncenter\" src=\"https:\/\/xinshengmanufacture.com\/wp-content\/uploads\/2025\/04\/%E6%9C%AA%E6%A0%87%E9%A2%98-2-%E6%81%A2%E5%A4%8D%E7%9A%84_04-1.jpg\" alt=\"\" width=\"790\" height=\"1164\"> <img loading=\"lazy\" decoding=\"async\" class=\"size-full wp-image-3932 aligncenter\" src=\"https:\/\/xinshengmanufacture.com\/wp-content\/uploads\/2025\/04\/%E6%9C%AA%E6%A0%87%E9%A2%98-2-%E6%81%A2%E5%A4%8D%E7%9A%84_05-1.jpg\" alt=\"\" width=\"790\" height=\"1043\"> <img loading=\"lazy\" decoding=\"async\" class=\"size-full wp-image-3933 aligncenter\" src=\"https:\/\/xinshengmanufacture.com\/wp-content\/uploads\/2025\/04\/%E6%9C%AA%E6%A0%87%E9%A2%98-2-%E6%81%A2%E5%A4%8D%E7%9A%84_06-1.jpg\" alt=\"\" width=\"790\" height=\"1116\"> <img loading=\"lazy\" decoding=\"async\" class=\"size-full wp-image-3934 aligncenter\" src=\"https:\/\/xinshengmanufacture.com\/wp-content\/uploads\/2025\/04\/%E6%9C%AA%E6%A0%87%E9%A2%98-2-%E6%81%A2%E5%A4%8D%E7%9A%84_07-1.jpg\" alt=\"\" width=\"790\" height=\"1062\"> <img loading=\"lazy\" decoding=\"async\" class=\"size-full wp-image-3935 aligncenter\" src=\"https:\/\/xinshengmanufacture.com\/wp-content\/uploads\/2025\/04\/%E6%9C%AA%E6%A0%87%E9%A2%98-2-%E6%81%A2%E5%A4%8D%E7%9A%84_08-1.jpg\" alt=\"\" width=\"790\" height=\"1123\"> <img loading=\"lazy\" decoding=\"async\" class=\"size-full wp-image-3936 aligncenter\" src=\"https:\/\/xinshengmanufacture.com\/wp-content\/uploads\/2025\/04\/%E6%9C%AA%E6%A0%87%E9%A2%98-2-%E6%81%A2%E5%A4%8D%E7%9A%84_09-1.jpg\" alt=\"\" width=\"790\" height=\"2020\"> <img loading=\"lazy\" decoding=\"async\" class=\"size-full wp-image-3937 aligncenter\" src=\"https:\/\/xinshengmanufacture.com\/wp-content\/uploads\/2025\/04\/%E6%9C%AA%E6%A0%87%E9%A2%98-2-%E6%81%A2%E5%A4%8D%E7%9A%84_10-1.jpg\" alt=\"\" width=\"790\" height=\"1339\"> <img loading=\"lazy\" decoding=\"async\" class=\"size-full wp-image-3938 aligncenter\" src=\"https:\/\/xinshengmanufacture.com\/wp-content\/uploads\/2025\/04\/%E6%9C%AA%E6%A0%87%E9%A2%98-2-%E6%81%A2%E5%A4%8D%E7%9A%84_11-1.jpg\" alt=\"\" width=\"790\" height=\"1189\"> <img loading=\"lazy\" decoding=\"async\" class=\"size-full wp-image-3939 aligncenter\" src=\"https:\/\/xinshengmanufacture.com\/wp-content\/uploads\/2025\/04\/%E6%9C%AA%E6%A0%87%E9%A2%98-2-%E6%81%A2%E5%A4%8D%E7%9A%84_12-1.jpg\" alt=\"\" width=\"790\" height=\"1831\"> <img loading=\"lazy\" decoding=\"async\" class=\"size-full wp-image-3940 aligncenter\" src=\"https:\/\/xinshengmanufacture.com\/wp-content\/uploads\/2025\/04\/%E6%9C%AA%E6%A0%87%E9%A2%98-2-%E6%81%A2%E5%A4%8D%E7%9A%84_13-1.jpg\" alt=\"\" width=\"790\" height=\"1600\"> <img loading=\"lazy\" decoding=\"async\" class=\"size-full wp-image-3941 aligncenter\" src=\"https:\/\/xinshengmanufacture.com\/wp-content\/uploads\/2025\/04\/%E6%9C%AA%E6%A0%87%E9%A2%98-2-%E6%81%A2%E5%A4%8D%E7%9A%84_14-1.jpg\" alt=\"\" width=\"790\" height=\"1290\"><\/p>\n","protected":false},"excerpt":{"rendered":"<p>Aplicable a centros de masaje, centros de belleza, barber\u00edas, peluquer\u00edas, etc.<\/p>\n","protected":false},"featured_media":32562,"template":"","meta":{"_bst_post_transparent":"","_bst_post_title":"","_bst_post_layout":"","_bst_post_sidebar_id":"","_bst_post_content_style":"","_bst_post_vertical_padding":"","_bst_post_feature":"","_bst_post_feature_position":"","_bst_post_header":false,"_bst_post_footer":false},"product_brand":[1082],"product_cat":[868],"product_tag":[],"class_list":{"0":"post-38088","1":"product","2":"type-product","3":"status-publish","4":"has-post-thumbnail","6":"product_brand-xinsheng-es","7":"product_cat-sillon-multifuncional-para-champu","8":"pa_color-colores-personalizados","9":"pa_color-negro","10":"pa_size-187cm68cm80cm-es","12":"first","13":"instock","14":"sale","15":"shipping-taxable","16":"purchasable","17":"product-type-variable","18":"entry","19":"content-bg","20":"loop-entry"},"_links":{"self":[{"href":"https:\/\/xinshengmanufacture.com\/es\/wp-json\/wp\/v2\/product\/38088","targetHints":{"allow":["GET"]}}],"collection":[{"href":"https:\/\/xinshengmanufacture.com\/es\/wp-json\/wp\/v2\/product"}],"about":[{"href":"https:\/\/xinshengmanufacture.com\/es\/wp-json\/wp\/v2\/types\/product"}],"version-history":[{"count":2,"href":"https:\/\/xinshengmanufacture.com\/es\/wp-json\/wp\/v2\/product\/38088\/revisions"}],"predecessor-version":[{"id":74890,"href":"https:\/\/xinshengmanufacture.com\/es\/wp-json\/wp\/v2\/product\/38088\/revisions\/74890"}],"wp:featuredmedia":[{"embeddable":true,"href":"https:\/\/xinshengmanufacture.com\/es\/wp-json\/wp\/v2\/media\/32562"}],"wp:attachment":[{"href":"https:\/\/xinshengmanufacture.com\/es\/wp-json\/wp\/v2\/media?parent=38088"}],"wp:term":[{"taxonomy":"product_brand","embeddable":true,"href":"https:\/\/xinshengmanufacture.com\/es\/wp-json\/wp\/v2\/product_brand?post=38088"},{"taxonomy":"product_cat","embeddable":true,"href":"https:\/\/xinshengmanufacture.com\/es\/wp-json\/wp\/v2\/product_cat?post=38088"},{"taxonomy":"product_tag","embeddable":true,"href":"https:\/\/xinshengmanufacture.com\/es\/wp-json\/wp\/v2\/product_tag?post=38088"}],"curies":[{"name":"wp","href":"https:\/\/api.w.org\/{rel}","templated":true}]}}