{"id":38126,"date":"2025-04-14T05:56:10","date_gmt":"2025-04-14T05:56:10","guid":{"rendered":"https:\/\/xinshengmanufacture.com\/product\/cama-de-belleza-electrica-ajustable-cama-de-masaje-facial-spa-clinica-cama-de-masaje-equipo-medico-equipo-de-tatuaje\/"},"modified":"2025-08-26T08:06:52","modified_gmt":"2025-08-26T08:06:52","slug":"cama-de-belleza-electrica-ajustable-cama-de-masaje-facial-spa-clinica-cama-de-masaje-equipo-medico-equipo-de-tatuaje","status":"publish","type":"product","link":"https:\/\/xinshengmanufacture.com\/es\/product\/cama-de-belleza-electrica-ajustable-cama-de-masaje-facial-spa-clinica-cama-de-masaje-equipo-medico-equipo-de-tatuaje\/","title":{"rendered":"Cama de belleza el\u00e9ctrica ajustable cama de masaje facial spa cl\u00ednica cama de masaje equipo m\u00e9dico equipo de tatuaje"},"content":{"rendered":"<div class=\"wp-playlist wp-video-playlist wp-playlist-light\">\n\t\t<video controls=\"controls\" preload=\"none\" width=\"1408\"\n\t\t height=\"2503\"\t><\/video>\n\t<div class=\"wp-playlist-next\"><\/div>\n\t<div class=\"wp-playlist-prev\"><\/div>\n\t<noscript>\n\t<ol>\n\t\t<li><a href='https:\/\/xinshengmanufacture.com\/wp-content\/uploads\/2025\/04\/WeChat_20250414135229.mp4'>WeChat_20250414135229<\/a><\/li>\t<\/ol>\n\t<\/noscript>\n\t<script type=\"application\/json\" class=\"wp-playlist-script\">{\"type\":\"video\",\"tracklist\":false,\"tracknumbers\":true,\"images\":true,\"artists\":true,\"tracks\":[{\"src\":\"https:\/\/xinshengmanufacture.com\/wp-content\/uploads\/2025\/04\/WeChat_20250414135229.mp4\",\"type\":\"video\/mp4\",\"title\":\"WeChat_20250414135229\",\"caption\":\"\",\"description\":\"\",\"meta\":{\"length_formatted\":\"0:43\"},\"dimensions\":{\"original\":{\"width\":1080,\"height\":1920},\"resized\":{\"width\":1408,\"height\":2503}},\"image\":{\"src\":\"https:\/\/xinshengmanufacture.com\/wp-includes\/images\/media\/video.svg\",\"width\":48,\"height\":64},\"thumb\":{\"src\":\"https:\/\/xinshengmanufacture.com\/wp-includes\/images\/media\/video.svg\",\"width\":48,\"height\":64}}]}<\/script>\n<\/div>\n\t\n<p style=\"text-align: center;\"><img fetchpriority=\"high\" decoding=\"async\" class=\"size-full wp-image-3863 aligncenter\" src=\"https:\/\/xinshengmanufacture.com\/wp-content\/uploads\/2025\/04\/%E8%B6%85%E5%B7%A5%E5%AE%9A%E5%88%B6%E8%8B%B1%E6%96%87_01.jpg\" alt=\"\" width=\"790\" height=\"1223\"><img decoding=\"async\" class=\"size-full wp-image-3864 aligncenter\" src=\"https:\/\/xinshengmanufacture.com\/wp-content\/uploads\/2025\/04\/%E8%B6%85%E5%B7%A5%E5%AE%9A%E5%88%B6%E8%8B%B1%E6%96%87_02.jpg\" alt=\"\" width=\"790\" height=\"694\"><img decoding=\"async\" class=\"size-full wp-image-3865 aligncenter\" src=\"https:\/\/xinshengmanufacture.com\/wp-content\/uploads\/2025\/04\/%E8%B6%85%E5%B7%A5%E5%AE%9A%E5%88%B6%E8%8B%B1%E6%96%87_03.jpg\" alt=\"\" width=\"790\" height=\"1029\"><img loading=\"lazy\" decoding=\"async\" class=\"size-full wp-image-3866 aligncenter\" src=\"https:\/\/xinshengmanufacture.com\/wp-content\/uploads\/2025\/04\/%E8%B6%85%E5%B7%A5%E5%AE%9A%E5%88%B6%E8%8B%B1%E6%96%87_04.jpg\" alt=\"\" width=\"790\" height=\"1156\"><img loading=\"lazy\" decoding=\"async\" class=\"size-full wp-image-3867 aligncenter\" src=\"https:\/\/xinshengmanufacture.com\/wp-content\/uploads\/2025\/04\/%E8%B6%85%E5%B7%A5%E5%AE%9A%E5%88%B6%E8%8B%B1%E6%96%87_05.jpg\" alt=\"\" width=\"790\" height=\"1486\"><\/p>\n<p style=\"text-align: center;\"><img loading=\"lazy\" decoding=\"async\" class=\"size-full wp-image-3875 aligncenter\" src=\"https:\/\/xinshengmanufacture.com\/wp-content\/uploads\/2025\/04\/2-%E6%81%A2%E5%A4%8D%E7%9A%84%E5%A4%96-%E6%81%A2%E5%A4%8D%E7%9A%84_01.jpg\" alt=\"\" width=\"790\" height=\"1220\"> <img loading=\"lazy\" decoding=\"async\" class=\"size-full wp-image-3876 aligncenter\" src=\"https:\/\/xinshengmanufacture.com\/wp-content\/uploads\/2025\/04\/2-%E6%81%A2%E5%A4%8D%E7%9A%84%E5%A4%96-%E6%81%A2%E5%A4%8D%E7%9A%84_02.jpg\" alt=\"\" width=\"790\" height=\"1035\"> <img loading=\"lazy\" decoding=\"async\" class=\"size-full wp-image-3877 aligncenter\" src=\"https:\/\/xinshengmanufacture.com\/wp-content\/uploads\/2025\/04\/2-%E6%81%A2%E5%A4%8D%E7%9A%84%E5%A4%96-%E6%81%A2%E5%A4%8D%E7%9A%84_03.jpg\" alt=\"\" width=\"790\" height=\"1193\"> <img loading=\"lazy\" decoding=\"async\" class=\"size-full wp-image-3878 aligncenter\" src=\"https:\/\/xinshengmanufacture.com\/wp-content\/uploads\/2025\/04\/2-%E6%81%A2%E5%A4%8D%E7%9A%84%E5%A4%96-%E6%81%A2%E5%A4%8D%E7%9A%84_04.jpg\" alt=\"\" width=\"790\" height=\"1176\"> <img loading=\"lazy\" decoding=\"async\" class=\"size-full wp-image-3879 aligncenter\" src=\"https:\/\/xinshengmanufacture.com\/wp-content\/uploads\/2025\/04\/2-%E6%81%A2%E5%A4%8D%E7%9A%84%E5%A4%96-%E6%81%A2%E5%A4%8D%E7%9A%84_05.jpg\" alt=\"\" width=\"790\" height=\"872\"> <img loading=\"lazy\" decoding=\"async\" class=\"size-full wp-image-3880 aligncenter\" src=\"https:\/\/xinshengmanufacture.com\/wp-content\/uploads\/2025\/04\/2-%E6%81%A2%E5%A4%8D%E7%9A%84%E5%A4%96-%E6%81%A2%E5%A4%8D%E7%9A%84_06.jpg\" alt=\"\" width=\"790\" height=\"1014\"> <img loading=\"lazy\" decoding=\"async\" class=\"size-full wp-image-3881 aligncenter\" src=\"https:\/\/xinshengmanufacture.com\/wp-content\/uploads\/2025\/04\/2-%E6%81%A2%E5%A4%8D%E7%9A%84%E5%A4%96-%E6%81%A2%E5%A4%8D%E7%9A%84_07.jpg\" alt=\"\" width=\"790\" height=\"1039\"> <img loading=\"lazy\" decoding=\"async\" class=\"size-full wp-image-3882 aligncenter\" src=\"https:\/\/xinshengmanufacture.com\/wp-content\/uploads\/2025\/04\/2-%E6%81%A2%E5%A4%8D%E7%9A%84%E5%A4%96-%E6%81%A2%E5%A4%8D%E7%9A%84_08.jpg\" alt=\"\" width=\"790\" height=\"1086\"> <img loading=\"lazy\" decoding=\"async\" class=\"size-full wp-image-3883 aligncenter\" src=\"https:\/\/xinshengmanufacture.com\/wp-content\/uploads\/2025\/04\/2-%E6%81%A2%E5%A4%8D%E7%9A%84%E5%A4%96-%E6%81%A2%E5%A4%8D%E7%9A%84_09.jpg\" alt=\"\" width=\"790\" height=\"1231\"> <img loading=\"lazy\" decoding=\"async\" class=\"size-full wp-image-3884 aligncenter\" src=\"https:\/\/xinshengmanufacture.com\/wp-content\/uploads\/2025\/04\/2-%E6%81%A2%E5%A4%8D%E7%9A%84%E5%A4%96-%E6%81%A2%E5%A4%8D%E7%9A%84_10.jpg\" alt=\"\" width=\"790\" height=\"1766\"> <img loading=\"lazy\" decoding=\"async\" class=\"size-full wp-image-3885 aligncenter\" src=\"https:\/\/xinshengmanufacture.com\/wp-content\/uploads\/2025\/04\/2-%E6%81%A2%E5%A4%8D%E7%9A%84%E5%A4%96-%E6%81%A2%E5%A4%8D%E7%9A%84_11.jpg\" alt=\"\" width=\"790\" height=\"1801\"> <img loading=\"lazy\" decoding=\"async\" class=\"size-full wp-image-3886 aligncenter\" src=\"https:\/\/xinshengmanufacture.com\/wp-content\/uploads\/2025\/04\/2-%E6%81%A2%E5%A4%8D%E7%9A%84%E5%A4%96-%E6%81%A2%E5%A4%8D%E7%9A%84_12.jpg\" alt=\"\" width=\"790\" height=\"1600\"><\/p>\n","protected":false},"excerpt":{"rendered":"<p>La cama de belleza el\u00e9ctrica puede utilizarse en centros de belleza, salones de belleza, centros de spa, centros de masajes, etc.<\/p>\n","protected":false},"featured_media":32572,"template":"","meta":{"_bst_post_transparent":"","_bst_post_title":"","_bst_post_layout":"","_bst_post_sidebar_id":"","_bst_post_content_style":"","_bst_post_vertical_padding":"","_bst_post_feature":"","_bst_post_feature_position":"","_bst_post_header":false,"_bst_post_footer":false},"product_brand":[1082],"product_cat":[854],"product_tag":[],"class_list":{"0":"post-38126","1":"product","2":"type-product","3":"status-publish","4":"has-post-thumbnail","6":"product_brand-xinsheng-es","7":"product_cat-cama-de-belleza","8":"pa_color-albaricoque","9":"pa_color-colores-personalizados","10":"pa_size-1857282cm-es","12":"first","13":"instock","14":"sale","15":"shipping-taxable","16":"purchasable","17":"product-type-variable","18":"entry","19":"content-bg","20":"loop-entry"},"_links":{"self":[{"href":"https:\/\/xinshengmanufacture.com\/es\/wp-json\/wp\/v2\/product\/38126","targetHints":{"allow":["GET"]}}],"collection":[{"href":"https:\/\/xinshengmanufacture.com\/es\/wp-json\/wp\/v2\/product"}],"about":[{"href":"https:\/\/xinshengmanufacture.com\/es\/wp-json\/wp\/v2\/types\/product"}],"version-history":[{"count":2,"href":"https:\/\/xinshengmanufacture.com\/es\/wp-json\/wp\/v2\/product\/38126\/revisions"}],"predecessor-version":[{"id":75157,"href":"https:\/\/xinshengmanufacture.com\/es\/wp-json\/wp\/v2\/product\/38126\/revisions\/75157"}],"wp:featuredmedia":[{"embeddable":true,"href":"https:\/\/xinshengmanufacture.com\/es\/wp-json\/wp\/v2\/media\/32572"}],"wp:attachment":[{"href":"https:\/\/xinshengmanufacture.com\/es\/wp-json\/wp\/v2\/media?parent=38126"}],"wp:term":[{"taxonomy":"product_brand","embeddable":true,"href":"https:\/\/xinshengmanufacture.com\/es\/wp-json\/wp\/v2\/product_brand?post=38126"},{"taxonomy":"product_cat","embeddable":true,"href":"https:\/\/xinshengmanufacture.com\/es\/wp-json\/wp\/v2\/product_cat?post=38126"},{"taxonomy":"product_tag","embeddable":true,"href":"https:\/\/xinshengmanufacture.com\/es\/wp-json\/wp\/v2\/product_tag?post=38126"}],"curies":[{"name":"wp","href":"https:\/\/api.w.org\/{rel}","templated":true}]}}