{"id":45654,"date":"2025-05-23T08:25:53","date_gmt":"2025-05-23T08:25:53","guid":{"rendered":"https:\/\/xinshengmanufacture.com\/product\/lavabo-de-champu-movil-con-fumigacion-circulacion-de-agua-multicabezal-equipo-de-mobiliario-de-salon-cama-de-masaje-lavabo-de-champu-centro-de-belleza-lavabo-de-champu-centro-de-spa-lavabo-de-champu\/"},"modified":"2026-01-17T05:50:26","modified_gmt":"2026-01-17T05:50:26","slug":"lavabo-de-champu-movil-con-fumigacion-circulacion-de-agua-multicabezal-equipo-de-mobiliario-de-salon-cama-de-masaje-lavabo-de-champu-centro-de-belleza-lavabo-de-champu-centro-de-spa-lavabo-de-champu","status":"publish","type":"product","link":"https:\/\/xinshengmanufacture.com\/es\/product\/lavabo-de-champu-movil-con-fumigacion-circulacion-de-agua-multicabezal-equipo-de-mobiliario-de-salon-cama-de-masaje-lavabo-de-champu-centro-de-belleza-lavabo-de-champu-centro-de-spa-lavabo-de-champu\/","title":{"rendered":"Lavabo de champ\u00fa m\u00f3vil con fumigaci\u00f3n circulaci\u00f3n de agua multicabezal equipo de mobiliario de sal\u00f3n cama de masaje lavabo de champ\u00fa centro de belleza lavabo de champ\u00fa centro de spa lavabo de champ\u00fa"},"content":{"rendered":"<div class=\"wp-playlist wp-video-playlist wp-playlist-light\">\n\t\t<video controls=\"controls\" preload=\"none\" width=\"1408\"\n\t\t height=\"2503\"\t><\/video>\n\t<div class=\"wp-playlist-next\"><\/div>\n\t<div class=\"wp-playlist-prev\"><\/div>\n\t<noscript>\n\t<ol>\n\t\t<li><a href='https:\/\/xinshengmanufacture.com\/wp-content\/uploads\/2025\/05\/\u53d128-1.mp4'>\u53d128 (1)<\/a><\/li>\t<\/ol>\n\t<\/noscript>\n\t<script type=\"application\/json\" class=\"wp-playlist-script\">{\"type\":\"video\",\"tracklist\":false,\"tracknumbers\":true,\"images\":true,\"artists\":true,\"tracks\":[{\"src\":\"https:\/\/xinshengmanufacture.com\/wp-content\/uploads\/2025\/05\/\\u53d128-1.mp4\",\"type\":\"video\/mp4\",\"title\":\"\\u53d128 (1)\",\"caption\":\"\",\"description\":\"\",\"meta\":{\"length_formatted\":\"0:44\"},\"dimensions\":{\"original\":{\"width\":1080,\"height\":1920},\"resized\":{\"width\":1408,\"height\":2503}},\"image\":{\"src\":\"https:\/\/xinshengmanufacture.com\/wp-includes\/images\/media\/video.svg\",\"width\":48,\"height\":64},\"thumb\":{\"src\":\"https:\/\/xinshengmanufacture.com\/wp-includes\/images\/media\/video.svg\",\"width\":48,\"height\":64}}]}<\/script>\n<\/div>\n\t\n<p><img fetchpriority=\"high\" decoding=\"async\" class=\"alignnone size-full wp-image-5189 aligncenter\" src=\"https:\/\/xinshengmanufacture.com\/wp-content\/uploads\/2025\/05\/%E8%B6%85%E5%B7%A5%E5%AE%9A%E5%88%B6%E8%8B%B1%E6%96%87_011-3.jpg\" alt=\"\" width=\"1200\" height=\"1857\"><img decoding=\"async\" class=\"size-full wp-image-5190 aligncenter\" src=\"https:\/\/xinshengmanufacture.com\/wp-content\/uploads\/2025\/05\/%E8%B6%85%E5%B7%A5%E5%AE%9A%E5%88%B6%E8%8B%B1%E6%96%87_021-3.jpg\" alt=\"\" width=\"1200\" height=\"1054\"><img decoding=\"async\" class=\"size-full wp-image-5191 aligncenter\" src=\"https:\/\/xinshengmanufacture.com\/wp-content\/uploads\/2025\/05\/%E8%B6%85%E5%B7%A5%E5%AE%9A%E5%88%B6%E8%8B%B1%E6%96%87_031-3.jpg\" alt=\"\" width=\"1200\" height=\"1563\"><img loading=\"lazy\" decoding=\"async\" class=\"size-full wp-image-5192 aligncenter\" src=\"https:\/\/xinshengmanufacture.com\/wp-content\/uploads\/2025\/05\/%E8%B6%85%E5%B7%A5%E5%AE%9A%E5%88%B6%E8%8B%B1%E6%96%87_041-3.jpg\" alt=\"\" width=\"1200\" height=\"1755\"><img loading=\"lazy\" decoding=\"async\" class=\"size-full wp-image-5193 aligncenter\" src=\"https:\/\/xinshengmanufacture.com\/wp-content\/uploads\/2025\/05\/%E8%B6%85%E5%B7%A5%E5%AE%9A%E5%88%B6%E8%8B%B1%E6%96%87_051-3.jpg\" alt=\"\" width=\"1200\" height=\"2257\"><img loading=\"lazy\" decoding=\"async\" class=\"size-full wp-image-5332 aligncenter\" src=\"https:\/\/xinshengmanufacture.com\/wp-content\/uploads\/2025\/05\/gw2-%E6%8B%B7%E8%B4%9D_01.jpg\" alt=\"\" width=\"1200\" height=\"1907\"> <img loading=\"lazy\" decoding=\"async\" class=\"size-full wp-image-5333 aligncenter\" src=\"https:\/\/xinshengmanufacture.com\/wp-content\/uploads\/2025\/05\/gw2-%E6%8B%B7%E8%B4%9D_02.jpg\" alt=\"\" width=\"1200\" height=\"1522\"> <img loading=\"lazy\" decoding=\"async\" class=\"size-full wp-image-5334 aligncenter\" src=\"https:\/\/xinshengmanufacture.com\/wp-content\/uploads\/2025\/05\/gw2-%E6%8B%B7%E8%B4%9D_03.jpg\" alt=\"\" width=\"1200\" height=\"1688\"> <img loading=\"lazy\" decoding=\"async\" class=\"size-full wp-image-5335 aligncenter\" src=\"https:\/\/xinshengmanufacture.com\/wp-content\/uploads\/2025\/05\/gw2-%E6%8B%B7%E8%B4%9D_04.jpg\" alt=\"\" width=\"1200\" height=\"2247\"> <img loading=\"lazy\" decoding=\"async\" class=\"size-full wp-image-5336 aligncenter\" src=\"https:\/\/xinshengmanufacture.com\/wp-content\/uploads\/2025\/05\/gw2-%E6%8B%B7%E8%B4%9D_05.jpg\" alt=\"\" width=\"1200\" height=\"1595\"> <img loading=\"lazy\" decoding=\"async\" class=\"size-full wp-image-5337 aligncenter\" src=\"https:\/\/xinshengmanufacture.com\/wp-content\/uploads\/2025\/05\/gw2-%E6%8B%B7%E8%B4%9D_06.jpg\" alt=\"\" width=\"1200\" height=\"1642\"> <img loading=\"lazy\" decoding=\"async\" class=\"size-full wp-image-5338 aligncenter\" src=\"https:\/\/xinshengmanufacture.com\/wp-content\/uploads\/2025\/05\/gw2-%E6%8B%B7%E8%B4%9D_07.jpg\" alt=\"\" width=\"1200\" height=\"1813\"> <img loading=\"lazy\" decoding=\"async\" class=\"wp-image-5339 aligncenter\" src=\"https:\/\/xinshengmanufacture.com\/wp-content\/uploads\/2025\/05\/gw2-%E6%8B%B7%E8%B4%9D_08-scaled.jpg\" alt=\"\" width=\"1200\" height=\"2690\"> <img loading=\"lazy\" decoding=\"async\" class=\"size-full wp-image-5340 aligncenter\" src=\"https:\/\/xinshengmanufacture.com\/wp-content\/uploads\/2025\/05\/gw2-%E6%8B%B7%E8%B4%9D_09.jpg\" alt=\"\" width=\"1200\" height=\"2463\"><\/p>\n<div id=\"gtx-trans\" style=\"position: absolute; left: 685px; top: 35px;\">\n<div class=\"gtx-trans-icon\"><\/div>\n<\/div>\n","protected":false},"excerpt":{"rendered":"<p>El lavabo m\u00f3vil para champ\u00fa puede utilizarse en salones de belleza, centros de est\u00e9tica, balnearios, etc. Se puede utilizar con nuestras camas de masaje y camas de belleza <\/p>\n","protected":false},"featured_media":45669,"template":"","meta":{"_bst_post_transparent":"","_bst_post_title":"","_bst_post_layout":"","_bst_post_sidebar_id":"","_bst_post_content_style":"","_bst_post_vertical_padding":"","_bst_post_feature":"","_bst_post_feature_position":"","_bst_post_header":false,"_bst_post_footer":false},"product_brand":[1082],"product_cat":[921],"product_tag":[1026,1054],"class_list":{"0":"post-45654","1":"product","2":"type-product","3":"status-publish","4":"has-post-thumbnail","6":"product_brand-xinsheng-es","7":"product_cat-fregadero-portatil-para-champu","8":"product_tag-lavabo-para-champu","9":"product_tag-lavabo-portatil-para-champu","10":"pa_color-blanco","11":"pa_color-colores-personalizados","12":"pa_color-negro","13":"pa_size-70cm65cm60cm-es","15":"first","16":"instock","17":"sale","18":"shipping-taxable","19":"purchasable","20":"product-type-variable","21":"entry","22":"content-bg","23":"loop-entry"},"_links":{"self":[{"href":"https:\/\/xinshengmanufacture.com\/es\/wp-json\/wp\/v2\/product\/45654","targetHints":{"allow":["GET"]}}],"collection":[{"href":"https:\/\/xinshengmanufacture.com\/es\/wp-json\/wp\/v2\/product"}],"about":[{"href":"https:\/\/xinshengmanufacture.com\/es\/wp-json\/wp\/v2\/types\/product"}],"version-history":[{"count":9,"href":"https:\/\/xinshengmanufacture.com\/es\/wp-json\/wp\/v2\/product\/45654\/revisions"}],"predecessor-version":[{"id":87156,"href":"https:\/\/xinshengmanufacture.com\/es\/wp-json\/wp\/v2\/product\/45654\/revisions\/87156"}],"wp:featuredmedia":[{"embeddable":true,"href":"https:\/\/xinshengmanufacture.com\/es\/wp-json\/wp\/v2\/media\/45669"}],"wp:attachment":[{"href":"https:\/\/xinshengmanufacture.com\/es\/wp-json\/wp\/v2\/media?parent=45654"}],"wp:term":[{"taxonomy":"product_brand","embeddable":true,"href":"https:\/\/xinshengmanufacture.com\/es\/wp-json\/wp\/v2\/product_brand?post=45654"},{"taxonomy":"product_cat","embeddable":true,"href":"https:\/\/xinshengmanufacture.com\/es\/wp-json\/wp\/v2\/product_cat?post=45654"},{"taxonomy":"product_tag","embeddable":true,"href":"https:\/\/xinshengmanufacture.com\/es\/wp-json\/wp\/v2\/product_tag?post=45654"}],"curies":[{"name":"wp","href":"https:\/\/api.w.org\/{rel}","templated":true}]}}