{"id":77051,"date":"2025-09-13T07:28:23","date_gmt":"2025-09-13T07:28:23","guid":{"rendered":"https:\/\/xinshengmanufacture.com\/product\/mueble-de-salon-lavabo-de-champu-con-funcion-de-fumigacion-por-circulacion-de-agua-equipo-de-peluqueria-centro-de-spa-cama-de-champu-lavabo-de-champu-portatil-lavabo-de-terapia-de-cabeza\/"},"modified":"2025-09-13T07:28:23","modified_gmt":"2025-09-13T07:28:23","slug":"mueble-de-salon-lavabo-de-champu-con-funcion-de-fumigacion-por-circulacion-de-agua-equipo-de-peluqueria-centro-de-spa-cama-de-champu-lavabo-de-champu-portatil-lavabo-de-terapia-de-cabeza","status":"publish","type":"product","link":"https:\/\/xinshengmanufacture.com\/es\/product\/mueble-de-salon-lavabo-de-champu-con-funcion-de-fumigacion-por-circulacion-de-agua-equipo-de-peluqueria-centro-de-spa-cama-de-champu-lavabo-de-champu-portatil-lavabo-de-terapia-de-cabeza\/","title":{"rendered":"Mueble de sal\u00f3n lavabo de champ\u00fa con funci\u00f3n de fumigaci\u00f3n por circulaci\u00f3n de agua equipo de peluquer\u00eda centro de spa cama de champ\u00fa lavabo de champ\u00fa port\u00e1til lavabo de terapia de cabeza"},"content":{"rendered":"<div class=\"wp-playlist wp-video-playlist wp-playlist-light\">\n\t\t<video controls=\"controls\" preload=\"none\" width=\"1408\"\n\t\t height=\"2503\"\t><\/video>\n\t<div class=\"wp-playlist-next\"><\/div>\n\t<div class=\"wp-playlist-prev\"><\/div>\n\t<noscript>\n\t<ol>\n\t\t<li><a href='https:\/\/xinshengmanufacture.com\/wp-content\/uploads\/2025\/09\/\u5fae\u4fe1\u89c6\u98912025-09-13_145518_214.mp4'>\u5fae\u4fe1\u89c6\u98912025-09-13_145518_214<\/a><\/li>\t<\/ol>\n\t<\/noscript>\n\t<script type=\"application\/json\" class=\"wp-playlist-script\">{\"type\":\"video\",\"tracklist\":false,\"tracknumbers\":true,\"images\":true,\"artists\":true,\"tracks\":[{\"src\":\"https:\/\/xinshengmanufacture.com\/wp-content\/uploads\/2025\/09\/\\u5fae\\u4fe1\\u89c6\\u98912025-09-13_145518_214.mp4\",\"type\":\"video\/mp4\",\"title\":\"\\u5fae\\u4fe1\\u89c6\\u98912025-09-13_145518_214\",\"caption\":\"\",\"description\":\"\",\"meta\":{\"length_formatted\":\"0:44\"},\"dimensions\":{\"original\":{\"width\":1080,\"height\":1920},\"resized\":{\"width\":1408,\"height\":2503}},\"image\":{\"src\":\"https:\/\/xinshengmanufacture.com\/wp-includes\/images\/media\/video.svg\",\"width\":48,\"height\":64},\"thumb\":{\"src\":\"https:\/\/xinshengmanufacture.com\/wp-includes\/images\/media\/video.svg\",\"width\":48,\"height\":64}}]}<\/script>\n<\/div>\n\t\n<p><img fetchpriority=\"high\" decoding=\"async\" class=\"aligncenter wp-image-75522\" src=\"https:\/\/xinshengmanufacture.com\/wp-content\/uploads\/2025\/09\/%E8%B6%85%E5%B7%A5%E5%AE%9A%E5%88%B6%E8%8B%B1%E6%96%87_011.jpg\" alt=\"\" width=\"790\" height=\"1223\"><img decoding=\"async\" class=\"aligncenter wp-image-75534\" src=\"https:\/\/xinshengmanufacture.com\/wp-content\/uploads\/2025\/09\/%E8%B6%85%E5%B7%A5%E5%AE%9A%E5%88%B6%E8%8B%B1%E6%96%87_021.jpg\" alt=\"\" width=\"790\" height=\"694\"><img decoding=\"async\" class=\"aligncenter wp-image-75546\" src=\"https:\/\/xinshengmanufacture.com\/wp-content\/uploads\/2025\/09\/%E8%B6%85%E5%B7%A5%E5%AE%9A%E5%88%B6%E8%8B%B1%E6%96%87_031.jpg\" alt=\"\" width=\"790\" height=\"1029\"><img loading=\"lazy\" decoding=\"async\" class=\"aligncenter wp-image-75558\" src=\"https:\/\/xinshengmanufacture.com\/wp-content\/uploads\/2025\/09\/%E8%B6%85%E5%B7%A5%E5%AE%9A%E5%88%B6%E8%8B%B1%E6%96%87_041.jpg\" alt=\"\" width=\"790\" height=\"1155\"><img loading=\"lazy\" decoding=\"async\" class=\"aligncenter wp-image-75570\" src=\"https:\/\/xinshengmanufacture.com\/wp-content\/uploads\/2025\/09\/%E8%B6%85%E5%B7%A5%E5%AE%9A%E5%88%B6%E8%8B%B1%E6%96%87_051.jpg\" alt=\"\" width=\"790\" height=\"1486\"><img loading=\"lazy\" decoding=\"async\" class=\"size-full wp-image-76619 aligncenter\" src=\"https:\/\/xinshengmanufacture.com\/wp-content\/uploads\/2025\/09\/1-1-1.jpg\" alt=\"\" width=\"790\" height=\"1340\" srcset=\"https:\/\/xinshengmanufacture.com\/wp-content\/uploads\/2025\/09\/1-1-1.jpg 790w, https:\/\/xinshengmanufacture.com\/wp-content\/uploads\/2025\/09\/1-1-1-177x300.jpg 177w, https:\/\/xinshengmanufacture.com\/wp-content\/uploads\/2025\/09\/1-1-1-604x1024.jpg 604w, https:\/\/xinshengmanufacture.com\/wp-content\/uploads\/2025\/09\/1-1-1-768x1303.jpg 768w, https:\/\/xinshengmanufacture.com\/wp-content\/uploads\/2025\/09\/1-1-1-600x1018.jpg 600w\" sizes=\"(max-width: 790px) 100vw, 790px\" \/> <img loading=\"lazy\" decoding=\"async\" class=\"size-full wp-image-76631 aligncenter\" src=\"https:\/\/xinshengmanufacture.com\/wp-content\/uploads\/2025\/09\/1-10.jpg\" alt=\"\" width=\"790\" height=\"1607\" srcset=\"https:\/\/xinshengmanufacture.com\/wp-content\/uploads\/2025\/09\/1-10.jpg 790w, https:\/\/xinshengmanufacture.com\/wp-content\/uploads\/2025\/09\/1-10-147x300.jpg 147w, https:\/\/xinshengmanufacture.com\/wp-content\/uploads\/2025\/09\/1-10-503x1024.jpg 503w, https:\/\/xinshengmanufacture.com\/wp-content\/uploads\/2025\/09\/1-10-768x1562.jpg 768w, https:\/\/xinshengmanufacture.com\/wp-content\/uploads\/2025\/09\/1-10-755x1536.jpg 755w, https:\/\/xinshengmanufacture.com\/wp-content\/uploads\/2025\/09\/1-10-600x1221.jpg 600w\" sizes=\"(max-width: 790px) 100vw, 790px\" \/> <img loading=\"lazy\" decoding=\"async\" class=\"size-full wp-image-76643 aligncenter\" src=\"https:\/\/xinshengmanufacture.com\/wp-content\/uploads\/2025\/09\/1-2-1.jpg\" alt=\"\" width=\"790\" height=\"1421\" srcset=\"https:\/\/xinshengmanufacture.com\/wp-content\/uploads\/2025\/09\/1-2-1.jpg 790w, https:\/\/xinshengmanufacture.com\/wp-content\/uploads\/2025\/09\/1-2-1-167x300.jpg 167w, https:\/\/xinshengmanufacture.com\/wp-content\/uploads\/2025\/09\/1-2-1-569x1024.jpg 569w, https:\/\/xinshengmanufacture.com\/wp-content\/uploads\/2025\/09\/1-2-1-768x1381.jpg 768w, https:\/\/xinshengmanufacture.com\/wp-content\/uploads\/2025\/09\/1-2-1-600x1079.jpg 600w\" sizes=\"(max-width: 790px) 100vw, 790px\" \/> <img loading=\"lazy\" decoding=\"async\" class=\"size-full wp-image-76655 aligncenter\" src=\"https:\/\/xinshengmanufacture.com\/wp-content\/uploads\/2025\/09\/1-3-1.jpg\" alt=\"\" width=\"790\" height=\"1431\" srcset=\"https:\/\/xinshengmanufacture.com\/wp-content\/uploads\/2025\/09\/1-3-1.jpg 790w, https:\/\/xinshengmanufacture.com\/wp-content\/uploads\/2025\/09\/1-3-1-166x300.jpg 166w, https:\/\/xinshengmanufacture.com\/wp-content\/uploads\/2025\/09\/1-3-1-565x1024.jpg 565w, https:\/\/xinshengmanufacture.com\/wp-content\/uploads\/2025\/09\/1-3-1-768x1391.jpg 768w, https:\/\/xinshengmanufacture.com\/wp-content\/uploads\/2025\/09\/1-3-1-600x1087.jpg 600w\" sizes=\"(max-width: 790px) 100vw, 790px\" \/> <img loading=\"lazy\" decoding=\"async\" class=\"size-full wp-image-76667 aligncenter\" src=\"https:\/\/xinshengmanufacture.com\/wp-content\/uploads\/2025\/09\/1-4-1.jpg\" alt=\"\" width=\"790\" height=\"2096\" srcset=\"https:\/\/xinshengmanufacture.com\/wp-content\/uploads\/2025\/09\/1-4-1.jpg 790w, https:\/\/xinshengmanufacture.com\/wp-content\/uploads\/2025\/09\/1-4-1-113x300.jpg 113w, https:\/\/xinshengmanufacture.com\/wp-content\/uploads\/2025\/09\/1-4-1-386x1024.jpg 386w, https:\/\/xinshengmanufacture.com\/wp-content\/uploads\/2025\/09\/1-4-1-768x2038.jpg 768w, https:\/\/xinshengmanufacture.com\/wp-content\/uploads\/2025\/09\/1-4-1-579x1536.jpg 579w, https:\/\/xinshengmanufacture.com\/wp-content\/uploads\/2025\/09\/1-4-1-772x2048.jpg 772w, https:\/\/xinshengmanufacture.com\/wp-content\/uploads\/2025\/09\/1-4-1-600x1592.jpg 600w\" sizes=\"(max-width: 790px) 100vw, 790px\" \/> <img loading=\"lazy\" decoding=\"async\" class=\"size-full wp-image-76679 aligncenter\" src=\"https:\/\/xinshengmanufacture.com\/wp-content\/uploads\/2025\/09\/1-5.jpg\" alt=\"\" width=\"790\" height=\"1535\" srcset=\"https:\/\/xinshengmanufacture.com\/wp-content\/uploads\/2025\/09\/1-5.jpg 790w, https:\/\/xinshengmanufacture.com\/wp-content\/uploads\/2025\/09\/1-5-154x300.jpg 154w, https:\/\/xinshengmanufacture.com\/wp-content\/uploads\/2025\/09\/1-5-527x1024.jpg 527w, https:\/\/xinshengmanufacture.com\/wp-content\/uploads\/2025\/09\/1-5-768x1492.jpg 768w, https:\/\/xinshengmanufacture.com\/wp-content\/uploads\/2025\/09\/1-5-600x1166.jpg 600w\" sizes=\"(max-width: 790px) 100vw, 790px\" \/> <img loading=\"lazy\" decoding=\"async\" class=\"size-full wp-image-76691 aligncenter\" src=\"https:\/\/xinshengmanufacture.com\/wp-content\/uploads\/2025\/09\/1-6.jpg\" alt=\"\" width=\"790\" height=\"1548\" srcset=\"https:\/\/xinshengmanufacture.com\/wp-content\/uploads\/2025\/09\/1-6.jpg 790w, https:\/\/xinshengmanufacture.com\/wp-content\/uploads\/2025\/09\/1-6-153x300.jpg 153w, https:\/\/xinshengmanufacture.com\/wp-content\/uploads\/2025\/09\/1-6-523x1024.jpg 523w, https:\/\/xinshengmanufacture.com\/wp-content\/uploads\/2025\/09\/1-6-768x1505.jpg 768w, https:\/\/xinshengmanufacture.com\/wp-content\/uploads\/2025\/09\/1-6-784x1536.jpg 784w, https:\/\/xinshengmanufacture.com\/wp-content\/uploads\/2025\/09\/1-6-600x1176.jpg 600w\" sizes=\"(max-width: 790px) 100vw, 790px\" \/> <img loading=\"lazy\" decoding=\"async\" class=\"size-full wp-image-76703 aligncenter\" src=\"https:\/\/xinshengmanufacture.com\/wp-content\/uploads\/2025\/09\/1-7.jpg\" alt=\"\" width=\"790\" height=\"1530\" srcset=\"https:\/\/xinshengmanufacture.com\/wp-content\/uploads\/2025\/09\/1-7.jpg 790w, https:\/\/xinshengmanufacture.com\/wp-content\/uploads\/2025\/09\/1-7-155x300.jpg 155w, https:\/\/xinshengmanufacture.com\/wp-content\/uploads\/2025\/09\/1-7-529x1024.jpg 529w, https:\/\/xinshengmanufacture.com\/wp-content\/uploads\/2025\/09\/1-7-768x1487.jpg 768w, https:\/\/xinshengmanufacture.com\/wp-content\/uploads\/2025\/09\/1-7-600x1162.jpg 600w\" sizes=\"(max-width: 790px) 100vw, 790px\" \/> <img loading=\"lazy\" decoding=\"async\" class=\"size-full wp-image-76715 aligncenter\" src=\"https:\/\/xinshengmanufacture.com\/wp-content\/uploads\/2025\/09\/1-8.jpg\" alt=\"\" width=\"790\" height=\"1613\" srcset=\"https:\/\/xinshengmanufacture.com\/wp-content\/uploads\/2025\/09\/1-8.jpg 790w, https:\/\/xinshengmanufacture.com\/wp-content\/uploads\/2025\/09\/1-8-147x300.jpg 147w, https:\/\/xinshengmanufacture.com\/wp-content\/uploads\/2025\/09\/1-8-502x1024.jpg 502w, https:\/\/xinshengmanufacture.com\/wp-content\/uploads\/2025\/09\/1-8-768x1568.jpg 768w, https:\/\/xinshengmanufacture.com\/wp-content\/uploads\/2025\/09\/1-8-752x1536.jpg 752w, https:\/\/xinshengmanufacture.com\/wp-content\/uploads\/2025\/09\/1-8-600x1225.jpg 600w\" sizes=\"(max-width: 790px) 100vw, 790px\" \/> <img loading=\"lazy\" decoding=\"async\" class=\"size-full wp-image-76727 aligncenter\" src=\"https:\/\/xinshengmanufacture.com\/wp-content\/uploads\/2025\/09\/1-9.jpg\" alt=\"\" width=\"790\" height=\"2091\" srcset=\"https:\/\/xinshengmanufacture.com\/wp-content\/uploads\/2025\/09\/1-9.jpg 790w, https:\/\/xinshengmanufacture.com\/wp-content\/uploads\/2025\/09\/1-9-113x300.jpg 113w, https:\/\/xinshengmanufacture.com\/wp-content\/uploads\/2025\/09\/1-9-387x1024.jpg 387w, https:\/\/xinshengmanufacture.com\/wp-content\/uploads\/2025\/09\/1-9-768x2033.jpg 768w, https:\/\/xinshengmanufacture.com\/wp-content\/uploads\/2025\/09\/1-9-580x1536.jpg 580w, https:\/\/xinshengmanufacture.com\/wp-content\/uploads\/2025\/09\/1-9-774x2048.jpg 774w, https:\/\/xinshengmanufacture.com\/wp-content\/uploads\/2025\/09\/1-9-600x1588.jpg 600w\" sizes=\"(max-width: 790px) 100vw, 790px\" \/><\/p>\n","protected":false},"excerpt":{"rendered":"<p>El lavabo port\u00e1til m\u00f3vil para champ\u00fa puede utilizarse en salones de belleza, centros de est\u00e9tica, spas, etc. Puede utilizarse con camas de masaje o de belleza. <\/p>\n","protected":false},"featured_media":76772,"template":"","meta":{"_bst_post_transparent":"","_bst_post_title":"","_bst_post_layout":"","_bst_post_sidebar_id":"","_bst_post_content_style":"","_bst_post_vertical_padding":"","_bst_post_feature":"","_bst_post_feature_position":"","_bst_post_header":false,"_bst_post_footer":false},"product_brand":[1082],"product_cat":[921],"product_tag":[],"class_list":{"0":"post-77051","1":"product","2":"type-product","3":"status-publish","4":"has-post-thumbnail","6":"product_brand-xinsheng-es","7":"product_cat-fregadero-portatil-para-champu","8":"pa_color-colores-personalizados","9":"pa_color-negro","10":"pa_size-65cm54cm67cm-es","12":"first","13":"instock","14":"sale","15":"shipping-taxable","16":"purchasable","17":"product-type-variable","18":"entry","19":"content-bg","20":"loop-entry"},"_links":{"self":[{"href":"https:\/\/xinshengmanufacture.com\/es\/wp-json\/wp\/v2\/product\/77051","targetHints":{"allow":["GET"]}}],"collection":[{"href":"https:\/\/xinshengmanufacture.com\/es\/wp-json\/wp\/v2\/product"}],"about":[{"href":"https:\/\/xinshengmanufacture.com\/es\/wp-json\/wp\/v2\/types\/product"}],"version-history":[{"count":0,"href":"https:\/\/xinshengmanufacture.com\/es\/wp-json\/wp\/v2\/product\/77051\/revisions"}],"wp:featuredmedia":[{"embeddable":true,"href":"https:\/\/xinshengmanufacture.com\/es\/wp-json\/wp\/v2\/media\/76772"}],"wp:attachment":[{"href":"https:\/\/xinshengmanufacture.com\/es\/wp-json\/wp\/v2\/media?parent=77051"}],"wp:term":[{"taxonomy":"product_brand","embeddable":true,"href":"https:\/\/xinshengmanufacture.com\/es\/wp-json\/wp\/v2\/product_brand?post=77051"},{"taxonomy":"product_cat","embeddable":true,"href":"https:\/\/xinshengmanufacture.com\/es\/wp-json\/wp\/v2\/product_cat?post=77051"},{"taxonomy":"product_tag","embeddable":true,"href":"https:\/\/xinshengmanufacture.com\/es\/wp-json\/wp\/v2\/product_tag?post=77051"}],"curies":[{"name":"wp","href":"https:\/\/api.w.org\/{rel}","templated":true}]}}