{"id":77793,"date":"2025-10-08T07:08:55","date_gmt":"2025-10-08T07:08:55","guid":{"rendered":"https:\/\/xinshengmanufacture.com\/\u4ea7\u54c1\/sillon-de-pedicura-sofa-para-bano-de-pies-mobiliario-de-salon-elegante-y-practico-venta-al-por-mayor-sillon-de-pedicura-centro-de-spa-proveedor-de-equipos-de-salon-de-belleza-sofa-de-manicura\/"},"modified":"2025-10-08T07:08:55","modified_gmt":"2025-10-08T07:08:55","slug":"sillon-de-pedicura-sofa-para-bano-de-pies-mobiliario-de-salon-elegante-y-practico-venta-al-por-mayor-sillon-de-pedicura-centro-de-spa-proveedor-de-equipos-de-salon-de-belleza-sofa-de-manicura","status":"publish","type":"product","link":"https:\/\/xinshengmanufacture.com\/es\/product\/sillon-de-pedicura-sofa-para-bano-de-pies-mobiliario-de-salon-elegante-y-practico-venta-al-por-mayor-sillon-de-pedicura-centro-de-spa-proveedor-de-equipos-de-salon-de-belleza-sofa-de-manicura\/","title":{"rendered":"Sill\u00f3n de pedicura sof\u00e1 para ba\u00f1o de pies mobiliario de sal\u00f3n elegante y pr\u00e1ctico venta al por mayor sill\u00f3n de pedicura centro de spa proveedor de equipos de sal\u00f3n de belleza sof\u00e1 de manicura"},"content":{"rendered":"<p style=\"text-align: center;\"><img fetchpriority=\"high\" decoding=\"async\" class=\"alignnone size-full wp-image-75522\" src=\"https:\/\/xinshengmanufacture.com\/wp-content\/uploads\/2025\/09\/%E8%B6%85%E5%B7%A5%E5%AE%9A%E5%88%B6%E8%8B%B1%E6%96%87_011.jpg\" alt=\"\" width=\"1200\" height=\"1857\"><img decoding=\"async\" class=\"alignnone size-full wp-image-75534\" src=\"https:\/\/xinshengmanufacture.com\/wp-content\/uploads\/2025\/09\/%E8%B6%85%E5%B7%A5%E5%AE%9A%E5%88%B6%E8%8B%B1%E6%96%87_021.jpg\" alt=\"\" width=\"1200\" height=\"1054\"><img decoding=\"async\" class=\"alignnone size-full wp-image-75546\" src=\"https:\/\/xinshengmanufacture.com\/wp-content\/uploads\/2025\/09\/%E8%B6%85%E5%B7%A5%E5%AE%9A%E5%88%B6%E8%8B%B1%E6%96%87_031.jpg\" alt=\"\" width=\"1200\" height=\"1563\"><img loading=\"lazy\" decoding=\"async\" class=\"alignnone size-full wp-image-75558\" src=\"https:\/\/xinshengmanufacture.com\/wp-content\/uploads\/2025\/09\/%E8%B6%85%E5%B7%A5%E5%AE%9A%E5%88%B6%E8%8B%B1%E6%96%87_041.jpg\" alt=\"\" width=\"1200\" height=\"1755\"><img loading=\"lazy\" decoding=\"async\" class=\"alignnone size-full wp-image-75570\" src=\"https:\/\/xinshengmanufacture.com\/wp-content\/uploads\/2025\/09\/%E8%B6%85%E5%B7%A5%E5%AE%9A%E5%88%B6%E8%8B%B1%E6%96%87_051.jpg\" alt=\"\" width=\"1200\" height=\"2257\"><img loading=\"lazy\" decoding=\"async\" class=\"size-full wp-image-77597 aligncenter\" src=\"https:\/\/xinshengmanufacture.com\/wp-content\/uploads\/2025\/10\/%E5%9B%BD%E5%A4%96-%E6%8B%B7%E8%B4%9D_01.jpg\" alt=\"\" width=\"1200\" height=\"2235\"> <img loading=\"lazy\" decoding=\"async\" class=\"size-full wp-image-77609 aligncenter\" src=\"https:\/\/xinshengmanufacture.com\/wp-content\/uploads\/2025\/10\/%E5%9B%BD%E5%A4%96-%E6%8B%B7%E8%B4%9D_02.jpg\" alt=\"\" width=\"1200\" height=\"2115\"> <img loading=\"lazy\" decoding=\"async\" class=\"size-full wp-image-77621 aligncenter\" src=\"https:\/\/xinshengmanufacture.com\/wp-content\/uploads\/2025\/10\/%E5%9B%BD%E5%A4%96-%E6%8B%B7%E8%B4%9D_04.jpg\" alt=\"\" width=\"1200\" height=\"2075\"> <img loading=\"lazy\" decoding=\"async\" class=\"aligncenter wp-image-77633\" src=\"https:\/\/xinshengmanufacture.com\/wp-content\/uploads\/2025\/10\/%E5%9B%BD%E5%A4%96-%E6%8B%B7%E8%B4%9D_05.jpg\" alt=\"\" width=\"1200\" height=\"2648\"> <img loading=\"lazy\" decoding=\"async\" class=\"size-full wp-image-77645 aligncenter\" src=\"https:\/\/xinshengmanufacture.com\/wp-content\/uploads\/2025\/10\/%E5%9B%BD%E5%A4%96-%E6%8B%B7%E8%B4%9D_06.jpg\" alt=\"\" width=\"1200\" height=\"2082\"> <img loading=\"lazy\" decoding=\"async\" class=\"size-full wp-image-77657 aligncenter\" src=\"https:\/\/xinshengmanufacture.com\/wp-content\/uploads\/2025\/10\/%E5%9B%BD%E5%A4%96-%E6%8B%B7%E8%B4%9D_07.jpg\" alt=\"\" width=\"1200\" height=\"2124\"> <img loading=\"lazy\" decoding=\"async\" class=\"size-full wp-image-77669 aligncenter\" src=\"https:\/\/xinshengmanufacture.com\/wp-content\/uploads\/2025\/10\/%E5%9B%BD%E5%A4%96-%E6%8B%B7%E8%B4%9D_08.jpg\" alt=\"\" width=\"1200\" height=\"2014\"> <img loading=\"lazy\" decoding=\"async\" class=\"size-full wp-image-77681 aligncenter\" src=\"https:\/\/xinshengmanufacture.com\/wp-content\/uploads\/2025\/10\/%E5%9B%BD%E5%A4%96-%E6%8B%B7%E8%B4%9D_09.jpg\" alt=\"\" width=\"1200\" height=\"2365\"> <img loading=\"lazy\" decoding=\"async\" class=\"aligncenter wp-image-77693\" src=\"https:\/\/xinshengmanufacture.com\/wp-content\/uploads\/2025\/10\/%E5%9B%BD%E5%A4%96-%E6%8B%B7%E8%B4%9D_10.jpg\" alt=\"\" width=\"1200\" height=\"2816\"> <img loading=\"lazy\" decoding=\"async\" class=\"size-full wp-image-77705 aligncenter\" src=\"https:\/\/xinshengmanufacture.com\/wp-content\/uploads\/2025\/10\/%E5%9B%BD%E5%A4%96-%E6%8B%B7%E8%B4%9D_11.jpg\" alt=\"\" width=\"1200\" height=\"2431\"><\/p>\n","protected":false},"excerpt":{"rendered":"<p>La silla de pedicura con sof\u00e1 para ba\u00f1o de pies puede utilizarse en centros de masaje, centros de spa, etc. Admite colores personalizados y tiene funci\u00f3n de reclinado con un solo bot\u00f3n. <\/p>\n","protected":false},"featured_media":77786,"template":"","meta":{"_bst_post_transparent":"","_bst_post_title":"","_bst_post_layout":"","_bst_post_sidebar_id":"","_bst_post_content_style":"","_bst_post_vertical_padding":"","_bst_post_feature":"","_bst_post_feature_position":"","_bst_post_header":false,"_bst_post_footer":false},"product_brand":[1082],"product_cat":[813],"product_tag":[],"class_list":{"0":"post-77793","1":"product","2":"type-product","3":"status-publish","4":"has-post-thumbnail","6":"product_brand-xinsheng-es","7":"product_cat-sillon-pedicura-pediluvio","8":"pa_color-albaricoque","9":"pa_color-blanco","10":"pa_color-colores-personalizados","11":"pa_size-88cm95cm123cm-es","13":"first","14":"instock","15":"sale","16":"shipping-taxable","17":"purchasable","18":"product-type-variable","19":"entry","20":"content-bg","21":"loop-entry"},"_links":{"self":[{"href":"https:\/\/xinshengmanufacture.com\/es\/wp-json\/wp\/v2\/product\/77793","targetHints":{"allow":["GET"]}}],"collection":[{"href":"https:\/\/xinshengmanufacture.com\/es\/wp-json\/wp\/v2\/product"}],"about":[{"href":"https:\/\/xinshengmanufacture.com\/es\/wp-json\/wp\/v2\/types\/product"}],"version-history":[{"count":0,"href":"https:\/\/xinshengmanufacture.com\/es\/wp-json\/wp\/v2\/product\/77793\/revisions"}],"wp:featuredmedia":[{"embeddable":true,"href":"https:\/\/xinshengmanufacture.com\/es\/wp-json\/wp\/v2\/media\/77786"}],"wp:attachment":[{"href":"https:\/\/xinshengmanufacture.com\/es\/wp-json\/wp\/v2\/media?parent=77793"}],"wp:term":[{"taxonomy":"product_brand","embeddable":true,"href":"https:\/\/xinshengmanufacture.com\/es\/wp-json\/wp\/v2\/product_brand?post=77793"},{"taxonomy":"product_cat","embeddable":true,"href":"https:\/\/xinshengmanufacture.com\/es\/wp-json\/wp\/v2\/product_cat?post=77793"},{"taxonomy":"product_tag","embeddable":true,"href":"https:\/\/xinshengmanufacture.com\/es\/wp-json\/wp\/v2\/product_tag?post=77793"}],"curies":[{"name":"wp","href":"https:\/\/api.w.org\/{rel}","templated":true}]}}