{"id":79640,"date":"2025-10-10T06:32:14","date_gmt":"2025-10-10T06:32:14","guid":{"rendered":"https:\/\/xinshengmanufacture.com\/\u4ea7\u54c1\/masaje-electrico-inteligente-champu-cama-muebles-de-salon-equipo-salon-de-belleza-cabeza-cama-de-masaje-elegante-simple-cama-de-masaje-fabricante-de-equipos-de-salon\/"},"modified":"2025-10-10T06:32:14","modified_gmt":"2025-10-10T06:32:14","slug":"masaje-electrico-inteligente-champu-cama-muebles-de-salon-equipo-salon-de-belleza-cabeza-cama-de-masaje-elegante-simple-cama-de-masaje-fabricante-de-equipos-de-salon","status":"publish","type":"product","link":"https:\/\/xinshengmanufacture.com\/es\/product\/masaje-electrico-inteligente-champu-cama-muebles-de-salon-equipo-salon-de-belleza-cabeza-cama-de-masaje-elegante-simple-cama-de-masaje-fabricante-de-equipos-de-salon\/","title":{"rendered":"Masaje el\u00e9ctrico inteligente champ\u00fa cama muebles de sal\u00f3n equipo sal\u00f3n de belleza cabeza cama de masaje elegante simple cama de masaje fabricante de equipos de sal\u00f3n"},"content":{"rendered":"<div class=\"wp-playlist wp-video-playlist wp-playlist-light\">\n\t\t<video controls=\"controls\" preload=\"none\" width=\"1408\"\n\t\t height=\"2503\"\t><\/video>\n\t<div class=\"wp-playlist-next\"><\/div>\n\t<div class=\"wp-playlist-prev\"><\/div>\n\t<noscript>\n\t<ol>\n\t\t<li><a href='https:\/\/xinshengmanufacture.com\/wp-content\/uploads\/2025\/10\/71.mp4'>71<\/a><\/li>\t<\/ol>\n\t<\/noscript>\n\t<script type=\"application\/json\" class=\"wp-playlist-script\">{\"type\":\"video\",\"tracklist\":false,\"tracknumbers\":true,\"images\":true,\"artists\":true,\"tracks\":[{\"src\":\"https:\/\/xinshengmanufacture.com\/wp-content\/uploads\/2025\/10\/71.mp4\",\"type\":\"video\/mp4\",\"title\":\"71\",\"caption\":\"\",\"description\":\"\",\"meta\":{\"length_formatted\":\"0:45\"},\"dimensions\":{\"original\":{\"width\":1080,\"height\":1920},\"resized\":{\"width\":1408,\"height\":2503}},\"image\":{\"src\":\"https:\/\/xinshengmanufacture.com\/wp-includes\/images\/media\/video.svg\",\"width\":48,\"height\":64},\"thumb\":{\"src\":\"https:\/\/xinshengmanufacture.com\/wp-includes\/images\/media\/video.svg\",\"width\":48,\"height\":64}}]}<\/script>\n<\/div>\n\t\n<p style=\"text-align: center;\"><img fetchpriority=\"high\" decoding=\"async\" class=\"size-full wp-image-78585 aligncenter\" src=\"https:\/\/xinshengmanufacture.com\/wp-content\/uploads\/2025\/10\/%E8%B6%85%E5%B7%A5%E5%AE%9A%E5%88%B6%E8%8B%B1%E6%96%87_011.jpg\" alt=\"\" width=\"1200\" height=\"1857\"> <img decoding=\"async\" class=\"size-full wp-image-78597 aligncenter\" src=\"https:\/\/xinshengmanufacture.com\/wp-content\/uploads\/2025\/10\/%E8%B6%85%E5%B7%A5%E5%AE%9A%E5%88%B6%E8%8B%B1%E6%96%87_021.jpg\" alt=\"\" width=\"1200\" height=\"1054\"> <img decoding=\"async\" class=\"size-full wp-image-78609 aligncenter\" src=\"https:\/\/xinshengmanufacture.com\/wp-content\/uploads\/2025\/10\/%E8%B6%85%E5%B7%A5%E5%AE%9A%E5%88%B6%E8%8B%B1%E6%96%87_031.jpg\" alt=\"\" width=\"1200\" height=\"1563\"> <img loading=\"lazy\" decoding=\"async\" class=\"size-full wp-image-78621 aligncenter\" src=\"https:\/\/xinshengmanufacture.com\/wp-content\/uploads\/2025\/10\/%E8%B6%85%E5%B7%A5%E5%AE%9A%E5%88%B6%E8%8B%B1%E6%96%87_041.jpg\" alt=\"\" width=\"1200\" height=\"1755\"> <img loading=\"lazy\" decoding=\"async\" class=\"size-full wp-image-78633 aligncenter\" src=\"https:\/\/xinshengmanufacture.com\/wp-content\/uploads\/2025\/10\/%E8%B6%85%E5%B7%A5%E5%AE%9A%E5%88%B6%E8%8B%B1%E6%96%87_051.jpg\" alt=\"\" width=\"1200\" height=\"2257\"><img loading=\"lazy\" decoding=\"async\" class=\"size-full wp-image-78645 aligncenter\" src=\"https:\/\/xinshengmanufacture.com\/wp-content\/uploads\/2025\/10\/1-1-1.jpg\" alt=\"\" width=\"1200\" height=\"1930\" srcset=\"https:\/\/xinshengmanufacture.com\/wp-content\/uploads\/2025\/10\/1-1-1.jpg 1200w, https:\/\/xinshengmanufacture.com\/wp-content\/uploads\/2025\/10\/1-1-1-187x300.jpg 187w, https:\/\/xinshengmanufacture.com\/wp-content\/uploads\/2025\/10\/1-1-1-637x1024.jpg 637w, https:\/\/xinshengmanufacture.com\/wp-content\/uploads\/2025\/10\/1-1-1-768x1235.jpg 768w, https:\/\/xinshengmanufacture.com\/wp-content\/uploads\/2025\/10\/1-1-1-955x1536.jpg 955w, https:\/\/xinshengmanufacture.com\/wp-content\/uploads\/2025\/10\/1-1-1-600x965.jpg 600w\" sizes=\"(max-width: 1200px) 100vw, 1200px\" \/> <img loading=\"lazy\" decoding=\"async\" class=\"size-full wp-image-78657 aligncenter\" src=\"https:\/\/xinshengmanufacture.com\/wp-content\/uploads\/2025\/10\/1-10-1.jpg\" alt=\"\" width=\"1200\" height=\"2243\" srcset=\"https:\/\/xinshengmanufacture.com\/wp-content\/uploads\/2025\/10\/1-10-1.jpg 1200w, https:\/\/xinshengmanufacture.com\/wp-content\/uploads\/2025\/10\/1-10-1-160x300.jpg 160w, https:\/\/xinshengmanufacture.com\/wp-content\/uploads\/2025\/10\/1-10-1-548x1024.jpg 548w, https:\/\/xinshengmanufacture.com\/wp-content\/uploads\/2025\/10\/1-10-1-768x1436.jpg 768w, https:\/\/xinshengmanufacture.com\/wp-content\/uploads\/2025\/10\/1-10-1-822x1536.jpg 822w, https:\/\/xinshengmanufacture.com\/wp-content\/uploads\/2025\/10\/1-10-1-1096x2048.jpg 1096w, https:\/\/xinshengmanufacture.com\/wp-content\/uploads\/2025\/10\/1-10-1-600x1122.jpg 600w\" sizes=\"(max-width: 1200px) 100vw, 1200px\" \/> <img loading=\"lazy\" decoding=\"async\" class=\"size-full wp-image-78669 aligncenter\" src=\"https:\/\/xinshengmanufacture.com\/wp-content\/uploads\/2025\/10\/1-2-1.jpg\" alt=\"\" width=\"1200\" height=\"2058\" srcset=\"https:\/\/xinshengmanufacture.com\/wp-content\/uploads\/2025\/10\/1-2-1.jpg 1200w, https:\/\/xinshengmanufacture.com\/wp-content\/uploads\/2025\/10\/1-2-1-175x300.jpg 175w, https:\/\/xinshengmanufacture.com\/wp-content\/uploads\/2025\/10\/1-2-1-597x1024.jpg 597w, https:\/\/xinshengmanufacture.com\/wp-content\/uploads\/2025\/10\/1-2-1-768x1317.jpg 768w, https:\/\/xinshengmanufacture.com\/wp-content\/uploads\/2025\/10\/1-2-1-896x1536.jpg 896w, https:\/\/xinshengmanufacture.com\/wp-content\/uploads\/2025\/10\/1-2-1-1194x2048.jpg 1194w, https:\/\/xinshengmanufacture.com\/wp-content\/uploads\/2025\/10\/1-2-1-600x1029.jpg 600w\" sizes=\"(max-width: 1200px) 100vw, 1200px\" \/> <img loading=\"lazy\" decoding=\"async\" class=\"aligncenter wp-image-78681\" src=\"https:\/\/xinshengmanufacture.com\/wp-content\/uploads\/2025\/10\/1-3-1.jpg\" alt=\"\" width=\"1200\" height=\"2626\" srcset=\"https:\/\/xinshengmanufacture.com\/wp-content\/uploads\/2025\/10\/1-3-1.jpg 1170w, https:\/\/xinshengmanufacture.com\/wp-content\/uploads\/2025\/10\/1-3-1-137x300.jpg 137w, https:\/\/xinshengmanufacture.com\/wp-content\/uploads\/2025\/10\/1-3-1-468x1024.jpg 468w, https:\/\/xinshengmanufacture.com\/wp-content\/uploads\/2025\/10\/1-3-1-768x1680.jpg 768w, https:\/\/xinshengmanufacture.com\/wp-content\/uploads\/2025\/10\/1-3-1-702x1536.jpg 702w, https:\/\/xinshengmanufacture.com\/wp-content\/uploads\/2025\/10\/1-3-1-936x2048.jpg 936w, https:\/\/xinshengmanufacture.com\/wp-content\/uploads\/2025\/10\/1-3-1-600x1313.jpg 600w\" sizes=\"(max-width: 1200px) 100vw, 1200px\" \/> <img loading=\"lazy\" decoding=\"async\" class=\"aligncenter wp-image-78693\" src=\"https:\/\/xinshengmanufacture.com\/wp-content\/uploads\/2025\/10\/1-4-1.jpg\" alt=\"\" width=\"1200\" height=\"3783\" srcset=\"https:\/\/xinshengmanufacture.com\/wp-content\/uploads\/2025\/10\/1-4-1.jpg 812w, https:\/\/xinshengmanufacture.com\/wp-content\/uploads\/2025\/10\/1-4-1-95x300.jpg 95w, https:\/\/xinshengmanufacture.com\/wp-content\/uploads\/2025\/10\/1-4-1-325x1024.jpg 325w, https:\/\/xinshengmanufacture.com\/wp-content\/uploads\/2025\/10\/1-4-1-768x2421.jpg 768w, https:\/\/xinshengmanufacture.com\/wp-content\/uploads\/2025\/10\/1-4-1-487x1536.jpg 487w, https:\/\/xinshengmanufacture.com\/wp-content\/uploads\/2025\/10\/1-4-1-650x2048.jpg 650w, https:\/\/xinshengmanufacture.com\/wp-content\/uploads\/2025\/10\/1-4-1-600x1892.jpg 600w\" sizes=\"(max-width: 1200px) 100vw, 1200px\" \/> <img loading=\"lazy\" decoding=\"async\" class=\"aligncenter wp-image-78705\" src=\"https:\/\/xinshengmanufacture.com\/wp-content\/uploads\/2025\/10\/1-5-1.jpg\" alt=\"\" width=\"1200\" height=\"2588\" srcset=\"https:\/\/xinshengmanufacture.com\/wp-content\/uploads\/2025\/10\/1-5-1.jpg 1187w, https:\/\/xinshengmanufacture.com\/wp-content\/uploads\/2025\/10\/1-5-1-139x300.jpg 139w, https:\/\/xinshengmanufacture.com\/wp-content\/uploads\/2025\/10\/1-5-1-475x1024.jpg 475w, https:\/\/xinshengmanufacture.com\/wp-content\/uploads\/2025\/10\/1-5-1-768x1656.jpg 768w, https:\/\/xinshengmanufacture.com\/wp-content\/uploads\/2025\/10\/1-5-1-712x1536.jpg 712w, https:\/\/xinshengmanufacture.com\/wp-content\/uploads\/2025\/10\/1-5-1-950x2048.jpg 950w, https:\/\/xinshengmanufacture.com\/wp-content\/uploads\/2025\/10\/1-5-1-600x1294.jpg 600w\" sizes=\"(max-width: 1200px) 100vw, 1200px\" \/> <img loading=\"lazy\" decoding=\"async\" class=\"alignnone size-full wp-image-78717\" src=\"https:\/\/xinshengmanufacture.com\/wp-content\/uploads\/2025\/10\/1-6-1.jpg\" alt=\"\" width=\"1200\" height=\"2548\" srcset=\"https:\/\/xinshengmanufacture.com\/wp-content\/uploads\/2025\/10\/1-6-1.jpg 1200w, https:\/\/xinshengmanufacture.com\/wp-content\/uploads\/2025\/10\/1-6-1-141x300.jpg 141w, https:\/\/xinshengmanufacture.com\/wp-content\/uploads\/2025\/10\/1-6-1-482x1024.jpg 482w, https:\/\/xinshengmanufacture.com\/wp-content\/uploads\/2025\/10\/1-6-1-768x1631.jpg 768w, https:\/\/xinshengmanufacture.com\/wp-content\/uploads\/2025\/10\/1-6-1-723x1536.jpg 723w, https:\/\/xinshengmanufacture.com\/wp-content\/uploads\/2025\/10\/1-6-1-965x2048.jpg 965w, https:\/\/xinshengmanufacture.com\/wp-content\/uploads\/2025\/10\/1-6-1-600x1274.jpg 600w\" sizes=\"(max-width: 1200px) 100vw, 1200px\" \/> <img loading=\"lazy\" decoding=\"async\" class=\"alignnone size-full wp-image-78729\" src=\"https:\/\/xinshengmanufacture.com\/wp-content\/uploads\/2025\/10\/1-7-1.jpg\" alt=\"\" width=\"1200\" height=\"1700\" srcset=\"https:\/\/xinshengmanufacture.com\/wp-content\/uploads\/2025\/10\/1-7-1.jpg 1200w, https:\/\/xinshengmanufacture.com\/wp-content\/uploads\/2025\/10\/1-7-1-212x300.jpg 212w, https:\/\/xinshengmanufacture.com\/wp-content\/uploads\/2025\/10\/1-7-1-723x1024.jpg 723w, https:\/\/xinshengmanufacture.com\/wp-content\/uploads\/2025\/10\/1-7-1-768x1088.jpg 768w, https:\/\/xinshengmanufacture.com\/wp-content\/uploads\/2025\/10\/1-7-1-1084x1536.jpg 1084w, https:\/\/xinshengmanufacture.com\/wp-content\/uploads\/2025\/10\/1-7-1-600x850.jpg 600w\" sizes=\"(max-width: 1200px) 100vw, 1200px\" \/> <img loading=\"lazy\" decoding=\"async\" class=\"alignnone size-full wp-image-78741\" src=\"https:\/\/xinshengmanufacture.com\/wp-content\/uploads\/2025\/10\/1-8-1.jpg\" alt=\"\" width=\"1200\" height=\"1920\" srcset=\"https:\/\/xinshengmanufacture.com\/wp-content\/uploads\/2025\/10\/1-8-1.jpg 1200w, https:\/\/xinshengmanufacture.com\/wp-content\/uploads\/2025\/10\/1-8-1-188x300.jpg 188w, https:\/\/xinshengmanufacture.com\/wp-content\/uploads\/2025\/10\/1-8-1-640x1024.jpg 640w, https:\/\/xinshengmanufacture.com\/wp-content\/uploads\/2025\/10\/1-8-1-768x1229.jpg 768w, https:\/\/xinshengmanufacture.com\/wp-content\/uploads\/2025\/10\/1-8-1-960x1536.jpg 960w, https:\/\/xinshengmanufacture.com\/wp-content\/uploads\/2025\/10\/1-8-1-600x960.jpg 600w\" sizes=\"(max-width: 1200px) 100vw, 1200px\" \/> <img loading=\"lazy\" decoding=\"async\" class=\"alignnone size-full wp-image-78753\" src=\"https:\/\/xinshengmanufacture.com\/wp-content\/uploads\/2025\/10\/1-9-1.jpg\" alt=\"\" width=\"1191\" height=\"2560\" srcset=\"https:\/\/xinshengmanufacture.com\/wp-content\/uploads\/2025\/10\/1-9-1.jpg 1191w, https:\/\/xinshengmanufacture.com\/wp-content\/uploads\/2025\/10\/1-9-1-140x300.jpg 140w, https:\/\/xinshengmanufacture.com\/wp-content\/uploads\/2025\/10\/1-9-1-476x1024.jpg 476w, https:\/\/xinshengmanufacture.com\/wp-content\/uploads\/2025\/10\/1-9-1-768x1651.jpg 768w, https:\/\/xinshengmanufacture.com\/wp-content\/uploads\/2025\/10\/1-9-1-715x1536.jpg 715w, https:\/\/xinshengmanufacture.com\/wp-content\/uploads\/2025\/10\/1-9-1-953x2048.jpg 953w, https:\/\/xinshengmanufacture.com\/wp-content\/uploads\/2025\/10\/1-9-1-600x1290.jpg 600w\" sizes=\"(max-width: 1191px) 100vw, 1191px\" \/><\/p>\n","protected":false},"excerpt":{"rendered":"<p>La cama de champ\u00fa inteligente de masaje el\u00e9ctrico puede utilizarse en salones de belleza, salones de manicura, centros de masaje, spas, etc., y admite colores personalizados<\/p>\n","protected":false},"featured_media":78787,"template":"","meta":{"_bst_post_transparent":"","_bst_post_title":"","_bst_post_layout":"","_bst_post_sidebar_id":"","_bst_post_content_style":"","_bst_post_vertical_padding":"","_bst_post_feature":"","_bst_post_feature_position":"","_bst_post_header":false,"_bst_post_footer":false},"product_brand":[1082],"product_cat":[892],"product_tag":[],"class_list":{"0":"post-79640","1":"product","2":"type-product","3":"status-publish","4":"has-post-thumbnail","6":"product_brand-xinsheng-es","7":"product_cat-cama-de-masaje-electrica","8":"pa_color-blanco","9":"pa_color-colores-personalizados","10":"pa_size-1908075cm-es","12":"first","13":"instock","14":"sale","15":"shipping-taxable","16":"purchasable","17":"product-type-variable","18":"entry","19":"content-bg","20":"loop-entry"},"_links":{"self":[{"href":"https:\/\/xinshengmanufacture.com\/es\/wp-json\/wp\/v2\/product\/79640","targetHints":{"allow":["GET"]}}],"collection":[{"href":"https:\/\/xinshengmanufacture.com\/es\/wp-json\/wp\/v2\/product"}],"about":[{"href":"https:\/\/xinshengmanufacture.com\/es\/wp-json\/wp\/v2\/types\/product"}],"version-history":[{"count":0,"href":"https:\/\/xinshengmanufacture.com\/es\/wp-json\/wp\/v2\/product\/79640\/revisions"}],"wp:featuredmedia":[{"embeddable":true,"href":"https:\/\/xinshengmanufacture.com\/es\/wp-json\/wp\/v2\/media\/78787"}],"wp:attachment":[{"href":"https:\/\/xinshengmanufacture.com\/es\/wp-json\/wp\/v2\/media?parent=79640"}],"wp:term":[{"taxonomy":"product_brand","embeddable":true,"href":"https:\/\/xinshengmanufacture.com\/es\/wp-json\/wp\/v2\/product_brand?post=79640"},{"taxonomy":"product_cat","embeddable":true,"href":"https:\/\/xinshengmanufacture.com\/es\/wp-json\/wp\/v2\/product_cat?post=79640"},{"taxonomy":"product_tag","embeddable":true,"href":"https:\/\/xinshengmanufacture.com\/es\/wp-json\/wp\/v2\/product_tag?post=79640"}],"curies":[{"name":"wp","href":"https:\/\/api.w.org\/{rel}","templated":true}]}}