{"id":80816,"date":"2025-10-15T09:32:31","date_gmt":"2025-10-15T09:32:31","guid":{"rendered":"https:\/\/xinshengmanufacture.com\/\u4ea7\u54c1\/sillon-de-champu-elevador-electrico-estructura-de-acero-inoxidable-soporta-la-rotacion-a-izquierda-y-derecha-equipo-de-mobiliario-de-salon-de-peluqueria-de-moda-de-alta-gama-cama-de-champu-centro-de-s\/"},"modified":"2025-10-15T09:32:31","modified_gmt":"2025-10-15T09:32:31","slug":"sillon-de-champu-elevador-electrico-estructura-de-acero-inoxidable-soporta-la-rotacion-a-izquierda-y-derecha-equipo-de-mobiliario-de-salon-de-peluqueria-de-moda-de-alta-gama-cama-de-champu-centro-de-s","status":"publish","type":"product","link":"https:\/\/xinshengmanufacture.com\/es\/product\/sillon-de-champu-elevador-electrico-estructura-de-acero-inoxidable-soporta-la-rotacion-a-izquierda-y-derecha-equipo-de-mobiliario-de-salon-de-peluqueria-de-moda-de-alta-gama-cama-de-champu-centro-de-s\/","title":{"rendered":"Sill\u00f3n de champ\u00fa elevador el\u00e9ctrico estructura de acero inoxidable soporta la rotaci\u00f3n a izquierda y derecha equipo de mobiliario de sal\u00f3n de peluquer\u00eda de moda de alta gama cama de champ\u00fa centro de spa sill\u00f3n de champ\u00fa Fabricante de mobiliario de sal\u00f3n"},"content":{"rendered":"<div class=\"wp-playlist wp-video-playlist wp-playlist-light\">\n\t\t<video controls=\"controls\" preload=\"none\" width=\"1408\"\n\t\t height=\"2503\"\t><\/video>\n\t<div class=\"wp-playlist-next\"><\/div>\n\t<div class=\"wp-playlist-prev\"><\/div>\n\t<noscript>\n\t<ol>\n\t\t<li><a href='https:\/\/xinshengmanufacture.com\/wp-content\/uploads\/2025\/10\/7-7.mp4'>7<\/a><\/li>\t<\/ol>\n\t<\/noscript>\n\t<script type=\"application\/json\" class=\"wp-playlist-script\">{\"type\":\"video\",\"tracklist\":false,\"tracknumbers\":true,\"images\":true,\"artists\":true,\"tracks\":[{\"src\":\"https:\/\/xinshengmanufacture.com\/wp-content\/uploads\/2025\/10\/7-7.mp4\",\"type\":\"video\/mp4\",\"title\":\"7\",\"caption\":\"\",\"description\":\"\",\"meta\":{\"length_formatted\":\"0:45\"},\"dimensions\":{\"original\":{\"width\":1080,\"height\":1920},\"resized\":{\"width\":1408,\"height\":2503}},\"image\":{\"src\":\"https:\/\/xinshengmanufacture.com\/wp-includes\/images\/media\/video.svg\",\"width\":48,\"height\":64},\"thumb\":{\"src\":\"https:\/\/xinshengmanufacture.com\/wp-includes\/images\/media\/video.svg\",\"width\":48,\"height\":64}}]}<\/script>\n<\/div>\n\t\n<p style=\"text-align: center;\"><img fetchpriority=\"high\" decoding=\"async\" class=\"size-full wp-image-78585 aligncenter\" src=\"https:\/\/xinshengmanufacture.com\/wp-content\/uploads\/2025\/10\/%E8%B6%85%E5%B7%A5%E5%AE%9A%E5%88%B6%E8%8B%B1%E6%96%87_011.jpg\" alt=\"\" width=\"1200\" height=\"1857\"><img decoding=\"async\" class=\"size-full wp-image-78597 aligncenter\" src=\"https:\/\/xinshengmanufacture.com\/wp-content\/uploads\/2025\/10\/%E8%B6%85%E5%B7%A5%E5%AE%9A%E5%88%B6%E8%8B%B1%E6%96%87_021.jpg\" alt=\"\" width=\"1200\" height=\"1054\"><img decoding=\"async\" class=\"size-full wp-image-78609 aligncenter\" src=\"https:\/\/xinshengmanufacture.com\/wp-content\/uploads\/2025\/10\/%E8%B6%85%E5%B7%A5%E5%AE%9A%E5%88%B6%E8%8B%B1%E6%96%87_031.jpg\" alt=\"\" width=\"1200\" height=\"1563\"><img loading=\"lazy\" decoding=\"async\" class=\"size-full wp-image-78621 aligncenter\" src=\"https:\/\/xinshengmanufacture.com\/wp-content\/uploads\/2025\/10\/%E8%B6%85%E5%B7%A5%E5%AE%9A%E5%88%B6%E8%8B%B1%E6%96%87_041.jpg\" alt=\"\" width=\"1200\" height=\"1755\"><img loading=\"lazy\" decoding=\"async\" class=\"size-full wp-image-78633 aligncenter\" src=\"https:\/\/xinshengmanufacture.com\/wp-content\/uploads\/2025\/10\/%E8%B6%85%E5%B7%A5%E5%AE%9A%E5%88%B6%E8%8B%B1%E6%96%87_051.jpg\" alt=\"\" width=\"1200\" height=\"2257\"><img loading=\"lazy\" decoding=\"async\" class=\"size-full wp-image-80353 aligncenter\" src=\"https:\/\/xinshengmanufacture.com\/wp-content\/uploads\/2025\/10\/1_01-6.jpg\" alt=\"\" width=\"1200\" height=\"1835\" srcset=\"https:\/\/xinshengmanufacture.com\/wp-content\/uploads\/2025\/10\/1_01-6.jpg 1200w, https:\/\/xinshengmanufacture.com\/wp-content\/uploads\/2025\/10\/1_01-6-196x300.jpg 196w, https:\/\/xinshengmanufacture.com\/wp-content\/uploads\/2025\/10\/1_01-6-670x1024.jpg 670w, https:\/\/xinshengmanufacture.com\/wp-content\/uploads\/2025\/10\/1_01-6-768x1174.jpg 768w, https:\/\/xinshengmanufacture.com\/wp-content\/uploads\/2025\/10\/1_01-6-1004x1536.jpg 1004w, https:\/\/xinshengmanufacture.com\/wp-content\/uploads\/2025\/10\/1_01-6-600x918.jpg 600w\" sizes=\"(max-width: 1200px) 100vw, 1200px\" \/> <img loading=\"lazy\" decoding=\"async\" class=\"size-full wp-image-80365 aligncenter\" src=\"https:\/\/xinshengmanufacture.com\/wp-content\/uploads\/2025\/10\/1_02-6.jpg\" alt=\"\" width=\"1200\" height=\"1212\" srcset=\"https:\/\/xinshengmanufacture.com\/wp-content\/uploads\/2025\/10\/1_02-6.jpg 1200w, https:\/\/xinshengmanufacture.com\/wp-content\/uploads\/2025\/10\/1_02-6-297x300.jpg 297w, https:\/\/xinshengmanufacture.com\/wp-content\/uploads\/2025\/10\/1_02-6-1014x1024.jpg 1014w, https:\/\/xinshengmanufacture.com\/wp-content\/uploads\/2025\/10\/1_02-6-768x776.jpg 768w, https:\/\/xinshengmanufacture.com\/wp-content\/uploads\/2025\/10\/1_02-6-600x606.jpg 600w, https:\/\/xinshengmanufacture.com\/wp-content\/uploads\/2025\/10\/1_02-6-100x100.jpg 100w, https:\/\/xinshengmanufacture.com\/wp-content\/uploads\/2025\/10\/1_02-6-96x96.jpg 96w\" sizes=\"(max-width: 1200px) 100vw, 1200px\" \/> <img loading=\"lazy\" decoding=\"async\" class=\"size-full wp-image-80377 aligncenter\" src=\"https:\/\/xinshengmanufacture.com\/wp-content\/uploads\/2025\/10\/1_03-5.jpg\" alt=\"\" width=\"1200\" height=\"1596\" srcset=\"https:\/\/xinshengmanufacture.com\/wp-content\/uploads\/2025\/10\/1_03-5.jpg 1200w, https:\/\/xinshengmanufacture.com\/wp-content\/uploads\/2025\/10\/1_03-5-226x300.jpg 226w, https:\/\/xinshengmanufacture.com\/wp-content\/uploads\/2025\/10\/1_03-5-770x1024.jpg 770w, https:\/\/xinshengmanufacture.com\/wp-content\/uploads\/2025\/10\/1_03-5-768x1021.jpg 768w, https:\/\/xinshengmanufacture.com\/wp-content\/uploads\/2025\/10\/1_03-5-1155x1536.jpg 1155w, https:\/\/xinshengmanufacture.com\/wp-content\/uploads\/2025\/10\/1_03-5-600x798.jpg 600w\" sizes=\"(max-width: 1200px) 100vw, 1200px\" \/> <img loading=\"lazy\" decoding=\"async\" class=\"size-full wp-image-80389 aligncenter\" src=\"https:\/\/xinshengmanufacture.com\/wp-content\/uploads\/2025\/10\/1_04-6.jpg\" alt=\"\" width=\"1200\" height=\"1769\" srcset=\"https:\/\/xinshengmanufacture.com\/wp-content\/uploads\/2025\/10\/1_04-6.jpg 1200w, https:\/\/xinshengmanufacture.com\/wp-content\/uploads\/2025\/10\/1_04-6-204x300.jpg 204w, https:\/\/xinshengmanufacture.com\/wp-content\/uploads\/2025\/10\/1_04-6-695x1024.jpg 695w, https:\/\/xinshengmanufacture.com\/wp-content\/uploads\/2025\/10\/1_04-6-768x1132.jpg 768w, https:\/\/xinshengmanufacture.com\/wp-content\/uploads\/2025\/10\/1_04-6-1042x1536.jpg 1042w, https:\/\/xinshengmanufacture.com\/wp-content\/uploads\/2025\/10\/1_04-6-600x885.jpg 600w\" sizes=\"(max-width: 1200px) 100vw, 1200px\" \/> <img loading=\"lazy\" decoding=\"async\" class=\"size-full wp-image-80401 aligncenter\" src=\"https:\/\/xinshengmanufacture.com\/wp-content\/uploads\/2025\/10\/1_05-6.jpg\" alt=\"\" width=\"1200\" height=\"1585\" srcset=\"https:\/\/xinshengmanufacture.com\/wp-content\/uploads\/2025\/10\/1_05-6.jpg 1200w, https:\/\/xinshengmanufacture.com\/wp-content\/uploads\/2025\/10\/1_05-6-227x300.jpg 227w, https:\/\/xinshengmanufacture.com\/wp-content\/uploads\/2025\/10\/1_05-6-775x1024.jpg 775w, https:\/\/xinshengmanufacture.com\/wp-content\/uploads\/2025\/10\/1_05-6-768x1014.jpg 768w, https:\/\/xinshengmanufacture.com\/wp-content\/uploads\/2025\/10\/1_05-6-1163x1536.jpg 1163w, https:\/\/xinshengmanufacture.com\/wp-content\/uploads\/2025\/10\/1_05-6-600x793.jpg 600w\" sizes=\"(max-width: 1200px) 100vw, 1200px\" \/> <img loading=\"lazy\" decoding=\"async\" class=\"size-full wp-image-80413 aligncenter\" src=\"https:\/\/xinshengmanufacture.com\/wp-content\/uploads\/2025\/10\/1_06-6.jpg\" alt=\"\" width=\"1200\" height=\"1694\" srcset=\"https:\/\/xinshengmanufacture.com\/wp-content\/uploads\/2025\/10\/1_06-6.jpg 1200w, https:\/\/xinshengmanufacture.com\/wp-content\/uploads\/2025\/10\/1_06-6-213x300.jpg 213w, https:\/\/xinshengmanufacture.com\/wp-content\/uploads\/2025\/10\/1_06-6-725x1024.jpg 725w, https:\/\/xinshengmanufacture.com\/wp-content\/uploads\/2025\/10\/1_06-6-768x1084.jpg 768w, https:\/\/xinshengmanufacture.com\/wp-content\/uploads\/2025\/10\/1_06-6-1088x1536.jpg 1088w, https:\/\/xinshengmanufacture.com\/wp-content\/uploads\/2025\/10\/1_06-6-600x847.jpg 600w\" sizes=\"(max-width: 1200px) 100vw, 1200px\" \/> <img loading=\"lazy\" decoding=\"async\" class=\"size-full wp-image-80425 aligncenter\" src=\"https:\/\/xinshengmanufacture.com\/wp-content\/uploads\/2025\/10\/1_07-6.jpg\" alt=\"\" width=\"1200\" height=\"1644\" srcset=\"https:\/\/xinshengmanufacture.com\/wp-content\/uploads\/2025\/10\/1_07-6.jpg 1200w, https:\/\/xinshengmanufacture.com\/wp-content\/uploads\/2025\/10\/1_07-6-219x300.jpg 219w, https:\/\/xinshengmanufacture.com\/wp-content\/uploads\/2025\/10\/1_07-6-747x1024.jpg 747w, https:\/\/xinshengmanufacture.com\/wp-content\/uploads\/2025\/10\/1_07-6-768x1052.jpg 768w, https:\/\/xinshengmanufacture.com\/wp-content\/uploads\/2025\/10\/1_07-6-1121x1536.jpg 1121w, https:\/\/xinshengmanufacture.com\/wp-content\/uploads\/2025\/10\/1_07-6-600x822.jpg 600w\" sizes=\"(max-width: 1200px) 100vw, 1200px\" \/> <img loading=\"lazy\" decoding=\"async\" class=\"size-full wp-image-80437 aligncenter\" src=\"https:\/\/xinshengmanufacture.com\/wp-content\/uploads\/2025\/10\/1_08-6.jpg\" alt=\"\" width=\"1200\" height=\"2207\" srcset=\"https:\/\/xinshengmanufacture.com\/wp-content\/uploads\/2025\/10\/1_08-6.jpg 1200w, https:\/\/xinshengmanufacture.com\/wp-content\/uploads\/2025\/10\/1_08-6-163x300.jpg 163w, https:\/\/xinshengmanufacture.com\/wp-content\/uploads\/2025\/10\/1_08-6-557x1024.jpg 557w, https:\/\/xinshengmanufacture.com\/wp-content\/uploads\/2025\/10\/1_08-6-768x1412.jpg 768w, https:\/\/xinshengmanufacture.com\/wp-content\/uploads\/2025\/10\/1_08-6-835x1536.jpg 835w, https:\/\/xinshengmanufacture.com\/wp-content\/uploads\/2025\/10\/1_08-6-1114x2048.jpg 1114w, https:\/\/xinshengmanufacture.com\/wp-content\/uploads\/2025\/10\/1_08-6-600x1104.jpg 600w\" sizes=\"(max-width: 1200px) 100vw, 1200px\" \/> <img loading=\"lazy\" decoding=\"async\" class=\"size-full wp-image-80449 aligncenter\" src=\"https:\/\/xinshengmanufacture.com\/wp-content\/uploads\/2025\/10\/1_09-6.jpg\" alt=\"\" width=\"1200\" height=\"1750\" srcset=\"https:\/\/xinshengmanufacture.com\/wp-content\/uploads\/2025\/10\/1_09-6.jpg 1200w, https:\/\/xinshengmanufacture.com\/wp-content\/uploads\/2025\/10\/1_09-6-206x300.jpg 206w, https:\/\/xinshengmanufacture.com\/wp-content\/uploads\/2025\/10\/1_09-6-702x1024.jpg 702w, https:\/\/xinshengmanufacture.com\/wp-content\/uploads\/2025\/10\/1_09-6-768x1120.jpg 768w, https:\/\/xinshengmanufacture.com\/wp-content\/uploads\/2025\/10\/1_09-6-1053x1536.jpg 1053w, https:\/\/xinshengmanufacture.com\/wp-content\/uploads\/2025\/10\/1_09-6-600x875.jpg 600w\" sizes=\"(max-width: 1200px) 100vw, 1200px\" \/> <img loading=\"lazy\" decoding=\"async\" class=\"aligncenter wp-image-80461\" src=\"https:\/\/xinshengmanufacture.com\/wp-content\/uploads\/2025\/10\/1_10-6.jpg\" alt=\"\" width=\"1200\" height=\"2844\" srcset=\"https:\/\/xinshengmanufacture.com\/wp-content\/uploads\/2025\/10\/1_10-6.jpg 1080w, https:\/\/xinshengmanufacture.com\/wp-content\/uploads\/2025\/10\/1_10-6-127x300.jpg 127w, https:\/\/xinshengmanufacture.com\/wp-content\/uploads\/2025\/10\/1_10-6-432x1024.jpg 432w, https:\/\/xinshengmanufacture.com\/wp-content\/uploads\/2025\/10\/1_10-6-768x1820.jpg 768w, https:\/\/xinshengmanufacture.com\/wp-content\/uploads\/2025\/10\/1_10-6-648x1536.jpg 648w, https:\/\/xinshengmanufacture.com\/wp-content\/uploads\/2025\/10\/1_10-6-864x2048.jpg 864w, https:\/\/xinshengmanufacture.com\/wp-content\/uploads\/2025\/10\/1_10-6-600x1422.jpg 600w\" sizes=\"(max-width: 1200px) 100vw, 1200px\" \/> <img loading=\"lazy\" decoding=\"async\" class=\"size-full wp-image-80473 aligncenter\" src=\"https:\/\/xinshengmanufacture.com\/wp-content\/uploads\/2025\/10\/1_11-4.jpg\" alt=\"\" width=\"1200\" height=\"2445\" srcset=\"https:\/\/xinshengmanufacture.com\/wp-content\/uploads\/2025\/10\/1_11-4.jpg 1200w, https:\/\/xinshengmanufacture.com\/wp-content\/uploads\/2025\/10\/1_11-4-147x300.jpg 147w, https:\/\/xinshengmanufacture.com\/wp-content\/uploads\/2025\/10\/1_11-4-503x1024.jpg 503w, https:\/\/xinshengmanufacture.com\/wp-content\/uploads\/2025\/10\/1_11-4-768x1565.jpg 768w, https:\/\/xinshengmanufacture.com\/wp-content\/uploads\/2025\/10\/1_11-4-754x1536.jpg 754w, https:\/\/xinshengmanufacture.com\/wp-content\/uploads\/2025\/10\/1_11-4-1005x2048.jpg 1005w, https:\/\/xinshengmanufacture.com\/wp-content\/uploads\/2025\/10\/1_11-4-600x1223.jpg 600w\" sizes=\"(max-width: 1200px) 100vw, 1200px\" \/> <img loading=\"lazy\" decoding=\"async\" class=\"size-full wp-image-80485 aligncenter\" src=\"https:\/\/xinshengmanufacture.com\/wp-content\/uploads\/2025\/10\/1_12-2.jpg\" alt=\"\" width=\"1200\" height=\"1957\" srcset=\"https:\/\/xinshengmanufacture.com\/wp-content\/uploads\/2025\/10\/1_12-2.jpg 1200w, https:\/\/xinshengmanufacture.com\/wp-content\/uploads\/2025\/10\/1_12-2-184x300.jpg 184w, https:\/\/xinshengmanufacture.com\/wp-content\/uploads\/2025\/10\/1_12-2-628x1024.jpg 628w, https:\/\/xinshengmanufacture.com\/wp-content\/uploads\/2025\/10\/1_12-2-768x1252.jpg 768w, https:\/\/xinshengmanufacture.com\/wp-content\/uploads\/2025\/10\/1_12-2-942x1536.jpg 942w, https:\/\/xinshengmanufacture.com\/wp-content\/uploads\/2025\/10\/1_12-2-600x979.jpg 600w\" sizes=\"(max-width: 1200px) 100vw, 1200px\" \/><\/p>\n<div id=\"gtx-trans\" style=\"position: absolute; left: 671px; top: 35px;\">\n<div class=\"gtx-trans-icon\"><\/div>\n<\/div>\n","protected":false},"excerpt":{"rendered":"<p>El sill\u00f3n elevador el\u00e9ctrico para champ\u00fa puede utilizarse en salones, spas, centros de belleza, etc., y admite colores personalizados.<\/p>\n","protected":false},"featured_media":80518,"template":"","meta":{"_bst_post_transparent":"","_bst_post_title":"","_bst_post_layout":"","_bst_post_sidebar_id":"","_bst_post_content_style":"","_bst_post_vertical_padding":"","_bst_post_feature":"","_bst_post_feature_position":"","_bst_post_header":false,"_bst_post_footer":false},"product_brand":[1082],"product_cat":[868],"product_tag":[],"class_list":{"0":"post-80816","1":"product","2":"type-product","3":"status-publish","4":"has-post-thumbnail","6":"product_brand-xinsheng-es","7":"product_cat-sillon-multifuncional-para-champu","8":"pa_color-colores-personalizados","9":"pa_color-negro","10":"pa_size-140cm70cm83cm-es","12":"first","13":"instock","14":"sale","15":"shipping-taxable","16":"purchasable","17":"product-type-variable","18":"entry","19":"content-bg","20":"loop-entry"},"_links":{"self":[{"href":"https:\/\/xinshengmanufacture.com\/es\/wp-json\/wp\/v2\/product\/80816","targetHints":{"allow":["GET"]}}],"collection":[{"href":"https:\/\/xinshengmanufacture.com\/es\/wp-json\/wp\/v2\/product"}],"about":[{"href":"https:\/\/xinshengmanufacture.com\/es\/wp-json\/wp\/v2\/types\/product"}],"version-history":[{"count":0,"href":"https:\/\/xinshengmanufacture.com\/es\/wp-json\/wp\/v2\/product\/80816\/revisions"}],"wp:featuredmedia":[{"embeddable":true,"href":"https:\/\/xinshengmanufacture.com\/es\/wp-json\/wp\/v2\/media\/80518"}],"wp:attachment":[{"href":"https:\/\/xinshengmanufacture.com\/es\/wp-json\/wp\/v2\/media?parent=80816"}],"wp:term":[{"taxonomy":"product_brand","embeddable":true,"href":"https:\/\/xinshengmanufacture.com\/es\/wp-json\/wp\/v2\/product_brand?post=80816"},{"taxonomy":"product_cat","embeddable":true,"href":"https:\/\/xinshengmanufacture.com\/es\/wp-json\/wp\/v2\/product_cat?post=80816"},{"taxonomy":"product_tag","embeddable":true,"href":"https:\/\/xinshengmanufacture.com\/es\/wp-json\/wp\/v2\/product_tag?post=80816"}],"curies":[{"name":"wp","href":"https:\/\/api.w.org\/{rel}","templated":true}]}}