{"id":80931,"date":"2025-10-13T06:27:16","date_gmt":"2025-10-13T06:27:16","guid":{"rendered":"https:\/\/xinshengmanufacture.com\/\u4ea7\u54c1\/cama-de-champu-portatil-sin-tubo-de-agua-cama-de-tratamiento-capilar-para-peluquerias-cama-de-masaje-sencilla-y-practica-equipamiento-para-peluquerias-cama-de-champu-para-centros-de-spa-fabricant\/"},"modified":"2025-10-13T06:27:16","modified_gmt":"2025-10-13T06:27:16","slug":"cama-de-champu-portatil-sin-tubo-de-agua-cama-de-tratamiento-capilar-para-peluquerias-cama-de-masaje-sencilla-y-practica-equipamiento-para-peluquerias-cama-de-champu-para-centros-de-spa-fabricant","status":"publish","type":"product","link":"https:\/\/xinshengmanufacture.com\/es\/product\/cama-de-champu-portatil-sin-tubo-de-agua-cama-de-tratamiento-capilar-para-peluquerias-cama-de-masaje-sencilla-y-practica-equipamiento-para-peluquerias-cama-de-champu-para-centros-de-spa-fabricant\/","title":{"rendered":"Cama de champ\u00fa port\u00e1til sin tubo de agua, cama de tratamiento capilar para peluquer\u00edas, cama de masaje sencilla y pr\u00e1ctica, equipamiento para peluquer\u00edas, cama de champ\u00fa para centros de spa, fabricante de mobiliario para peluquer\u00edas"},"content":{"rendered":"<div class=\"wp-playlist wp-video-playlist wp-playlist-light\">\n\t\t<video controls=\"controls\" preload=\"none\" width=\"1408\"\n\t\t height=\"2503\"\t><\/video>\n\t<div class=\"wp-playlist-next\"><\/div>\n\t<div class=\"wp-playlist-prev\"><\/div>\n\t<noscript>\n\t<ol>\n\t\t<li><a href='https:\/\/xinshengmanufacture.com\/wp-content\/uploads\/2025\/10\/7-5.mp4'>7<\/a><\/li>\t<\/ol>\n\t<\/noscript>\n\t<script type=\"application\/json\" class=\"wp-playlist-script\">{\"type\":\"video\",\"tracklist\":false,\"tracknumbers\":true,\"images\":true,\"artists\":true,\"tracks\":[{\"src\":\"https:\/\/xinshengmanufacture.com\/wp-content\/uploads\/2025\/10\/7-5.mp4\",\"type\":\"video\/mp4\",\"title\":\"7\",\"caption\":\"\",\"description\":\"\",\"meta\":{\"length_formatted\":\"0:45\"},\"dimensions\":{\"original\":{\"width\":1080,\"height\":1920},\"resized\":{\"width\":1408,\"height\":2503}},\"image\":{\"src\":\"https:\/\/xinshengmanufacture.com\/wp-includes\/images\/media\/video.svg\",\"width\":48,\"height\":64},\"thumb\":{\"src\":\"https:\/\/xinshengmanufacture.com\/wp-includes\/images\/media\/video.svg\",\"width\":48,\"height\":64}}]}<\/script>\n<\/div>\n\t\n<p><img fetchpriority=\"high\" decoding=\"async\" class=\"size-full wp-image-78585 aligncenter\" src=\"https:\/\/xinshengmanufacture.com\/wp-content\/uploads\/2025\/10\/%E8%B6%85%E5%B7%A5%E5%AE%9A%E5%88%B6%E8%8B%B1%E6%96%87_011.jpg\" alt=\"\" width=\"1200\" height=\"1857\"><img decoding=\"async\" class=\"size-full wp-image-78597 aligncenter\" src=\"https:\/\/xinshengmanufacture.com\/wp-content\/uploads\/2025\/10\/%E8%B6%85%E5%B7%A5%E5%AE%9A%E5%88%B6%E8%8B%B1%E6%96%87_021.jpg\" alt=\"\" width=\"1200\" height=\"1054\"><img decoding=\"async\" class=\"size-full wp-image-78609 aligncenter\" src=\"https:\/\/xinshengmanufacture.com\/wp-content\/uploads\/2025\/10\/%E8%B6%85%E5%B7%A5%E5%AE%9A%E5%88%B6%E8%8B%B1%E6%96%87_031.jpg\" alt=\"\" width=\"1200\" height=\"1563\"><img loading=\"lazy\" decoding=\"async\" class=\"size-full wp-image-78621 aligncenter\" src=\"https:\/\/xinshengmanufacture.com\/wp-content\/uploads\/2025\/10\/%E8%B6%85%E5%B7%A5%E5%AE%9A%E5%88%B6%E8%8B%B1%E6%96%87_041.jpg\" alt=\"\" width=\"1200\" height=\"1755\"><img loading=\"lazy\" decoding=\"async\" class=\"size-full wp-image-78633 aligncenter\" src=\"https:\/\/xinshengmanufacture.com\/wp-content\/uploads\/2025\/10\/%E8%B6%85%E5%B7%A5%E5%AE%9A%E5%88%B6%E8%8B%B1%E6%96%87_051.jpg\" alt=\"\" width=\"1200\" height=\"2257\"><img loading=\"lazy\" decoding=\"async\" class=\"size-full wp-image-79678 aligncenter\" src=\"https:\/\/xinshengmanufacture.com\/wp-content\/uploads\/2025\/10\/wai-%E6%81%A2%E5%A4%8D%E7%9A%84_01.jpg\" alt=\"\" width=\"1200\" height=\"1922\"> <img loading=\"lazy\" decoding=\"async\" class=\"size-full wp-image-79690 aligncenter\" src=\"https:\/\/xinshengmanufacture.com\/wp-content\/uploads\/2025\/10\/wai-%E6%81%A2%E5%A4%8D%E7%9A%84_02.jpg\" alt=\"\" width=\"1200\" height=\"1103\"> <img loading=\"lazy\" decoding=\"async\" class=\"size-full wp-image-79702 aligncenter\" src=\"https:\/\/xinshengmanufacture.com\/wp-content\/uploads\/2025\/10\/wai-%E6%81%A2%E5%A4%8D%E7%9A%84_03.jpg\" alt=\"\" width=\"1200\" height=\"1972\"> <img loading=\"lazy\" decoding=\"async\" class=\"size-full wp-image-79714 aligncenter\" src=\"https:\/\/xinshengmanufacture.com\/wp-content\/uploads\/2025\/10\/wai-%E6%81%A2%E5%A4%8D%E7%9A%84_04.jpg\" alt=\"\" width=\"1200\" height=\"1937\"> <img loading=\"lazy\" decoding=\"async\" class=\"size-full wp-image-79726 aligncenter\" src=\"https:\/\/xinshengmanufacture.com\/wp-content\/uploads\/2025\/10\/wai-%E6%81%A2%E5%A4%8D%E7%9A%84_05.jpg\" alt=\"\" width=\"1200\" height=\"1783\"> <img loading=\"lazy\" decoding=\"async\" class=\"size-full wp-image-79738 aligncenter\" src=\"https:\/\/xinshengmanufacture.com\/wp-content\/uploads\/2025\/10\/wai-%E6%81%A2%E5%A4%8D%E7%9A%84_06.jpg\" alt=\"\" width=\"1200\" height=\"1946\"> <img loading=\"lazy\" decoding=\"async\" class=\"size-full wp-image-79750 aligncenter\" src=\"https:\/\/xinshengmanufacture.com\/wp-content\/uploads\/2025\/10\/wai-%E6%81%A2%E5%A4%8D%E7%9A%84_07.jpg\" alt=\"\" width=\"1200\" height=\"1722\"> <img loading=\"lazy\" decoding=\"async\" class=\"aligncenter wp-image-79762\" src=\"https:\/\/xinshengmanufacture.com\/wp-content\/uploads\/2025\/10\/wai-%E6%81%A2%E5%A4%8D%E7%9A%84_08.jpg\" alt=\"\" width=\"1200\" height=\"2699\"> <img loading=\"lazy\" decoding=\"async\" class=\"size-full wp-image-79774 aligncenter\" src=\"https:\/\/xinshengmanufacture.com\/wp-content\/uploads\/2025\/10\/wai-%E6%81%A2%E5%A4%8D%E7%9A%84_09.jpg\" alt=\"\" width=\"1200\" height=\"2431\"><\/p>\n<div id=\"gtx-trans\" style=\"position: absolute; left: 697px; top: 35px;\">\n<div class=\"gtx-trans-icon\"><\/div>\n<\/div>\n","protected":false},"excerpt":{"rendered":"<p>La cama de champ\u00fa port\u00e1til sin tubo de agua puede utilizarse en salones de belleza, centros de est\u00e9tica, spas, centros de masajes, etc., y admite colores personalizados.<\/p>\n","protected":false},"featured_media":79807,"template":"","meta":{"_bst_post_transparent":"","_bst_post_title":"","_bst_post_layout":"","_bst_post_sidebar_id":"","_bst_post_content_style":"","_bst_post_vertical_padding":"","_bst_post_feature":"","_bst_post_feature_position":"","_bst_post_header":false,"_bst_post_footer":false},"product_brand":[1082],"product_cat":[567],"product_tag":[],"class_list":{"0":"post-80931","1":"product","2":"type-product","3":"status-publish","4":"has-post-thumbnail","6":"product_brand-xinsheng-es","7":"product_cat-cama-de-champu-tailandes","8":"pa_color-blanco","9":"pa_color-colores-personalizados","10":"pa_size-202cm70cm68cm-es","12":"first","13":"instock","14":"sale","15":"shipping-taxable","16":"purchasable","17":"product-type-variable","18":"entry","19":"content-bg","20":"loop-entry"},"_links":{"self":[{"href":"https:\/\/xinshengmanufacture.com\/es\/wp-json\/wp\/v2\/product\/80931","targetHints":{"allow":["GET"]}}],"collection":[{"href":"https:\/\/xinshengmanufacture.com\/es\/wp-json\/wp\/v2\/product"}],"about":[{"href":"https:\/\/xinshengmanufacture.com\/es\/wp-json\/wp\/v2\/types\/product"}],"version-history":[{"count":0,"href":"https:\/\/xinshengmanufacture.com\/es\/wp-json\/wp\/v2\/product\/80931\/revisions"}],"wp:featuredmedia":[{"embeddable":true,"href":"https:\/\/xinshengmanufacture.com\/es\/wp-json\/wp\/v2\/media\/79807"}],"wp:attachment":[{"href":"https:\/\/xinshengmanufacture.com\/es\/wp-json\/wp\/v2\/media?parent=80931"}],"wp:term":[{"taxonomy":"product_brand","embeddable":true,"href":"https:\/\/xinshengmanufacture.com\/es\/wp-json\/wp\/v2\/product_brand?post=80931"},{"taxonomy":"product_cat","embeddable":true,"href":"https:\/\/xinshengmanufacture.com\/es\/wp-json\/wp\/v2\/product_cat?post=80931"},{"taxonomy":"product_tag","embeddable":true,"href":"https:\/\/xinshengmanufacture.com\/es\/wp-json\/wp\/v2\/product_tag?post=80931"}],"curies":[{"name":"wp","href":"https:\/\/api.w.org\/{rel}","templated":true}]}}