{"id":83556,"date":"2025-12-01T07:51:48","date_gmt":"2025-12-01T07:51:48","guid":{"rendered":"https:\/\/xinshengmanufacture.com\/\u4ea7\u54c1\/cama-de-belleza-curva-en-s-de-gran-venta-cama-de-extension-de-pestanas-de-salon-cama-de-tratamiento-de-centro-de-unas-de-spa-cama-de-tatuaje-admite-ajuste-de-altura-y-ajuste-de-angulo-fabricante\/"},"modified":"2025-12-01T08:32:43","modified_gmt":"2025-12-01T08:32:43","slug":"cama-de-belleza-curva-en-s-de-gran-venta-cama-de-extension-de-pestanas-de-salon-cama-de-tratamiento-de-centro-de-unas-de-spa-cama-de-tatuaje-admite-ajuste-de-altura-y-ajuste-de-angulo-fabricante","status":"publish","type":"product","link":"https:\/\/xinshengmanufacture.com\/es\/product\/cama-de-belleza-curva-en-s-de-gran-venta-cama-de-extension-de-pestanas-de-salon-cama-de-tratamiento-de-centro-de-unas-de-spa-cama-de-tatuaje-admite-ajuste-de-altura-y-ajuste-de-angulo-fabricante\/","title":{"rendered":"Cama de belleza curva en S de gran venta, cama de extensi\u00f3n de pesta\u00f1as de sal\u00f3n, cama de tratamiento de centro de u\u00f1as de spa, cama de tatuaje, admite ajuste de altura y ajuste de \u00e1ngulo, fabricante de mobiliario de sal\u00f3n."},"content":{"rendered":"<div class=\"wp-playlist wp-video-playlist wp-playlist-light\">\n\t\t<video controls=\"controls\" preload=\"none\" width=\"1408\"\n\t\t height=\"792\"\t><\/video>\n\t<div class=\"wp-playlist-next\"><\/div>\n\t<div class=\"wp-playlist-prev\"><\/div>\n\t<noscript>\n\t<ol>\n\t\t<li><a href='https:\/\/xinshengmanufacture.com\/wp-content\/uploads\/2025\/12\/961f7786c9b7b41c0fce65c8ade7d741_raw.mp4'>961f7786c9b7b41c0fce65c8ade7d741_raw<\/a><\/li>\t<\/ol>\n\t<\/noscript>\n\t<script type=\"application\/json\" class=\"wp-playlist-script\">{\"type\":\"video\",\"tracklist\":false,\"tracknumbers\":true,\"images\":true,\"artists\":true,\"tracks\":[{\"src\":\"https:\/\/xinshengmanufacture.com\/wp-content\/uploads\/2025\/12\/961f7786c9b7b41c0fce65c8ade7d741_raw.mp4\",\"type\":\"video\/mp4\",\"title\":\"961f7786c9b7b41c0fce65c8ade7d741_raw\",\"caption\":\"\",\"description\":\"\",\"meta\":{\"length_formatted\":\"0:26\"},\"dimensions\":{\"original\":{\"width\":1920,\"height\":1080},\"resized\":{\"width\":1408,\"height\":792}},\"image\":{\"src\":\"https:\/\/xinshengmanufacture.com\/wp-includes\/images\/media\/video.svg\",\"width\":48,\"height\":64},\"thumb\":{\"src\":\"https:\/\/xinshengmanufacture.com\/wp-includes\/images\/media\/video.svg\",\"width\":48,\"height\":64}}]}<\/script>\n<\/div>\n\t\n<p><img fetchpriority=\"high\" decoding=\"async\" class=\"size-full wp-image-82465 aligncenter\" src=\"https:\/\/xinshengmanufacture.com\/wp-content\/uploads\/2025\/10\/%E8%B6%85%E5%B7%A5%E5%AE%9A%E5%88%B6%E8%8B%B1%E6%96%87_011-1.jpg\" alt=\"\" width=\"1200\" height=\"1857\"><img decoding=\"async\" class=\"size-full wp-image-82477 aligncenter\" src=\"https:\/\/xinshengmanufacture.com\/wp-content\/uploads\/2025\/10\/%E8%B6%85%E5%B7%A5%E5%AE%9A%E5%88%B6%E8%8B%B1%E6%96%87_021-1.jpg\" alt=\"\" width=\"1200\" height=\"1054\"><img decoding=\"async\" class=\"size-full wp-image-82489 aligncenter\" src=\"https:\/\/xinshengmanufacture.com\/wp-content\/uploads\/2025\/10\/%E8%B6%85%E5%B7%A5%E5%AE%9A%E5%88%B6%E8%8B%B1%E6%96%87_031-1.jpg\" alt=\"\" width=\"1200\" height=\"1563\"><img loading=\"lazy\" decoding=\"async\" class=\"size-full wp-image-82501 aligncenter\" src=\"https:\/\/xinshengmanufacture.com\/wp-content\/uploads\/2025\/10\/%E8%B6%85%E5%B7%A5%E5%AE%9A%E5%88%B6%E8%8B%B1%E6%96%87_041-1.jpg\" alt=\"\" width=\"1200\" height=\"1755\"><img loading=\"lazy\" decoding=\"async\" class=\"size-full wp-image-82513 aligncenter\" src=\"https:\/\/xinshengmanufacture.com\/wp-content\/uploads\/2025\/10\/%E8%B6%85%E5%B7%A5%E5%AE%9A%E5%88%B6%E8%8B%B1%E6%96%87_051-1.jpg\" alt=\"\" width=\"1200\" height=\"2257\"><img loading=\"lazy\" decoding=\"async\" class=\"size-full wp-image-83452 aligncenter\" src=\"https:\/\/xinshengmanufacture.com\/wp-content\/uploads\/2025\/12\/%E6%9B%B2%E7%BA%BF%E5%BA%8A%E5%9B%BD%E5%A4%96-1.jpg\" alt=\"\" width=\"1200\" height=\"2176\"> <img loading=\"lazy\" decoding=\"async\" class=\"size-full wp-image-83453 aligncenter\" src=\"https:\/\/xinshengmanufacture.com\/wp-content\/uploads\/2025\/12\/%E6%9B%B2%E7%BA%BF%E5%BA%8A%E5%9B%BD%E5%A4%96-2.jpg\" alt=\"\" width=\"1200\" height=\"2147\"> <img loading=\"lazy\" decoding=\"async\" class=\"aligncenter wp-image-83454\" src=\"https:\/\/xinshengmanufacture.com\/wp-content\/uploads\/2025\/12\/%E6%9B%B2%E7%BA%BF%E5%BA%8A%E5%9B%BD%E5%A4%96-3.jpg\" alt=\"\" width=\"1200\" height=\"2997\"> <img loading=\"lazy\" decoding=\"async\" class=\"aligncenter wp-image-83455\" src=\"https:\/\/xinshengmanufacture.com\/wp-content\/uploads\/2025\/12\/%E6%9B%B2%E7%BA%BF%E5%BA%8A%E5%9B%BD%E5%A4%96-4.jpg\" alt=\"\" width=\"1200\" height=\"3003\"> <img loading=\"lazy\" decoding=\"async\" class=\"size-full wp-image-83456 aligncenter\" src=\"https:\/\/xinshengmanufacture.com\/wp-content\/uploads\/2025\/12\/%E6%9B%B2%E7%BA%BF%E5%BA%8A%E5%9B%BD%E5%A4%96-5.jpg\" alt=\"\" width=\"1200\" height=\"1892\"> <img loading=\"lazy\" decoding=\"async\" class=\"size-full wp-image-83457 aligncenter\" src=\"https:\/\/xinshengmanufacture.com\/wp-content\/uploads\/2025\/12\/%E6%9B%B2%E7%BA%BF%E5%BA%8A%E5%9B%BD%E5%A4%96-6.jpg\" alt=\"\" width=\"1200\" height=\"1995\"> <img loading=\"lazy\" decoding=\"async\" class=\"size-full wp-image-83458 aligncenter\" src=\"https:\/\/xinshengmanufacture.com\/wp-content\/uploads\/2025\/12\/%E6%9B%B2%E7%BA%BF%E5%BA%8A%E5%9B%BD%E5%A4%96-7.jpg\" alt=\"\" width=\"1200\" height=\"1916\"> <img loading=\"lazy\" decoding=\"async\" class=\"aligncenter wp-image-83459\" src=\"https:\/\/xinshengmanufacture.com\/wp-content\/uploads\/2025\/12\/%E6%9B%B2%E7%BA%BF%E5%BA%8A%E5%9B%BD%E5%A4%96-8.jpg\" alt=\"\" width=\"1200\" height=\"2852\"> <img loading=\"lazy\" decoding=\"async\" class=\"size-full wp-image-83460 aligncenter\" src=\"https:\/\/xinshengmanufacture.com\/wp-content\/uploads\/2025\/12\/%E6%9B%B2%E7%BA%BF%E5%BA%8A%E5%9B%BD%E5%A4%96-9.jpg\" alt=\"\" width=\"1200\" height=\"2482\"><\/p>\n<div id=\"gtx-trans\" style=\"position: absolute; left: 690px; top: 35px;\">\n<div class=\"gtx-trans-icon\"><\/div>\n<\/div>\n","protected":false},"excerpt":{"rendered":"<p>Esta elegante y superventas cama de belleza con curva en S puede utilizarse en nuestros salones de belleza, spas de u\u00f1as, estudios de tatuajes, etc., y hay colores personalizados disponibles.<\/p>\n","protected":false},"featured_media":83566,"template":"","meta":{"_bst_post_transparent":"","_bst_post_title":"","_bst_post_layout":"","_bst_post_sidebar_id":"","_bst_post_content_style":"","_bst_post_vertical_padding":"","_bst_post_feature":"","_bst_post_feature_position":"","_bst_post_header":false,"_bst_post_footer":false},"product_brand":[1082],"product_cat":[854],"product_tag":[],"class_list":{"0":"post-83556","1":"product","2":"type-product","3":"status-publish","4":"has-post-thumbnail","6":"product_brand-xinsheng-es","7":"product_cat-cama-de-belleza","8":"pa_color-albaricoque","9":"pa_color-blanco","10":"pa_color-colores-personalizados","11":"pa_color-negro","12":"pa_size-185cm70cm75cm","14":"first","15":"instock","16":"sale","17":"shipping-taxable","18":"purchasable","19":"product-type-variable","20":"entry","21":"content-bg","22":"loop-entry"},"_links":{"self":[{"href":"https:\/\/xinshengmanufacture.com\/es\/wp-json\/wp\/v2\/product\/83556","targetHints":{"allow":["GET"]}}],"collection":[{"href":"https:\/\/xinshengmanufacture.com\/es\/wp-json\/wp\/v2\/product"}],"about":[{"href":"https:\/\/xinshengmanufacture.com\/es\/wp-json\/wp\/v2\/types\/product"}],"version-history":[{"count":1,"href":"https:\/\/xinshengmanufacture.com\/es\/wp-json\/wp\/v2\/product\/83556\/revisions"}],"predecessor-version":[{"id":83578,"href":"https:\/\/xinshengmanufacture.com\/es\/wp-json\/wp\/v2\/product\/83556\/revisions\/83578"}],"wp:featuredmedia":[{"embeddable":true,"href":"https:\/\/xinshengmanufacture.com\/es\/wp-json\/wp\/v2\/media\/83566"}],"wp:attachment":[{"href":"https:\/\/xinshengmanufacture.com\/es\/wp-json\/wp\/v2\/media?parent=83556"}],"wp:term":[{"taxonomy":"product_brand","embeddable":true,"href":"https:\/\/xinshengmanufacture.com\/es\/wp-json\/wp\/v2\/product_brand?post=83556"},{"taxonomy":"product_cat","embeddable":true,"href":"https:\/\/xinshengmanufacture.com\/es\/wp-json\/wp\/v2\/product_cat?post=83556"},{"taxonomy":"product_tag","embeddable":true,"href":"https:\/\/xinshengmanufacture.com\/es\/wp-json\/wp\/v2\/product_tag?post=83556"}],"curies":[{"name":"wp","href":"https:\/\/api.w.org\/{rel}","templated":true}]}}