{"id":84021,"date":"2025-11-11T09:28:18","date_gmt":"2025-11-11T09:28:18","guid":{"rendered":"https:\/\/xinshengmanufacture.com\/\u4ea7\u54c1\/lavabo-de-champu-portatil-con-deposito-de-aguas-residuales-incorporado-mueble-de-peluqueria-lavabo-de-masaje-de-cabeza-movil-puede-utilizarse-con-una-cama-equipo-de-belleza-y-peluqueria-fabricant\/"},"modified":"2025-12-01T08:33:25","modified_gmt":"2025-12-01T08:33:25","slug":"lavabo-de-champu-portatil-con-deposito-de-aguas-residuales-incorporado-mueble-de-peluqueria-lavabo-de-masaje-de-cabeza-movil-puede-utilizarse-con-una-cama-equipo-de-belleza-y-peluqueria-fabricant","status":"publish","type":"product","link":"https:\/\/xinshengmanufacture.com\/es\/product\/lavabo-de-champu-portatil-con-deposito-de-aguas-residuales-incorporado-mueble-de-peluqueria-lavabo-de-masaje-de-cabeza-movil-puede-utilizarse-con-una-cama-equipo-de-belleza-y-peluqueria-fabricant\/","title":{"rendered":"Lavabo de champ\u00fa port\u00e1til con dep\u00f3sito de aguas residuales incorporado, mueble de peluquer\u00eda, lavabo de masaje de cabeza m\u00f3vil, puede utilizarse con una cama, equipo de belleza y peluquer\u00eda, fabricante de muebles de peluquer\u00eda.Versi\u00f3n sin tuber\u00edas del lavabo de champ\u00fa"},"content":{"rendered":"<div class=\"wp-playlist wp-video-playlist wp-playlist-light\">\n\t\t<video controls=\"controls\" preload=\"none\" width=\"1408\"\n\t\t height=\"2503\"\t><\/video>\n\t<div class=\"wp-playlist-next\"><\/div>\n\t<div class=\"wp-playlist-prev\"><\/div>\n\t<noscript>\n\t<ol>\n\t\t<li><a href='https:\/\/xinshengmanufacture.com\/wp-content\/uploads\/2025\/11\/7.mp4'>7<\/a><\/li>\t<\/ol>\n\t<\/noscript>\n\t<script type=\"application\/json\" class=\"wp-playlist-script\">{\"type\":\"video\",\"tracklist\":false,\"tracknumbers\":true,\"images\":true,\"artists\":true,\"tracks\":[{\"src\":\"https:\/\/xinshengmanufacture.com\/wp-content\/uploads\/2025\/11\/7.mp4\",\"type\":\"video\/mp4\",\"title\":\"7\",\"caption\":\"\",\"description\":\"\",\"meta\":{\"length_formatted\":\"0:45\"},\"dimensions\":{\"original\":{\"width\":1080,\"height\":1920},\"resized\":{\"width\":1408,\"height\":2503}},\"image\":{\"src\":\"https:\/\/xinshengmanufacture.com\/wp-includes\/images\/media\/video.svg\",\"width\":48,\"height\":64},\"thumb\":{\"src\":\"https:\/\/xinshengmanufacture.com\/wp-includes\/images\/media\/video.svg\",\"width\":48,\"height\":64}}]}<\/script>\n<\/div>\n\t\n<p><img fetchpriority=\"high\" decoding=\"async\" class=\"alignnone size-full wp-image-82465 aligncenter\" src=\"https:\/\/xinshengmanufacture.com\/wp-content\/uploads\/2025\/10\/%E8%B6%85%E5%B7%A5%E5%AE%9A%E5%88%B6%E8%8B%B1%E6%96%87_011-1.jpg\" alt=\"\" width=\"1200\" height=\"1857\"><img decoding=\"async\" class=\"size-full wp-image-82477 aligncenter\" src=\"https:\/\/xinshengmanufacture.com\/wp-content\/uploads\/2025\/10\/%E8%B6%85%E5%B7%A5%E5%AE%9A%E5%88%B6%E8%8B%B1%E6%96%87_021-1.jpg\" alt=\"\" width=\"1200\" height=\"1054\"><img decoding=\"async\" class=\"alignnone size-full wp-image-82489 aligncenter\" src=\"https:\/\/xinshengmanufacture.com\/wp-content\/uploads\/2025\/10\/%E8%B6%85%E5%B7%A5%E5%AE%9A%E5%88%B6%E8%8B%B1%E6%96%87_031-1.jpg\" alt=\"\" width=\"1200\" height=\"1563\"><img loading=\"lazy\" decoding=\"async\" class=\"alignnone size-full wp-image-82501 aligncenter\" src=\"https:\/\/xinshengmanufacture.com\/wp-content\/uploads\/2025\/10\/%E8%B6%85%E5%B7%A5%E5%AE%9A%E5%88%B6%E8%8B%B1%E6%96%87_041-1.jpg\" alt=\"\" width=\"1200\" height=\"1755\"><img loading=\"lazy\" decoding=\"async\" class=\"alignnone size-full wp-image-82513 aligncenter\" src=\"https:\/\/xinshengmanufacture.com\/wp-content\/uploads\/2025\/10\/%E8%B6%85%E5%B7%A5%E5%AE%9A%E5%88%B6%E8%8B%B1%E6%96%87_051-1.jpg\" alt=\"\" width=\"1200\" height=\"2257\"><img loading=\"lazy\" decoding=\"async\" class=\"size-full wp-image-83157 aligncenter\" src=\"https:\/\/xinshengmanufacture.com\/wp-content\/uploads\/2025\/11\/%E8%8B%B1%E6%96%87_01.jpg\" alt=\"\" width=\"1200\" height=\"1818\"> <img loading=\"lazy\" decoding=\"async\" class=\"size-full wp-image-83169 aligncenter\" src=\"https:\/\/xinshengmanufacture.com\/wp-content\/uploads\/2025\/11\/%E8%8B%B1%E6%96%87_02.jpg\" alt=\"\" width=\"1200\" height=\"2009\"> <img loading=\"lazy\" decoding=\"async\" class=\"size-full wp-image-83181 aligncenter\" src=\"https:\/\/xinshengmanufacture.com\/wp-content\/uploads\/2025\/11\/%E8%8B%B1%E6%96%87_03.jpg\" alt=\"\" width=\"1200\" height=\"2102\"> <img loading=\"lazy\" decoding=\"async\" class=\"size-full wp-image-83193 aligncenter\" src=\"https:\/\/xinshengmanufacture.com\/wp-content\/uploads\/2025\/11\/%E8%8B%B1%E6%96%87_04.jpg\" alt=\"\" width=\"1200\" height=\"2404\"> <img loading=\"lazy\" decoding=\"async\" class=\"size-full wp-image-83205 aligncenter\" src=\"https:\/\/xinshengmanufacture.com\/wp-content\/uploads\/2025\/11\/%E8%8B%B1%E6%96%87_05.jpg\" alt=\"\" width=\"1200\" height=\"1954\"> <img loading=\"lazy\" decoding=\"async\" class=\"size-full wp-image-83217 aligncenter\" src=\"https:\/\/xinshengmanufacture.com\/wp-content\/uploads\/2025\/11\/%E8%8B%B1%E6%96%87_06.jpg\" alt=\"\" width=\"1200\" height=\"1798\"> <img loading=\"lazy\" decoding=\"async\" class=\"size-full wp-image-83229 aligncenter\" src=\"https:\/\/xinshengmanufacture.com\/wp-content\/uploads\/2025\/11\/%E8%8B%B1%E6%96%87_07.jpg\" alt=\"\" width=\"1200\" height=\"1924\"> <img loading=\"lazy\" decoding=\"async\" class=\"aligncenter wp-image-83241\" src=\"https:\/\/xinshengmanufacture.com\/wp-content\/uploads\/2025\/11\/%E8%8B%B1%E6%96%87_08.jpg\" alt=\"\" width=\"1200\" height=\"1607\"> <img loading=\"lazy\" decoding=\"async\" class=\"size-full wp-image-83253 aligncenter\" src=\"https:\/\/xinshengmanufacture.com\/wp-content\/uploads\/2025\/11\/%E8%8B%B1%E6%96%87_09.jpg\" alt=\"\" width=\"1200\" height=\"2023\"> <img loading=\"lazy\" decoding=\"async\" class=\"size-full wp-image-83265 aligncenter\" src=\"https:\/\/xinshengmanufacture.com\/wp-content\/uploads\/2025\/11\/%E8%8B%B1%E6%96%87_10.jpg\" alt=\"\" width=\"1200\" height=\"2646\"> <img loading=\"lazy\" decoding=\"async\" class=\"size-full wp-image-83277 aligncenter\" src=\"https:\/\/xinshengmanufacture.com\/wp-content\/uploads\/2025\/11\/%E8%8B%B1%E6%96%87_11.jpg\" alt=\"\" width=\"1200\" height=\"2258\"><\/p>\n<div id=\"gtx-trans\" style=\"position: absolute; left: 701px; top: 35px;\">\n<div class=\"gtx-trans-icon\"><\/div>\n<\/div>\n","protected":false},"excerpt":{"rendered":"<p>El lavabo de champ\u00fa m\u00f3vil port\u00e1til se puede instalar en nuestra cama de champ\u00fa o cama de champ\u00fa de masaje, tambi\u00e9n se puede utilizar solo, adecuado para salones de peluquer\u00eda, muy pr\u00e1ctico y c\u00f3modo.Admite colores personalizados<\/p>\n","protected":false},"featured_media":83310,"template":"","meta":{"_bst_post_transparent":"","_bst_post_title":"","_bst_post_layout":"","_bst_post_sidebar_id":"","_bst_post_content_style":"","_bst_post_vertical_padding":"","_bst_post_feature":"","_bst_post_feature_position":"","_bst_post_header":false,"_bst_post_footer":false},"product_brand":[1082],"product_cat":[921],"product_tag":[],"class_list":{"0":"post-84021","1":"product","2":"type-product","3":"status-publish","4":"has-post-thumbnail","6":"product_brand-xinsheng-es","7":"product_cat-fregadero-portatil-para-champu","8":"pa_color-blanco","9":"pa_color-colores-personalizados","10":"pa_size-53cm63cm62cm-es","12":"first","13":"instock","14":"sale","15":"shipping-taxable","16":"purchasable","17":"product-type-variable","18":"entry","19":"content-bg","20":"loop-entry"},"_links":{"self":[{"href":"https:\/\/xinshengmanufacture.com\/es\/wp-json\/wp\/v2\/product\/84021","targetHints":{"allow":["GET"]}}],"collection":[{"href":"https:\/\/xinshengmanufacture.com\/es\/wp-json\/wp\/v2\/product"}],"about":[{"href":"https:\/\/xinshengmanufacture.com\/es\/wp-json\/wp\/v2\/types\/product"}],"version-history":[{"count":6,"href":"https:\/\/xinshengmanufacture.com\/es\/wp-json\/wp\/v2\/product\/84021\/revisions"}],"predecessor-version":[{"id":84083,"href":"https:\/\/xinshengmanufacture.com\/es\/wp-json\/wp\/v2\/product\/84021\/revisions\/84083"}],"wp:featuredmedia":[{"embeddable":true,"href":"https:\/\/xinshengmanufacture.com\/es\/wp-json\/wp\/v2\/media\/83310"}],"wp:attachment":[{"href":"https:\/\/xinshengmanufacture.com\/es\/wp-json\/wp\/v2\/media?parent=84021"}],"wp:term":[{"taxonomy":"product_brand","embeddable":true,"href":"https:\/\/xinshengmanufacture.com\/es\/wp-json\/wp\/v2\/product_brand?post=84021"},{"taxonomy":"product_cat","embeddable":true,"href":"https:\/\/xinshengmanufacture.com\/es\/wp-json\/wp\/v2\/product_cat?post=84021"},{"taxonomy":"product_tag","embeddable":true,"href":"https:\/\/xinshengmanufacture.com\/es\/wp-json\/wp\/v2\/product_tag?post=84021"}],"curies":[{"name":"wp","href":"https:\/\/api.w.org\/{rel}","templated":true}]}}