{"id":84237,"date":"2025-11-27T06:42:47","date_gmt":"2025-11-27T06:42:47","guid":{"rendered":"https:\/\/xinshengmanufacture.com\/\u4ea7\u54c1\/mesa-doble-de-manicura-con-aspirador-mobiliario-para-salon-de-manicura-conjunto-combinado-de-mesa-y-silla-doble-para-salon-de-manicura-spa-admite-colores-personalizados-fabricante-de-mobiliario-pa\/"},"modified":"2025-11-27T06:42:47","modified_gmt":"2025-11-27T06:42:47","slug":"mesa-doble-de-manicura-con-aspirador-mobiliario-para-salon-de-manicura-conjunto-combinado-de-mesa-y-silla-doble-para-salon-de-manicura-spa-admite-colores-personalizados-fabricante-de-mobiliario-pa","status":"publish","type":"product","link":"https:\/\/xinshengmanufacture.com\/es\/product\/mesa-doble-de-manicura-con-aspirador-mobiliario-para-salon-de-manicura-conjunto-combinado-de-mesa-y-silla-doble-para-salon-de-manicura-spa-admite-colores-personalizados-fabricante-de-mobiliario-pa\/","title":{"rendered":"Mesa doble de manicura con aspirador, mobiliario para sal\u00f3n de manicura, conjunto combinado de mesa y silla doble para sal\u00f3n de manicura spa, admite colores personalizados, fabricante de mobiliario para sal\u00f3n de manicura."},"content":{"rendered":"<p style=\"text-align: center;\"><img fetchpriority=\"high\" decoding=\"async\" class=\"alignnone size-full wp-image-82465 aligncenter\" src=\"https:\/\/xinshengmanufacture.com\/wp-content\/uploads\/2025\/10\/%E8%B6%85%E5%B7%A5%E5%AE%9A%E5%88%B6%E8%8B%B1%E6%96%87_011-1.jpg\" alt=\"\" width=\"1200\" height=\"1857\"><img decoding=\"async\" class=\"alignnone size-full wp-image-82477 aligncenter\" src=\"https:\/\/xinshengmanufacture.com\/wp-content\/uploads\/2025\/10\/%E8%B6%85%E5%B7%A5%E5%AE%9A%E5%88%B6%E8%8B%B1%E6%96%87_021-1.jpg\" alt=\"\" width=\"1200\" height=\"1054\"><img decoding=\"async\" class=\"alignnone size-full wp-image-82489 aligncenter\" src=\"https:\/\/xinshengmanufacture.com\/wp-content\/uploads\/2025\/10\/%E8%B6%85%E5%B7%A5%E5%AE%9A%E5%88%B6%E8%8B%B1%E6%96%87_031-1.jpg\" alt=\"\" width=\"1200\" height=\"1563\"><img loading=\"lazy\" decoding=\"async\" class=\"alignnone size-full wp-image-82501 aligncenter\" src=\"https:\/\/xinshengmanufacture.com\/wp-content\/uploads\/2025\/10\/%E8%B6%85%E5%B7%A5%E5%AE%9A%E5%88%B6%E8%8B%B1%E6%96%87_041-1.jpg\" alt=\"\" width=\"1200\" height=\"1755\"><img loading=\"lazy\" decoding=\"async\" class=\"alignnone size-full wp-image-82513 aligncenter\" src=\"https:\/\/xinshengmanufacture.com\/wp-content\/uploads\/2025\/10\/%E8%B6%85%E5%B7%A5%E5%AE%9A%E5%88%B6%E8%8B%B1%E6%96%87_051-1.jpg\" alt=\"\" width=\"1200\" height=\"2257\"><img loading=\"lazy\" decoding=\"async\" class=\"size-full wp-image-83382 aligncenter\" src=\"https:\/\/xinshengmanufacture.com\/wp-content\/uploads\/2025\/11\/%E8%AF%A6%E6%83%85%E9%A1%B5_01.jpg\" alt=\"\" width=\"1200\" height=\"1544\"> <img loading=\"lazy\" decoding=\"async\" class=\"size-full wp-image-83383 aligncenter\" src=\"https:\/\/xinshengmanufacture.com\/wp-content\/uploads\/2025\/11\/%E8%AF%A6%E6%83%85%E9%A1%B5_02.jpg\" alt=\"\" width=\"1200\" height=\"1400\"> <img loading=\"lazy\" decoding=\"async\" class=\"size-full wp-image-83384 aligncenter\" src=\"https:\/\/xinshengmanufacture.com\/wp-content\/uploads\/2025\/11\/%E8%AF%A6%E6%83%85%E9%A1%B5_03.jpg\" alt=\"\" width=\"1200\" height=\"1522\"> <img loading=\"lazy\" decoding=\"async\" class=\"size-full wp-image-83385 aligncenter\" src=\"https:\/\/xinshengmanufacture.com\/wp-content\/uploads\/2025\/11\/%E8%AF%A6%E6%83%85%E9%A1%B5_04.jpg\" alt=\"\" width=\"1200\" height=\"1575\"> <img loading=\"lazy\" decoding=\"async\" class=\"size-full wp-image-83386 aligncenter\" src=\"https:\/\/xinshengmanufacture.com\/wp-content\/uploads\/2025\/11\/%E8%AF%A6%E6%83%85%E9%A1%B5_05.jpg\" alt=\"\" width=\"1200\" height=\"2132\"> <img loading=\"lazy\" decoding=\"async\" class=\"size-full wp-image-83387 aligncenter\" src=\"https:\/\/xinshengmanufacture.com\/wp-content\/uploads\/2025\/11\/%E8%AF%A6%E6%83%85%E9%A1%B5_06.jpg\" alt=\"\" width=\"1200\" height=\"1614\"> <img loading=\"lazy\" decoding=\"async\" class=\"size-full wp-image-83388 aligncenter\" src=\"https:\/\/xinshengmanufacture.com\/wp-content\/uploads\/2025\/11\/%E8%AF%A6%E6%83%85%E9%A1%B5_08.jpg\" alt=\"\" width=\"1200\" height=\"2003\"> <img loading=\"lazy\" decoding=\"async\" class=\"size-full wp-image-83389 aligncenter\" src=\"https:\/\/xinshengmanufacture.com\/wp-content\/uploads\/2025\/11\/%E8%AF%A6%E6%83%85%E9%A1%B5_09.jpg\" alt=\"\" width=\"1200\" height=\"1500\"> <img loading=\"lazy\" decoding=\"async\" class=\"size-full wp-image-83390 aligncenter\" src=\"https:\/\/xinshengmanufacture.com\/wp-content\/uploads\/2025\/11\/%E8%AF%A6%E6%83%85%E9%A1%B5_10.jpg\" alt=\"\" width=\"1200\" height=\"1734\"> <img loading=\"lazy\" decoding=\"async\" class=\"size-full wp-image-83391 aligncenter\" src=\"https:\/\/xinshengmanufacture.com\/wp-content\/uploads\/2025\/11\/%E8%AF%A6%E6%83%85%E9%A1%B5_11.jpg\" alt=\"\" width=\"1200\" height=\"1288\"> <img loading=\"lazy\" decoding=\"async\" class=\"size-full wp-image-83392 aligncenter\" src=\"https:\/\/xinshengmanufacture.com\/wp-content\/uploads\/2025\/11\/%E8%AF%A6%E6%83%85%E9%A1%B5_12.jpg\" alt=\"\" width=\"1200\" height=\"1635\"> <img loading=\"lazy\" decoding=\"async\" class=\"size-full wp-image-83393 aligncenter\" src=\"https:\/\/xinshengmanufacture.com\/wp-content\/uploads\/2025\/11\/%E8%AF%A6%E6%83%85%E9%A1%B5_13.jpg\" alt=\"\" width=\"1200\" height=\"1898\"> <img loading=\"lazy\" decoding=\"async\" class=\"size-full wp-image-83394 aligncenter\" src=\"https:\/\/xinshengmanufacture.com\/wp-content\/uploads\/2025\/11\/%E8%AF%A6%E6%83%85%E9%A1%B5_14.jpg\" alt=\"\" width=\"1200\" height=\"1812\"> <img loading=\"lazy\" decoding=\"async\" class=\"size-full wp-image-83395 aligncenter\" src=\"https:\/\/xinshengmanufacture.com\/wp-content\/uploads\/2025\/11\/%E8%AF%A6%E6%83%85%E9%A1%B5_16.jpg\" alt=\"\" width=\"1200\" height=\"1564\"> <img loading=\"lazy\" decoding=\"async\" class=\"size-full wp-image-83396 aligncenter\" src=\"https:\/\/xinshengmanufacture.com\/wp-content\/uploads\/2025\/11\/%E8%AF%A6%E6%83%85%E9%A1%B5_17.jpg\" alt=\"\" width=\"1200\" height=\"2084\"> <img loading=\"lazy\" decoding=\"async\" class=\"aligncenter wp-image-83397\" src=\"https:\/\/xinshengmanufacture.com\/wp-content\/uploads\/2025\/11\/%E8%AF%A6%E6%83%85%E9%A1%B5_18.jpg\" alt=\"\" width=\"1200\" height=\"3487\"> <img loading=\"lazy\" decoding=\"async\" class=\"aligncenter wp-image-83398\" src=\"https:\/\/xinshengmanufacture.com\/wp-content\/uploads\/2025\/11\/%E8%AF%A6%E6%83%85%E9%A1%B5_19.jpg\" alt=\"\" width=\"1200\" height=\"3303\"> <img loading=\"lazy\" decoding=\"async\" class=\"aligncenter wp-image-83399\" src=\"https:\/\/xinshengmanufacture.com\/wp-content\/uploads\/2025\/11\/%E8%AF%A6%E6%83%85%E9%A1%B5_20.jpg\" alt=\"\" width=\"1200\" height=\"4249\"> <img loading=\"lazy\" decoding=\"async\" class=\"aligncenter wp-image-83400\" src=\"https:\/\/xinshengmanufacture.com\/wp-content\/uploads\/2025\/11\/%E8%AF%A6%E6%83%85%E9%A1%B5_21.jpg\" alt=\"\" width=\"1200\" height=\"3119\"><\/p>\n","protected":false},"excerpt":{"rendered":"<p>Mesas para u\u00f1as dise\u00f1adas para spas, salones de manicura y centros de belleza. Disponibles en colores y tama\u00f1os personalizados. Fabricante de mobiliario para salones, precios de f\u00e1brica incluso para piezas sueltas.  <\/p>\n","protected":false},"featured_media":84244,"template":"","meta":{"_bst_post_transparent":"","_bst_post_title":"","_bst_post_layout":"","_bst_post_sidebar_id":"","_bst_post_content_style":"","_bst_post_vertical_padding":"","_bst_post_feature":"","_bst_post_feature_position":"","_bst_post_header":false,"_bst_post_footer":false},"product_brand":[1082],"product_cat":[1073],"product_tag":[],"class_list":{"0":"post-84237","1":"product","2":"type-product","3":"status-publish","4":"has-post-thumbnail","6":"product_brand-xinsheng-es","7":"product_cat-mesa-de-manicura","8":"pa_color-blanco","9":"pa_color-colores-personalizados","10":"pa_size-100cm40cm78cm-mesa-individual","11":"pa_size-160cm40cm78cm-mesa-doble","12":"pa_size-200-cm40-cm78-cm-mesa-para-tres-personas","14":"first","15":"instock","16":"sale","17":"shipping-taxable","18":"purchasable","19":"product-type-variable","20":"entry","21":"content-bg","22":"loop-entry"},"_links":{"self":[{"href":"https:\/\/xinshengmanufacture.com\/es\/wp-json\/wp\/v2\/product\/84237","targetHints":{"allow":["GET"]}}],"collection":[{"href":"https:\/\/xinshengmanufacture.com\/es\/wp-json\/wp\/v2\/product"}],"about":[{"href":"https:\/\/xinshengmanufacture.com\/es\/wp-json\/wp\/v2\/types\/product"}],"version-history":[{"count":0,"href":"https:\/\/xinshengmanufacture.com\/es\/wp-json\/wp\/v2\/product\/84237\/revisions"}],"wp:featuredmedia":[{"embeddable":true,"href":"https:\/\/xinshengmanufacture.com\/es\/wp-json\/wp\/v2\/media\/84244"}],"wp:attachment":[{"href":"https:\/\/xinshengmanufacture.com\/es\/wp-json\/wp\/v2\/media?parent=84237"}],"wp:term":[{"taxonomy":"product_brand","embeddable":true,"href":"https:\/\/xinshengmanufacture.com\/es\/wp-json\/wp\/v2\/product_brand?post=84237"},{"taxonomy":"product_cat","embeddable":true,"href":"https:\/\/xinshengmanufacture.com\/es\/wp-json\/wp\/v2\/product_cat?post=84237"},{"taxonomy":"product_tag","embeddable":true,"href":"https:\/\/xinshengmanufacture.com\/es\/wp-json\/wp\/v2\/product_tag?post=84237"}],"curies":[{"name":"wp","href":"https:\/\/api.w.org\/{rel}","templated":true}]}}