{"id":85072,"date":"2025-12-06T06:30:39","date_gmt":"2025-12-06T06:30:39","guid":{"rendered":"https:\/\/xinshengmanufacture.com\/\u4ea7\u54c1\/cama-de-champu-tailandesa-multifuncional-extensible-mobiliario-de-salon-cama-de-champu-de-masaje-cama-de-champu-de-salon-de-peluqueria-y-manicura-popular-y-mas-vendida-cama-de-champu-de-spa-cama\/"},"modified":"2025-12-06T06:30:39","modified_gmt":"2025-12-06T06:30:39","slug":"cama-de-champu-tailandesa-multifuncional-extensible-mobiliario-de-salon-cama-de-champu-de-masaje-cama-de-champu-de-salon-de-peluqueria-y-manicura-popular-y-mas-vendida-cama-de-champu-de-spa-cama","status":"publish","type":"product","link":"https:\/\/xinshengmanufacture.com\/es\/product\/cama-de-champu-tailandesa-multifuncional-extensible-mobiliario-de-salon-cama-de-champu-de-masaje-cama-de-champu-de-salon-de-peluqueria-y-manicura-popular-y-mas-vendida-cama-de-champu-de-spa-cama\/","title":{"rendered":"Cama de champ\u00fa tailandesa multifuncional extensible, mobiliario de sal\u00f3n, cama de champ\u00fa de masaje, cama de champ\u00fa de sal\u00f3n de peluquer\u00eda y manicura popular y m\u00e1s vendida, cama de champ\u00fa de spa, cama de masaje port\u00e1til desmontable, admite colores personalizados."},"content":{"rendered":"<p><img fetchpriority=\"high\" decoding=\"async\" class=\"size-full wp-image-82465 aligncenter\" src=\"https:\/\/xinshengmanufacture.com\/wp-content\/uploads\/2025\/10\/%E8%B6%85%E5%B7%A5%E5%AE%9A%E5%88%B6%E8%8B%B1%E6%96%87_011-1.jpg\" alt=\"\" width=\"1200\" height=\"1857\"><img decoding=\"async\" class=\"size-full wp-image-82477 aligncenter\" src=\"https:\/\/xinshengmanufacture.com\/wp-content\/uploads\/2025\/10\/%E8%B6%85%E5%B7%A5%E5%AE%9A%E5%88%B6%E8%8B%B1%E6%96%87_021-1.jpg\" alt=\"\" width=\"1200\" height=\"1054\"><img decoding=\"async\" class=\"size-full wp-image-82489 aligncenter\" src=\"https:\/\/xinshengmanufacture.com\/wp-content\/uploads\/2025\/10\/%E8%B6%85%E5%B7%A5%E5%AE%9A%E5%88%B6%E8%8B%B1%E6%96%87_031-1.jpg\" alt=\"\" width=\"1200\" height=\"1563\"><img loading=\"lazy\" decoding=\"async\" class=\"size-full wp-image-82501 aligncenter\" src=\"https:\/\/xinshengmanufacture.com\/wp-content\/uploads\/2025\/10\/%E8%B6%85%E5%B7%A5%E5%AE%9A%E5%88%B6%E8%8B%B1%E6%96%87_041-1.jpg\" alt=\"\" width=\"1200\" height=\"1755\"><img loading=\"lazy\" decoding=\"async\" class=\"size-full wp-image-82513 aligncenter\" src=\"https:\/\/xinshengmanufacture.com\/wp-content\/uploads\/2025\/10\/%E8%B6%85%E5%B7%A5%E5%AE%9A%E5%88%B6%E8%8B%B1%E6%96%87_051-1.jpg\" alt=\"\" width=\"1200\" height=\"2257\"><img loading=\"lazy\" decoding=\"async\" class=\"size-full wp-image-84618 aligncenter\" src=\"https:\/\/xinshengmanufacture.com\/wp-content\/uploads\/2025\/12\/1_01.jpg\" alt=\"\" width=\"1200\" height=\"2038\" srcset=\"https:\/\/xinshengmanufacture.com\/wp-content\/uploads\/2025\/12\/1_01.jpg 1200w, https:\/\/xinshengmanufacture.com\/wp-content\/uploads\/2025\/12\/1_01-177x300.jpg 177w, https:\/\/xinshengmanufacture.com\/wp-content\/uploads\/2025\/12\/1_01-603x1024.jpg 603w, https:\/\/xinshengmanufacture.com\/wp-content\/uploads\/2025\/12\/1_01-768x1304.jpg 768w, https:\/\/xinshengmanufacture.com\/wp-content\/uploads\/2025\/12\/1_01-904x1536.jpg 904w, https:\/\/xinshengmanufacture.com\/wp-content\/uploads\/2025\/12\/1_01-600x1019.jpg 600w\" sizes=\"(max-width: 1200px) 100vw, 1200px\" \/> <img loading=\"lazy\" decoding=\"async\" class=\"size-full wp-image-84619 aligncenter\" src=\"https:\/\/xinshengmanufacture.com\/wp-content\/uploads\/2025\/12\/1_02.jpg\" alt=\"\" width=\"1200\" height=\"2125\" srcset=\"https:\/\/xinshengmanufacture.com\/wp-content\/uploads\/2025\/12\/1_02.jpg 1200w, https:\/\/xinshengmanufacture.com\/wp-content\/uploads\/2025\/12\/1_02-169x300.jpg 169w, https:\/\/xinshengmanufacture.com\/wp-content\/uploads\/2025\/12\/1_02-578x1024.jpg 578w, https:\/\/xinshengmanufacture.com\/wp-content\/uploads\/2025\/12\/1_02-768x1360.jpg 768w, https:\/\/xinshengmanufacture.com\/wp-content\/uploads\/2025\/12\/1_02-867x1536.jpg 867w, https:\/\/xinshengmanufacture.com\/wp-content\/uploads\/2025\/12\/1_02-1157x2048.jpg 1157w, https:\/\/xinshengmanufacture.com\/wp-content\/uploads\/2025\/12\/1_02-600x1063.jpg 600w\" sizes=\"(max-width: 1200px) 100vw, 1200px\" \/> <img loading=\"lazy\" decoding=\"async\" class=\"size-full wp-image-84620 aligncenter\" src=\"https:\/\/xinshengmanufacture.com\/wp-content\/uploads\/2025\/12\/1_03.jpg\" alt=\"\" width=\"1200\" height=\"2029\" srcset=\"https:\/\/xinshengmanufacture.com\/wp-content\/uploads\/2025\/12\/1_03.jpg 1200w, https:\/\/xinshengmanufacture.com\/wp-content\/uploads\/2025\/12\/1_03-177x300.jpg 177w, https:\/\/xinshengmanufacture.com\/wp-content\/uploads\/2025\/12\/1_03-606x1024.jpg 606w, https:\/\/xinshengmanufacture.com\/wp-content\/uploads\/2025\/12\/1_03-768x1299.jpg 768w, https:\/\/xinshengmanufacture.com\/wp-content\/uploads\/2025\/12\/1_03-908x1536.jpg 908w, https:\/\/xinshengmanufacture.com\/wp-content\/uploads\/2025\/12\/1_03-600x1015.jpg 600w\" sizes=\"(max-width: 1200px) 100vw, 1200px\" \/> <img loading=\"lazy\" decoding=\"async\" class=\"size-full wp-image-84621 aligncenter\" src=\"https:\/\/xinshengmanufacture.com\/wp-content\/uploads\/2025\/12\/1_04.jpg\" alt=\"\" width=\"1200\" height=\"2106\" srcset=\"https:\/\/xinshengmanufacture.com\/wp-content\/uploads\/2025\/12\/1_04.jpg 1200w, https:\/\/xinshengmanufacture.com\/wp-content\/uploads\/2025\/12\/1_04-171x300.jpg 171w, https:\/\/xinshengmanufacture.com\/wp-content\/uploads\/2025\/12\/1_04-583x1024.jpg 583w, https:\/\/xinshengmanufacture.com\/wp-content\/uploads\/2025\/12\/1_04-768x1348.jpg 768w, https:\/\/xinshengmanufacture.com\/wp-content\/uploads\/2025\/12\/1_04-875x1536.jpg 875w, https:\/\/xinshengmanufacture.com\/wp-content\/uploads\/2025\/12\/1_04-1167x2048.jpg 1167w, https:\/\/xinshengmanufacture.com\/wp-content\/uploads\/2025\/12\/1_04-600x1053.jpg 600w\" sizes=\"(max-width: 1200px) 100vw, 1200px\" \/> <img loading=\"lazy\" decoding=\"async\" class=\"size-full wp-image-84622 aligncenter\" src=\"https:\/\/xinshengmanufacture.com\/wp-content\/uploads\/2025\/12\/1_05.jpg\" alt=\"\" width=\"1200\" height=\"2252\" srcset=\"https:\/\/xinshengmanufacture.com\/wp-content\/uploads\/2025\/12\/1_05.jpg 1200w, https:\/\/xinshengmanufacture.com\/wp-content\/uploads\/2025\/12\/1_05-160x300.jpg 160w, https:\/\/xinshengmanufacture.com\/wp-content\/uploads\/2025\/12\/1_05-546x1024.jpg 546w, https:\/\/xinshengmanufacture.com\/wp-content\/uploads\/2025\/12\/1_05-768x1441.jpg 768w, https:\/\/xinshengmanufacture.com\/wp-content\/uploads\/2025\/12\/1_05-818x1536.jpg 818w, https:\/\/xinshengmanufacture.com\/wp-content\/uploads\/2025\/12\/1_05-1091x2048.jpg 1091w, https:\/\/xinshengmanufacture.com\/wp-content\/uploads\/2025\/12\/1_05-600x1126.jpg 600w\" sizes=\"(max-width: 1200px) 100vw, 1200px\" \/> <img loading=\"lazy\" decoding=\"async\" class=\"size-full wp-image-84623 aligncenter\" src=\"https:\/\/xinshengmanufacture.com\/wp-content\/uploads\/2025\/12\/1_06.jpg\" alt=\"\" width=\"1200\" height=\"2105\" srcset=\"https:\/\/xinshengmanufacture.com\/wp-content\/uploads\/2025\/12\/1_06.jpg 1200w, https:\/\/xinshengmanufacture.com\/wp-content\/uploads\/2025\/12\/1_06-171x300.jpg 171w, https:\/\/xinshengmanufacture.com\/wp-content\/uploads\/2025\/12\/1_06-584x1024.jpg 584w, https:\/\/xinshengmanufacture.com\/wp-content\/uploads\/2025\/12\/1_06-768x1347.jpg 768w, https:\/\/xinshengmanufacture.com\/wp-content\/uploads\/2025\/12\/1_06-876x1536.jpg 876w, https:\/\/xinshengmanufacture.com\/wp-content\/uploads\/2025\/12\/1_06-1168x2048.jpg 1168w, https:\/\/xinshengmanufacture.com\/wp-content\/uploads\/2025\/12\/1_06-600x1053.jpg 600w\" sizes=\"(max-width: 1200px) 100vw, 1200px\" \/> <img loading=\"lazy\" decoding=\"async\" class=\"size-full wp-image-84624 aligncenter\" src=\"https:\/\/xinshengmanufacture.com\/wp-content\/uploads\/2025\/12\/1_07.jpg\" alt=\"\" width=\"1200\" height=\"2144\" srcset=\"https:\/\/xinshengmanufacture.com\/wp-content\/uploads\/2025\/12\/1_07.jpg 1200w, https:\/\/xinshengmanufacture.com\/wp-content\/uploads\/2025\/12\/1_07-168x300.jpg 168w, https:\/\/xinshengmanufacture.com\/wp-content\/uploads\/2025\/12\/1_07-573x1024.jpg 573w, https:\/\/xinshengmanufacture.com\/wp-content\/uploads\/2025\/12\/1_07-768x1372.jpg 768w, https:\/\/xinshengmanufacture.com\/wp-content\/uploads\/2025\/12\/1_07-860x1536.jpg 860w, https:\/\/xinshengmanufacture.com\/wp-content\/uploads\/2025\/12\/1_07-1146x2048.jpg 1146w, https:\/\/xinshengmanufacture.com\/wp-content\/uploads\/2025\/12\/1_07-600x1072.jpg 600w\" sizes=\"(max-width: 1200px) 100vw, 1200px\" \/> <img loading=\"lazy\" decoding=\"async\" class=\"aligncenter wp-image-84625\" src=\"https:\/\/xinshengmanufacture.com\/wp-content\/uploads\/2025\/12\/1_08.jpg\" alt=\"\" width=\"1200\" height=\"2895\" srcset=\"https:\/\/xinshengmanufacture.com\/wp-content\/uploads\/2025\/12\/1_08.jpg 1061w, https:\/\/xinshengmanufacture.com\/wp-content\/uploads\/2025\/12\/1_08-124x300.jpg 124w, https:\/\/xinshengmanufacture.com\/wp-content\/uploads\/2025\/12\/1_08-424x1024.jpg 424w, https:\/\/xinshengmanufacture.com\/wp-content\/uploads\/2025\/12\/1_08-768x1853.jpg 768w, https:\/\/xinshengmanufacture.com\/wp-content\/uploads\/2025\/12\/1_08-637x1536.jpg 637w, https:\/\/xinshengmanufacture.com\/wp-content\/uploads\/2025\/12\/1_08-849x2048.jpg 849w, https:\/\/xinshengmanufacture.com\/wp-content\/uploads\/2025\/12\/1_08-600x1448.jpg 600w\" sizes=\"(max-width: 1200px) 100vw, 1200px\" \/> <img loading=\"lazy\" decoding=\"async\" class=\"aligncenter wp-image-84626\" src=\"https:\/\/xinshengmanufacture.com\/wp-content\/uploads\/2025\/12\/1_09.jpg\" alt=\"\" width=\"1200\" height=\"2871\" srcset=\"https:\/\/xinshengmanufacture.com\/wp-content\/uploads\/2025\/12\/1_09.jpg 1070w, https:\/\/xinshengmanufacture.com\/wp-content\/uploads\/2025\/12\/1_09-125x300.jpg 125w, https:\/\/xinshengmanufacture.com\/wp-content\/uploads\/2025\/12\/1_09-428x1024.jpg 428w, https:\/\/xinshengmanufacture.com\/wp-content\/uploads\/2025\/12\/1_09-768x1837.jpg 768w, https:\/\/xinshengmanufacture.com\/wp-content\/uploads\/2025\/12\/1_09-642x1536.jpg 642w, https:\/\/xinshengmanufacture.com\/wp-content\/uploads\/2025\/12\/1_09-856x2048.jpg 856w, https:\/\/xinshengmanufacture.com\/wp-content\/uploads\/2025\/12\/1_09-600x1436.jpg 600w\" sizes=\"(max-width: 1200px) 100vw, 1200px\" \/> <img loading=\"lazy\" decoding=\"async\" class=\"size-full wp-image-84627 aligncenter\" src=\"https:\/\/xinshengmanufacture.com\/wp-content\/uploads\/2025\/12\/1_10.jpg\" alt=\"\" width=\"1200\" height=\"2516\" srcset=\"https:\/\/xinshengmanufacture.com\/wp-content\/uploads\/2025\/12\/1_10.jpg 1200w, https:\/\/xinshengmanufacture.com\/wp-content\/uploads\/2025\/12\/1_10-143x300.jpg 143w, https:\/\/xinshengmanufacture.com\/wp-content\/uploads\/2025\/12\/1_10-488x1024.jpg 488w, https:\/\/xinshengmanufacture.com\/wp-content\/uploads\/2025\/12\/1_10-768x1610.jpg 768w, https:\/\/xinshengmanufacture.com\/wp-content\/uploads\/2025\/12\/1_10-733x1536.jpg 733w, https:\/\/xinshengmanufacture.com\/wp-content\/uploads\/2025\/12\/1_10-977x2048.jpg 977w, https:\/\/xinshengmanufacture.com\/wp-content\/uploads\/2025\/12\/1_10-600x1258.jpg 600w\" sizes=\"(max-width: 1200px) 100vw, 1200px\" \/><\/p>\n","protected":false},"excerpt":{"rendered":"<p>Este lecho de champ\u00fa tailand\u00e9s multifuncional y extensible se puede utilizar en salones de manicura, salones de belleza, spas, centros de masajes, etc. Disponemos de colores personalizados. Venta directa de f\u00e1brica.  <\/p>\n","protected":false},"featured_media":85073,"template":"","meta":{"_bst_post_transparent":"","_bst_post_title":"","_bst_post_layout":"","_bst_post_sidebar_id":"","_bst_post_content_style":"","_bst_post_vertical_padding":"","_bst_post_feature":"","_bst_post_feature_position":"","_bst_post_header":false,"_bst_post_footer":false},"product_brand":[1082],"product_cat":[567],"product_tag":[],"class_list":{"0":"post-85072","1":"product","2":"type-product","3":"status-publish","4":"has-post-thumbnail","6":"product_brand-xinsheng-es","7":"product_cat-cama-de-champu-tailandes","8":"pa_color-colores-personalizados","9":"pa_color-negro","10":"pa_size-220cm75cm76cm","12":"first","13":"instock","14":"sale","15":"shipping-taxable","16":"purchasable","17":"product-type-variable","18":"entry","19":"content-bg","20":"loop-entry"},"_links":{"self":[{"href":"https:\/\/xinshengmanufacture.com\/es\/wp-json\/wp\/v2\/product\/85072","targetHints":{"allow":["GET"]}}],"collection":[{"href":"https:\/\/xinshengmanufacture.com\/es\/wp-json\/wp\/v2\/product"}],"about":[{"href":"https:\/\/xinshengmanufacture.com\/es\/wp-json\/wp\/v2\/types\/product"}],"version-history":[{"count":0,"href":"https:\/\/xinshengmanufacture.com\/es\/wp-json\/wp\/v2\/product\/85072\/revisions"}],"wp:featuredmedia":[{"embeddable":true,"href":"https:\/\/xinshengmanufacture.com\/es\/wp-json\/wp\/v2\/media\/85073"}],"wp:attachment":[{"href":"https:\/\/xinshengmanufacture.com\/es\/wp-json\/wp\/v2\/media?parent=85072"}],"wp:term":[{"taxonomy":"product_brand","embeddable":true,"href":"https:\/\/xinshengmanufacture.com\/es\/wp-json\/wp\/v2\/product_brand?post=85072"},{"taxonomy":"product_cat","embeddable":true,"href":"https:\/\/xinshengmanufacture.com\/es\/wp-json\/wp\/v2\/product_cat?post=85072"},{"taxonomy":"product_tag","embeddable":true,"href":"https:\/\/xinshengmanufacture.com\/es\/wp-json\/wp\/v2\/product_tag?post=85072"}],"curies":[{"name":"wp","href":"https:\/\/api.w.org\/{rel}","templated":true}]}}