{"id":85309,"date":"2025-12-23T09:22:27","date_gmt":"2025-12-23T09:22:27","guid":{"rendered":"https:\/\/xinshengmanufacture.com\/product\/sillon-de-pedicura-de-lujo-de-gama-alta-para-salones-de-belleza-elegante-y-practico-sillon-de-spa-para-pies-sillon-de-pedicura-para-centros-de-manicura-y-spa-colores-personalizables-venta-directa\/"},"modified":"2025-12-23T09:24:44","modified_gmt":"2025-12-23T09:24:44","slug":"sillon-de-pedicura-de-lujo-de-gama-alta-para-salones-de-belleza-elegante-y-practico-sillon-de-spa-para-pies-sillon-de-pedicura-para-centros-de-manicura-y-spa-colores-personalizables-venta-directa","status":"publish","type":"product","link":"https:\/\/xinshengmanufacture.com\/es\/product\/sillon-de-pedicura-de-lujo-de-gama-alta-para-salones-de-belleza-elegante-y-practico-sillon-de-spa-para-pies-sillon-de-pedicura-para-centros-de-manicura-y-spa-colores-personalizables-venta-directa\/","title":{"rendered":"Sill\u00f3n de pedicura de lujo de gama alta para salones de belleza, elegante y pr\u00e1ctico sill\u00f3n de spa para pies, sill\u00f3n de pedicura para centros de manicura y spa. Colores personalizables, venta directa de f\u00e1brica y m\u00faltiples funciones, incluido el masaje."},"content":{"rendered":"<div class=\"wp-playlist wp-video-playlist wp-playlist-light\">\n\t\t<video controls=\"controls\" preload=\"none\" width=\"1408\"\n\t\t height=\"792\"\t><\/video>\n\t<div class=\"wp-playlist-next\"><\/div>\n\t<div class=\"wp-playlist-prev\"><\/div>\n\t<noscript>\n\t<ol>\n\t\t<li><a href='https:\/\/xinshengmanufacture.com\/wp-content\/uploads\/2025\/12\/12\u670823\u65e5-1.mp4'>12\u670823\u65e5 (1)<\/a><\/li>\t<\/ol>\n\t<\/noscript>\n\t<script type=\"application\/json\" class=\"wp-playlist-script\">{\"type\":\"video\",\"tracklist\":false,\"tracknumbers\":true,\"images\":true,\"artists\":true,\"tracks\":[{\"src\":\"https:\/\/xinshengmanufacture.com\/wp-content\/uploads\/2025\/12\/12\\u670823\\u65e5-1.mp4\",\"type\":\"video\/mp4\",\"title\":\"12\\u670823\\u65e5 (1)\",\"caption\":\"\",\"description\":\"\",\"meta\":{\"length_formatted\":\"0:29\"},\"dimensions\":{\"original\":{\"width\":1920,\"height\":1080},\"resized\":{\"width\":1408,\"height\":792}},\"image\":{\"src\":\"https:\/\/xinshengmanufacture.com\/wp-includes\/images\/media\/video.svg\",\"width\":48,\"height\":64},\"thumb\":{\"src\":\"https:\/\/xinshengmanufacture.com\/wp-includes\/images\/media\/video.svg\",\"width\":48,\"height\":64}}]}<\/script>\n<\/div>\n\t\n<p><img fetchpriority=\"high\" decoding=\"async\" class=\"size-full wp-image-82465 aligncenter\" src=\"https:\/\/xinshengmanufacture.com\/wp-content\/uploads\/2025\/10\/%E8%B6%85%E5%B7%A5%E5%AE%9A%E5%88%B6%E8%8B%B1%E6%96%87_011-1.jpg\" alt=\"\" width=\"1200\" height=\"1857\"><img decoding=\"async\" class=\"size-full wp-image-82477 aligncenter\" src=\"https:\/\/xinshengmanufacture.com\/wp-content\/uploads\/2025\/10\/%E8%B6%85%E5%B7%A5%E5%AE%9A%E5%88%B6%E8%8B%B1%E6%96%87_021-1.jpg\" alt=\"\" width=\"1200\" height=\"1054\"><img decoding=\"async\" class=\"size-full wp-image-82489 aligncenter\" src=\"https:\/\/xinshengmanufacture.com\/wp-content\/uploads\/2025\/10\/%E8%B6%85%E5%B7%A5%E5%AE%9A%E5%88%B6%E8%8B%B1%E6%96%87_031-1.jpg\" alt=\"\" width=\"1200\" height=\"1563\"><img loading=\"lazy\" decoding=\"async\" class=\"size-full wp-image-82501 aligncenter\" src=\"https:\/\/xinshengmanufacture.com\/wp-content\/uploads\/2025\/10\/%E8%B6%85%E5%B7%A5%E5%AE%9A%E5%88%B6%E8%8B%B1%E6%96%87_041-1.jpg\" alt=\"\" width=\"1200\" height=\"1755\"><img loading=\"lazy\" decoding=\"async\" class=\"size-full wp-image-82513 aligncenter\" src=\"https:\/\/xinshengmanufacture.com\/wp-content\/uploads\/2025\/10\/%E8%B6%85%E5%B7%A5%E5%AE%9A%E5%88%B6%E8%8B%B1%E6%96%87_051-1.jpg\" alt=\"\" width=\"1200\" height=\"2257\"><img loading=\"lazy\" decoding=\"async\" class=\"size-full wp-image-85221 aligncenter\" src=\"https:\/\/xinshengmanufacture.com\/wp-content\/uploads\/2025\/12\/%E5%9B%BD%E5%A4%96_01.jpg\" alt=\"\" width=\"1200\" height=\"2234\"> <img loading=\"lazy\" decoding=\"async\" class=\"size-full wp-image-85222 aligncenter\" src=\"https:\/\/xinshengmanufacture.com\/wp-content\/uploads\/2025\/12\/%E5%9B%BD%E5%A4%96_02.jpg\" alt=\"\" width=\"1200\" height=\"2117\"> <img loading=\"lazy\" decoding=\"async\" class=\"size-full wp-image-85223 aligncenter\" src=\"https:\/\/xinshengmanufacture.com\/wp-content\/uploads\/2025\/12\/%E5%9B%BD%E5%A4%96_03.jpg\" alt=\"\" width=\"1200\" height=\"1836\"> <img loading=\"lazy\" decoding=\"async\" class=\"aligncenter wp-image-85224\" src=\"https:\/\/xinshengmanufacture.com\/wp-content\/uploads\/2025\/12\/%E5%9B%BD%E5%A4%96_04.jpg\" alt=\"\" width=\"1200\" height=\"3354\"> <img loading=\"lazy\" decoding=\"async\" class=\"aligncenter wp-image-85225\" src=\"https:\/\/xinshengmanufacture.com\/wp-content\/uploads\/2025\/12\/%E5%9B%BD%E5%A4%96_05.jpg\" alt=\"\" width=\"1200\" height=\"2714\"> <img loading=\"lazy\" decoding=\"async\" class=\"size-full wp-image-85226 aligncenter\" src=\"https:\/\/xinshengmanufacture.com\/wp-content\/uploads\/2025\/12\/%E5%9B%BD%E5%A4%96_06.jpg\" alt=\"\" width=\"1200\" height=\"2085\"> <img loading=\"lazy\" decoding=\"async\" class=\"size-full wp-image-85227 aligncenter\" src=\"https:\/\/xinshengmanufacture.com\/wp-content\/uploads\/2025\/12\/%E5%9B%BD%E5%A4%96_07.jpg\" alt=\"\" width=\"1200\" height=\"2022\"> <img loading=\"lazy\" decoding=\"async\" class=\"size-full wp-image-85228 aligncenter\" src=\"https:\/\/xinshengmanufacture.com\/wp-content\/uploads\/2025\/12\/%E5%9B%BD%E5%A4%96_08.jpg\" alt=\"\" width=\"1200\" height=\"2116\"> <img loading=\"lazy\" decoding=\"async\" class=\"aligncenter wp-image-85229\" src=\"https:\/\/xinshengmanufacture.com\/wp-content\/uploads\/2025\/12\/%E5%9B%BD%E5%A4%96_09.jpg\" alt=\"\" width=\"1200\" height=\"2847\"> <img loading=\"lazy\" decoding=\"async\" class=\"aligncenter wp-image-85230\" src=\"https:\/\/xinshengmanufacture.com\/wp-content\/uploads\/2025\/12\/%E5%9B%BD%E5%A4%96_10.jpg\" alt=\"\" width=\"1200\" height=\"2895\"> <img loading=\"lazy\" decoding=\"async\" class=\"size-full wp-image-85231 aligncenter\" src=\"https:\/\/xinshengmanufacture.com\/wp-content\/uploads\/2025\/12\/%E5%9B%BD%E5%A4%96_11.jpg\" alt=\"\" width=\"1200\" height=\"2444\"><\/p>\n<div id=\"gtx-trans\" style=\"position: absolute; left: 711px; top: 35px;\">\n<div class=\"gtx-trans-icon\"><\/div>\n<\/div>\n","protected":false},"excerpt":{"rendered":"<p>Esta silla de pedicura de gama alta, lujosa, elegante y pr\u00e1ctica es adecuada para su uso en salones, salones de manicura, spas y centros de masaje de pies. Hay disponibles colores y logotipos personalizados, e incluso se ofrecen unidades sueltas a precios de mayorista. <\/p>\n","protected":false},"featured_media":85321,"template":"","meta":{"_bst_post_transparent":"","_bst_post_title":"","_bst_post_layout":"","_bst_post_sidebar_id":"","_bst_post_content_style":"","_bst_post_vertical_padding":"","_bst_post_feature":"","_bst_post_feature_position":"","_bst_post_header":false,"_bst_post_footer":false},"product_brand":[1082],"product_cat":[813],"product_tag":[],"class_list":{"0":"post-85309","1":"product","2":"type-product","3":"status-publish","4":"has-post-thumbnail","6":"product_brand-xinsheng-es","7":"product_cat-sillon-pedicura-pediluvio","8":"pa_color-colores-personalizados","9":"pa_color-marron","10":"pa_size-130cm90cm140cm-es","12":"first","13":"instock","14":"sale","15":"shipping-taxable","16":"purchasable","17":"product-type-variable","18":"entry","19":"content-bg","20":"loop-entry"},"_links":{"self":[{"href":"https:\/\/xinshengmanufacture.com\/es\/wp-json\/wp\/v2\/product\/85309","targetHints":{"allow":["GET"]}}],"collection":[{"href":"https:\/\/xinshengmanufacture.com\/es\/wp-json\/wp\/v2\/product"}],"about":[{"href":"https:\/\/xinshengmanufacture.com\/es\/wp-json\/wp\/v2\/types\/product"}],"version-history":[{"count":1,"href":"https:\/\/xinshengmanufacture.com\/es\/wp-json\/wp\/v2\/product\/85309\/revisions"}],"predecessor-version":[{"id":85328,"href":"https:\/\/xinshengmanufacture.com\/es\/wp-json\/wp\/v2\/product\/85309\/revisions\/85328"}],"wp:featuredmedia":[{"embeddable":true,"href":"https:\/\/xinshengmanufacture.com\/es\/wp-json\/wp\/v2\/media\/85321"}],"wp:attachment":[{"href":"https:\/\/xinshengmanufacture.com\/es\/wp-json\/wp\/v2\/media?parent=85309"}],"wp:term":[{"taxonomy":"product_brand","embeddable":true,"href":"https:\/\/xinshengmanufacture.com\/es\/wp-json\/wp\/v2\/product_brand?post=85309"},{"taxonomy":"product_cat","embeddable":true,"href":"https:\/\/xinshengmanufacture.com\/es\/wp-json\/wp\/v2\/product_cat?post=85309"},{"taxonomy":"product_tag","embeddable":true,"href":"https:\/\/xinshengmanufacture.com\/es\/wp-json\/wp\/v2\/product_tag?post=85309"}],"curies":[{"name":"wp","href":"https:\/\/api.w.org\/{rel}","templated":true}]}}