{"id":85421,"date":"2025-12-20T09:35:39","date_gmt":"2025-12-20T09:35:39","guid":{"rendered":"https:\/\/xinshengmanufacture.com\/product\/fabricante-de-sillones-de-pedicura-y-mobiliario-de-salon-de-lujo-de-gama-alta-sillones-de-pedicura-para-salon-spa-de-unas-y-pediluvio-con-varias-funciones-incluido-el-masaje-colores-personalizable\/"},"modified":"2025-12-23T09:24:53","modified_gmt":"2025-12-23T09:24:53","slug":"fabricante-de-sillones-de-pedicura-y-mobiliario-de-salon-de-lujo-de-gama-alta-sillones-de-pedicura-para-salon-spa-de-unas-y-pediluvio-con-varias-funciones-incluido-el-masaje-colores-personalizable","status":"publish","type":"product","link":"https:\/\/xinshengmanufacture.com\/es\/product\/fabricante-de-sillones-de-pedicura-y-mobiliario-de-salon-de-lujo-de-gama-alta-sillones-de-pedicura-para-salon-spa-de-unas-y-pediluvio-con-varias-funciones-incluido-el-masaje-colores-personalizable\/","title":{"rendered":"Fabricante de sillones de pedicura y mobiliario de sal\u00f3n de lujo de gama alta. Sillones de pedicura para sal\u00f3n, spa de u\u00f1as y pediluvio con varias funciones, incluido el masaje. Colores personalizables disponibles. Venta directa de f\u00e1brica de sillas de sal\u00f3n de primera calidad."},"content":{"rendered":"<div class=\"wp-playlist wp-video-playlist wp-playlist-light\">\n\t\t<video controls=\"controls\" preload=\"none\" width=\"1408\"\n\t\t height=\"2503\"\t><\/video>\n\t<div class=\"wp-playlist-next\"><\/div>\n\t<div class=\"wp-playlist-prev\"><\/div>\n\t<noscript>\n\t<ol>\n\t\t<li><a href='https:\/\/xinshengmanufacture.com\/wp-content\/uploads\/2025\/12\/7-1.mp4'>7<\/a><\/li>\t<\/ol>\n\t<\/noscript>\n\t<script type=\"application\/json\" class=\"wp-playlist-script\">{\"type\":\"video\",\"tracklist\":false,\"tracknumbers\":true,\"images\":true,\"artists\":true,\"tracks\":[{\"src\":\"https:\/\/xinshengmanufacture.com\/wp-content\/uploads\/2025\/12\/7-1.mp4\",\"type\":\"video\/mp4\",\"title\":\"7\",\"caption\":\"\",\"description\":\"\",\"meta\":{\"length_formatted\":\"0:45\"},\"dimensions\":{\"original\":{\"width\":1080,\"height\":1920},\"resized\":{\"width\":1408,\"height\":2503}},\"image\":{\"src\":\"https:\/\/xinshengmanufacture.com\/wp-includes\/images\/media\/video.svg\",\"width\":48,\"height\":64},\"thumb\":{\"src\":\"https:\/\/xinshengmanufacture.com\/wp-includes\/images\/media\/video.svg\",\"width\":48,\"height\":64}}]}<\/script>\n<\/div>\n\t\n<p><img fetchpriority=\"high\" decoding=\"async\" class=\"size-full wp-image-82465 aligncenter\" src=\"https:\/\/xinshengmanufacture.com\/wp-content\/uploads\/2025\/10\/%E8%B6%85%E5%B7%A5%E5%AE%9A%E5%88%B6%E8%8B%B1%E6%96%87_011-1.jpg\" alt=\"\" width=\"1200\" height=\"1857\"><img decoding=\"async\" class=\"size-full wp-image-82477 aligncenter\" src=\"https:\/\/xinshengmanufacture.com\/wp-content\/uploads\/2025\/10\/%E8%B6%85%E5%B7%A5%E5%AE%9A%E5%88%B6%E8%8B%B1%E6%96%87_021-1.jpg\" alt=\"\" width=\"1200\" height=\"1054\"><img decoding=\"async\" class=\"size-full wp-image-82489 aligncenter\" src=\"https:\/\/xinshengmanufacture.com\/wp-content\/uploads\/2025\/10\/%E8%B6%85%E5%B7%A5%E5%AE%9A%E5%88%B6%E8%8B%B1%E6%96%87_031-1.jpg\" alt=\"\" width=\"1200\" height=\"1563\"><img loading=\"lazy\" decoding=\"async\" class=\"size-full wp-image-82501 aligncenter\" src=\"https:\/\/xinshengmanufacture.com\/wp-content\/uploads\/2025\/10\/%E8%B6%85%E5%B7%A5%E5%AE%9A%E5%88%B6%E8%8B%B1%E6%96%87_041-1.jpg\" alt=\"\" width=\"1200\" height=\"1755\"><img loading=\"lazy\" decoding=\"async\" class=\"size-full wp-image-82513 aligncenter\" src=\"https:\/\/xinshengmanufacture.com\/wp-content\/uploads\/2025\/10\/%E8%B6%85%E5%B7%A5%E5%AE%9A%E5%88%B6%E8%8B%B1%E6%96%87_051-1.jpg\" alt=\"\" width=\"1200\" height=\"2257\"><img loading=\"lazy\" decoding=\"async\" class=\"size-full wp-image-85196 aligncenter\" src=\"https:\/\/xinshengmanufacture.com\/wp-content\/uploads\/2025\/12\/%E5%9B%BD%E5%A4%96-1.jpg\" alt=\"\" width=\"1200\" height=\"2234\"> <img loading=\"lazy\" decoding=\"async\" class=\"size-full wp-image-85197 aligncenter\" src=\"https:\/\/xinshengmanufacture.com\/wp-content\/uploads\/2025\/12\/%E5%9B%BD%E5%A4%96-10.jpg\" alt=\"\" width=\"1200\" height=\"2459\"> <img loading=\"lazy\" decoding=\"async\" class=\"aligncenter wp-image-85198\" src=\"https:\/\/xinshengmanufacture.com\/wp-content\/uploads\/2025\/12\/%E5%9B%BD%E5%A4%96-11.jpg\" alt=\"\" width=\"1200\" height=\"2863\"> <img loading=\"lazy\" decoding=\"async\" class=\"size-full wp-image-85199 aligncenter\" src=\"https:\/\/xinshengmanufacture.com\/wp-content\/uploads\/2025\/12\/%E5%9B%BD%E5%A4%96-12.jpg\" alt=\"\" width=\"1200\" height=\"2416\"> <img loading=\"lazy\" decoding=\"async\" class=\"size-full wp-image-85200 aligncenter\" src=\"https:\/\/xinshengmanufacture.com\/wp-content\/uploads\/2025\/12\/%E5%9B%BD%E5%A4%96-13.jpg\" alt=\"\" width=\"1200\" height=\"2036\"> <img loading=\"lazy\" decoding=\"async\" class=\"size-full wp-image-85201 aligncenter\" src=\"https:\/\/xinshengmanufacture.com\/wp-content\/uploads\/2025\/12\/%E5%9B%BD%E5%A4%96-2.jpg\" alt=\"\" width=\"1200\" height=\"2115\"> <img loading=\"lazy\" decoding=\"async\" class=\"size-full wp-image-85202 aligncenter\" src=\"https:\/\/xinshengmanufacture.com\/wp-content\/uploads\/2025\/12\/%E5%9B%BD%E5%A4%96-3.jpg\" alt=\"\" width=\"1200\" height=\"1836\"> <img loading=\"lazy\" decoding=\"async\" class=\"size-full wp-image-85203 aligncenter\" src=\"https:\/\/xinshengmanufacture.com\/wp-content\/uploads\/2025\/12\/%E5%9B%BD%E5%A4%96-4.jpg\" alt=\"\" width=\"1200\" height=\"2074\"> <img loading=\"lazy\" decoding=\"async\" class=\"size-full wp-image-85204 aligncenter\" src=\"https:\/\/xinshengmanufacture.com\/wp-content\/uploads\/2025\/12\/%E5%9B%BD%E5%A4%96-5.jpg\" alt=\"\" width=\"1200\" height=\"2714\"> <img loading=\"lazy\" decoding=\"async\" class=\"size-full wp-image-85205 aligncenter\" src=\"https:\/\/xinshengmanufacture.com\/wp-content\/uploads\/2025\/12\/%E5%9B%BD%E5%A4%96-6.jpg\" alt=\"\" width=\"1200\" height=\"2082\"> <img loading=\"lazy\" decoding=\"async\" class=\"size-full wp-image-85206 aligncenter\" src=\"https:\/\/xinshengmanufacture.com\/wp-content\/uploads\/2025\/12\/%E5%9B%BD%E5%A4%96-7.jpg\" alt=\"\" width=\"1200\" height=\"2064\"> <img loading=\"lazy\" decoding=\"async\" class=\"size-full wp-image-85207 aligncenter\" src=\"https:\/\/xinshengmanufacture.com\/wp-content\/uploads\/2025\/12\/%E5%9B%BD%E5%A4%96-8.jpg\" alt=\"\" width=\"1200\" height=\"2088\"> <img loading=\"lazy\" decoding=\"async\" class=\"size-full wp-image-85208 aligncenter\" src=\"https:\/\/xinshengmanufacture.com\/wp-content\/uploads\/2025\/12\/%E5%9B%BD%E5%A4%96-9.jpg\" alt=\"\" width=\"1200\" height=\"2283\"><\/p>\n<div id=\"gtx-trans\" style=\"position: absolute; left: 689px; top: 35px;\">\n<div class=\"gtx-trans-icon\"><\/div>\n<\/div>\n","protected":false},"excerpt":{"rendered":"<p>Los sillones de pedicura de lujo de gama alta son adecuados para salones de belleza, salones de manicura, centros de pedicura, spas y otros lugares similares, y se pueden personalizar en color.<\/p>\n","protected":false},"featured_media":85436,"template":"","meta":{"_bst_post_transparent":"","_bst_post_title":"","_bst_post_layout":"","_bst_post_sidebar_id":"","_bst_post_content_style":"","_bst_post_vertical_padding":"","_bst_post_feature":"","_bst_post_feature_position":"","_bst_post_header":false,"_bst_post_footer":false},"product_brand":[1082],"product_cat":[813],"product_tag":[],"class_list":{"0":"post-85421","1":"product","2":"type-product","3":"status-publish","4":"has-post-thumbnail","6":"product_brand-xinsheng-es","7":"product_cat-sillon-pedicura-pediluvio","8":"pa_color-colores-personalizados","9":"pa_color-naranja","10":"pa_size-130cm56cm155cm","12":"first","13":"instock","14":"sale","15":"shipping-taxable","16":"purchasable","17":"product-type-variable","18":"entry","19":"content-bg","20":"loop-entry"},"_links":{"self":[{"href":"https:\/\/xinshengmanufacture.com\/es\/wp-json\/wp\/v2\/product\/85421","targetHints":{"allow":["GET"]}}],"collection":[{"href":"https:\/\/xinshengmanufacture.com\/es\/wp-json\/wp\/v2\/product"}],"about":[{"href":"https:\/\/xinshengmanufacture.com\/es\/wp-json\/wp\/v2\/types\/product"}],"version-history":[{"count":1,"href":"https:\/\/xinshengmanufacture.com\/es\/wp-json\/wp\/v2\/product\/85421\/revisions"}],"predecessor-version":[{"id":85442,"href":"https:\/\/xinshengmanufacture.com\/es\/wp-json\/wp\/v2\/product\/85421\/revisions\/85442"}],"wp:featuredmedia":[{"embeddable":true,"href":"https:\/\/xinshengmanufacture.com\/es\/wp-json\/wp\/v2\/media\/85436"}],"wp:attachment":[{"href":"https:\/\/xinshengmanufacture.com\/es\/wp-json\/wp\/v2\/media?parent=85421"}],"wp:term":[{"taxonomy":"product_brand","embeddable":true,"href":"https:\/\/xinshengmanufacture.com\/es\/wp-json\/wp\/v2\/product_brand?post=85421"},{"taxonomy":"product_cat","embeddable":true,"href":"https:\/\/xinshengmanufacture.com\/es\/wp-json\/wp\/v2\/product_cat?post=85421"},{"taxonomy":"product_tag","embeddable":true,"href":"https:\/\/xinshengmanufacture.com\/es\/wp-json\/wp\/v2\/product_tag?post=85421"}],"curies":[{"name":"wp","href":"https:\/\/api.w.org\/{rel}","templated":true}]}}