{"id":85822,"date":"2025-12-27T06:15:23","date_gmt":"2025-12-27T06:15:23","guid":{"rendered":"https:\/\/xinshengmanufacture.com\/product\/sillon-de-champu-giratorio-de-lujo-de-gama-alta-mobiliario-de-salon-sillon-electrico-sillon-de-champu-de-masaje-multifuncional-elegante-y-practico-sillon-de-spa-y-cuidado-de-unas-colores-persona\/"},"modified":"2025-12-27T07:09:46","modified_gmt":"2025-12-27T07:09:46","slug":"sillon-de-champu-giratorio-de-lujo-de-gama-alta-mobiliario-de-salon-sillon-electrico-sillon-de-champu-de-masaje-multifuncional-elegante-y-practico-sillon-de-spa-y-cuidado-de-unas-colores-persona","status":"publish","type":"product","link":"https:\/\/xinshengmanufacture.com\/es\/product\/sillon-de-champu-giratorio-de-lujo-de-gama-alta-mobiliario-de-salon-sillon-electrico-sillon-de-champu-de-masaje-multifuncional-elegante-y-practico-sillon-de-spa-y-cuidado-de-unas-colores-persona\/","title":{"rendered":"Sill\u00f3n de champ\u00fa giratorio de lujo de gama alta, mobiliario de sal\u00f3n, sill\u00f3n el\u00e9ctrico, sill\u00f3n de champ\u00fa de masaje multifuncional, elegante y pr\u00e1ctico, sill\u00f3n de spa y cuidado de u\u00f1as. Colores personalizables disponibles, venta directa de f\u00e1brica."},"content":{"rendered":"<div class=\"wp-playlist wp-video-playlist wp-playlist-light\">\n\t\t<video controls=\"controls\" preload=\"none\" width=\"1408\"\n\t\t height=\"2503\"\t><\/video>\n\t<div class=\"wp-playlist-next\"><\/div>\n\t<div class=\"wp-playlist-prev\"><\/div>\n\t<noscript>\n\t<ol>\n\t\t<li><a href='https:\/\/xinshengmanufacture.com\/wp-content\/uploads\/2025\/12\/7-2.mp4'>7<\/a><\/li>\t<\/ol>\n\t<\/noscript>\n\t<script type=\"application\/json\" class=\"wp-playlist-script\">{\"type\":\"video\",\"tracklist\":false,\"tracknumbers\":true,\"images\":true,\"artists\":true,\"tracks\":[{\"src\":\"https:\/\/xinshengmanufacture.com\/wp-content\/uploads\/2025\/12\/7-2.mp4\",\"type\":\"video\/mp4\",\"title\":\"7\",\"caption\":\"\",\"description\":\"\",\"meta\":{\"length_formatted\":\"0:45\"},\"dimensions\":{\"original\":{\"width\":1080,\"height\":1920},\"resized\":{\"width\":1408,\"height\":2503}},\"image\":{\"src\":\"https:\/\/xinshengmanufacture.com\/wp-includes\/images\/media\/video.svg\",\"width\":48,\"height\":64},\"thumb\":{\"src\":\"https:\/\/xinshengmanufacture.com\/wp-includes\/images\/media\/video.svg\",\"width\":48,\"height\":64}}]}<\/script>\n<\/div>\n\t\n<p><img fetchpriority=\"high\" decoding=\"async\" class=\"size-full wp-image-82465 aligncenter\" src=\"https:\/\/xinshengmanufacture.com\/wp-content\/uploads\/2025\/10\/%E8%B6%85%E5%B7%A5%E5%AE%9A%E5%88%B6%E8%8B%B1%E6%96%87_011-1.jpg\" alt=\"\" width=\"1200\" height=\"1857\"><img decoding=\"async\" class=\"size-full wp-image-82477 aligncenter\" src=\"https:\/\/xinshengmanufacture.com\/wp-content\/uploads\/2025\/10\/%E8%B6%85%E5%B7%A5%E5%AE%9A%E5%88%B6%E8%8B%B1%E6%96%87_021-1.jpg\" alt=\"\" width=\"1200\" height=\"1054\"><img decoding=\"async\" class=\"size-full wp-image-82489 aligncenter\" src=\"https:\/\/xinshengmanufacture.com\/wp-content\/uploads\/2025\/10\/%E8%B6%85%E5%B7%A5%E5%AE%9A%E5%88%B6%E8%8B%B1%E6%96%87_031-1.jpg\" alt=\"\" width=\"1200\" height=\"1563\"><img loading=\"lazy\" decoding=\"async\" class=\"size-full wp-image-82501 aligncenter\" src=\"https:\/\/xinshengmanufacture.com\/wp-content\/uploads\/2025\/10\/%E8%B6%85%E5%B7%A5%E5%AE%9A%E5%88%B6%E8%8B%B1%E6%96%87_041-1.jpg\" alt=\"\" width=\"1200\" height=\"1755\"><img loading=\"lazy\" decoding=\"async\" class=\"size-full wp-image-82513 aligncenter\" src=\"https:\/\/xinshengmanufacture.com\/wp-content\/uploads\/2025\/10\/%E8%B6%85%E5%B7%A5%E5%AE%9A%E5%88%B6%E8%8B%B1%E6%96%87_051-1.jpg\" alt=\"\" width=\"1200\" height=\"2257\"><img loading=\"lazy\" decoding=\"async\" class=\"size-full wp-image-85622 aligncenter\" src=\"https:\/\/xinshengmanufacture.com\/wp-content\/uploads\/2025\/12\/1_01-1.jpg\" alt=\"\" width=\"1200\" height=\"1916\" srcset=\"https:\/\/xinshengmanufacture.com\/wp-content\/uploads\/2025\/12\/1_01-1.jpg 1200w, https:\/\/xinshengmanufacture.com\/wp-content\/uploads\/2025\/12\/1_01-1-188x300.jpg 188w, https:\/\/xinshengmanufacture.com\/wp-content\/uploads\/2025\/12\/1_01-1-641x1024.jpg 641w, https:\/\/xinshengmanufacture.com\/wp-content\/uploads\/2025\/12\/1_01-1-768x1226.jpg 768w, https:\/\/xinshengmanufacture.com\/wp-content\/uploads\/2025\/12\/1_01-1-962x1536.jpg 962w, https:\/\/xinshengmanufacture.com\/wp-content\/uploads\/2025\/12\/1_01-1-600x958.jpg 600w\" sizes=\"(max-width: 1200px) 100vw, 1200px\" \/> <img loading=\"lazy\" decoding=\"async\" class=\"size-full wp-image-85623 aligncenter\" src=\"https:\/\/xinshengmanufacture.com\/wp-content\/uploads\/2025\/12\/1_02-1.jpg\" alt=\"\" width=\"1200\" height=\"1827\" srcset=\"https:\/\/xinshengmanufacture.com\/wp-content\/uploads\/2025\/12\/1_02-1.jpg 1200w, https:\/\/xinshengmanufacture.com\/wp-content\/uploads\/2025\/12\/1_02-1-197x300.jpg 197w, https:\/\/xinshengmanufacture.com\/wp-content\/uploads\/2025\/12\/1_02-1-673x1024.jpg 673w, https:\/\/xinshengmanufacture.com\/wp-content\/uploads\/2025\/12\/1_02-1-768x1169.jpg 768w, https:\/\/xinshengmanufacture.com\/wp-content\/uploads\/2025\/12\/1_02-1-1009x1536.jpg 1009w, https:\/\/xinshengmanufacture.com\/wp-content\/uploads\/2025\/12\/1_02-1-600x914.jpg 600w\" sizes=\"(max-width: 1200px) 100vw, 1200px\" \/> <img loading=\"lazy\" decoding=\"async\" class=\"size-full wp-image-85624 aligncenter\" src=\"https:\/\/xinshengmanufacture.com\/wp-content\/uploads\/2025\/12\/1_03-1.jpg\" alt=\"\" width=\"1200\" height=\"1836\" srcset=\"https:\/\/xinshengmanufacture.com\/wp-content\/uploads\/2025\/12\/1_03-1.jpg 1200w, https:\/\/xinshengmanufacture.com\/wp-content\/uploads\/2025\/12\/1_03-1-196x300.jpg 196w, https:\/\/xinshengmanufacture.com\/wp-content\/uploads\/2025\/12\/1_03-1-669x1024.jpg 669w, https:\/\/xinshengmanufacture.com\/wp-content\/uploads\/2025\/12\/1_03-1-768x1175.jpg 768w, https:\/\/xinshengmanufacture.com\/wp-content\/uploads\/2025\/12\/1_03-1-1004x1536.jpg 1004w, https:\/\/xinshengmanufacture.com\/wp-content\/uploads\/2025\/12\/1_03-1-600x918.jpg 600w\" sizes=\"(max-width: 1200px) 100vw, 1200px\" \/> <img loading=\"lazy\" decoding=\"async\" class=\"size-full wp-image-85625 aligncenter\" src=\"https:\/\/xinshengmanufacture.com\/wp-content\/uploads\/2025\/12\/1_04-1.jpg\" alt=\"\" width=\"1200\" height=\"1792\" srcset=\"https:\/\/xinshengmanufacture.com\/wp-content\/uploads\/2025\/12\/1_04-1.jpg 1200w, https:\/\/xinshengmanufacture.com\/wp-content\/uploads\/2025\/12\/1_04-1-201x300.jpg 201w, https:\/\/xinshengmanufacture.com\/wp-content\/uploads\/2025\/12\/1_04-1-686x1024.jpg 686w, https:\/\/xinshengmanufacture.com\/wp-content\/uploads\/2025\/12\/1_04-1-768x1147.jpg 768w, https:\/\/xinshengmanufacture.com\/wp-content\/uploads\/2025\/12\/1_04-1-1029x1536.jpg 1029w, https:\/\/xinshengmanufacture.com\/wp-content\/uploads\/2025\/12\/1_04-1-600x896.jpg 600w\" sizes=\"(max-width: 1200px) 100vw, 1200px\" \/> <img loading=\"lazy\" decoding=\"async\" class=\"size-full wp-image-85626 aligncenter\" src=\"https:\/\/xinshengmanufacture.com\/wp-content\/uploads\/2025\/12\/1_05-1.jpg\" alt=\"\" width=\"1200\" height=\"1809\" srcset=\"https:\/\/xinshengmanufacture.com\/wp-content\/uploads\/2025\/12\/1_05-1.jpg 1200w, https:\/\/xinshengmanufacture.com\/wp-content\/uploads\/2025\/12\/1_05-1-199x300.jpg 199w, https:\/\/xinshengmanufacture.com\/wp-content\/uploads\/2025\/12\/1_05-1-679x1024.jpg 679w, https:\/\/xinshengmanufacture.com\/wp-content\/uploads\/2025\/12\/1_05-1-768x1158.jpg 768w, https:\/\/xinshengmanufacture.com\/wp-content\/uploads\/2025\/12\/1_05-1-1019x1536.jpg 1019w, https:\/\/xinshengmanufacture.com\/wp-content\/uploads\/2025\/12\/1_05-1-600x905.jpg 600w\" sizes=\"(max-width: 1200px) 100vw, 1200px\" \/> <img loading=\"lazy\" decoding=\"async\" class=\"size-full wp-image-85627 aligncenter\" src=\"https:\/\/xinshengmanufacture.com\/wp-content\/uploads\/2025\/12\/1_06-1.jpg\" alt=\"\" width=\"1200\" height=\"1813\" srcset=\"https:\/\/xinshengmanufacture.com\/wp-content\/uploads\/2025\/12\/1_06-1.jpg 1200w, https:\/\/xinshengmanufacture.com\/wp-content\/uploads\/2025\/12\/1_06-1-199x300.jpg 199w, https:\/\/xinshengmanufacture.com\/wp-content\/uploads\/2025\/12\/1_06-1-678x1024.jpg 678w, https:\/\/xinshengmanufacture.com\/wp-content\/uploads\/2025\/12\/1_06-1-768x1160.jpg 768w, https:\/\/xinshengmanufacture.com\/wp-content\/uploads\/2025\/12\/1_06-1-1017x1536.jpg 1017w, https:\/\/xinshengmanufacture.com\/wp-content\/uploads\/2025\/12\/1_06-1-600x907.jpg 600w\" sizes=\"(max-width: 1200px) 100vw, 1200px\" \/> <img loading=\"lazy\" decoding=\"async\" class=\"size-full wp-image-85628 aligncenter\" src=\"https:\/\/xinshengmanufacture.com\/wp-content\/uploads\/2025\/12\/1_07-1.jpg\" alt=\"\" width=\"1200\" height=\"1795\" srcset=\"https:\/\/xinshengmanufacture.com\/wp-content\/uploads\/2025\/12\/1_07-1.jpg 1200w, https:\/\/xinshengmanufacture.com\/wp-content\/uploads\/2025\/12\/1_07-1-201x300.jpg 201w, https:\/\/xinshengmanufacture.com\/wp-content\/uploads\/2025\/12\/1_07-1-685x1024.jpg 685w, https:\/\/xinshengmanufacture.com\/wp-content\/uploads\/2025\/12\/1_07-1-768x1149.jpg 768w, https:\/\/xinshengmanufacture.com\/wp-content\/uploads\/2025\/12\/1_07-1-1027x1536.jpg 1027w, https:\/\/xinshengmanufacture.com\/wp-content\/uploads\/2025\/12\/1_07-1-600x898.jpg 600w\" sizes=\"(max-width: 1200px) 100vw, 1200px\" \/> <img loading=\"lazy\" decoding=\"async\" class=\"size-full wp-image-85629 aligncenter\" src=\"https:\/\/xinshengmanufacture.com\/wp-content\/uploads\/2025\/12\/1_08-1.jpg\" alt=\"\" width=\"1200\" height=\"2055\" srcset=\"https:\/\/xinshengmanufacture.com\/wp-content\/uploads\/2025\/12\/1_08-1.jpg 1200w, https:\/\/xinshengmanufacture.com\/wp-content\/uploads\/2025\/12\/1_08-1-175x300.jpg 175w, https:\/\/xinshengmanufacture.com\/wp-content\/uploads\/2025\/12\/1_08-1-598x1024.jpg 598w, https:\/\/xinshengmanufacture.com\/wp-content\/uploads\/2025\/12\/1_08-1-768x1315.jpg 768w, https:\/\/xinshengmanufacture.com\/wp-content\/uploads\/2025\/12\/1_08-1-897x1536.jpg 897w, https:\/\/xinshengmanufacture.com\/wp-content\/uploads\/2025\/12\/1_08-1-1196x2048.jpg 1196w, https:\/\/xinshengmanufacture.com\/wp-content\/uploads\/2025\/12\/1_08-1-600x1028.jpg 600w\" sizes=\"(max-width: 1200px) 100vw, 1200px\" \/> <img loading=\"lazy\" decoding=\"async\" class=\"size-full wp-image-85630 aligncenter\" src=\"https:\/\/xinshengmanufacture.com\/wp-content\/uploads\/2025\/12\/1_09-1.jpg\" alt=\"\" width=\"1200\" height=\"1912\" srcset=\"https:\/\/xinshengmanufacture.com\/wp-content\/uploads\/2025\/12\/1_09-1.jpg 1200w, https:\/\/xinshengmanufacture.com\/wp-content\/uploads\/2025\/12\/1_09-1-188x300.jpg 188w, https:\/\/xinshengmanufacture.com\/wp-content\/uploads\/2025\/12\/1_09-1-643x1024.jpg 643w, https:\/\/xinshengmanufacture.com\/wp-content\/uploads\/2025\/12\/1_09-1-768x1224.jpg 768w, https:\/\/xinshengmanufacture.com\/wp-content\/uploads\/2025\/12\/1_09-1-964x1536.jpg 964w, https:\/\/xinshengmanufacture.com\/wp-content\/uploads\/2025\/12\/1_09-1-600x956.jpg 600w\" sizes=\"(max-width: 1200px) 100vw, 1200px\" \/> <img loading=\"lazy\" decoding=\"async\" class=\"aligncenter wp-image-85631\" src=\"https:\/\/xinshengmanufacture.com\/wp-content\/uploads\/2025\/12\/1_10-1.jpg\" alt=\"\" width=\"1200\" height=\"2943\" srcset=\"https:\/\/xinshengmanufacture.com\/wp-content\/uploads\/2025\/12\/1_10-1.jpg 1044w, https:\/\/xinshengmanufacture.com\/wp-content\/uploads\/2025\/12\/1_10-1-122x300.jpg 122w, https:\/\/xinshengmanufacture.com\/wp-content\/uploads\/2025\/12\/1_10-1-418x1024.jpg 418w, https:\/\/xinshengmanufacture.com\/wp-content\/uploads\/2025\/12\/1_10-1-768x1883.jpg 768w, https:\/\/xinshengmanufacture.com\/wp-content\/uploads\/2025\/12\/1_10-1-626x1536.jpg 626w, https:\/\/xinshengmanufacture.com\/wp-content\/uploads\/2025\/12\/1_10-1-835x2048.jpg 835w, https:\/\/xinshengmanufacture.com\/wp-content\/uploads\/2025\/12\/1_10-1-600x1471.jpg 600w\" sizes=\"(max-width: 1200px) 100vw, 1200px\" \/> <img loading=\"lazy\" decoding=\"async\" class=\"size-full wp-image-85632 aligncenter\" src=\"https:\/\/xinshengmanufacture.com\/wp-content\/uploads\/2025\/12\/1_11.jpg\" alt=\"\" width=\"1200\" height=\"2441\" srcset=\"https:\/\/xinshengmanufacture.com\/wp-content\/uploads\/2025\/12\/1_11.jpg 1200w, https:\/\/xinshengmanufacture.com\/wp-content\/uploads\/2025\/12\/1_11-147x300.jpg 147w, https:\/\/xinshengmanufacture.com\/wp-content\/uploads\/2025\/12\/1_11-503x1024.jpg 503w, https:\/\/xinshengmanufacture.com\/wp-content\/uploads\/2025\/12\/1_11-768x1562.jpg 768w, https:\/\/xinshengmanufacture.com\/wp-content\/uploads\/2025\/12\/1_11-755x1536.jpg 755w, https:\/\/xinshengmanufacture.com\/wp-content\/uploads\/2025\/12\/1_11-1007x2048.jpg 1007w, https:\/\/xinshengmanufacture.com\/wp-content\/uploads\/2025\/12\/1_11-600x1221.jpg 600w\" sizes=\"(max-width: 1200px) 100vw, 1200px\" \/><\/p>\n<div id=\"gtx-trans\" style=\"position: absolute; left: 656px; top: 35px;\">\n<div class=\"gtx-trans-icon\"><\/div>\n<\/div>\n","protected":false},"excerpt":{"rendered":"<p>Este sill\u00f3n de champ\u00fa giratorio de gama alta, lujoso y multifuncional es adecuado para peluquer\u00edas, salones de belleza, salones de manicura, spas y otros establecimientos. Hay opciones de personalizaci\u00f3n para el color y el logotipo. Venta directa de f\u00e1brica.  <\/p>\n","protected":false},"featured_media":85836,"template":"","meta":{"_bst_post_transparent":"","_bst_post_title":"","_bst_post_layout":"","_bst_post_sidebar_id":"","_bst_post_content_style":"","_bst_post_vertical_padding":"","_bst_post_feature":"","_bst_post_feature_position":"","_bst_post_header":false,"_bst_post_footer":false},"product_brand":[1082],"product_cat":[868],"product_tag":[],"class_list":{"0":"post-85822","1":"product","2":"type-product","3":"status-publish","4":"has-post-thumbnail","6":"product_brand-xinsheng-es","7":"product_cat-sillon-multifuncional-para-champu","8":"pa_color-colores-personalizados","9":"pa_color-negro","10":"pa_size-190cm70cm75cm","12":"first","13":"instock","14":"sale","15":"shipping-taxable","16":"purchasable","17":"product-type-variable","18":"entry","19":"content-bg","20":"loop-entry"},"_links":{"self":[{"href":"https:\/\/xinshengmanufacture.com\/es\/wp-json\/wp\/v2\/product\/85822","targetHints":{"allow":["GET"]}}],"collection":[{"href":"https:\/\/xinshengmanufacture.com\/es\/wp-json\/wp\/v2\/product"}],"about":[{"href":"https:\/\/xinshengmanufacture.com\/es\/wp-json\/wp\/v2\/types\/product"}],"version-history":[{"count":10,"href":"https:\/\/xinshengmanufacture.com\/es\/wp-json\/wp\/v2\/product\/85822\/revisions"}],"predecessor-version":[{"id":85948,"href":"https:\/\/xinshengmanufacture.com\/es\/wp-json\/wp\/v2\/product\/85822\/revisions\/85948"}],"wp:featuredmedia":[{"embeddable":true,"href":"https:\/\/xinshengmanufacture.com\/es\/wp-json\/wp\/v2\/media\/85836"}],"wp:attachment":[{"href":"https:\/\/xinshengmanufacture.com\/es\/wp-json\/wp\/v2\/media?parent=85822"}],"wp:term":[{"taxonomy":"product_brand","embeddable":true,"href":"https:\/\/xinshengmanufacture.com\/es\/wp-json\/wp\/v2\/product_brand?post=85822"},{"taxonomy":"product_cat","embeddable":true,"href":"https:\/\/xinshengmanufacture.com\/es\/wp-json\/wp\/v2\/product_cat?post=85822"},{"taxonomy":"product_tag","embeddable":true,"href":"https:\/\/xinshengmanufacture.com\/es\/wp-json\/wp\/v2\/product_tag?post=85822"}],"curies":[{"name":"wp","href":"https:\/\/api.w.org\/{rel}","templated":true}]}}