{"id":30143,"date":"2025-03-29T03:58:51","date_gmt":"2025-03-29T03:58:51","guid":{"rendered":"https:\/\/xinshengmanufacture.com\/politique-de-confidentialite\/"},"modified":"2025-06-20T09:09:28","modified_gmt":"2025-06-20T09:09:28","slug":"politique-de-confidentialite","status":"publish","type":"page","link":"https:\/\/xinshengmanufacture.com\/fr\/politique-de-confidentialite\/","title":{"rendered":"Politique de confidentialit\u00e9"},"content":{"rendered":"\t\t<div data-elementor-type=\"wp-page\" data-elementor-id=\"30143\" class=\"elementor elementor-30143 elementor-3\" data-elementor-post-type=\"page\">\n\t\t\t\t<div class=\"elementor-element elementor-element-5befe00b e-flex e-con-boxed e-con e-parent\" data-id=\"5befe00b\" data-element_type=\"container\" data-e-type=\"container\">\n\t\t\t\t\t<div class=\"e-con-inner\">\n\t\t\t\t<div class=\"elementor-element elementor-element-38191b6a elementor-widget elementor-widget-text-editor\" data-id=\"38191b6a\" data-element_type=\"widget\" data-e-type=\"widget\" data-widget_type=\"text-editor.default\">\n\t\t\t\t<div class=\"elementor-widget-container\">\n\t\t\t\t\t\t\t\t\t<p>Xinshengmanufacture LLC (\u00ab nous \u00bb) exploite le site web www.xinshengmanufacture.com et l&rsquo;application mobile xinshengmanufacture (le \u00ab service \u00bb).<\/p>\n<p>Cette page vous informe de nos politiques concernant la collecte, l&rsquo;utilisation et la divulgation de donn\u00e9es personnelles lorsque vous utilisez notre service, ainsi que des choix qui s&rsquo;offrent \u00e0 vous concernant ces donn\u00e9es.<\/p>\n<p>Nous utilisons vos donn\u00e9es pour fournir et am\u00e9liorer le service. En utilisant le service, vous consentez \u00e0 la collecte et \u00e0 l&rsquo;utilisation des informations conform\u00e9ment \u00e0 la pr\u00e9sente politique. Sauf d\u00e9finition contraire dans la pr\u00e9sente politique de confidentialit\u00e9, les termes utilis\u00e9s dans la pr\u00e9sente politique de confidentialit\u00e9 ont la m\u00eame signification que dans nos conditions g\u00e9n\u00e9rales.  <\/p>\n<p>D\u00e9finitions Service<\/p>\n<p>Le service fait r\u00e9f\u00e9rence au site web www.xinshengmanufacture.com et \u00e0 l&rsquo;application mobile xinshengmanufacture exploit\u00e9s par xinshengmanufacture LLC.<\/p>\n<p>Donn\u00e9es personnelles<\/p>\n<p>Les donn\u00e9es \u00e0 caract\u00e8re personnel sont des donn\u00e9es concernant une personne vivante qui peut \u00eatre identifi\u00e9e \u00e0 partir de ces donn\u00e9es (ou d&rsquo;autres informations en notre possession ou susceptibles d&rsquo;entrer en notre possession).<\/p>\n<p>Donn\u00e9es d&rsquo;utilisation<\/p>\n<p>Les donn\u00e9es d&rsquo;utilisation sont des donn\u00e9es g\u00e9n\u00e9r\u00e9es automatiquement par l&rsquo;utilisation du service ou par l&rsquo;infrastructure du service elle-m\u00eame (par exemple, la dur\u00e9e de la visite d&rsquo;une page).<\/p>\n<p>Cookies<\/p>\n<p>Les cookies sont de petits fichiers stock\u00e9s sur votre appareil (ordinateur ou appareil mobile).<\/p>\n<p>Contr\u00f4leur des donn\u00e9es<\/p>\n<p>Le contr\u00f4leur des donn\u00e9es est la personne physique ou morale qui (seule, conjointement ou en commun avec d&rsquo;autres personnes) d\u00e9termine les finalit\u00e9s et les moyens du traitement de toute information personnelle.<\/p>\n<p>Aux fins de la pr\u00e9sente politique de confidentialit\u00e9, nous sommes le contr\u00f4leur de vos donn\u00e9es personnelles.<\/p>\n<p>Responsable du traitement des donn\u00e9es (ou prestataire de services)<\/p>\n<p>Responsable du traitement des donn\u00e9es (ou prestataire de services) : toute personne physique ou morale qui traite des donn\u00e9es pour le compte du responsable du traitement des donn\u00e9es.<\/p>\n<p>Nous pouvons utiliser les services de divers prestataires de services pour traiter vos donn\u00e9es de mani\u00e8re plus efficace.<\/p>\n<p>Personne concern\u00e9e (ou utilisateur)<\/p>\n<p>La personne concern\u00e9e est toute personne vivante qui utilise nos services et qui fait l&rsquo;objet de donn\u00e9es \u00e0 caract\u00e8re personnel.<\/p>\n<p>Collecte et utilisation des informations<br>Nous collectons diff\u00e9rents types d&rsquo;informations \u00e0 diverses fins afin de vous fournir et d&rsquo;am\u00e9liorer nos services.<\/p>\n<p>Types de donn\u00e9es collect\u00e9es<br>Donn\u00e9es personnelles<\/p>\n<p>Lors de l&rsquo;utilisation de nos services, nous pouvons vous demander de nous fournir certaines informations personnellement identifiables qui peuvent \u00eatre utilis\u00e9es pour vous contacter ou vous identifier (\u00ab donn\u00e9es personnelles \u00bb). Les donn\u00e9es personnelles identifiables peuvent inclure, sans s&rsquo;y limiter, les \u00e9l\u00e9ments suivants : <\/p>\n<p>Adresse \u00e9lectronique<\/p>\n<p>Nom et pr\u00e9nom<\/p>\n<p>Num\u00e9ro de t\u00e9l\u00e9phone<\/p>\n<p>Adresse, \u00e9tat, province, code postal, ville<\/p>\n<p>Cookies et donn\u00e9es d&rsquo;utilisation<\/p>\n<p>Nous pouvons utiliser vos donn\u00e9es personnelles pour vous contacter et vous envoyer des bulletins d&rsquo;information, du mat\u00e9riel marketing ou promotionnel et d&rsquo;autres informations susceptibles de vous int\u00e9resser. Vous pouvez refuser de recevoir tout ou partie de ces communications de notre part en cliquant sur les liens de d\u00e9sinscription ou les instructions fournies dans les courriels que nous envoyons. <\/p>\n<p>Donn\u00e9es d&rsquo;utilisation<\/p>\n<p>Nous pouvons \u00e9galement collecter des informations que votre navigateur envoie lorsque vous visitez nos services ou lorsque vous acc\u00e9dez aux services par le biais d&rsquo;un appareil mobile (\u00ab donn\u00e9es d&rsquo;utilisation \u00bb).<\/p>\n<p>Ces donn\u00e9es d&rsquo;utilisation peuvent inclure des informations telles que l&rsquo;adresse IP de votre ordinateur, le type et la version de votre navigateur, les pages de nos services que vous visitez, l&rsquo;heure et la date de votre visite, le temps pass\u00e9 sur ces pages, les identifiants uniques de votre appareil et d&rsquo;autres donn\u00e9es de diagnostic.<\/p>\n<p>Lorsque vous acc\u00e9dez aux Services \u00e0 l&rsquo;aide d&rsquo;un appareil mobile, ces Donn\u00e9es d&rsquo;utilisation peuvent inclure des informations telles que le type d&rsquo;appareil mobile que vous utilisez, l&rsquo;identifiant unique de votre appareil mobile, l&rsquo;adresse IP de votre appareil mobile, votre syst\u00e8me d&rsquo;exploitation mobile, le type de navigateur Internet mobile que vous utilisez, les identifiants uniques de l&rsquo;appareil et d&rsquo;autres donn\u00e9es de diagnostic.<\/p>\n<p>Donn\u00e9es de localisation<\/p>\n<p>Nous pouvons utiliser et stocker des informations sur votre localisation (\u00ab donn\u00e9es de localisation \u00bb) si vous nous y autorisez. Nous utilisons ces donn\u00e9es pour fournir les fonctionnalit\u00e9s de nos services et pour am\u00e9liorer et personnaliser nos services. <\/p>\n<p>Vous pouvez activer ou d\u00e9sactiver les services de localisation \u00e0 tout moment dans les param\u00e8tres de votre appareil lorsque vous utilisez nos services.<\/p>\n<p>Suivi des donn\u00e9es des cookies<\/p>\n<p>Nous utilisons des cookies et des technologies de suivi similaires pour suivre l&rsquo;activit\u00e9 sur nos services et enregistrer certaines informations.<\/p>\n<p>Les cookies sont des fichiers contenant de petites quantit\u00e9s de donn\u00e9es, qui peuvent inclure un identifiant unique anonyme. Les cookies sont envoy\u00e9s \u00e0 votre navigateur par un site web et stock\u00e9s sur votre appareil. Nous utilisons \u00e9galement d&rsquo;autres technologies de suivi (comme les balises, les tags et les scripts) pour collecter et suivre les informations et pour am\u00e9liorer et analyser nos services.  <\/p>\n<p>Vous pouvez configurer votre navigateur pour qu&rsquo;il refuse tous les cookies ou pour qu&rsquo;il vous indique quand un cookie est envoy\u00e9. Toutefois, si vous n&rsquo;acceptez pas les cookies, il se peut que vous ne puissiez pas utiliser certaines parties de nos services. <\/p>\n<p>Exemples de cookies que nous utilisons :<\/p>\n<p>Cookies de session. Nous utilisons des cookies de session pour faire fonctionner nos services. <\/p>\n<p>Cookies de pr\u00e9f\u00e9rence. Nous utilisons des cookies de pr\u00e9f\u00e9rence pour m\u00e9moriser vos pr\u00e9f\u00e9rences et divers param\u00e8tres. <\/p>\n<p>Cookies de s\u00e9curit\u00e9. Nous utilisons des cookies de s\u00e9curit\u00e9 \u00e0 des fins de s\u00e9curit\u00e9. <\/p>\n<p>Utilisation des donn\u00e9es<br>Xinsheng Manufacturing utilise les donn\u00e9es collect\u00e9es \u00e0 diverses fins :<br>Fournir et maintenir nos services<br>vous informer des modifications apport\u00e9es \u00e0 nos services<br>vous permettre de participer \u00e0 des fonctions interactives de nos services lorsque vous le souhaitez<br>Fournir une assistance \u00e0 la client\u00e8le<br>Recueillir des donn\u00e9es analytiques ou des informations utiles afin d&rsquo;am\u00e9liorer nos services<br>Surveiller l&rsquo;utilisation de nos services<br>D\u00e9tecter, pr\u00e9venir et r\u00e9soudre les probl\u00e8mes techniques<br>Vous fournir des nouvelles, des offres sp\u00e9ciales et des informations g\u00e9n\u00e9rales sur d&rsquo;autres biens, services et \u00e9v\u00e9nements que nous proposons et qui sont similaires \u00e0 ceux que vous avez d\u00e9j\u00e0 achet\u00e9s ou sur lesquels vous vous \u00eates renseign\u00e9, sauf si vous avez choisi de ne pas recevoir ces informations<br>Nous ne partageons aucune information mobile avec des tiers ou des soci\u00e9t\u00e9s affili\u00e9es \u00e0 des fins de marketing ou de promotion. Les donn\u00e9es et les consentements relatifs aux SMS ne sont pas non plus inclus et ne seront pas partag\u00e9s avec des tiers. <\/p>\n<p>Base juridique pour le traitement des donn\u00e9es personnelles en vertu du R\u00e8glement g\u00e9n\u00e9ral sur la protection des donn\u00e9es (RGPD)<br>Si vous \u00eates de l&rsquo;Espace \u00e9conomique europ\u00e9en (EEE), la base juridique de Xinsheng Manufacturing LLC pour la collecte et l&rsquo;utilisation des informations personnelles d\u00e9crites dans la pr\u00e9sente politique de confidentialit\u00e9 d\u00e9pend des donn\u00e9es personnelles que nous recueillons et du contexte sp\u00e9cifique dans lequel nous les recueillons. Xinsheng Manufacturing LLC peut traiter vos donn\u00e9es personnelles parce que nous avons besoin d&rsquo;ex\u00e9cuter un contrat avec vous<br>Vous nous avez donn\u00e9 la permission de le faire<br>Le traitement est dans nos int\u00e9r\u00eats l\u00e9gitimes et vos droits ne l&#8217;emportent pas<br><br> \u00c0 des fins de traitement des paiements<br>Se conformer aux lois<br>Conservation des donn\u00e9es<br>Xinsheng Manufacturing LLC conservera vos donn\u00e9es personnelles uniquement pendant la dur\u00e9e n\u00e9cessaire aux fins \u00e9nonc\u00e9es dans la pr\u00e9sente politique de confidentialit\u00e9. Nous conserverons et utiliserons vos donn\u00e9es personnelles dans la mesure n\u00e9cessaire pour nous conformer \u00e0 nos obligations l\u00e9gales (par exemple, si nous devons conserver vos donn\u00e9es pour nous conformer aux lois applicables), r\u00e9soudre les litiges et appliquer nos accords et politiques juridiques. xinshengmanufacture LLC conservera \u00e9galement les donn\u00e9es d&rsquo;utilisation \u00e0 des fins d&rsquo;analyse interne. Les donn\u00e9es d&rsquo;utilisation sont g\u00e9n\u00e9ralement conserv\u00e9es pendant une p\u00e9riode plus courte, sauf si les donn\u00e9es sont utilis\u00e9es pour renforcer la s\u00e9curit\u00e9 ou am\u00e9liorer la fonctionnalit\u00e9 de nos services ou si nous sommes l\u00e9galement oblig\u00e9s de conserver les donn\u00e9es plus longtemps.    <\/p>\n<p>Transfert de donn\u00e9es<br>Vos informations, y compris les donn\u00e9es personnelles, peuvent \u00eatre transf\u00e9r\u00e9es et conserv\u00e9es sur des ordinateurs situ\u00e9s en dehors de votre \u00c9tat, province, pays ou autre juridiction gouvernementale o\u00f9 les lois sur la protection des donn\u00e9es peuvent diff\u00e9rer de celles de votre juridiction. Si vous \u00eates situ\u00e9 en dehors des \u00c9tats-Unis et que vous choisissez de nous fournir des informations, veuillez noter que nous transf\u00e9rons les donn\u00e9es, y compris les donn\u00e9es personnelles, aux \u00c9tats-Unis et que nous les traitons dans ce pays. xinshengmanufacture LLC prendra toutes les mesures raisonnablement n\u00e9cessaires pour s&rsquo;assurer que vos donn\u00e9es sont trait\u00e9es en toute s\u00e9curit\u00e9 et conform\u00e9ment \u00e0 la pr\u00e9sente politique de confidentialit\u00e9 et aucun transfert de vos donn\u00e9es personnelles n&rsquo;aura lieu vers une organisation ou un pays \u00e0 moins qu&rsquo;il n&rsquo;y ait des contr\u00f4les ad\u00e9quats en place, y compris la s\u00e9curit\u00e9 de vos donn\u00e9es et d&rsquo;autres informations personnelles.   <\/p>\n<p>Divulgation pour l&rsquo;application de la loi<br>Dans certaines circonstances, xinshengmanufacture LLC peut \u00eatre tenue de divulguer vos donn\u00e9es personnelles si la loi l&rsquo;exige ou en r\u00e9ponse \u00e0 une demande valide des autorit\u00e9s publiques (par exemple, un tribunal ou une agence gouvernementale).<\/p>\n<p>Exigence l\u00e9gale<br>xinshengmanufacture LLC peut divulguer vos donn\u00e9es personnelles en croyant de bonne foi qu&rsquo;une telle action est n\u00e9cessaire.<br>Se conformer aux obligations l\u00e9gales<br>Prot\u00e9ger et d\u00e9fendre les droits ou la propri\u00e9t\u00e9 de Xinsheng Manufacturing LLC<br>Pr\u00e9venir ou enqu\u00eater sur d&rsquo;\u00e9ventuels actes r\u00e9pr\u00e9hensibles en rapport avec le service<br>Prot\u00e9ger la s\u00e9curit\u00e9 personnelle des utilisateurs du service ou du public<br>Prot\u00e9ger contre la responsabilit\u00e9 l\u00e9gale.<\/p>\n<p>S\u00e9curit\u00e9 des donn\u00e9es<br>La s\u00e9curit\u00e9 de vos donn\u00e9es est importante pour nous, mais n&rsquo;oubliez pas qu&rsquo;aucune m\u00e9thode de transmission sur Internet ou de stockage \u00e9lectronique n&rsquo;est s\u00fbre \u00e0 100 %. Bien que nous nous efforcions d&rsquo;utiliser des moyens commercialement acceptables pour prot\u00e9ger vos donn\u00e9es personnelles, nous ne pouvons pas garantir leur s\u00e9curit\u00e9 absolue.<br>Notre politique concernant les signaux Do Not Track conform\u00e9ment \u00e0 la loi californienne sur la protection en ligne (CalOPPA)<br>Nous ne prenons pas en charge les signaux Do Not Track (\"DNT\"). Il s&rsquo;agit d&rsquo;une pr\u00e9f\u00e9rence que vous pouvez d\u00e9finir dans votre navigateur web pour informer les sites web que vous ne souhaitez pas \u00eatre suivi. Vous pouvez activer ou d\u00e9sactiver la fonction Do Not Track en consultant la page \"Pr\u00e9f\u00e9rences\" ou \"Param\u00e8tres\" de votre navigateur Web.<br>Vos droits en mati\u00e8re de protection des donn\u00e9es dans le cadre du R\u00e8glement g\u00e9n\u00e9ral sur la protection des donn\u00e9es (RGPD) Si vous r\u00e9sidez dans l&rsquo;Espace \u00e9conomique europ\u00e9en (EEE), vous disposez de certains droits en mati\u00e8re de protection des donn\u00e9es. Xinshengmanufacture LLC vise \u00e0 prendre des mesures raisonnables pour vous permettre de corriger, modifier, supprimer ou limiter l&rsquo;utilisation de vos donn\u00e9es personnelles. Si vous souhaitez \u00eatre inform\u00e9 des donn\u00e9es personnelles que nous d\u00e9tenons \u00e0 votre sujet et si vous souhaitez qu&rsquo;elles soient supprim\u00e9es de nos syst\u00e8mes, veuillez nous contacter. Dans certaines circonstances, vous disposez des droits suivants en mati\u00e8re de protection des donn\u00e9es : Le droit d&rsquo;acc\u00e9der, de mettre \u00e0 jour ou de supprimer les informations que nous d\u00e9tenons \u00e0 votre sujet. Dans la mesure du possible, vous pouvez acc\u00e9der \u00e0 vos donn\u00e9es personnelles, les mettre \u00e0 jour ou demander leur suppression directement dans la section des param\u00e8tres de votre compte. Si vous n&rsquo;\u00eates pas en mesure de le faire vous-m\u00eame, veuillez nous contacter pour obtenir de l&rsquo;aide. Droit de rectification. Si vos informations sont inexactes ou incompl\u00e8tes, vous avez le droit de demander leur rectification. Droit d&rsquo;opposition. Vous avez le droit de vous opposer au traitement de vos donn\u00e9es personnelles. Droit \u00e0 la limitation. Vous avez le droit de demander que nous limitions le traitement de vos informations personnelles. Droit \u00e0 la portabilit\u00e9 des donn\u00e9es. Vous avez le droit d&rsquo;obtenir une copie des informations que nous d\u00e9tenons \u00e0 votre sujet dans un format structur\u00e9, lisible par machine et couramment utilis\u00e9. Droit de retirer votre consentement. Lorsque Xinsheng LLC s&rsquo;appuie sur votre consentement pour traiter vos informations personnelles, vous avez \u00e9galement le droit de retirer votre consentement \u00e0 tout moment. Veuillez noter que nous pouvons vous demander de v\u00e9rifier votre identit\u00e9 avant de r\u00e9pondre \u00e0 de telles demandes. Vous avez le droit de d\u00e9poser une plainte aupr\u00e8s d&rsquo;une autorit\u00e9 de protection des donn\u00e9es concernant la collecte et l&rsquo;utilisation de vos donn\u00e9es personnelles. Pour plus d&rsquo;informations, veuillez contacter votre autorit\u00e9 locale de protection des donn\u00e9es dans l&rsquo;Espace \u00e9conomique europ\u00e9en (EEE).                     <\/p>\n<p>Prestataires de services Nous pouvons employer des soci\u00e9t\u00e9s et des personnes tierces pour faciliter notre service (\u00ab Prestataires de services \u00bb), pour fournir le service en notre nom, pour effectuer des services li\u00e9s au service ou pour nous aider \u00e0 analyser la mani\u00e8re dont notre service est utilis\u00e9. Ces tiers n&rsquo;ont acc\u00e8s \u00e0 vos donn\u00e9es personnelles que pour effectuer ces t\u00e2ches en notre nom et sont tenus de ne pas les divulguer ou les utiliser \u00e0 d&rsquo;autres fins. <\/p>\n<p>Analyse<br>Nous pouvons faire appel \u00e0 des prestataires de services tiers pour contr\u00f4ler et analyser l&rsquo;utilisation de nos services.<\/p>\n<p>Google Analytics<br>Google Analytics est un service d&rsquo;analyse du Web fourni par Google qui permet de suivre et de rapporter le trafic sur les sites Web. Google utilise les donn\u00e9es collect\u00e9es pour suivre et contr\u00f4ler l&rsquo;utilisation de nos services. Ces donn\u00e9es sont partag\u00e9es avec d&rsquo;autres services de Google. Google peut utiliser les donn\u00e9es collect\u00e9es pour contextualiser et personnaliser les annonces de son propre r\u00e9seau publicitaire. Pour plus d&rsquo;informations sur les pratiques de Google en mati\u00e8re de protection de la vie priv\u00e9e, veuillez consulter la page Web des conditions de confidentialit\u00e9 de Google : https:\/\/policies.google.com\/privacy?hl=en    <\/p>\n<p>Paiements<br>Nous pouvons proposer des produits et\/ou des services payants dans le cadre des services. Dans ce cas, nous utilisons des services tiers pour le traitement des paiements (tels que des processeurs de paiement). Nous ne stockons ni ne collectons les donn\u00e9es relatives \u00e0 votre carte de paiement. Ces informations sont fournies directement \u00e0 nos prestataires de services de paiement tiers, et l&rsquo;utilisation qu&rsquo;ils font de vos informations personnelles est r\u00e9gie par leurs politiques de protection de la vie priv\u00e9e. Ces processeurs de paiement adh\u00e8rent aux normes \u00e9tablies par PCI-DSS, g\u00e9r\u00e9es par le Conseil des normes de s\u00e9curit\u00e9 PCI, qui est un effort conjoint de marques telles que Visa, MasterCard, American Express et Discover. Les exigences de la norme PCI-DSS permettent de garantir que les informations de paiement sont trait\u00e9es en toute s\u00e9curit\u00e9. Les processeurs de paiement avec lesquels nous travaillons sont :<br>Apple Store In-App Payments<br>Leur politique de confidentialit\u00e9 peut \u00eatre consult\u00e9e sur https:\/\/www.apple.com\/legal\/privacy\/en-ww\/<br>Google Play In-App Payments<br>Leur politique de confidentialit\u00e9 peut \u00eatre consult\u00e9e sur https:\/\/www.google.com\/policies\/privacy\/<br>Stripe<br>Leur politique de confidentialit\u00e9 peut \u00eatre consult\u00e9e sur https:\/\/stripe.com\/us\/privacy<br>Authorize.net<br>Leur politique de confidentialit\u00e9 peut \u00eatre consult\u00e9e sur https:\/\/www.authorize.net\/company\/privacy\/<br>Liens vers d&rsquo;autres sites web<br>Nos services peuvent contenir des liens vers d&rsquo;autres sites web qui ne sont pas exploit\u00e9s par nous. Si vous cliquez sur le lien d&rsquo;un tiers, vous serez dirig\u00e9 vers le site web de ce tiers. Nous vous conseillons vivement de consulter la politique de confidentialit\u00e9 de chaque site web que vous visitez. Nous n&rsquo;avons aucun contr\u00f4le sur le contenu, les politiques de confidentialit\u00e9 ou les pratiques des sites web ou services de tiers, et nous n&rsquo;en assumons pas la responsabilit\u00e9.         <\/p>\n<p>Vie priv\u00e9e des enfants<br>Nos services ne s&rsquo;adressent pas aux personnes \u00e2g\u00e9es de moins de 18 ans (\u00ab enfants \u00bb). Nous ne recueillons pas sciemment d&rsquo;informations personnellement identifiables aupr\u00e8s de personnes \u00e2g\u00e9es de moins de 18 ans. Si vous \u00eates un parent ou un tuteur et que vous savez que votre enfant nous a fourni des donn\u00e9es personnelles, veuillez nous contacter. Si nous apprenons que nous avons collect\u00e9 des donn\u00e9es personnelles aupr\u00e8s d&rsquo;un enfant sans avoir v\u00e9rifi\u00e9 le consentement des parents, nous prenons des mesures pour supprimer ces informations de nos serveurs.   <\/p>\n<p>Modifications de la pr\u00e9sente politique de confidentialit\u00e9<br>Nous pouvons mettre \u00e0 jour notre politique de confidentialit\u00e9 de temps \u00e0 autre. Nous vous informerons de toute modification en publiant la nouvelle politique de confidentialit\u00e9 sur cette page. Nous vous informerons par courrier \u00e9lectronique et\/ou par un avis bien visible sur notre service avant que la modification n&rsquo;entre en vigueur et nous mettrons \u00e0 jour la \"date d&rsquo;entr\u00e9e en vigueur\" en haut de la pr\u00e9sente politique de confidentialit\u00e9. Nous vous conseillons de consulter r\u00e9guli\u00e8rement la pr\u00e9sente politique de protection de la vie priv\u00e9e pour prendre connaissance d&rsquo;\u00e9ventuelles modifications. Les modifications apport\u00e9es \u00e0 la pr\u00e9sente politique de confidentialit\u00e9 entrent en vigueur lorsqu&rsquo;elles sont publi\u00e9es sur cette page.    <\/p>\n<p>Utilisation des donn\u00e9es<\/p>\n<p>Aucune information mobile ne sera partag\u00e9e avec des tiers\/affili\u00e9s \u00e0 des fins marketing\/promotionnelles. Toutes les cat\u00e9gories ci-dessus excluent les donn\u00e9es et le consentement de l&rsquo;exp\u00e9diteur du SMS ; ces informations ne seront pas partag\u00e9es avec des tiers. <\/p>\n<p>Contactez-nous<br>Si vous avez des questions concernant la pr\u00e9sente politique de confidentialit\u00e9, veuillez nous contacter :<br>Par courrier \u00e9lectronique : pengz2259@gmail.com<\/p>\t\t\t\t\t\t\t\t<\/div>\n\t\t\t\t<\/div>\n\t\t\t\t\t<\/div>\n\t\t\t\t<\/div>\n\t\t\t\t<\/div>\n\t\t","protected":false},"excerpt":{"rendered":"<p>Xinshengmanufacture LLC (\u00ab nous \u00bb) exploite le site web www.xinshengmanufacture.com et l&rsquo;application mobile xinshengmanufacture (le \u00ab service \u00bb). Cette page vous informe de nos politiques concernant la collecte, l&rsquo;utilisation et la divulgation de donn\u00e9es personnelles lorsque vous utilisez notre service, ainsi que des choix qui s&rsquo;offrent \u00e0 vous concernant ces donn\u00e9es. Nous utilisons vos donn\u00e9es&#8230;<\/p>\n","protected":false},"author":1,"featured_media":0,"parent":0,"menu_order":0,"comment_status":"closed","ping_status":"open","template":"","meta":{"_bst_post_transparent":"","_bst_post_title":"","_bst_post_layout":"","_bst_post_sidebar_id":"","_bst_post_content_style":"","_bst_post_vertical_padding":"","_bst_post_feature":"","_bst_post_feature_position":"","_bst_post_header":false,"_bst_post_footer":false,"footnotes":""},"class_list":["post-30143","page","type-page","status-publish","hentry"],"_links":{"self":[{"href":"https:\/\/xinshengmanufacture.com\/fr\/wp-json\/wp\/v2\/pages\/30143","targetHints":{"allow":["GET"]}}],"collection":[{"href":"https:\/\/xinshengmanufacture.com\/fr\/wp-json\/wp\/v2\/pages"}],"about":[{"href":"https:\/\/xinshengmanufacture.com\/fr\/wp-json\/wp\/v2\/types\/page"}],"author":[{"embeddable":true,"href":"https:\/\/xinshengmanufacture.com\/fr\/wp-json\/wp\/v2\/users\/1"}],"replies":[{"embeddable":true,"href":"https:\/\/xinshengmanufacture.com\/fr\/wp-json\/wp\/v2\/comments?post=30143"}],"version-history":[{"count":2,"href":"https:\/\/xinshengmanufacture.com\/fr\/wp-json\/wp\/v2\/pages\/30143\/revisions"}],"predecessor-version":[{"id":30145,"href":"https:\/\/xinshengmanufacture.com\/fr\/wp-json\/wp\/v2\/pages\/30143\/revisions\/30145"}],"wp:attachment":[{"href":"https:\/\/xinshengmanufacture.com\/fr\/wp-json\/wp\/v2\/media?parent=30143"}],"curies":[{"name":"wp","href":"https:\/\/api.w.org\/{rel}","templated":true}]}}