{"id":30873,"date":"2025-03-31T03:20:41","date_gmt":"2025-03-31T03:20:41","guid":{"rendered":"https:\/\/xinshengmanufacture.com\/devenez-notre-agent\/"},"modified":"2025-06-20T09:16:04","modified_gmt":"2025-06-20T09:16:04","slug":"devenez-notre-agent","status":"publish","type":"page","link":"https:\/\/xinshengmanufacture.com\/fr\/devenez-notre-agent\/","title":{"rendered":"Devenez notre agent"},"content":{"rendered":"\t\t<div data-elementor-type=\"wp-page\" data-elementor-id=\"30873\" class=\"elementor elementor-30873 elementor-3234\" data-elementor-post-type=\"page\">\n\t\t\t\t<div class=\"elementor-element elementor-element-f6e8795 e-flex e-con-boxed e-con e-parent\" data-id=\"f6e8795\" data-element_type=\"container\" data-e-type=\"container\">\n\t\t\t\t\t<div class=\"e-con-inner\">\n\t\t\t\t<div class=\"elementor-element elementor-element-788c83e elementor-widget elementor-widget-text-editor\" data-id=\"788c83e\" data-element_type=\"widget\" data-e-type=\"widget\" data-widget_type=\"text-editor.default\">\n\t\t\t\t<div class=\"elementor-widget-container\">\n\t\t\t\t\t\t\t\t\t<p>Nous invitons des amis du monde entier \u00e0 devenir nos agents, et nous ouvrons le quota sans condition et ne vous facturerons pas de frais d&rsquo;agent. Que vous souhaitiez vendre nos produits dans votre boutique en ligne ou dans une boutique en ligne, il vous suffit de conclure une coop\u00e9ration avec nous et d&rsquo;obtenir notre certificat d&rsquo;autorisation d&rsquo;agent. Si vous avez cette id\u00e9e, veuillez remplir notre formulaire de demande d&rsquo;agent. Nous examinerons vos informations et vous contacterons apr\u00e8s les avoir re\u00e7ues ! Si vous devenez notre agent suite \u00e0 notre d\u00e9cision, vous devez respecter certaines conditions. Vous devez respecter notre contrat de coop\u00e9ration entre agents et revendeurs :     <\/p><p>1 : Vous devez acheter des produits aupr\u00e8s de nous, et vous ne devez pas acheter des produits aupr\u00e8s d&rsquo;autres fabricants sous le nom de notre image de marque. Si nous constatons de telles actions, nous intenterons une action en justice contre vous afin de prot\u00e9ger les droits et les int\u00e9r\u00eats de notre marque, et vous en supporterez toutes les cons\u00e9quences. <\/p><p>2 : Que vous vendiez dans une boutique en ligne ou dans un magasin physique, le prix que vous vendez ne doit pas \u00eatre inf\u00e9rieur au prix vendu dans notre boutique en ligne actuelle. S&rsquo;il s&rsquo;av\u00e8re que vous perturbez le prix du march\u00e9 de nos produits, nous prendrons tous les moyens pour prot\u00e9ger les droits et les int\u00e9r\u00eats de notre marque. <\/p><p>3 : La plupart de nos produits \u00e9tant personnalis\u00e9s, le type de produit final peut varier en fonction des besoins des clients. Par cons\u00e9quent, lorsque vous passez une commande et que notre usine lance la production, nous n&rsquo;acceptons aucun remboursement ou retour de commande. Tout sera ex\u00e9cut\u00e9 conform\u00e9ment au plan initial de la commande. Vous devez donc confirmer strictement avec vos clients si la commande est pr\u00eate \u00e0 \u00eatre mise en production. Nous n&rsquo;acceptons aucun remboursement ou retour de commande, sauf si la commande re\u00e7ue est endommag\u00e9e ou s&rsquo;il manque des pi\u00e8ces, nous pouvons vous fournir une r\u00e9\u00e9dition des pi\u00e8ces manquantes ou une compensation de la perte.  <\/p>\t\t\t\t\t\t\t\t<\/div>\n\t\t\t\t<\/div>\n\t\t\t\t\t<\/div>\n\t\t\t\t<\/div>\n\t\t<div class=\"elementor-element elementor-element-be884fd e-flex e-con-boxed e-con e-parent\" data-id=\"be884fd\" data-element_type=\"container\" data-e-type=\"container\">\n\t\t\t\t\t<div class=\"e-con-inner\">\n\t\t\t\t<div class=\"elementor-element elementor-element-e50b512 elementor-widget elementor-widget-heading\" data-id=\"e50b512\" data-element_type=\"widget\" data-e-type=\"widget\" data-widget_type=\"heading.default\">\n\t\t\t\t<div class=\"elementor-widget-container\">\n\t\t\t\t\t<h2 class=\"elementor-heading-title elementor-size-default\">Veuillez nous contacter via le formulaire ou par WhatsApp\uff1a+86 5817858259<\/h2>\t\t\t\t<\/div>\n\t\t\t\t<\/div>\n\t\t\t\t\t<\/div>\n\t\t\t\t<\/div>\n\t\t<div class=\"elementor-element elementor-element-652545a e-flex e-con-boxed e-con e-parent\" data-id=\"652545a\" data-element_type=\"container\" data-e-type=\"container\" data-settings=\"{&quot;background_background&quot;:&quot;classic&quot;}\">\n\t\t\t\t\t<div class=\"e-con-inner\">\n\t\t\t\t\t<\/div>\n\t\t\t\t<\/div>\n\t\t<div class=\"elementor-element elementor-element-999668a e-flex e-con-boxed e-con e-parent\" data-id=\"999668a\" data-element_type=\"container\" data-e-type=\"container\" data-settings=\"{&quot;background_background&quot;:&quot;classic&quot;}\">\n\t\t\t\t\t<div class=\"e-con-inner\">\n\t\t\t\t<div class=\"elementor-element elementor-element-eccdf66 elementor-widget elementor-widget-shortcode\" data-id=\"eccdf66\" data-element_type=\"widget\" data-e-type=\"widget\" data-widget_type=\"shortcode.default\">\n\t\t\t\t<div class=\"elementor-widget-container\">\n\t\t\t\t\t\t\t<div class=\"elementor-shortcode\">\n<div class=\"wpcf7 no-js\" id=\"wpcf7-f49274-o1\" lang=\"fr-FR\" dir=\"ltr\" data-wpcf7-id=\"49274\">\n<div class=\"screen-reader-response\"><p role=\"status\" aria-live=\"polite\" aria-atomic=\"true\"><\/p> <ul><\/ul><\/div>\n<form action=\"\/fr\/wp-json\/wp\/v2\/pages\/30873#wpcf7-f49274-o1\" method=\"post\" class=\"wpcf7-form init\" aria-label=\"Formulaire de contact\" novalidate=\"novalidate\" data-status=\"init\">\n<fieldset class=\"hidden-fields-container\"><input type=\"hidden\" name=\"_wpcf7\" value=\"49274\" \/><input type=\"hidden\" name=\"_wpcf7_version\" value=\"6.1.5\" \/><input type=\"hidden\" name=\"_wpcf7_locale\" value=\"fr_FR\" \/><input type=\"hidden\" name=\"_wpcf7_unit_tag\" value=\"wpcf7-f49274-o1\" \/><input type=\"hidden\" name=\"_wpcf7_container_post\" value=\"0\" \/><input type=\"hidden\" name=\"_wpcf7_posted_data_hash\" value=\"\" \/>\n<\/fieldset>\n<p><label> Votre nom<br \/>\n<span class=\"wpcf7-form-control-wrap\" data-name=\"your-name\"><input size=\"40\" maxlength=\"400\" class=\"wpcf7-form-control wpcf7-text wpcf7-validates-as-required\" autocomplete=\"name\" aria-required=\"true\" aria-invalid=\"false\" value=\"\" type=\"text\" name=\"your-name\" \/><\/span> <\/label>\n<\/p>\n<p><label> Votre email<br \/>\n<span class=\"wpcf7-form-control-wrap\" data-name=\"your-email\"><input size=\"40\" maxlength=\"400\" class=\"wpcf7-form-control wpcf7-email wpcf7-validates-as-required wpcf7-text wpcf7-validates-as-email\" autocomplete=\"email\" aria-required=\"true\" aria-invalid=\"false\" value=\"\" type=\"email\" name=\"your-email\" \/><\/span> <\/label>\n<\/p>\n<p><label> Sujet<br \/>\n<span class=\"wpcf7-form-control-wrap\" data-name=\"your-subject\"><input size=\"40\" maxlength=\"400\" class=\"wpcf7-form-control wpcf7-text wpcf7-validates-as-required\" aria-required=\"true\" aria-invalid=\"false\" value=\"\" type=\"text\" name=\"your-subject\" \/><\/span> <\/label>\n<\/p>\n<p><label> Votre message (facultatif)<br \/>\n<span class=\"wpcf7-form-control-wrap\" data-name=\"your-message\"><textarea cols=\"40\" rows=\"10\" maxlength=\"2000\" class=\"wpcf7-form-control wpcf7-textarea\" aria-invalid=\"false\" name=\"your-message\"><\/textarea><\/span> <\/label>\n<\/p>\n<p><input class=\"wpcf7-form-control wpcf7-submit has-spinner\" type=\"submit\" value=\"Soumettre\" \/>\n<\/p><div class=\"wpcf7-response-output\" aria-hidden=\"true\"><\/div>\n<\/form>\n<\/div>\n<\/div>\n\t\t\t\t\t\t<\/div>\n\t\t\t\t<\/div>\n\t\t\t\t\t<\/div>\n\t\t\t\t<\/div>\n\t\t<div class=\"elementor-element elementor-element-00cb3ff e-flex e-con-boxed e-con e-parent\" data-id=\"00cb3ff\" data-element_type=\"container\" data-e-type=\"container\">\n\t\t\t\t\t<div class=\"e-con-inner\">\n\t\t\t\t\t<\/div>\n\t\t\t\t<\/div>\n\t\t\t\t<\/div>\n\t\t","protected":false},"excerpt":{"rendered":"<p>Nous invitons des amis du monde entier \u00e0 devenir nos agents, et nous ouvrons le quota sans condition et ne vous facturerons pas de frais d&rsquo;agent. Que vous souhaitiez vendre nos produits dans votre boutique en ligne ou dans une boutique en ligne, il vous suffit de conclure une coop\u00e9ration avec nous et d&rsquo;obtenir notre&#8230;<\/p>\n","protected":false},"author":1,"featured_media":0,"parent":0,"menu_order":0,"comment_status":"closed","ping_status":"closed","template":"","meta":{"_bst_post_transparent":"","_bst_post_title":"","_bst_post_layout":"","_bst_post_sidebar_id":"","_bst_post_content_style":"","_bst_post_vertical_padding":"","_bst_post_feature":"","_bst_post_feature_position":"","_bst_post_header":false,"_bst_post_footer":false,"footnotes":""},"class_list":["post-30873","page","type-page","status-publish","hentry"],"_links":{"self":[{"href":"https:\/\/xinshengmanufacture.com\/fr\/wp-json\/wp\/v2\/pages\/30873","targetHints":{"allow":["GET"]}}],"collection":[{"href":"https:\/\/xinshengmanufacture.com\/fr\/wp-json\/wp\/v2\/pages"}],"about":[{"href":"https:\/\/xinshengmanufacture.com\/fr\/wp-json\/wp\/v2\/types\/page"}],"author":[{"embeddable":true,"href":"https:\/\/xinshengmanufacture.com\/fr\/wp-json\/wp\/v2\/users\/1"}],"replies":[{"embeddable":true,"href":"https:\/\/xinshengmanufacture.com\/fr\/wp-json\/wp\/v2\/comments?post=30873"}],"version-history":[{"count":2,"href":"https:\/\/xinshengmanufacture.com\/fr\/wp-json\/wp\/v2\/pages\/30873\/revisions"}],"predecessor-version":[{"id":30878,"href":"https:\/\/xinshengmanufacture.com\/fr\/wp-json\/wp\/v2\/pages\/30873\/revisions\/30878"}],"wp:attachment":[{"href":"https:\/\/xinshengmanufacture.com\/fr\/wp-json\/wp\/v2\/media?parent=30873"}],"curies":[{"name":"wp","href":"https:\/\/api.w.org\/{rel}","templated":true}]}}