{"id":30965,"date":"2025-03-29T09:53:02","date_gmt":"2025-03-29T09:53:02","guid":{"rendered":"https:\/\/xinshengmanufacture.com\/conditions-dutilisation\/"},"modified":"2025-06-20T09:16:46","modified_gmt":"2025-06-20T09:16:46","slug":"conditions-dutilisation","status":"publish","type":"page","link":"https:\/\/xinshengmanufacture.com\/fr\/conditions-dutilisation\/","title":{"rendered":"Conditions d&rsquo;utilisation"},"content":{"rendered":"\t\t<div data-elementor-type=\"wp-page\" data-elementor-id=\"30965\" class=\"elementor elementor-30965 elementor-3142\" data-elementor-post-type=\"page\">\n\t\t\t\t<div class=\"elementor-element elementor-element-2b5726b e-flex e-con-boxed e-con e-parent\" data-id=\"2b5726b\" data-element_type=\"container\" data-e-type=\"container\">\n\t\t\t\t\t<div class=\"e-con-inner\">\n\t\t\t\t<div class=\"elementor-element elementor-element-e25c1cd elementor-widget elementor-widget-text-editor\" data-id=\"e25c1cd\" data-element_type=\"widget\" data-e-type=\"widget\" data-widget_type=\"text-editor.default\">\n\t\t\t\t<div class=\"elementor-widget-container\">\n\t\t\t\t\t\t\t\t\t<p><br>Les pr\u00e9sentes conditions g\u00e9n\u00e9rales r\u00e9gissent la vente de biens et de services par xinshengmanufacture LLC (la \"soci\u00e9t\u00e9\") aux acheteurs (le \"client\"). En passant une commande, le client accepte d&rsquo;\u00eatre li\u00e9 par les conditions suivantes : <\/p><p>1. Acceptation de la commande<br>Toutes les commandes sont soumises \u00e0 l&rsquo;acceptation de la Soci\u00e9t\u00e9. L&rsquo;entreprise se r\u00e9serve le droit de refuser ou d&rsquo;annuler toute commande. <\/p><p>2. Prix<br>Tous les prix sont indiqu\u00e9s en dollars am\u00e9ricains et peuvent \u00eatre modifi\u00e9s sans pr\u00e9avis. Les prix sont ceux en vigueur au moment o\u00f9 la commande est pass\u00e9e. Les taxes, les frais d&rsquo;exp\u00e9dition et de manutention sont en sus, sauf indication contraire.  <\/p><p>3. Conditions de paiement<br>Sauf accord \u00e9crit contraire, le paiement doit \u00eatre effectu\u00e9 en totalit\u00e9 avant l&rsquo;exp\u00e9dition du produit. Les modes de paiement accept\u00e9s sont les suivants : esp\u00e8ces, ch\u00e8que, carte de cr\u00e9dit et virement bancaire. <\/p><p>4. Pas de remboursement<br>Le client accepte de ne proc\u00e9der \u00e0 aucun remboursement des montants pay\u00e9s en vertu des pr\u00e9sentes. Toutes les ventes sont d\u00e9finitives et tout litige doit \u00eatre r\u00e9solu directement avec la Soci\u00e9t\u00e9. <\/p><p>5. Exp\u00e9dition et livraison<br>La Soci\u00e9t\u00e9 fera des efforts raisonnables pour exp\u00e9dier le produit \u00e0 la date de livraison estim\u00e9e. L&rsquo;entreprise n&rsquo;est pas responsable des retards de livraison. Bien que nous fassions tout notre possible pour assurer une livraison dans les d\u00e9lais, certains facteurs \u00e9chappent \u00e0 notre contr\u00f4le, tels que l&rsquo;encombrement des ports, les retards douaniers et les perturbations de la cha\u00eene d&rsquo;approvisionnement mondiale. En cas de retard ou de modification du d\u00e9lai de livraison, nous vous en informerons d\u00e8s que possible et vous proposerons d&rsquo;autres solutions. Le risque de perte ou de dommage, les co\u00fbts suppl\u00e9mentaires seront r\u00e9percut\u00e9s sur le client au moment de la livraison. Les clients doivent inspecter les marchandises avant de signer le r\u00e9c\u00e9piss\u00e9 de livraison pour s&rsquo;assurer qu&rsquo;elles ne sont pas endommag\u00e9es. Si vous constatez des dommages, prenez des photos et notez-les sur le r\u00e9c\u00e9piss\u00e9 de livraison avant de le signer.      <\/p><p>Produits personnalis\u00e9s : Pour les meubles personnalis\u00e9s ou faits sur commande, le d\u00e9lai de production est g\u00e9n\u00e9ralement de 4 \u00e0 6 semaines, en fonction du produit. Apr\u00e8s la production, le d\u00e9lai d&rsquo;exp\u00e9dition par voie maritime est g\u00e9n\u00e9ralement de 2 \u00e0 3 mois. Pour les commandes personnalis\u00e9es, nous vous enverrons un calendrier de production sp\u00e9cifique.  <\/p><p>Frais d&rsquo;exp\u00e9dition : Les frais d&rsquo;exp\u00e9dition d\u00e9pendent de la taille et de la destination de votre commande.<br>Avant d&rsquo;effectuer votre achat, nous vous communiquerons les frais d&rsquo;exp\u00e9dition exacts lors de la validation de votre commande. Les instructions donn\u00e9es au moment de la passation de la commande pr\u00e9valent. <\/p><p>6. Retours et remboursements<br>Toutes les ventes sont d\u00e9finitives. L&rsquo;entreprise n&rsquo;accepte aucun retour ou remboursement, sauf si le produit est d\u00e9fectueux ou ne correspond pas \u00e0 la description. Dans ce cas, le client doit en informer l&rsquo;entreprise dans les 48 heures suivant la r\u00e9ception du produit. Toutes les pertes subies apr\u00e8s 48 heures sont \u00e0 la charge du client.  <\/p><p>7. Garantie du produit<br>L&rsquo;entreprise garantit que le produit est exempt de tout d\u00e9faut de mat\u00e9riau et de fabrication pendant la p\u00e9riode de garantie. Cette garantie ne couvre pas les d\u00e9fauts r\u00e9sultant d&rsquo;une mauvaise utilisation, d&rsquo;un abus ou de modifications non autoris\u00e9es. <\/p><p>8. Limitation de responsabilit\u00e9<br>La responsabilit\u00e9 de l&rsquo;entreprise est limit\u00e9e au prix d&rsquo;achat du produit. L&rsquo;entreprise n&rsquo;est pas responsable des dommages indirects, accessoires ou cons\u00e9cutifs r\u00e9sultant de l&rsquo;utilisation ou de l&rsquo;impossibilit\u00e9 d&rsquo;utiliser le produit. <\/p><p>Contactez-nous<br>Si vous avez des questions ou si vous avez besoin d&rsquo;aide, veuillez contacter notre service client\u00e8le \u00e0 l&rsquo;adresse suivante :<\/p><p>Email : pengz2259@gmail.com<br>Nous sommes l\u00e0 pour veiller \u00e0 ce que vos meubles xinshengmanufacture arrivent \u00e0 temps et en toute s\u00e9curit\u00e9, et nous appr\u00e9cions votre patience et votre confiance dans nos produits.<\/p>\t\t\t\t\t\t\t\t<\/div>\n\t\t\t\t<\/div>\n\t\t\t\t\t<\/div>\n\t\t\t\t<\/div>\n\t\t\t\t<\/div>\n\t\t","protected":false},"excerpt":{"rendered":"<p>Les pr\u00e9sentes conditions g\u00e9n\u00e9rales r\u00e9gissent la vente de biens et de services par xinshengmanufacture LLC (la \"soci\u00e9t\u00e9\") aux acheteurs (le \"client\"). En passant une commande, le client accepte d&rsquo;\u00eatre li\u00e9 par les conditions suivantes : 1. Acceptation de la commandeToutes les commandes sont soumises \u00e0 l&rsquo;acceptation de la Soci\u00e9t\u00e9. L&rsquo;entreprise se r\u00e9serve le droit de&#8230;<\/p>\n","protected":false},"author":1,"featured_media":0,"parent":0,"menu_order":0,"comment_status":"closed","ping_status":"closed","template":"","meta":{"_bst_post_transparent":"","_bst_post_title":"","_bst_post_layout":"","_bst_post_sidebar_id":"","_bst_post_content_style":"","_bst_post_vertical_padding":"","_bst_post_feature":"","_bst_post_feature_position":"","_bst_post_header":false,"_bst_post_footer":false,"footnotes":""},"class_list":["post-30965","page","type-page","status-publish","hentry"],"_links":{"self":[{"href":"https:\/\/xinshengmanufacture.com\/fr\/wp-json\/wp\/v2\/pages\/30965","targetHints":{"allow":["GET"]}}],"collection":[{"href":"https:\/\/xinshengmanufacture.com\/fr\/wp-json\/wp\/v2\/pages"}],"about":[{"href":"https:\/\/xinshengmanufacture.com\/fr\/wp-json\/wp\/v2\/types\/page"}],"author":[{"embeddable":true,"href":"https:\/\/xinshengmanufacture.com\/fr\/wp-json\/wp\/v2\/users\/1"}],"replies":[{"embeddable":true,"href":"https:\/\/xinshengmanufacture.com\/fr\/wp-json\/wp\/v2\/comments?post=30965"}],"version-history":[{"count":2,"href":"https:\/\/xinshengmanufacture.com\/fr\/wp-json\/wp\/v2\/pages\/30965\/revisions"}],"predecessor-version":[{"id":30969,"href":"https:\/\/xinshengmanufacture.com\/fr\/wp-json\/wp\/v2\/pages\/30965\/revisions\/30969"}],"wp:attachment":[{"href":"https:\/\/xinshengmanufacture.com\/fr\/wp-json\/wp\/v2\/media?parent=30965"}],"curies":[{"name":"wp","href":"https:\/\/api.w.org\/{rel}","templated":true}]}}