{"id":32310,"date":"2025-04-01T02:35:45","date_gmt":"2025-04-01T02:35:45","guid":{"rendered":"https:\/\/xinshengmanufacture.com\/politique-de-remboursement-et-de-retour\/"},"modified":"2025-06-20T09:30:54","modified_gmt":"2025-06-20T09:30:54","slug":"politique-de-remboursement-et-de-retour","status":"publish","type":"page","link":"https:\/\/xinshengmanufacture.com\/fr\/politique-de-remboursement-et-de-retour\/","title":{"rendered":"Politique de remboursement et de retour"},"content":{"rendered":"\t\t<div data-elementor-type=\"wp-page\" data-elementor-id=\"32310\" class=\"elementor elementor-32310 elementor-10\" data-elementor-post-type=\"page\">\n\t\t\t\t<div class=\"elementor-element elementor-element-21cc70a0 e-flex e-con-boxed e-con e-parent\" data-id=\"21cc70a0\" data-element_type=\"container\" data-e-type=\"container\">\n\t\t\t\t\t<div class=\"e-con-inner\">\n\t\t\t\t<div class=\"elementor-element elementor-element-64b8d0e2 elementor-widget elementor-widget-text-editor\" data-id=\"64b8d0e2\" data-element_type=\"widget\" data-e-type=\"widget\" data-widget_type=\"text-editor.default\">\n\t\t\t\t<div class=\"elementor-widget-container\">\n\t\t\t\t\t\t\t\t\t<p>En raison de la nature de nos produits, y compris la personnalisation et le transport maritime \u00e0 grande \u00e9chelle, nous n&rsquo;acceptons pas les retours pour remboursement dans des circonstances normales. L&rsquo;entreprise n&rsquo;accepte aucun retour ou remboursement sauf si le produit est d\u00e9fectueux ou ne correspond pas \u00e0 la description. Dans ce cas, le client doit en informer la soci\u00e9t\u00e9 dans les 48 heures suivant la r\u00e9ception du produit, et les frais de retour sont \u00e0 la charge du client. Si vous contactez notre soci\u00e9t\u00e9 apr\u00e8s plus de 48 heures, nous ne serons pas responsables des pertes subies, et toutes les pertes subies seront \u00e0 la charge du client.   <\/p>\n<p>Commander :<\/p>\n<p>Chaque article est adapt\u00e9 \u00e0 des besoins et \u00e0 des exigences sp\u00e9cifiques, ce qui en fait un article unique dans votre commande.<\/p>\n<p>Une fois la production commenc\u00e9e, aucune modification ou annulation n&rsquo;est autoris\u00e9e.<\/p>\n<p>D\u00e9lai d&rsquo;exp\u00e9dition :<\/p>\n<p>En raison des proc\u00e9dures d&rsquo;exp\u00e9dition internationales, le d\u00e9lai de livraison peut \u00eatre de 2 \u00e0 3 mois.<\/p>\n<p>Nous vous recommandons de passer vos commandes \u00e0 l&rsquo;avance afin de respecter le calendrier de votre projet.<\/p>\n<p>Confirmation de la commande :<\/p>\n<p>Toutes les commandes seront confirm\u00e9es avec vous en d\u00e9tail avant le d\u00e9but de la production afin de garantir la clart\u00e9 et l&rsquo;exactitude des informations.<\/p>\n<p>Veuillez v\u00e9rifier toutes les sp\u00e9cifications, y compris la couleur, le mat\u00e9riau et la taille, avant l&rsquo;approbation finale.<\/p>\n<p>Politique de retour<br>En raison de la nature de nos produits, y compris les grandes tailles, la personnalisation et les d\u00e9lais d&rsquo;exp\u00e9dition prolong\u00e9s (le transport maritime prend 2 \u00e0 3 mois), nous ne sommes pas en mesure d&rsquo;accepter les retours ou les \u00e9changes.<\/p>\n<p>Cette politique nous permet de maintenir les normes de qualit\u00e9 les plus \u00e9lev\u00e9es et de r\u00e9pondre aux exigences uniques de personnalisation de chaque commande. Nous vous recommandons vivement d&rsquo;examiner attentivement les d\u00e9tails de la commande, y compris la taille, la couleur et les sp\u00e9cifications avant de confirmer. <\/p>\n<p>Si vous avez des pr\u00e9occupations au cours du processus d&rsquo;achat, notre \u00e9quipe est toujours l\u00e0 pour vous aider et s&rsquo;assurer que votre commande r\u00e9pond \u00e0 vos attentes.<\/p>\n<p>Politique de garantie<br>Nous garantissons la qualit\u00e9 de nos produits et offrons une garantie limit\u00e9e pour prot\u00e9ger votre achat.<\/p>\n<p>Couverture de la garantie :<\/p>\n<p>\u00c9l\u00e9ments structurels : jusqu&rsquo;\u00e0 12 mois \u00e0 compter de la date de livraison.<\/p>\n<p>Traitement de surface (comme les dommages caus\u00e9s par la peinture de surface) : uniquement applicable au transport de marchandises assur\u00e9 par notre soci\u00e9t\u00e9. En cas de dommages de surface caus\u00e9s par des chocs pendant le transport, les clients doivent nous contacter avant de signer pour la livraison afin de n\u00e9gocier une solution. Nous ne sommes pas responsables des dommages caus\u00e9s plus de 48 heures apr\u00e8s la signature de la livraison, et le client est responsable de la perte. Si le client a sa propre soci\u00e9t\u00e9 de transport, nous ne sommes responsables que de la garantie entre l&rsquo;adresse de notre soci\u00e9t\u00e9 et l&rsquo;adresse de l&rsquo;entrep\u00f4t fournie par le client. Si le dommage est caus\u00e9 par l&rsquo;entr\u00e9e dans l&rsquo;entrep\u00f4t, le client ou la soci\u00e9t\u00e9 de transport fournie par le client est responsable.    <\/p>\n<p>Composants \u00e9lectriques (le cas \u00e9ch\u00e9ant) : jusqu&rsquo;\u00e0 12 mois \u00e0 compter de la date de livraison. Les clients doivent contacter le conseiller de notre soci\u00e9t\u00e9 dans les d\u00e9lais impartis et d\u00e9crire clairement le probl\u00e8me afin que notre soci\u00e9t\u00e9 puisse leur fournir les accessoires endommag\u00e9s. Les frais de transport des accessoires sont \u00e0 la charge du client.  <\/p>\n<p>Exclusions de garantie :<\/p>\n<p>L&rsquo;usure normale ou les dommages caus\u00e9s par une utilisation inappropri\u00e9e.<\/p>\n<p>Probl\u00e8mes caus\u00e9s par un assemblage incorrect, un entretien ou des r\u00e9parations non autoris\u00e9es.<\/p>\n<p>De l\u00e9gers changements de couleur, de texture ou d&rsquo;aspect sont des caract\u00e9ristiques naturelles de certains mat\u00e9riaux.<\/p>\n<p>Introduction d&rsquo;une r\u00e9clamation au titre de la garantie :<br>Pour introduire une r\u00e9clamation, veuillez nous contacter \u00e0 l&rsquo;adresse pengz2259@gmail.com et fournir les informations suivantes :<br>Votre num\u00e9ro de commande.<br>Une photo ou une vid\u00e9o claire du probl\u00e8me.<br>Une description d\u00e9taill\u00e9e du probl\u00e8me.<br>Les r\u00e9clamations doivent \u00eatre introduites au cours de la p\u00e9riode de garantie.<\/p>\t\t\t\t\t\t\t\t<\/div>\n\t\t\t\t<\/div>\n\t\t\t\t\t<\/div>\n\t\t\t\t<\/div>\n\t\t\t\t<\/div>\n\t\t","protected":false},"excerpt":{"rendered":"<p>En raison de la nature de nos produits, y compris la personnalisation et le transport maritime \u00e0 grande \u00e9chelle, nous n&rsquo;acceptons pas les retours pour remboursement dans des circonstances normales. L&rsquo;entreprise n&rsquo;accepte aucun retour ou remboursement sauf si le produit est d\u00e9fectueux ou ne correspond pas \u00e0 la description. Dans ce cas, le client doit&#8230;<\/p>\n","protected":false},"author":1,"featured_media":0,"parent":0,"menu_order":0,"comment_status":"closed","ping_status":"closed","template":"","meta":{"_bst_post_transparent":"","_bst_post_title":"","_bst_post_layout":"","_bst_post_sidebar_id":"","_bst_post_content_style":"","_bst_post_vertical_padding":"","_bst_post_feature":"","_bst_post_feature_position":"","_bst_post_header":false,"_bst_post_footer":false,"footnotes":""},"class_list":["post-32310","page","type-page","status-publish","hentry"],"_links":{"self":[{"href":"https:\/\/xinshengmanufacture.com\/fr\/wp-json\/wp\/v2\/pages\/32310","targetHints":{"allow":["GET"]}}],"collection":[{"href":"https:\/\/xinshengmanufacture.com\/fr\/wp-json\/wp\/v2\/pages"}],"about":[{"href":"https:\/\/xinshengmanufacture.com\/fr\/wp-json\/wp\/v2\/types\/page"}],"author":[{"embeddable":true,"href":"https:\/\/xinshengmanufacture.com\/fr\/wp-json\/wp\/v2\/users\/1"}],"replies":[{"embeddable":true,"href":"https:\/\/xinshengmanufacture.com\/fr\/wp-json\/wp\/v2\/comments?post=32310"}],"version-history":[{"count":2,"href":"https:\/\/xinshengmanufacture.com\/fr\/wp-json\/wp\/v2\/pages\/32310\/revisions"}],"predecessor-version":[{"id":32314,"href":"https:\/\/xinshengmanufacture.com\/fr\/wp-json\/wp\/v2\/pages\/32310\/revisions\/32314"}],"wp:attachment":[{"href":"https:\/\/xinshengmanufacture.com\/fr\/wp-json\/wp\/v2\/media?parent=32310"}],"curies":[{"name":"wp","href":"https:\/\/api.w.org\/{rel}","templated":true}]}}