{"id":32287,"date":"2025-04-14T08:51:04","date_gmt":"2025-04-14T08:51:04","guid":{"rendered":"https:\/\/xinshengmanufacture.com\/product\/chaise-de-pedicure-multifonctionnelle-pour-salon-de-manucure-vente-chaude-de-luxe-chaise-de-pedicure-pour-salon-de-manucure-spa-tu-mobilier-commercial\/"},"modified":"2025-08-26T08:02:48","modified_gmt":"2025-08-26T08:02:48","slug":"chaise-de-pedicure-multifonctionnelle-pour-salon-de-manucure-vente-chaude-de-luxe-chaise-de-pedicure-pour-salon-de-manucure-spa-tu-mobilier-commercial","status":"publish","type":"product","link":"https:\/\/xinshengmanufacture.com\/fr\/product\/chaise-de-pedicure-multifonctionnelle-pour-salon-de-manucure-vente-chaude-de-luxe-chaise-de-pedicure-pour-salon-de-manucure-spa-tu-mobilier-commercial\/","title":{"rendered":"Chaise de p\u00e9dicure multifonctionnelle pour salon de manucure, vente chaude de luxe, chaise de p\u00e9dicure pour salon de manucure, spa tu, mobilier commercial"},"content":{"rendered":"<div class=\"wp-playlist wp-video-playlist wp-playlist-light\">\n\t\t<video controls=\"controls\" preload=\"none\" width=\"1408\"\n\t\t height=\"2503\"\t><\/video>\n\t<div class=\"wp-playlist-next\"><\/div>\n\t<div class=\"wp-playlist-prev\"><\/div>\n\t<noscript>\n\t<ol>\n\t\t<li><a href='https:\/\/xinshengmanufacture.com\/wp-content\/uploads\/2025\/04\/WeChat_20250414164622.mp4'>WeChat_20250414164622<\/a><\/li>\t<\/ol>\n\t<\/noscript>\n\t<script type=\"application\/json\" class=\"wp-playlist-script\">{\"type\":\"video\",\"tracklist\":false,\"tracknumbers\":true,\"images\":true,\"artists\":true,\"tracks\":[{\"src\":\"https:\/\/xinshengmanufacture.com\/wp-content\/uploads\/2025\/04\/WeChat_20250414164622.mp4\",\"type\":\"video\/mp4\",\"title\":\"WeChat_20250414164622\",\"caption\":\"\",\"description\":\"\",\"meta\":{\"length_formatted\":\"0:44\"},\"dimensions\":{\"original\":{\"width\":1080,\"height\":1920},\"resized\":{\"width\":1408,\"height\":2503}},\"image\":{\"src\":\"https:\/\/xinshengmanufacture.com\/wp-includes\/images\/media\/video.svg\",\"width\":48,\"height\":64},\"thumb\":{\"src\":\"https:\/\/xinshengmanufacture.com\/wp-includes\/images\/media\/video.svg\",\"width\":48,\"height\":64}}]}<\/script>\n<\/div>\n\t\n<p style=\"text-align: center;\"><img fetchpriority=\"high\" decoding=\"async\" class=\"size-full wp-image-4065 aligncenter\" src=\"https:\/\/xinshengmanufacture.com\/wp-content\/uploads\/2025\/04\/%E8%B6%85%E5%B7%A5%E5%AE%9A%E5%88%B6%E8%8B%B1%E6%96%87_011-1.jpg\" alt=\"\" width=\"1200\" height=\"1857\"><img decoding=\"async\" class=\"size-full wp-image-4066 aligncenter\" src=\"https:\/\/xinshengmanufacture.com\/wp-content\/uploads\/2025\/04\/%E8%B6%85%E5%B7%A5%E5%AE%9A%E5%88%B6%E8%8B%B1%E6%96%87_021-1.jpg\" alt=\"\" width=\"1200\" height=\"1054\"><img decoding=\"async\" class=\"size-full wp-image-4067 aligncenter\" src=\"https:\/\/xinshengmanufacture.com\/wp-content\/uploads\/2025\/04\/%E8%B6%85%E5%B7%A5%E5%AE%9A%E5%88%B6%E8%8B%B1%E6%96%87_031-1.jpg\" alt=\"\" width=\"1200\" height=\"1563\"><img loading=\"lazy\" decoding=\"async\" class=\"size-full wp-image-4068 aligncenter\" src=\"https:\/\/xinshengmanufacture.com\/wp-content\/uploads\/2025\/04\/%E8%B6%85%E5%B7%A5%E5%AE%9A%E5%88%B6%E8%8B%B1%E6%96%87_041-1.jpg\" alt=\"\" width=\"1200\" height=\"1755\"><img loading=\"lazy\" decoding=\"async\" class=\"size-full wp-image-4069 aligncenter\" src=\"https:\/\/xinshengmanufacture.com\/wp-content\/uploads\/2025\/04\/%E8%B6%85%E5%B7%A5%E5%AE%9A%E5%88%B6%E8%8B%B1%E6%96%87_051-1.jpg\" alt=\"\" width=\"1200\" height=\"2257\"><img loading=\"lazy\" decoding=\"async\" class=\"size-full wp-image-3896 aligncenter\" src=\"https:\/\/xinshengmanufacture.com\/wp-content\/uploads\/2025\/04\/%E6%9C%AA%E6%A0%87%E9%A2%98-1_01.jpg\" alt=\"\" width=\"1200\" height=\"1871\"> <img loading=\"lazy\" decoding=\"async\" class=\"size-full wp-image-3897 aligncenter\" src=\"https:\/\/xinshengmanufacture.com\/wp-content\/uploads\/2025\/04\/%E6%9C%AA%E6%A0%87%E9%A2%98-1_02.jpg\" alt=\"\" width=\"1200\" height=\"1750\"> <img loading=\"lazy\" decoding=\"async\" class=\"aligncenter wp-image-3898\" src=\"https:\/\/xinshengmanufacture.com\/wp-content\/uploads\/2025\/04\/%E6%9C%AA%E6%A0%87%E9%A2%98-1_03-scaled.jpg\" alt=\"\" width=\"1200\" height=\"4333\"> <img loading=\"lazy\" decoding=\"async\" class=\"size-full wp-image-3899 aligncenter\" src=\"https:\/\/xinshengmanufacture.com\/wp-content\/uploads\/2025\/04\/%E6%9C%AA%E6%A0%87%E9%A2%98-1_04-scaled.jpg\" alt=\"\" width=\"1197\" height=\"2560\"> <img loading=\"lazy\" decoding=\"async\" class=\"size-full wp-image-3900 aligncenter\" src=\"https:\/\/xinshengmanufacture.com\/wp-content\/uploads\/2025\/04\/%E6%9C%AA%E6%A0%87%E9%A2%98-1_05.jpg\" alt=\"\" width=\"1200\" height=\"2055\"> <img loading=\"lazy\" decoding=\"async\" class=\"size-full wp-image-3901 aligncenter\" src=\"https:\/\/xinshengmanufacture.com\/wp-content\/uploads\/2025\/04\/%E6%9C%AA%E6%A0%87%E9%A2%98-1_06.jpg\" alt=\"\" width=\"1200\" height=\"1643\"> <img loading=\"lazy\" decoding=\"async\" class=\"size-full wp-image-3902 aligncenter\" src=\"https:\/\/xinshengmanufacture.com\/wp-content\/uploads\/2025\/04\/%E6%9C%AA%E6%A0%87%E9%A2%98-1_07.jpg\" alt=\"\" width=\"1200\" height=\"1650\"> <img loading=\"lazy\" decoding=\"async\" class=\"alignnone size-full wp-image-3903\" src=\"https:\/\/xinshengmanufacture.com\/wp-content\/uploads\/2025\/04\/%E6%9C%AA%E6%A0%87%E9%A2%98-1_08.jpg\" alt=\"\" width=\"1200\" height=\"1677\"> <img loading=\"lazy\" decoding=\"async\" class=\"size-full wp-image-3904 aligncenter\" src=\"https:\/\/xinshengmanufacture.com\/wp-content\/uploads\/2025\/04\/%E6%9C%AA%E6%A0%87%E9%A2%98-1_09.jpg\" alt=\"\" width=\"1200\" height=\"1908\"> <img loading=\"lazy\" decoding=\"async\" class=\"size-full wp-image-3905 aligncenter\" src=\"https:\/\/xinshengmanufacture.com\/wp-content\/uploads\/2025\/04\/%E6%9C%AA%E6%A0%87%E9%A2%98-1_10.jpg\" alt=\"\" width=\"1200\" height=\"2020\"> <img loading=\"lazy\" decoding=\"async\" class=\"size-full wp-image-3906 aligncenter\" src=\"https:\/\/xinshengmanufacture.com\/wp-content\/uploads\/2025\/04\/%E6%9C%AA%E6%A0%87%E9%A2%98-1_11.jpg\" alt=\"\" width=\"1200\" height=\"1852\"> <img loading=\"lazy\" decoding=\"async\" class=\"size-full wp-image-3907 aligncenter\" src=\"https:\/\/xinshengmanufacture.com\/wp-content\/uploads\/2025\/04\/%E6%9C%AA%E6%A0%87%E9%A2%98-1_12-scaled.jpg\" alt=\"\" width=\"1036\" height=\"2560\"> <img loading=\"lazy\" decoding=\"async\" class=\"size-full wp-image-3908 aligncenter\" src=\"https:\/\/xinshengmanufacture.com\/wp-content\/uploads\/2025\/04\/%E6%9C%AA%E6%A0%87%E9%A2%98-1_13-scaled.jpg\" alt=\"\" width=\"1186\" height=\"2560\"><\/p>\n","protected":false},"excerpt":{"rendered":"<p>Le fauteuil de massage et de p\u00e9dicure intelligent multifonctionnel peut \u00eatre utilis\u00e9 dans les salons de coiffure, les centres de spa, les centres de massage, les centres de bains de pieds, etc.<\/p>\n","protected":false},"featured_media":32290,"template":"","meta":{"_bst_post_transparent":"","_bst_post_title":"","_bst_post_layout":"","_bst_post_sidebar_id":"","_bst_post_content_style":"","_bst_post_vertical_padding":"","_bst_post_feature":"","_bst_post_feature_position":"","_bst_post_header":false,"_bst_post_footer":false},"product_brand":[1081],"product_cat":[821],"product_tag":[],"class_list":{"0":"post-32287","1":"product","2":"type-product","3":"status-publish","4":"has-post-thumbnail","6":"product_brand-xinsheng-fr","7":"product_cat-fauteuil-de-pedicure-footbath","8":"pa_color-blanc","9":"pa_color-couleurs-personnalisees","10":"pa_color-noir","11":"pa_size-19062200cm-fr","13":"first","14":"instock","15":"sale","16":"shipping-taxable","17":"purchasable","18":"product-type-variable","19":"entry","20":"content-bg","21":"loop-entry"},"_links":{"self":[{"href":"https:\/\/xinshengmanufacture.com\/fr\/wp-json\/wp\/v2\/product\/32287","targetHints":{"allow":["GET"]}}],"collection":[{"href":"https:\/\/xinshengmanufacture.com\/fr\/wp-json\/wp\/v2\/product"}],"about":[{"href":"https:\/\/xinshengmanufacture.com\/fr\/wp-json\/wp\/v2\/types\/product"}],"version-history":[{"count":2,"href":"https:\/\/xinshengmanufacture.com\/fr\/wp-json\/wp\/v2\/product\/32287\/revisions"}],"predecessor-version":[{"id":74884,"href":"https:\/\/xinshengmanufacture.com\/fr\/wp-json\/wp\/v2\/product\/32287\/revisions\/74884"}],"wp:featuredmedia":[{"embeddable":true,"href":"https:\/\/xinshengmanufacture.com\/fr\/wp-json\/wp\/v2\/media\/32290"}],"wp:attachment":[{"href":"https:\/\/xinshengmanufacture.com\/fr\/wp-json\/wp\/v2\/media?parent=32287"}],"wp:term":[{"taxonomy":"product_brand","embeddable":true,"href":"https:\/\/xinshengmanufacture.com\/fr\/wp-json\/wp\/v2\/product_brand?post=32287"},{"taxonomy":"product_cat","embeddable":true,"href":"https:\/\/xinshengmanufacture.com\/fr\/wp-json\/wp\/v2\/product_cat?post=32287"},{"taxonomy":"product_tag","embeddable":true,"href":"https:\/\/xinshengmanufacture.com\/fr\/wp-json\/wp\/v2\/product_tag?post=32287"}],"curies":[{"name":"wp","href":"https:\/\/api.w.org\/{rel}","templated":true}]}}