{"id":32673,"date":"2025-04-11T09:31:12","date_gmt":"2025-04-11T09:31:12","guid":{"rendered":"https:\/\/xinshengmanufacture.com\/product\/mobilier-commercial-mobilier-de-salon-de-manucure-chaise-de-spa-pour-les-pieds-chaise-de-massage-electrique-chaise-de-manucure-et-de-pedicure-chaise-de-pedicure-haut-de-gamme-de-luxe\/"},"modified":"2025-08-26T08:06:19","modified_gmt":"2025-08-26T08:06:19","slug":"mobilier-commercial-mobilier-de-salon-de-manucure-chaise-de-spa-pour-les-pieds-chaise-de-massage-electrique-chaise-de-manucure-et-de-pedicure-chaise-de-pedicure-haut-de-gamme-de-luxe","status":"publish","type":"product","link":"https:\/\/xinshengmanufacture.com\/fr\/product\/mobilier-commercial-mobilier-de-salon-de-manucure-chaise-de-spa-pour-les-pieds-chaise-de-massage-electrique-chaise-de-manucure-et-de-pedicure-chaise-de-pedicure-haut-de-gamme-de-luxe\/","title":{"rendered":"Mobilier commercial Mobilier de salon de manucure Chaise de spa pour les pieds Chaise de massage \u00e9lectrique Chaise de manucure et de p\u00e9dicure Chaise de p\u00e9dicure haut de gamme de luxe"},"content":{"rendered":"<div class=\"wp-playlist wp-video-playlist wp-playlist-light\">\n\t\t<video controls=\"controls\" preload=\"none\" width=\"1408\"\n\t\t height=\"2503\"\t><\/video>\n\t<div class=\"wp-playlist-next\"><\/div>\n\t<div class=\"wp-playlist-prev\"><\/div>\n\t<noscript>\n\t<ol>\n\t\t<li><a href='https:\/\/xinshengmanufacture.com\/wp-content\/uploads\/2025\/04\/WeChat_20250411174535.mp4'>WeChat_20250411174535<\/a><\/li>\t<\/ol>\n\t<\/noscript>\n\t<script type=\"application\/json\" class=\"wp-playlist-script\">{\"type\":\"video\",\"tracklist\":false,\"tracknumbers\":true,\"images\":true,\"artists\":true,\"tracks\":[{\"src\":\"https:\/\/xinshengmanufacture.com\/wp-content\/uploads\/2025\/04\/WeChat_20250411174535.mp4\",\"type\":\"video\/mp4\",\"title\":\"WeChat_20250411174535\",\"caption\":\"\",\"description\":\"\",\"meta\":{\"length_formatted\":\"0:45\"},\"dimensions\":{\"original\":{\"width\":1080,\"height\":1920},\"resized\":{\"width\":1408,\"height\":2503}},\"image\":{\"src\":\"https:\/\/xinshengmanufacture.com\/wp-includes\/images\/media\/video.svg\",\"width\":48,\"height\":64},\"thumb\":{\"src\":\"https:\/\/xinshengmanufacture.com\/wp-includes\/images\/media\/video.svg\",\"width\":48,\"height\":64}}]}<\/script>\n<\/div>\n\t\n<p style=\"text-align: center;\"><img fetchpriority=\"high\" decoding=\"async\" class=\"alignnone size-full wp-image-3746\" src=\"https:\/\/xinshengmanufacture.com\/wp-content\/uploads\/2025\/04\/%E8%B6%85%E5%B7%A5%E5%AE%9A%E5%88%B6%E8%8B%B1%E6%96%87_011.jpg\" alt=\"\" width=\"1200\" height=\"1857\"> <img decoding=\"async\" class=\"alignnone size-full wp-image-3747\" src=\"https:\/\/xinshengmanufacture.com\/wp-content\/uploads\/2025\/04\/%E8%B6%85%E5%B7%A5%E5%AE%9A%E5%88%B6%E8%8B%B1%E6%96%87_021.jpg\" alt=\"\" width=\"1200\" height=\"1054\"> <img decoding=\"async\" class=\"alignnone size-full wp-image-3748\" src=\"https:\/\/xinshengmanufacture.com\/wp-content\/uploads\/2025\/04\/%E8%B6%85%E5%B7%A5%E5%AE%9A%E5%88%B6%E8%8B%B1%E6%96%87_031.jpg\" alt=\"\" width=\"1200\" height=\"1563\"> <img loading=\"lazy\" decoding=\"async\" class=\"alignnone size-full wp-image-3749\" src=\"https:\/\/xinshengmanufacture.com\/wp-content\/uploads\/2025\/04\/%E8%B6%85%E5%B7%A5%E5%AE%9A%E5%88%B6%E8%8B%B1%E6%96%87_041.jpg\" alt=\"\" width=\"1200\" height=\"1755\"> <img loading=\"lazy\" decoding=\"async\" class=\"alignnone size-full wp-image-3750\" src=\"https:\/\/xinshengmanufacture.com\/wp-content\/uploads\/2025\/04\/%E8%B6%85%E5%B7%A5%E5%AE%9A%E5%88%B6%E8%8B%B1%E6%96%87_051.jpg\" alt=\"\" width=\"1200\" height=\"2257\"><img loading=\"lazy\" decoding=\"async\" class=\"alignnone size-full wp-image-3732\" src=\"https:\/\/xinshengmanufacture.com\/wp-content\/uploads\/2025\/04\/%E6%9C%AA%E6%A0%87%E9%A2%98-2_01-1.jpg\" alt=\"\" width=\"1200\" height=\"1748\"> <img loading=\"lazy\" decoding=\"async\" class=\"alignnone size-full wp-image-3733\" src=\"https:\/\/xinshengmanufacture.com\/wp-content\/uploads\/2025\/04\/%E6%9C%AA%E6%A0%87%E9%A2%98-2_02-1.jpg\" alt=\"\" width=\"1200\" height=\"1978\"> <img loading=\"lazy\" decoding=\"async\" class=\"alignnone size-full wp-image-3734\" src=\"https:\/\/xinshengmanufacture.com\/wp-content\/uploads\/2025\/04\/%E6%9C%AA%E6%A0%87%E9%A2%98-2_03-1.jpg\" alt=\"\" width=\"1200\" height=\"2141\"> <img loading=\"lazy\" decoding=\"async\" class=\"alignnone size-full wp-image-3735\" src=\"https:\/\/xinshengmanufacture.com\/wp-content\/uploads\/2025\/04\/%E6%9C%AA%E6%A0%87%E9%A2%98-2_04-1.jpg\" alt=\"\" width=\"1200\" height=\"2337\"> <img loading=\"lazy\" decoding=\"async\" class=\"alignnone size-full wp-image-3736\" src=\"https:\/\/xinshengmanufacture.com\/wp-content\/uploads\/2025\/04\/%E6%9C%AA%E6%A0%87%E9%A2%98-2_05-1.jpg\" alt=\"\" width=\"1200\" height=\"2341\"> <img loading=\"lazy\" decoding=\"async\" class=\"alignnone size-full wp-image-3737\" src=\"https:\/\/xinshengmanufacture.com\/wp-content\/uploads\/2025\/04\/%E6%9C%AA%E6%A0%87%E9%A2%98-2_06-1.jpg\" alt=\"\" width=\"1200\" height=\"2008\"> <img loading=\"lazy\" decoding=\"async\" class=\"alignnone size-full wp-image-3738\" src=\"https:\/\/xinshengmanufacture.com\/wp-content\/uploads\/2025\/04\/%E6%9C%AA%E6%A0%87%E9%A2%98-2_07-1.jpg\" alt=\"\" width=\"1200\" height=\"1534\"> <img loading=\"lazy\" decoding=\"async\" class=\"alignnone size-full wp-image-3739\" src=\"https:\/\/xinshengmanufacture.com\/wp-content\/uploads\/2025\/04\/%E6%9C%AA%E6%A0%87%E9%A2%98-2_08-1.jpg\" alt=\"\" width=\"1200\" height=\"1624\"> <img loading=\"lazy\" decoding=\"async\" class=\"alignnone size-full wp-image-3740\" src=\"https:\/\/xinshengmanufacture.com\/wp-content\/uploads\/2025\/04\/%E6%9C%AA%E6%A0%87%E9%A2%98-2_09-1.jpg\" alt=\"\" width=\"1200\" height=\"1794\"> <img loading=\"lazy\" decoding=\"async\" class=\"alignnone size-full wp-image-3741\" src=\"https:\/\/xinshengmanufacture.com\/wp-content\/uploads\/2025\/04\/%E6%9C%AA%E6%A0%87%E9%A2%98-2_10-1.jpg\" alt=\"\" width=\"1200\" height=\"1898\"> <img loading=\"lazy\" decoding=\"async\" class=\"alignnone size-full wp-image-3742\" src=\"https:\/\/xinshengmanufacture.com\/wp-content\/uploads\/2025\/04\/%E6%9C%AA%E6%A0%87%E9%A2%98-2_11-1.jpg\" alt=\"\" width=\"1200\" height=\"1951\"> <img loading=\"lazy\" decoding=\"async\" class=\"alignnone size-full wp-image-3743\" src=\"https:\/\/xinshengmanufacture.com\/wp-content\/uploads\/2025\/04\/%E6%9C%AA%E6%A0%87%E9%A2%98-2_12-1.jpg\" alt=\"\" width=\"1200\" height=\"2175\"> <img loading=\"lazy\" decoding=\"async\" class=\"alignnone size-full wp-image-3744\" src=\"https:\/\/xinshengmanufacture.com\/wp-content\/uploads\/2025\/04\/%E6%9C%AA%E6%A0%87%E9%A2%98-2_13-1-scaled.jpg\" alt=\"\" width=\"1099\" height=\"2560\"> <img loading=\"lazy\" decoding=\"async\" class=\"alignnone size-full wp-image-3745\" src=\"https:\/\/xinshengmanufacture.com\/wp-content\/uploads\/2025\/04\/%E6%9C%AA%E6%A0%87%E9%A2%98-2_14.jpg\" alt=\"\" width=\"1200\" height=\"2410\"><\/p>\n<div id=\"gtx-trans\" style=\"position: absolute; left: 690px; top: 33px;\">\n<div class=\"gtx-trans-icon\"><\/div>\n<\/div>\n","protected":false},"excerpt":{"rendered":"<p>Peut \u00eatre utilis\u00e9 dans les centres de massage des pieds, les salons de coiffure, les salons de barbier, les centres de beaut\u00e9, etc.<\/p>\n","protected":false},"featured_media":16369,"template":"","meta":{"_bst_post_transparent":"","_bst_post_title":"","_bst_post_layout":"","_bst_post_sidebar_id":"","_bst_post_content_style":"","_bst_post_vertical_padding":"","_bst_post_feature":"","_bst_post_feature_position":"","_bst_post_header":false,"_bst_post_footer":false},"product_brand":[1081],"product_cat":[821],"product_tag":[],"class_list":{"0":"post-32673","1":"product","2":"type-product","3":"status-publish","4":"has-post-thumbnail","6":"product_brand-xinsheng-fr","7":"product_cat-fauteuil-de-pedicure-footbath","8":"pa_color-abricot","9":"pa_color-couleurs-personnalisees","10":"pa_size-9014287cm-fr","12":"first","13":"instock","14":"sale","15":"shipping-taxable","16":"purchasable","17":"product-type-variable","18":"entry","19":"content-bg","20":"loop-entry"},"_links":{"self":[{"href":"https:\/\/xinshengmanufacture.com\/fr\/wp-json\/wp\/v2\/product\/32673","targetHints":{"allow":["GET"]}}],"collection":[{"href":"https:\/\/xinshengmanufacture.com\/fr\/wp-json\/wp\/v2\/product"}],"about":[{"href":"https:\/\/xinshengmanufacture.com\/fr\/wp-json\/wp\/v2\/types\/product"}],"version-history":[{"count":1,"href":"https:\/\/xinshengmanufacture.com\/fr\/wp-json\/wp\/v2\/product\/32673\/revisions"}],"predecessor-version":[{"id":32676,"href":"https:\/\/xinshengmanufacture.com\/fr\/wp-json\/wp\/v2\/product\/32673\/revisions\/32676"}],"wp:featuredmedia":[{"embeddable":true,"href":"https:\/\/xinshengmanufacture.com\/fr\/wp-json\/wp\/v2\/media\/16369"}],"wp:attachment":[{"href":"https:\/\/xinshengmanufacture.com\/fr\/wp-json\/wp\/v2\/media?parent=32673"}],"wp:term":[{"taxonomy":"product_brand","embeddable":true,"href":"https:\/\/xinshengmanufacture.com\/fr\/wp-json\/wp\/v2\/product_brand?post=32673"},{"taxonomy":"product_cat","embeddable":true,"href":"https:\/\/xinshengmanufacture.com\/fr\/wp-json\/wp\/v2\/product_cat?post=32673"},{"taxonomy":"product_tag","embeddable":true,"href":"https:\/\/xinshengmanufacture.com\/fr\/wp-json\/wp\/v2\/product_tag?post=32673"}],"curies":[{"name":"wp","href":"https:\/\/api.w.org\/{rel}","templated":true}]}}