{"id":35546,"date":"2025-04-16T06:43:15","date_gmt":"2025-04-16T06:43:15","guid":{"rendered":"https:\/\/xinshengmanufacture.com\/product\/vente-a-chaud-salon-de-coiffure-lit-de-massage-electrique-intelligent-avec-lumiere-dambiance-design-cool-salon-de-coiffure-lit-de-massage-shampoing-equipement-spa-salon-equipement-mobilier-commercia\/"},"modified":"2025-08-26T08:03:36","modified_gmt":"2025-08-26T08:03:36","slug":"vente-a-chaud-salon-de-coiffure-lit-de-massage-electrique-intelligent-avec-lumiere-dambiance-design-cool-salon-de-coiffure-lit-de-massage-shampoing-equipement-spa-salon-equipement-mobilier-commercia","status":"publish","type":"product","link":"https:\/\/xinshengmanufacture.com\/fr\/product\/vente-a-chaud-salon-de-coiffure-lit-de-massage-electrique-intelligent-avec-lumiere-dambiance-design-cool-salon-de-coiffure-lit-de-massage-shampoing-equipement-spa-salon-equipement-mobilier-commercia\/","title":{"rendered":"Vente \u00e0 chaud salon de coiffure lit de massage \u00e9lectrique intelligent avec lumi\u00e8re d&rsquo;ambiance design cool salon de coiffure lit de massage shampoing \u00e9quipement spa salon \u00e9quipement mobilier commercial"},"content":{"rendered":"<div class=\"wp-playlist wp-video-playlist wp-playlist-light\">\n\t\t<video controls=\"controls\" preload=\"none\" width=\"1408\"\n\t\t height=\"2503\"\t><\/video>\n\t<div class=\"wp-playlist-next\"><\/div>\n\t<div class=\"wp-playlist-prev\"><\/div>\n\t<noscript>\n\t<ol>\n\t\t<li><a href='https:\/\/xinshengmanufacture.com\/wp-content\/uploads\/2025\/04\/WeChat_20250416163504.mp4'>WeChat_20250416163504<\/a><\/li>\t<\/ol>\n\t<\/noscript>\n\t<script type=\"application\/json\" class=\"wp-playlist-script\">{\"type\":\"video\",\"tracklist\":false,\"tracknumbers\":true,\"images\":true,\"artists\":true,\"tracks\":[{\"src\":\"https:\/\/xinshengmanufacture.com\/wp-content\/uploads\/2025\/04\/WeChat_20250416163504.mp4\",\"type\":\"video\/mp4\",\"title\":\"WeChat_20250416163504\",\"caption\":\"\",\"description\":\"\",\"meta\":{\"length_formatted\":\"0:45\"},\"dimensions\":{\"original\":{\"width\":1080,\"height\":1920},\"resized\":{\"width\":1408,\"height\":2503}},\"image\":{\"src\":\"https:\/\/xinshengmanufacture.com\/wp-includes\/images\/media\/video.svg\",\"width\":48,\"height\":64},\"thumb\":{\"src\":\"https:\/\/xinshengmanufacture.com\/wp-includes\/images\/media\/video.svg\",\"width\":48,\"height\":64}}]}<\/script>\n<\/div>\n\t\n<p style=\"text-align: center;\"><img fetchpriority=\"high\" decoding=\"async\" class=\"size-full wp-image-4058 aligncenter\" src=\"https:\/\/xinshengmanufacture.com\/wp-content\/uploads\/2025\/04\/%E8%B6%85%E5%B7%A5%E5%AE%9A%E5%88%B6%E8%8B%B1%E6%96%87_01-3.jpg\" alt=\"\" width=\"790\" height=\"1223\"><img decoding=\"async\" class=\"size-full wp-image-4059 aligncenter\" src=\"https:\/\/xinshengmanufacture.com\/wp-content\/uploads\/2025\/04\/%E8%B6%85%E5%B7%A5%E5%AE%9A%E5%88%B6%E8%8B%B1%E6%96%87_02-3.jpg\" alt=\"\" width=\"790\" height=\"694\"><img decoding=\"async\" class=\"size-full wp-image-4060 aligncenter\" src=\"https:\/\/xinshengmanufacture.com\/wp-content\/uploads\/2025\/04\/%E8%B6%85%E5%B7%A5%E5%AE%9A%E5%88%B6%E8%8B%B1%E6%96%87_03-3.jpg\" alt=\"\" width=\"790\" height=\"1029\"><img loading=\"lazy\" decoding=\"async\" class=\"size-full wp-image-4061 aligncenter\" src=\"https:\/\/xinshengmanufacture.com\/wp-content\/uploads\/2025\/04\/%E8%B6%85%E5%B7%A5%E5%AE%9A%E5%88%B6%E8%8B%B1%E6%96%87_04-3.jpg\" alt=\"\" width=\"790\" height=\"1156\"><img loading=\"lazy\" decoding=\"async\" class=\"size-full wp-image-4062 aligncenter\" src=\"https:\/\/xinshengmanufacture.com\/wp-content\/uploads\/2025\/04\/%E8%B6%85%E5%B7%A5%E5%AE%9A%E5%88%B6%E8%8B%B1%E6%96%87_05-3.jpg\" alt=\"\" width=\"790\" height=\"1486\"><img loading=\"lazy\" decoding=\"async\" class=\"size-full wp-image-4180 aligncenter\" src=\"https:\/\/xinshengmanufacture.com\/wp-content\/uploads\/2025\/04\/%E8%AF%A6%E6%83%85%E9%A1%B5%E9%BB%91%E8%89%B2_01.png\" alt=\"\" width=\"790\" height=\"1271\"> <img loading=\"lazy\" decoding=\"async\" class=\"size-full wp-image-4181 aligncenter\" src=\"https:\/\/xinshengmanufacture.com\/wp-content\/uploads\/2025\/04\/%E8%AF%A6%E6%83%85%E9%A1%B5%E9%BB%91%E8%89%B2_02.png\" alt=\"\" width=\"790\" height=\"1354\"> <img loading=\"lazy\" decoding=\"async\" class=\"size-full wp-image-4182 aligncenter\" src=\"https:\/\/xinshengmanufacture.com\/wp-content\/uploads\/2025\/04\/%E8%AF%A6%E6%83%85%E9%A1%B5%E9%BB%91%E8%89%B2_03.png\" alt=\"\" width=\"790\" height=\"1729\"> <img loading=\"lazy\" decoding=\"async\" class=\"size-full wp-image-4183 aligncenter\" src=\"https:\/\/xinshengmanufacture.com\/wp-content\/uploads\/2025\/04\/%E8%AF%A6%E6%83%85%E9%A1%B5%E9%BB%91%E8%89%B2_04.png\" alt=\"\" width=\"790\" height=\"1184\"> <img loading=\"lazy\" decoding=\"async\" class=\"size-full wp-image-4184 aligncenter\" src=\"https:\/\/xinshengmanufacture.com\/wp-content\/uploads\/2025\/04\/%E8%AF%A6%E6%83%85%E9%A1%B5%E9%BB%91%E8%89%B2_05.png\" alt=\"\" width=\"790\" height=\"988\"> <img loading=\"lazy\" decoding=\"async\" class=\"size-full wp-image-4185 aligncenter\" src=\"https:\/\/xinshengmanufacture.com\/wp-content\/uploads\/2025\/04\/%E8%AF%A6%E6%83%85%E9%A1%B5%E9%BB%91%E8%89%B2_06.jpg\" alt=\"\" width=\"790\" height=\"1149\"> <img loading=\"lazy\" decoding=\"async\" class=\"size-full wp-image-4186 aligncenter\" src=\"https:\/\/xinshengmanufacture.com\/wp-content\/uploads\/2025\/04\/%E8%AF%A6%E6%83%85%E9%A1%B5%E9%BB%91%E8%89%B2_07.png\" alt=\"\" width=\"790\" height=\"1704\"> <img loading=\"lazy\" decoding=\"async\" class=\"size-full wp-image-4187 aligncenter\" src=\"https:\/\/xinshengmanufacture.com\/wp-content\/uploads\/2025\/04\/%E8%AF%A6%E6%83%85%E9%A1%B5%E9%BB%91%E8%89%B2_08.png\" alt=\"\" width=\"790\" height=\"1675\"> <img loading=\"lazy\" decoding=\"async\" class=\"size-full wp-image-4188 aligncenter\" src=\"https:\/\/xinshengmanufacture.com\/wp-content\/uploads\/2025\/04\/%E8%AF%A6%E6%83%85%E9%A1%B5%E9%BB%91%E8%89%B2_09.png\" alt=\"\" width=\"790\" height=\"1516\"> <img loading=\"lazy\" decoding=\"async\" class=\"size-full wp-image-4189 aligncenter\" src=\"https:\/\/xinshengmanufacture.com\/wp-content\/uploads\/2025\/04\/%E8%AF%A6%E6%83%85%E9%A1%B5%E9%BB%91%E8%89%B2_10.png\" alt=\"\" width=\"790\" height=\"1169\"> <img loading=\"lazy\" decoding=\"async\" class=\"size-full wp-image-4190 aligncenter\" src=\"https:\/\/xinshengmanufacture.com\/wp-content\/uploads\/2025\/04\/%E8%AF%A6%E6%83%85%E9%A1%B5%E9%BB%91%E8%89%B2_11.jpg\" alt=\"\" width=\"790\" height=\"1597\"> <img loading=\"lazy\" decoding=\"async\" class=\"size-full wp-image-4191 aligncenter\" src=\"https:\/\/xinshengmanufacture.com\/wp-content\/uploads\/2025\/04\/%E8%AF%A6%E6%83%85%E9%A1%B5%E9%BB%91%E8%89%B2_12.png\" alt=\"\" width=\"790\" height=\"718\"><\/p>\n","protected":false},"excerpt":{"rendered":"<p>Le lit de shampoing \u00e0 massage intelligent et \u00e9lectrique peut \u00eatre utilis\u00e9 dans les centres de massage, les salons, les centres de beaut\u00e9, les centres de traitement des t\u00eates de spa, etc.<\/p>\n","protected":false},"featured_media":32546,"template":"","meta":{"_bst_post_transparent":"","_bst_post_title":"","_bst_post_layout":"","_bst_post_sidebar_id":"","_bst_post_content_style":"","_bst_post_vertical_padding":"","_bst_post_feature":"","_bst_post_feature_position":"","_bst_post_header":false,"_bst_post_footer":false},"product_brand":[1081],"product_cat":[890],"product_tag":[],"class_list":{"0":"post-35546","1":"product","2":"type-product","3":"status-publish","4":"has-post-thumbnail","6":"product_brand-xinsheng-fr","7":"product_cat-lit-de-massage-electrique","8":"pa_color-blanc","9":"pa_color-couleurs-personnalisees","10":"pa_color-noir","11":"pa_size-185cm84cm84cm-fr","13":"first","14":"instock","15":"sale","16":"shipping-taxable","17":"purchasable","18":"product-type-variable","19":"entry","20":"content-bg","21":"loop-entry"},"_links":{"self":[{"href":"https:\/\/xinshengmanufacture.com\/fr\/wp-json\/wp\/v2\/product\/35546","targetHints":{"allow":["GET"]}}],"collection":[{"href":"https:\/\/xinshengmanufacture.com\/fr\/wp-json\/wp\/v2\/product"}],"about":[{"href":"https:\/\/xinshengmanufacture.com\/fr\/wp-json\/wp\/v2\/types\/product"}],"version-history":[{"count":2,"href":"https:\/\/xinshengmanufacture.com\/fr\/wp-json\/wp\/v2\/product\/35546\/revisions"}],"predecessor-version":[{"id":74953,"href":"https:\/\/xinshengmanufacture.com\/fr\/wp-json\/wp\/v2\/product\/35546\/revisions\/74953"}],"wp:featuredmedia":[{"embeddable":true,"href":"https:\/\/xinshengmanufacture.com\/fr\/wp-json\/wp\/v2\/media\/32546"}],"wp:attachment":[{"href":"https:\/\/xinshengmanufacture.com\/fr\/wp-json\/wp\/v2\/media?parent=35546"}],"wp:term":[{"taxonomy":"product_brand","embeddable":true,"href":"https:\/\/xinshengmanufacture.com\/fr\/wp-json\/wp\/v2\/product_brand?post=35546"},{"taxonomy":"product_cat","embeddable":true,"href":"https:\/\/xinshengmanufacture.com\/fr\/wp-json\/wp\/v2\/product_cat?post=35546"},{"taxonomy":"product_tag","embeddable":true,"href":"https:\/\/xinshengmanufacture.com\/fr\/wp-json\/wp\/v2\/product_tag?post=35546"}],"curies":[{"name":"wp","href":"https:\/\/api.w.org\/{rel}","templated":true}]}}