{"id":36222,"date":"2025-04-16T03:11:23","date_gmt":"2025-04-16T03:11:23","guid":{"rendered":"https:\/\/xinshengmanufacture.com\/product\/lit-de-massage-thailandais-multifonctionnel-pour-salon-de-coiffure-lit-de-shampoing-centre-de-bain-de-pieds-lit-de-massage-et-de-shampoing-equipement-pour-magasin-de-spa-avec-configuration-de-chau\/"},"modified":"2025-08-26T08:07:19","modified_gmt":"2025-08-26T08:07:19","slug":"lit-de-massage-thailandais-multifonctionnel-pour-salon-de-coiffure-lit-de-shampoing-centre-de-bain-de-pieds-lit-de-massage-et-de-shampoing-equipement-pour-magasin-de-spa-avec-configuration-de-chau","status":"publish","type":"product","link":"https:\/\/xinshengmanufacture.com\/fr\/product\/lit-de-massage-thailandais-multifonctionnel-pour-salon-de-coiffure-lit-de-shampoing-centre-de-bain-de-pieds-lit-de-massage-et-de-shampoing-equipement-pour-magasin-de-spa-avec-configuration-de-chau\/","title":{"rendered":"Lit de massage tha\u00eflandais multifonctionnel pour salon de coiffure, lit de shampoing, centre de bain de pieds, lit de massage et de shampoing, \u00e9quipement pour magasin de spa avec configuration de chauffage \u00e0 la vapeur"},"content":{"rendered":"<div class=\"wp-playlist wp-video-playlist wp-playlist-light\">\n\t\t<video controls=\"controls\" preload=\"none\" width=\"1408\"\n\t\t height=\"2503\"\t><\/video>\n\t<div class=\"wp-playlist-next\"><\/div>\n\t<div class=\"wp-playlist-prev\"><\/div>\n\t<noscript>\n\t<ol>\n\t\t<li><a href='https:\/\/xinshengmanufacture.com\/wp-content\/uploads\/2025\/04\/WeChat_20250416110930.mp4'>WeChat_20250416110930<\/a><\/li>\t<\/ol>\n\t<\/noscript>\n\t<script type=\"application\/json\" class=\"wp-playlist-script\">{\"type\":\"video\",\"tracklist\":false,\"tracknumbers\":true,\"images\":true,\"artists\":true,\"tracks\":[{\"src\":\"https:\/\/xinshengmanufacture.com\/wp-content\/uploads\/2025\/04\/WeChat_20250416110930.mp4\",\"type\":\"video\/mp4\",\"title\":\"WeChat_20250416110930\",\"caption\":\"\",\"description\":\"\",\"meta\":{\"length_formatted\":\"0:43\"},\"dimensions\":{\"original\":{\"width\":1080,\"height\":1920},\"resized\":{\"width\":1408,\"height\":2503}},\"image\":{\"src\":\"https:\/\/xinshengmanufacture.com\/wp-includes\/images\/media\/video.svg\",\"width\":48,\"height\":64},\"thumb\":{\"src\":\"https:\/\/xinshengmanufacture.com\/wp-includes\/images\/media\/video.svg\",\"width\":48,\"height\":64}}]}<\/script>\n<\/div>\n\t\n<p style=\"text-align: center;\"><img fetchpriority=\"high\" decoding=\"async\" class=\"size-full wp-image-4058 aligncenter\" src=\"https:\/\/xinshengmanufacture.com\/wp-content\/uploads\/2025\/04\/%E8%B6%85%E5%B7%A5%E5%AE%9A%E5%88%B6%E8%8B%B1%E6%96%87_01-3.jpg\" alt=\"\" width=\"790\" height=\"1223\"><img decoding=\"async\" class=\"size-full wp-image-4059 aligncenter\" src=\"https:\/\/xinshengmanufacture.com\/wp-content\/uploads\/2025\/04\/%E8%B6%85%E5%B7%A5%E5%AE%9A%E5%88%B6%E8%8B%B1%E6%96%87_02-3.jpg\" alt=\"\" width=\"790\" height=\"694\"><img decoding=\"async\" class=\"size-full wp-image-4060 aligncenter\" src=\"https:\/\/xinshengmanufacture.com\/wp-content\/uploads\/2025\/04\/%E8%B6%85%E5%B7%A5%E5%AE%9A%E5%88%B6%E8%8B%B1%E6%96%87_03-3.jpg\" alt=\"\" width=\"790\" height=\"1029\"><img loading=\"lazy\" decoding=\"async\" class=\"size-full wp-image-4061 aligncenter\" src=\"https:\/\/xinshengmanufacture.com\/wp-content\/uploads\/2025\/04\/%E8%B6%85%E5%B7%A5%E5%AE%9A%E5%88%B6%E8%8B%B1%E6%96%87_04-3.jpg\" alt=\"\" width=\"790\" height=\"1156\"><img loading=\"lazy\" decoding=\"async\" class=\"size-full wp-image-4062 aligncenter\" src=\"https:\/\/xinshengmanufacture.com\/wp-content\/uploads\/2025\/04\/%E8%B6%85%E5%B7%A5%E5%AE%9A%E5%88%B6%E8%8B%B1%E6%96%87_05-3.jpg\" alt=\"\" width=\"790\" height=\"1486\"><img loading=\"lazy\" decoding=\"async\" class=\"size-full wp-image-4124 aligncenter\" src=\"https:\/\/xinshengmanufacture.com\/wp-content\/uploads\/2025\/04\/%E6%9C%AA%E6%A0%87%E9%A2%98-1%E5%A4%96_01.jpg\" alt=\"\" width=\"790\" height=\"1360\"> <img loading=\"lazy\" decoding=\"async\" class=\"size-full wp-image-4125 aligncenter\" src=\"https:\/\/xinshengmanufacture.com\/wp-content\/uploads\/2025\/04\/%E6%9C%AA%E6%A0%87%E9%A2%98-1%E5%A4%96_02.jpg\" alt=\"\" width=\"790\" height=\"953\"> <img loading=\"lazy\" decoding=\"async\" class=\"size-full wp-image-4126 aligncenter\" src=\"https:\/\/xinshengmanufacture.com\/wp-content\/uploads\/2025\/04\/%E6%9C%AA%E6%A0%87%E9%A2%98-1%E5%A4%96_03.jpg\" alt=\"\" width=\"790\" height=\"1397\"> <img loading=\"lazy\" decoding=\"async\" class=\"size-full wp-image-4127 aligncenter\" src=\"https:\/\/xinshengmanufacture.com\/wp-content\/uploads\/2025\/04\/%E6%9C%AA%E6%A0%87%E9%A2%98-1%E5%A4%96_04.jpg\" alt=\"\" width=\"790\" height=\"1385\"> <img loading=\"lazy\" decoding=\"async\" class=\"size-full wp-image-4128 aligncenter\" src=\"https:\/\/xinshengmanufacture.com\/wp-content\/uploads\/2025\/04\/%E6%9C%AA%E6%A0%87%E9%A2%98-1%E5%A4%96_05.jpg\" alt=\"\" width=\"790\" height=\"1101\"> <img loading=\"lazy\" decoding=\"async\" class=\"size-full wp-image-4129 aligncenter\" src=\"https:\/\/xinshengmanufacture.com\/wp-content\/uploads\/2025\/04\/%E6%9C%AA%E6%A0%87%E9%A2%98-1%E5%A4%96_06.jpg\" alt=\"\" width=\"790\" height=\"1096\"> <img loading=\"lazy\" decoding=\"async\" class=\"size-full wp-image-4130 aligncenter\" src=\"https:\/\/xinshengmanufacture.com\/wp-content\/uploads\/2025\/04\/%E6%9C%AA%E6%A0%87%E9%A2%98-1%E5%A4%96_07.jpg\" alt=\"\" width=\"790\" height=\"1187\"> <img loading=\"lazy\" decoding=\"async\" class=\"size-full wp-image-4131 aligncenter\" src=\"https:\/\/xinshengmanufacture.com\/wp-content\/uploads\/2025\/04\/%E6%9C%AA%E6%A0%87%E9%A2%98-1%E5%A4%96_08.jpg\" alt=\"\" width=\"790\" height=\"1155\"> <img loading=\"lazy\" decoding=\"async\" class=\"size-full wp-image-4132 aligncenter\" src=\"https:\/\/xinshengmanufacture.com\/wp-content\/uploads\/2025\/04\/%E6%9C%AA%E6%A0%87%E9%A2%98-1%E5%A4%96_09.jpg\" alt=\"\" width=\"790\" height=\"1120\"> <img loading=\"lazy\" decoding=\"async\" class=\"size-full wp-image-4133 aligncenter\" src=\"https:\/\/xinshengmanufacture.com\/wp-content\/uploads\/2025\/04\/%E6%9C%AA%E6%A0%87%E9%A2%98-1%E5%A4%96_10.jpg\" alt=\"\" width=\"790\" height=\"1120\"> <img loading=\"lazy\" decoding=\"async\" class=\"size-full wp-image-4134 aligncenter\" src=\"https:\/\/xinshengmanufacture.com\/wp-content\/uploads\/2025\/04\/%E6%9C%AA%E6%A0%87%E9%A2%98-1%E5%A4%96_11.jpg\" alt=\"\" width=\"790\" height=\"1785\"> <img loading=\"lazy\" decoding=\"async\" class=\"size-full wp-image-4135 aligncenter\" src=\"https:\/\/xinshengmanufacture.com\/wp-content\/uploads\/2025\/04\/%E6%9C%AA%E6%A0%87%E9%A2%98-1%E5%A4%96_12.jpg\" alt=\"\" width=\"790\" height=\"1597\"><\/p>\n<div id=\"gtx-trans\" style=\"position: absolute; left: 655px; top: 35px;\">\n<div class=\"gtx-trans-icon\"><\/div>\n<\/div>\n","protected":false},"excerpt":{"rendered":"<p>Le lit de shampoing tha\u00eflandais multifonctionnel peut \u00eatre utilis\u00e9 dans les centres de massage, les salons de coiffure, les centres de bains de pieds, les centres de spa, etc.<\/p>\n","protected":false},"featured_media":36227,"template":"","meta":{"_bst_post_transparent":"","_bst_post_title":"","_bst_post_layout":"","_bst_post_sidebar_id":"","_bst_post_content_style":"","_bst_post_vertical_padding":"","_bst_post_feature":"","_bst_post_feature_position":"","_bst_post_header":false,"_bst_post_footer":false},"product_brand":[1081],"product_cat":[566],"product_tag":[],"class_list":{"0":"post-36222","1":"product","2":"type-product","3":"status-publish","4":"has-post-thumbnail","6":"product_brand-xinsheng-fr","7":"product_cat-lit-de-shampoing-thailandais","8":"pa_color-couleurs-personnalisees","9":"pa_color-gris","10":"pa_size-200cm70cm67cm-fr","12":"first","13":"instock","14":"sale","15":"shipping-taxable","16":"purchasable","17":"product-type-variable","18":"entry","19":"content-bg","20":"loop-entry"},"_links":{"self":[{"href":"https:\/\/xinshengmanufacture.com\/fr\/wp-json\/wp\/v2\/product\/36222","targetHints":{"allow":["GET"]}}],"collection":[{"href":"https:\/\/xinshengmanufacture.com\/fr\/wp-json\/wp\/v2\/product"}],"about":[{"href":"https:\/\/xinshengmanufacture.com\/fr\/wp-json\/wp\/v2\/types\/product"}],"version-history":[{"count":2,"href":"https:\/\/xinshengmanufacture.com\/fr\/wp-json\/wp\/v2\/product\/36222\/revisions"}],"predecessor-version":[{"id":75199,"href":"https:\/\/xinshengmanufacture.com\/fr\/wp-json\/wp\/v2\/product\/36222\/revisions\/75199"}],"wp:featuredmedia":[{"embeddable":true,"href":"https:\/\/xinshengmanufacture.com\/fr\/wp-json\/wp\/v2\/media\/36227"}],"wp:attachment":[{"href":"https:\/\/xinshengmanufacture.com\/fr\/wp-json\/wp\/v2\/media?parent=36222"}],"wp:term":[{"taxonomy":"product_brand","embeddable":true,"href":"https:\/\/xinshengmanufacture.com\/fr\/wp-json\/wp\/v2\/product_brand?post=36222"},{"taxonomy":"product_cat","embeddable":true,"href":"https:\/\/xinshengmanufacture.com\/fr\/wp-json\/wp\/v2\/product_cat?post=36222"},{"taxonomy":"product_tag","embeddable":true,"href":"https:\/\/xinshengmanufacture.com\/fr\/wp-json\/wp\/v2\/product_tag?post=36222"}],"curies":[{"name":"wp","href":"https:\/\/api.w.org\/{rel}","templated":true}]}}