{"id":37061,"date":"2025-04-15T08:59:59","date_gmt":"2025-04-15T08:59:59","guid":{"rendered":"https:\/\/xinshengmanufacture.com\/product\/fauteuil-de-massage-electrique-intelligent-de-haute-qualite-en-forme-de-lune-pour-bain-de-pieds-salon-de-coiffure-meubles-de-massage-centre-de-massage-equipement-pour-bain-de-pieds\/"},"modified":"2025-08-26T08:07:06","modified_gmt":"2025-08-26T08:07:06","slug":"fauteuil-de-massage-electrique-intelligent-de-haute-qualite-en-forme-de-lune-pour-bain-de-pieds-salon-de-coiffure-meubles-de-massage-centre-de-massage-equipement-pour-bain-de-pieds","status":"publish","type":"product","link":"https:\/\/xinshengmanufacture.com\/fr\/product\/fauteuil-de-massage-electrique-intelligent-de-haute-qualite-en-forme-de-lune-pour-bain-de-pieds-salon-de-coiffure-meubles-de-massage-centre-de-massage-equipement-pour-bain-de-pieds\/","title":{"rendered":"Fauteuil de massage \u00e9lectrique intelligent de haute qualit\u00e9 en forme de lune pour bain de pieds Salon de coiffure Meubles de massage Centre de massage Equipement pour bain de pieds"},"content":{"rendered":"<div class=\"wp-playlist wp-video-playlist wp-playlist-light\">\n\t\t<video controls=\"controls\" preload=\"none\" width=\"1408\"\n\t\t height=\"792\"\t><\/video>\n\t<div class=\"wp-playlist-next\"><\/div>\n\t<div class=\"wp-playlist-prev\"><\/div>\n\t<noscript>\n\t<ol>\n\t\t<li><a href='https:\/\/xinshengmanufacture.com\/wp-content\/uploads\/2025\/04\/ea441280d42160a157a8f4116277c382.mp4'>ea441280d42160a157a8f4116277c382<\/a><\/li>\t<\/ol>\n\t<\/noscript>\n\t<script type=\"application\/json\" class=\"wp-playlist-script\">{\"type\":\"video\",\"tracklist\":false,\"tracknumbers\":true,\"images\":true,\"artists\":true,\"tracks\":[{\"src\":\"https:\/\/xinshengmanufacture.com\/wp-content\/uploads\/2025\/04\/ea441280d42160a157a8f4116277c382.mp4\",\"type\":\"video\/mp4\",\"title\":\"ea441280d42160a157a8f4116277c382\",\"caption\":\"\",\"description\":\"\",\"meta\":{\"length_formatted\":\"0:45\"},\"dimensions\":{\"original\":{\"width\":1280,\"height\":720},\"resized\":{\"width\":1408,\"height\":792}},\"image\":{\"src\":\"https:\/\/xinshengmanufacture.com\/wp-includes\/images\/media\/video.svg\",\"width\":48,\"height\":64},\"thumb\":{\"src\":\"https:\/\/xinshengmanufacture.com\/wp-includes\/images\/media\/video.svg\",\"width\":48,\"height\":64}}]}<\/script>\n<\/div>\n\t\n<p style=\"text-align: center;\"><img fetchpriority=\"high\" decoding=\"async\" class=\"alignnone size-full wp-image-4065\" src=\"https:\/\/xinshengmanufacture.com\/wp-content\/uploads\/2025\/04\/%E8%B6%85%E5%B7%A5%E5%AE%9A%E5%88%B6%E8%8B%B1%E6%96%87_011-1.jpg\" alt=\"\" width=\"1200\" height=\"1857\"><img decoding=\"async\" class=\"alignnone size-full wp-image-4066\" src=\"https:\/\/xinshengmanufacture.com\/wp-content\/uploads\/2025\/04\/%E8%B6%85%E5%B7%A5%E5%AE%9A%E5%88%B6%E8%8B%B1%E6%96%87_021-1.jpg\" alt=\"\" width=\"1200\" height=\"1054\"><img decoding=\"async\" class=\"alignnone size-full wp-image-4067\" src=\"https:\/\/xinshengmanufacture.com\/wp-content\/uploads\/2025\/04\/%E8%B6%85%E5%B7%A5%E5%AE%9A%E5%88%B6%E8%8B%B1%E6%96%87_031-1.jpg\" alt=\"\" width=\"1200\" height=\"1563\"><img loading=\"lazy\" decoding=\"async\" class=\"alignnone size-full wp-image-4068\" src=\"https:\/\/xinshengmanufacture.com\/wp-content\/uploads\/2025\/04\/%E8%B6%85%E5%B7%A5%E5%AE%9A%E5%88%B6%E8%8B%B1%E6%96%87_041-1.jpg\" alt=\"\" width=\"1200\" height=\"1755\"><img loading=\"lazy\" decoding=\"async\" class=\"alignnone size-full wp-image-4069\" src=\"https:\/\/xinshengmanufacture.com\/wp-content\/uploads\/2025\/04\/%E8%B6%85%E5%B7%A5%E5%AE%9A%E5%88%B6%E8%8B%B1%E6%96%87_051-1.jpg\" alt=\"\" width=\"1200\" height=\"2257\"><img loading=\"lazy\" decoding=\"async\" class=\"alignnone size-full wp-image-4077\" src=\"https:\/\/xinshengmanufacture.com\/wp-content\/uploads\/2025\/04\/%E8%AF%A6%E6%83%85%E9%A1%B5-1-4.jpg\" alt=\"\" width=\"1200\" height=\"1742\"> <img loading=\"lazy\" decoding=\"async\" class=\"alignnone size-full wp-image-4078\" src=\"https:\/\/xinshengmanufacture.com\/wp-content\/uploads\/2025\/04\/%E8%AF%A6%E6%83%85%E9%A1%B5-10-4-scaled.jpg\" alt=\"\" width=\"1112\" height=\"2560\"> <img loading=\"lazy\" decoding=\"async\" class=\"alignnone size-full wp-image-4079\" src=\"https:\/\/xinshengmanufacture.com\/wp-content\/uploads\/2025\/04\/%E8%AF%A6%E6%83%85%E9%A1%B5-11-4.jpg\" alt=\"\" width=\"1200\" height=\"2453\"> <img loading=\"lazy\" decoding=\"async\" class=\"alignnone size-full wp-image-4080\" src=\"https:\/\/xinshengmanufacture.com\/wp-content\/uploads\/2025\/04\/%E8%AF%A6%E6%83%85%E9%A1%B5-12-3.jpg\" alt=\"\" width=\"1200\" height=\"1283\"> <img loading=\"lazy\" decoding=\"async\" class=\"alignnone size-full wp-image-4081\" src=\"https:\/\/xinshengmanufacture.com\/wp-content\/uploads\/2025\/04\/%E8%AF%A6%E6%83%85%E9%A1%B5-2-4.jpg\" alt=\"\" width=\"1200\" height=\"1859\"> <img loading=\"lazy\" decoding=\"async\" class=\"alignnone size-full wp-image-4082\" src=\"https:\/\/xinshengmanufacture.com\/wp-content\/uploads\/2025\/04\/%E8%AF%A6%E6%83%85%E9%A1%B5-3-4.jpg\" alt=\"\" width=\"1200\" height=\"2264\"> <img loading=\"lazy\" decoding=\"async\" class=\"alignnone size-full wp-image-4083\" src=\"https:\/\/xinshengmanufacture.com\/wp-content\/uploads\/2025\/04\/%E8%AF%A6%E6%83%85%E9%A1%B5-4-4-scaled.jpg\" alt=\"\" width=\"727\" height=\"2560\"> <img loading=\"lazy\" decoding=\"async\" class=\"alignnone size-full wp-image-4084\" src=\"https:\/\/xinshengmanufacture.com\/wp-content\/uploads\/2025\/04\/%E8%AF%A6%E6%83%85%E9%A1%B5-5-4.jpg\" alt=\"\" width=\"1200\" height=\"2000\"> <img loading=\"lazy\" decoding=\"async\" class=\"alignnone size-full wp-image-4085\" src=\"https:\/\/xinshengmanufacture.com\/wp-content\/uploads\/2025\/04\/%E8%AF%A6%E6%83%85%E9%A1%B5-6-4-scaled.jpg\" alt=\"\" width=\"975\" height=\"2560\"> <img loading=\"lazy\" decoding=\"async\" class=\"alignnone size-full wp-image-4086\" src=\"https:\/\/xinshengmanufacture.com\/wp-content\/uploads\/2025\/04\/%E8%AF%A6%E6%83%85%E9%A1%B5-7-4.jpg\" alt=\"\" width=\"1200\" height=\"2468\"> <img loading=\"lazy\" decoding=\"async\" class=\"alignnone size-full wp-image-4087\" src=\"https:\/\/xinshengmanufacture.com\/wp-content\/uploads\/2025\/04\/%E8%AF%A6%E6%83%85%E9%A1%B5-8-4.jpg\" alt=\"\" width=\"1200\" height=\"1778\"> <img loading=\"lazy\" decoding=\"async\" class=\"alignnone size-full wp-image-4088\" src=\"https:\/\/xinshengmanufacture.com\/wp-content\/uploads\/2025\/04\/%E8%AF%A6%E6%83%85%E9%A1%B5-9-4.jpg\" alt=\"\" width=\"1200\" height=\"1774\"><\/p>\n<div id=\"gtx-trans\" style=\"position: absolute; left: 697px; top: 35px;\">\n<div class=\"gtx-trans-icon\"><\/div>\n<\/div>\n","protected":false},"excerpt":{"rendered":"<p>Le fauteuil de massage \u00e9lectrique de haute qualit\u00e9 peut \u00eatre utilis\u00e9 dans les centres de massage, les salons de coiffure, les centres de th\u00e9rapie du cr\u00e2ne, etc.<\/p>\n","protected":false},"featured_media":37064,"template":"","meta":{"_bst_post_transparent":"","_bst_post_title":"","_bst_post_layout":"","_bst_post_sidebar_id":"","_bst_post_content_style":"","_bst_post_vertical_padding":"","_bst_post_feature":"","_bst_post_feature_position":"","_bst_post_header":false,"_bst_post_footer":false},"product_brand":[1081],"product_cat":[821],"product_tag":[],"class_list":{"0":"post-37061","1":"product","2":"type-product","3":"status-publish","4":"has-post-thumbnail","6":"product_brand-xinsheng-fr","7":"product_cat-fauteuil-de-pedicure-footbath","8":"pa_color-blanc","9":"pa_color-couleurs-personnalisees","10":"pa_color-gris","11":"pa_color-noir","12":"pa_color-rose","13":"pa_size-19062200cm-fr","15":"first","16":"instock","17":"sale","18":"shipping-taxable","19":"purchasable","20":"product-type-variable","21":"entry","22":"content-bg","23":"loop-entry"},"_links":{"self":[{"href":"https:\/\/xinshengmanufacture.com\/fr\/wp-json\/wp\/v2\/product\/37061","targetHints":{"allow":["GET"]}}],"collection":[{"href":"https:\/\/xinshengmanufacture.com\/fr\/wp-json\/wp\/v2\/product"}],"about":[{"href":"https:\/\/xinshengmanufacture.com\/fr\/wp-json\/wp\/v2\/types\/product"}],"version-history":[{"count":2,"href":"https:\/\/xinshengmanufacture.com\/fr\/wp-json\/wp\/v2\/product\/37061\/revisions"}],"predecessor-version":[{"id":75181,"href":"https:\/\/xinshengmanufacture.com\/fr\/wp-json\/wp\/v2\/product\/37061\/revisions\/75181"}],"wp:featuredmedia":[{"embeddable":true,"href":"https:\/\/xinshengmanufacture.com\/fr\/wp-json\/wp\/v2\/media\/37064"}],"wp:attachment":[{"href":"https:\/\/xinshengmanufacture.com\/fr\/wp-json\/wp\/v2\/media?parent=37061"}],"wp:term":[{"taxonomy":"product_brand","embeddable":true,"href":"https:\/\/xinshengmanufacture.com\/fr\/wp-json\/wp\/v2\/product_brand?post=37061"},{"taxonomy":"product_cat","embeddable":true,"href":"https:\/\/xinshengmanufacture.com\/fr\/wp-json\/wp\/v2\/product_cat?post=37061"},{"taxonomy":"product_tag","embeddable":true,"href":"https:\/\/xinshengmanufacture.com\/fr\/wp-json\/wp\/v2\/product_tag?post=37061"}],"curies":[{"name":"wp","href":"https:\/\/api.w.org\/{rel}","templated":true}]}}