{"id":42734,"date":"2025-05-10T08:53:22","date_gmt":"2025-05-10T08:53:22","guid":{"rendered":"https:\/\/xinshengmanufacture.com\/product\/salon-de-coiffure-mobilier-commercial-lit-de-massage-electrique-sans-accoudoir-lateral-design-multifonctionnel-avec-fumigation-circulation-deau-configuration-centre-de-massage-equipement-table-de-sp\/"},"modified":"2025-08-26T08:05:52","modified_gmt":"2025-08-26T08:05:52","slug":"salon-de-coiffure-mobilier-commercial-lit-de-massage-electrique-sans-accoudoir-lateral-design-multifonctionnel-avec-fumigation-circulation-deau-configuration-centre-de-massage-equipement-table-de-sp","status":"publish","type":"product","link":"https:\/\/xinshengmanufacture.com\/fr\/product\/salon-de-coiffure-mobilier-commercial-lit-de-massage-electrique-sans-accoudoir-lateral-design-multifonctionnel-avec-fumigation-circulation-deau-configuration-centre-de-massage-equipement-table-de-sp\/","title":{"rendered":"Salon de coiffure mobilier commercial lit de massage \u00e9lectrique sans accoudoir lat\u00e9ral design multifonctionnel avec fumigation circulation d&rsquo;eau configuration centre de massage \u00e9quipement table de spa table de traitement de t\u00eate \u00e9quipement de salon personnalisation"},"content":{"rendered":"<div class=\"wp-playlist wp-video-playlist wp-playlist-light\">\n\t\t<video controls=\"controls\" preload=\"none\" width=\"1408\"\n\t\t height=\"2503\"\t><\/video>\n\t<div class=\"wp-playlist-next\"><\/div>\n\t<div class=\"wp-playlist-prev\"><\/div>\n\t<noscript>\n\t<ol>\n\t\t<li><a href='https:\/\/xinshengmanufacture.com\/wp-content\/uploads\/2025\/05\/WeChat_20250510171610.mp4'>WeChat_20250510171610<\/a><\/li>\t<\/ol>\n\t<\/noscript>\n\t<script type=\"application\/json\" class=\"wp-playlist-script\">{\"type\":\"video\",\"tracklist\":false,\"tracknumbers\":true,\"images\":false,\"artists\":true,\"tracks\":[{\"src\":\"https:\/\/xinshengmanufacture.com\/wp-content\/uploads\/2025\/05\/WeChat_20250510171610.mp4\",\"type\":\"video\/mp4\",\"title\":\"WeChat_20250510171610\",\"caption\":\"\",\"description\":\"\",\"meta\":{\"length_formatted\":\"0:43\"},\"dimensions\":{\"original\":{\"width\":720,\"height\":1280},\"resized\":{\"width\":1408,\"height\":2503}},\"image\":{\"src\":\"https:\/\/xinshengmanufacture.com\/wp-includes\/images\/media\/video.svg\",\"width\":48,\"height\":64},\"thumb\":{\"src\":\"https:\/\/xinshengmanufacture.com\/wp-includes\/images\/media\/video.svg\",\"width\":48,\"height\":64}}]}<\/script>\n<\/div>\n\t\n<p style=\"text-align: center;\"><img fetchpriority=\"high\" decoding=\"async\" class=\"alignnone size-full wp-image-4600\" src=\"https:\/\/xinshengmanufacture.com\/wp-content\/uploads\/2025\/05\/%E8%B6%85%E5%B7%A5%E5%AE%9A%E5%88%B6%E8%8B%B1%E6%96%87_011.jpg\" alt=\"\" width=\"1200\" height=\"1857\"><img decoding=\"async\" class=\"alignnone size-full wp-image-4601\" src=\"https:\/\/xinshengmanufacture.com\/wp-content\/uploads\/2025\/05\/%E8%B6%85%E5%B7%A5%E5%AE%9A%E5%88%B6%E8%8B%B1%E6%96%87_021.jpg\" alt=\"\" width=\"1200\" height=\"1054\"><img decoding=\"async\" class=\"alignnone size-full wp-image-4602\" src=\"https:\/\/xinshengmanufacture.com\/wp-content\/uploads\/2025\/05\/%E8%B6%85%E5%B7%A5%E5%AE%9A%E5%88%B6%E8%8B%B1%E6%96%87_031.jpg\" alt=\"\" width=\"1200\" height=\"1563\"><img loading=\"lazy\" decoding=\"async\" class=\"alignnone size-full wp-image-4603\" src=\"https:\/\/xinshengmanufacture.com\/wp-content\/uploads\/2025\/05\/%E8%B6%85%E5%B7%A5%E5%AE%9A%E5%88%B6%E8%8B%B1%E6%96%87_041.jpg\" alt=\"\" width=\"1200\" height=\"1755\"><img loading=\"lazy\" decoding=\"async\" class=\"alignnone size-full wp-image-4604 aligncenter\" src=\"https:\/\/xinshengmanufacture.com\/wp-content\/uploads\/2025\/05\/%E8%B6%85%E5%B7%A5%E5%AE%9A%E5%88%B6%E8%8B%B1%E6%96%87_051.jpg\" alt=\"\" width=\"1200\" height=\"2257\"><img loading=\"lazy\" decoding=\"async\" class=\"alignnone size-full wp-image-4676\" src=\"https:\/\/xinshengmanufacture.com\/wp-content\/uploads\/2025\/05\/guowai1_01.jpg\" alt=\"\" width=\"1200\" height=\"2037\" srcset=\"https:\/\/xinshengmanufacture.com\/wp-content\/uploads\/2025\/05\/guowai1_01.jpg 1200w, https:\/\/xinshengmanufacture.com\/wp-content\/uploads\/2025\/05\/guowai1_01-600x1019.jpg 600w, https:\/\/xinshengmanufacture.com\/wp-content\/uploads\/2025\/05\/guowai1_01-177x300.jpg 177w, https:\/\/xinshengmanufacture.com\/wp-content\/uploads\/2025\/05\/guowai1_01-603x1024.jpg 603w, https:\/\/xinshengmanufacture.com\/wp-content\/uploads\/2025\/05\/guowai1_01-768x1304.jpg 768w, https:\/\/xinshengmanufacture.com\/wp-content\/uploads\/2025\/05\/guowai1_01-905x1536.jpg 905w\" sizes=\"(max-width: 1200px) 100vw, 1200px\" \/> <img loading=\"lazy\" decoding=\"async\" class=\"alignnone size-full wp-image-4677\" src=\"https:\/\/xinshengmanufacture.com\/wp-content\/uploads\/2025\/05\/guowai1_02.jpg\" alt=\"\" width=\"1200\" height=\"1727\" srcset=\"https:\/\/xinshengmanufacture.com\/wp-content\/uploads\/2025\/05\/guowai1_02.jpg 1200w, https:\/\/xinshengmanufacture.com\/wp-content\/uploads\/2025\/05\/guowai1_02-600x864.jpg 600w, https:\/\/xinshengmanufacture.com\/wp-content\/uploads\/2025\/05\/guowai1_02-208x300.jpg 208w, https:\/\/xinshengmanufacture.com\/wp-content\/uploads\/2025\/05\/guowai1_02-712x1024.jpg 712w, https:\/\/xinshengmanufacture.com\/wp-content\/uploads\/2025\/05\/guowai1_02-768x1105.jpg 768w, https:\/\/xinshengmanufacture.com\/wp-content\/uploads\/2025\/05\/guowai1_02-1067x1536.jpg 1067w\" sizes=\"(max-width: 1200px) 100vw, 1200px\" \/> <img loading=\"lazy\" decoding=\"async\" class=\"alignnone size-full wp-image-4678\" src=\"https:\/\/xinshengmanufacture.com\/wp-content\/uploads\/2025\/05\/guowai1_03.jpg\" alt=\"\" width=\"1200\" height=\"565\" srcset=\"https:\/\/xinshengmanufacture.com\/wp-content\/uploads\/2025\/05\/guowai1_03.jpg 1200w, https:\/\/xinshengmanufacture.com\/wp-content\/uploads\/2025\/05\/guowai1_03-600x283.jpg 600w, https:\/\/xinshengmanufacture.com\/wp-content\/uploads\/2025\/05\/guowai1_03-300x141.jpg 300w, https:\/\/xinshengmanufacture.com\/wp-content\/uploads\/2025\/05\/guowai1_03-1024x482.jpg 1024w, https:\/\/xinshengmanufacture.com\/wp-content\/uploads\/2025\/05\/guowai1_03-768x362.jpg 768w\" sizes=\"(max-width: 1200px) 100vw, 1200px\" \/> <img loading=\"lazy\" decoding=\"async\" class=\"alignnone size-full wp-image-4679\" src=\"https:\/\/xinshengmanufacture.com\/wp-content\/uploads\/2025\/05\/guowai1_04.jpg\" alt=\"\" width=\"1200\" height=\"2332\" srcset=\"https:\/\/xinshengmanufacture.com\/wp-content\/uploads\/2025\/05\/guowai1_04.jpg 1200w, https:\/\/xinshengmanufacture.com\/wp-content\/uploads\/2025\/05\/guowai1_04-600x1166.jpg 600w, https:\/\/xinshengmanufacture.com\/wp-content\/uploads\/2025\/05\/guowai1_04-154x300.jpg 154w, https:\/\/xinshengmanufacture.com\/wp-content\/uploads\/2025\/05\/guowai1_04-527x1024.jpg 527w, https:\/\/xinshengmanufacture.com\/wp-content\/uploads\/2025\/05\/guowai1_04-768x1492.jpg 768w, https:\/\/xinshengmanufacture.com\/wp-content\/uploads\/2025\/05\/guowai1_04-790x1536.jpg 790w, https:\/\/xinshengmanufacture.com\/wp-content\/uploads\/2025\/05\/guowai1_04-1054x2048.jpg 1054w\" sizes=\"(max-width: 1200px) 100vw, 1200px\" \/> <img loading=\"lazy\" decoding=\"async\" class=\"alignnone size-full wp-image-4680\" src=\"https:\/\/xinshengmanufacture.com\/wp-content\/uploads\/2025\/05\/guowai1_05.jpg\" alt=\"\" width=\"1200\" height=\"2327\" srcset=\"https:\/\/xinshengmanufacture.com\/wp-content\/uploads\/2025\/05\/guowai1_05.jpg 1200w, https:\/\/xinshengmanufacture.com\/wp-content\/uploads\/2025\/05\/guowai1_05-600x1164.jpg 600w, https:\/\/xinshengmanufacture.com\/wp-content\/uploads\/2025\/05\/guowai1_05-155x300.jpg 155w, https:\/\/xinshengmanufacture.com\/wp-content\/uploads\/2025\/05\/guowai1_05-528x1024.jpg 528w, https:\/\/xinshengmanufacture.com\/wp-content\/uploads\/2025\/05\/guowai1_05-768x1489.jpg 768w, https:\/\/xinshengmanufacture.com\/wp-content\/uploads\/2025\/05\/guowai1_05-792x1536.jpg 792w, https:\/\/xinshengmanufacture.com\/wp-content\/uploads\/2025\/05\/guowai1_05-1056x2048.jpg 1056w\" sizes=\"(max-width: 1200px) 100vw, 1200px\" \/> <img loading=\"lazy\" decoding=\"async\" class=\"alignnone size-full wp-image-4681\" src=\"https:\/\/xinshengmanufacture.com\/wp-content\/uploads\/2025\/05\/guowai1_06.jpg\" alt=\"\" width=\"1200\" height=\"2281\" srcset=\"https:\/\/xinshengmanufacture.com\/wp-content\/uploads\/2025\/05\/guowai1_06.jpg 1200w, https:\/\/xinshengmanufacture.com\/wp-content\/uploads\/2025\/05\/guowai1_06-600x1141.jpg 600w, https:\/\/xinshengmanufacture.com\/wp-content\/uploads\/2025\/05\/guowai1_06-158x300.jpg 158w, https:\/\/xinshengmanufacture.com\/wp-content\/uploads\/2025\/05\/guowai1_06-539x1024.jpg 539w, https:\/\/xinshengmanufacture.com\/wp-content\/uploads\/2025\/05\/guowai1_06-768x1460.jpg 768w, https:\/\/xinshengmanufacture.com\/wp-content\/uploads\/2025\/05\/guowai1_06-808x1536.jpg 808w, https:\/\/xinshengmanufacture.com\/wp-content\/uploads\/2025\/05\/guowai1_06-1077x2048.jpg 1077w\" sizes=\"(max-width: 1200px) 100vw, 1200px\" \/> <img loading=\"lazy\" decoding=\"async\" class=\"alignnone size-full wp-image-4682\" src=\"https:\/\/xinshengmanufacture.com\/wp-content\/uploads\/2025\/05\/guowai1_07.jpg\" alt=\"\" width=\"1200\" height=\"2507\" srcset=\"https:\/\/xinshengmanufacture.com\/wp-content\/uploads\/2025\/05\/guowai1_07.jpg 1200w, https:\/\/xinshengmanufacture.com\/wp-content\/uploads\/2025\/05\/guowai1_07-600x1254.jpg 600w, https:\/\/xinshengmanufacture.com\/wp-content\/uploads\/2025\/05\/guowai1_07-144x300.jpg 144w, https:\/\/xinshengmanufacture.com\/wp-content\/uploads\/2025\/05\/guowai1_07-490x1024.jpg 490w, https:\/\/xinshengmanufacture.com\/wp-content\/uploads\/2025\/05\/guowai1_07-768x1604.jpg 768w, https:\/\/xinshengmanufacture.com\/wp-content\/uploads\/2025\/05\/guowai1_07-735x1536.jpg 735w, https:\/\/xinshengmanufacture.com\/wp-content\/uploads\/2025\/05\/guowai1_07-980x2048.jpg 980w\" sizes=\"(max-width: 1200px) 100vw, 1200px\" \/> <img loading=\"lazy\" decoding=\"async\" class=\"alignnone size-full wp-image-4683\" src=\"https:\/\/xinshengmanufacture.com\/wp-content\/uploads\/2025\/05\/guowai1_08.jpg\" alt=\"\" width=\"1200\" height=\"2111\" srcset=\"https:\/\/xinshengmanufacture.com\/wp-content\/uploads\/2025\/05\/guowai1_08.jpg 1200w, https:\/\/xinshengmanufacture.com\/wp-content\/uploads\/2025\/05\/guowai1_08-600x1056.jpg 600w, https:\/\/xinshengmanufacture.com\/wp-content\/uploads\/2025\/05\/guowai1_08-171x300.jpg 171w, https:\/\/xinshengmanufacture.com\/wp-content\/uploads\/2025\/05\/guowai1_08-582x1024.jpg 582w, https:\/\/xinshengmanufacture.com\/wp-content\/uploads\/2025\/05\/guowai1_08-768x1351.jpg 768w, https:\/\/xinshengmanufacture.com\/wp-content\/uploads\/2025\/05\/guowai1_08-873x1536.jpg 873w, https:\/\/xinshengmanufacture.com\/wp-content\/uploads\/2025\/05\/guowai1_08-1164x2048.jpg 1164w\" sizes=\"(max-width: 1200px) 100vw, 1200px\" \/> <img loading=\"lazy\" decoding=\"async\" class=\"alignnone size-full wp-image-4684\" src=\"https:\/\/xinshengmanufacture.com\/wp-content\/uploads\/2025\/05\/guowai1_09.jpg\" alt=\"\" width=\"1200\" height=\"2226\" srcset=\"https:\/\/xinshengmanufacture.com\/wp-content\/uploads\/2025\/05\/guowai1_09.jpg 1200w, https:\/\/xinshengmanufacture.com\/wp-content\/uploads\/2025\/05\/guowai1_09-600x1113.jpg 600w, https:\/\/xinshengmanufacture.com\/wp-content\/uploads\/2025\/05\/guowai1_09-162x300.jpg 162w, https:\/\/xinshengmanufacture.com\/wp-content\/uploads\/2025\/05\/guowai1_09-552x1024.jpg 552w, https:\/\/xinshengmanufacture.com\/wp-content\/uploads\/2025\/05\/guowai1_09-768x1425.jpg 768w, https:\/\/xinshengmanufacture.com\/wp-content\/uploads\/2025\/05\/guowai1_09-828x1536.jpg 828w, https:\/\/xinshengmanufacture.com\/wp-content\/uploads\/2025\/05\/guowai1_09-1104x2048.jpg 1104w\" sizes=\"(max-width: 1200px) 100vw, 1200px\" \/> <img loading=\"lazy\" decoding=\"async\" class=\"alignnone size-full wp-image-4685\" src=\"https:\/\/xinshengmanufacture.com\/wp-content\/uploads\/2025\/05\/guowai1_10.jpg\" alt=\"\" width=\"1200\" height=\"1400\" srcset=\"https:\/\/xinshengmanufacture.com\/wp-content\/uploads\/2025\/05\/guowai1_10.jpg 1200w, https:\/\/xinshengmanufacture.com\/wp-content\/uploads\/2025\/05\/guowai1_10-600x700.jpg 600w, https:\/\/xinshengmanufacture.com\/wp-content\/uploads\/2025\/05\/guowai1_10-257x300.jpg 257w, https:\/\/xinshengmanufacture.com\/wp-content\/uploads\/2025\/05\/guowai1_10-878x1024.jpg 878w, https:\/\/xinshengmanufacture.com\/wp-content\/uploads\/2025\/05\/guowai1_10-768x896.jpg 768w\" sizes=\"(max-width: 1200px) 100vw, 1200px\" \/> <img loading=\"lazy\" decoding=\"async\" class=\"alignnone size-full wp-image-4686\" src=\"https:\/\/xinshengmanufacture.com\/wp-content\/uploads\/2025\/05\/guowai1_11.jpg\" alt=\"\" width=\"1200\" height=\"2509\" srcset=\"https:\/\/xinshengmanufacture.com\/wp-content\/uploads\/2025\/05\/guowai1_11.jpg 1200w, https:\/\/xinshengmanufacture.com\/wp-content\/uploads\/2025\/05\/guowai1_11-600x1255.jpg 600w, https:\/\/xinshengmanufacture.com\/wp-content\/uploads\/2025\/05\/guowai1_11-143x300.jpg 143w, https:\/\/xinshengmanufacture.com\/wp-content\/uploads\/2025\/05\/guowai1_11-490x1024.jpg 490w, https:\/\/xinshengmanufacture.com\/wp-content\/uploads\/2025\/05\/guowai1_11-768x1606.jpg 768w, https:\/\/xinshengmanufacture.com\/wp-content\/uploads\/2025\/05\/guowai1_11-735x1536.jpg 735w, https:\/\/xinshengmanufacture.com\/wp-content\/uploads\/2025\/05\/guowai1_11-980x2048.jpg 980w\" sizes=\"(max-width: 1200px) 100vw, 1200px\" \/> <img loading=\"lazy\" decoding=\"async\" class=\"alignnone size-full wp-image-4687\" src=\"https:\/\/xinshengmanufacture.com\/wp-content\/uploads\/2025\/05\/guowai1_12.jpg\" alt=\"\" width=\"1200\" height=\"2485\" srcset=\"https:\/\/xinshengmanufacture.com\/wp-content\/uploads\/2025\/05\/guowai1_12.jpg 1200w, https:\/\/xinshengmanufacture.com\/wp-content\/uploads\/2025\/05\/guowai1_12-600x1243.jpg 600w, https:\/\/xinshengmanufacture.com\/wp-content\/uploads\/2025\/05\/guowai1_12-145x300.jpg 145w, https:\/\/xinshengmanufacture.com\/wp-content\/uploads\/2025\/05\/guowai1_12-494x1024.jpg 494w, https:\/\/xinshengmanufacture.com\/wp-content\/uploads\/2025\/05\/guowai1_12-768x1590.jpg 768w, https:\/\/xinshengmanufacture.com\/wp-content\/uploads\/2025\/05\/guowai1_12-742x1536.jpg 742w, https:\/\/xinshengmanufacture.com\/wp-content\/uploads\/2025\/05\/guowai1_12-989x2048.jpg 989w\" sizes=\"(max-width: 1200px) 100vw, 1200px\" \/><\/p>\n<div id=\"gtx-trans\" style=\"position: absolute; left: 683px; top: 33px;\">\n<div class=\"gtx-trans-icon\"><\/div>\n<\/div>\n","protected":false},"excerpt":{"rendered":"<p>Le lit de massage \u00e9lectrique sans accoudoirs lat\u00e9raux peut \u00eatre utilis\u00e9 dans les centres de massage, les salons de coiffure, les centres de beaut\u00e9, etc. Il convient mieux aux personnes de forte corpulence. <\/p>\n","protected":false},"featured_media":42736,"template":"","meta":{"_bst_post_transparent":"","_bst_post_title":"","_bst_post_layout":"","_bst_post_sidebar_id":"","_bst_post_content_style":"","_bst_post_vertical_padding":"","_bst_post_feature":"","_bst_post_feature_position":"","_bst_post_header":false,"_bst_post_footer":false},"product_brand":[1081],"product_cat":[890],"product_tag":[],"class_list":{"0":"post-42734","1":"product","2":"type-product","3":"status-publish","4":"has-post-thumbnail","6":"product_brand-xinsheng-fr","7":"product_cat-lit-de-massage-electrique","8":"pa_color-blanc","9":"pa_color-couleurs-personnalisees","10":"pa_size-190cm74cm60cm-fr","12":"first","13":"instock","14":"sale","15":"shipping-taxable","16":"purchasable","17":"product-type-variable","18":"entry","19":"content-bg","20":"loop-entry"},"_links":{"self":[{"href":"https:\/\/xinshengmanufacture.com\/fr\/wp-json\/wp\/v2\/product\/42734","targetHints":{"allow":["GET"]}}],"collection":[{"href":"https:\/\/xinshengmanufacture.com\/fr\/wp-json\/wp\/v2\/product"}],"about":[{"href":"https:\/\/xinshengmanufacture.com\/fr\/wp-json\/wp\/v2\/types\/product"}],"version-history":[{"count":1,"href":"https:\/\/xinshengmanufacture.com\/fr\/wp-json\/wp\/v2\/product\/42734\/revisions"}],"predecessor-version":[{"id":42776,"href":"https:\/\/xinshengmanufacture.com\/fr\/wp-json\/wp\/v2\/product\/42734\/revisions\/42776"}],"wp:featuredmedia":[{"embeddable":true,"href":"https:\/\/xinshengmanufacture.com\/fr\/wp-json\/wp\/v2\/media\/42736"}],"wp:attachment":[{"href":"https:\/\/xinshengmanufacture.com\/fr\/wp-json\/wp\/v2\/media?parent=42734"}],"wp:term":[{"taxonomy":"product_brand","embeddable":true,"href":"https:\/\/xinshengmanufacture.com\/fr\/wp-json\/wp\/v2\/product_brand?post=42734"},{"taxonomy":"product_cat","embeddable":true,"href":"https:\/\/xinshengmanufacture.com\/fr\/wp-json\/wp\/v2\/product_cat?post=42734"},{"taxonomy":"product_tag","embeddable":true,"href":"https:\/\/xinshengmanufacture.com\/fr\/wp-json\/wp\/v2\/product_tag?post=42734"}],"curies":[{"name":"wp","href":"https:\/\/api.w.org\/{rel}","templated":true}]}}