{"id":44254,"date":"2025-04-19T08:00:39","date_gmt":"2025-04-19T08:00:39","guid":{"rendered":"https:\/\/xinshengmanufacture.com\/product\/equipement-pour-salon-de-beaute-luxueux-lit-de-massage-electrique-intelligent-pour-shampoing-salon-de-beaute-soins-du-visage-lit-de-massage-pour-spa-therapie-de-la-tete-equipement-commercial\/"},"modified":"2025-08-26T08:04:43","modified_gmt":"2025-08-26T08:04:43","slug":"equipement-pour-salon-de-beaute-luxueux-lit-de-massage-electrique-intelligent-pour-shampoing-salon-de-beaute-soins-du-visage-lit-de-massage-pour-spa-therapie-de-la-tete-equipement-commercial","status":"publish","type":"product","link":"https:\/\/xinshengmanufacture.com\/fr\/product\/equipement-pour-salon-de-beaute-luxueux-lit-de-massage-electrique-intelligent-pour-shampoing-salon-de-beaute-soins-du-visage-lit-de-massage-pour-spa-therapie-de-la-tete-equipement-commercial\/","title":{"rendered":"Equipement pour salon de beaut\u00e9 luxueux lit de massage \u00e9lectrique intelligent pour shampoing salon de beaut\u00e9 soins du visage lit de massage pour spa th\u00e9rapie de la t\u00eate \u00e9quipement commercial"},"content":{"rendered":"<div class=\"wp-playlist wp-video-playlist wp-playlist-light\">\n\t\t<video controls=\"controls\" preload=\"none\" width=\"1408\"\n\t\t height=\"2503\"\t><\/video>\n\t<div class=\"wp-playlist-next\"><\/div>\n\t<div class=\"wp-playlist-prev\"><\/div>\n\t<noscript>\n\t<ol>\n\t\t<li><a href='https:\/\/xinshengmanufacture.com\/wp-content\/uploads\/2025\/04\/67-1.mp4'>67 (1)<\/a><\/li>\t<\/ol>\n\t<\/noscript>\n\t<script type=\"application\/json\" class=\"wp-playlist-script\">{\"type\":\"video\",\"tracklist\":false,\"tracknumbers\":true,\"images\":true,\"artists\":true,\"tracks\":[{\"src\":\"https:\/\/xinshengmanufacture.com\/wp-content\/uploads\/2025\/04\/67-1.mp4\",\"type\":\"video\/mp4\",\"title\":\"67 (1)\",\"caption\":\"\",\"description\":\"\",\"meta\":{\"length_formatted\":\"0:45\"},\"dimensions\":{\"original\":{\"width\":1080,\"height\":1920},\"resized\":{\"width\":1408,\"height\":2503}},\"image\":{\"src\":\"https:\/\/xinshengmanufacture.com\/wp-includes\/images\/media\/video.svg\",\"width\":48,\"height\":64},\"thumb\":{\"src\":\"https:\/\/xinshengmanufacture.com\/wp-includes\/images\/media\/video.svg\",\"width\":48,\"height\":64}}]}<\/script>\n<\/div>\n\t\n<p style=\"text-align: center;\"><img fetchpriority=\"high\" decoding=\"async\" class=\"size-full wp-image-4065 aligncenter\" src=\"https:\/\/xinshengmanufacture.com\/wp-content\/uploads\/2025\/04\/%E8%B6%85%E5%B7%A5%E5%AE%9A%E5%88%B6%E8%8B%B1%E6%96%87_011-1.jpg\" alt=\"\" width=\"1200\" height=\"1857\"><img decoding=\"async\" class=\"size-full wp-image-4066 aligncenter\" src=\"https:\/\/xinshengmanufacture.com\/wp-content\/uploads\/2025\/04\/%E8%B6%85%E5%B7%A5%E5%AE%9A%E5%88%B6%E8%8B%B1%E6%96%87_021-1.jpg\" alt=\"\" width=\"1200\" height=\"1054\"><img decoding=\"async\" class=\"size-full wp-image-4067 aligncenter\" src=\"https:\/\/xinshengmanufacture.com\/wp-content\/uploads\/2025\/04\/%E8%B6%85%E5%B7%A5%E5%AE%9A%E5%88%B6%E8%8B%B1%E6%96%87_031-1.jpg\" alt=\"\" width=\"1200\" height=\"1563\"><img loading=\"lazy\" decoding=\"async\" class=\"size-full wp-image-4068 aligncenter\" src=\"https:\/\/xinshengmanufacture.com\/wp-content\/uploads\/2025\/04\/%E8%B6%85%E5%B7%A5%E5%AE%9A%E5%88%B6%E8%8B%B1%E6%96%87_041-1.jpg\" alt=\"\" width=\"1200\" height=\"1755\"><img loading=\"lazy\" decoding=\"async\" class=\"size-full wp-image-4069 aligncenter\" src=\"https:\/\/xinshengmanufacture.com\/wp-content\/uploads\/2025\/04\/%E8%B6%85%E5%B7%A5%E5%AE%9A%E5%88%B6%E8%8B%B1%E6%96%87_051-1.jpg\" alt=\"\" width=\"1200\" height=\"2257\"><img loading=\"lazy\" decoding=\"async\" class=\"size-full wp-image-4458 aligncenter\" src=\"https:\/\/xinshengmanufacture.com\/wp-content\/uploads\/2025\/04\/%E6%9C%AA%E6%A0%87%E9%A2%98_01.jpg\" alt=\"\" width=\"1200\" height=\"1815\"> <img loading=\"lazy\" decoding=\"async\" class=\"size-full wp-image-4459 aligncenter\" src=\"https:\/\/xinshengmanufacture.com\/wp-content\/uploads\/2025\/04\/%E6%9C%AA%E6%A0%87%E9%A2%98_02.jpg\" alt=\"\" width=\"1200\" height=\"1559\"> <img loading=\"lazy\" decoding=\"async\" class=\"size-full wp-image-4460 aligncenter\" src=\"https:\/\/xinshengmanufacture.com\/wp-content\/uploads\/2025\/04\/%E6%9C%AA%E6%A0%87%E9%A2%98_03-scaled.jpg\" alt=\"\" width=\"1173\" height=\"2560\"> <img loading=\"lazy\" decoding=\"async\" class=\"size-full wp-image-4461 aligncenter\" src=\"https:\/\/xinshengmanufacture.com\/wp-content\/uploads\/2025\/04\/%E6%9C%AA%E6%A0%87%E9%A2%98_04.jpg\" alt=\"\" width=\"1200\" height=\"1742\"> <img loading=\"lazy\" decoding=\"async\" class=\"size-full wp-image-4462 aligncenter\" src=\"https:\/\/xinshengmanufacture.com\/wp-content\/uploads\/2025\/04\/%E6%9C%AA%E6%A0%87%E9%A2%98_05.jpg\" alt=\"\" width=\"1200\" height=\"1442\"> <img loading=\"lazy\" decoding=\"async\" class=\"size-full wp-image-4463 aligncenter\" src=\"https:\/\/xinshengmanufacture.com\/wp-content\/uploads\/2025\/04\/%E6%9C%AA%E6%A0%87%E9%A2%98_06.jpg\" alt=\"\" width=\"1200\" height=\"1574\"> <img loading=\"lazy\" decoding=\"async\" class=\"size-full wp-image-4464 aligncenter\" src=\"https:\/\/xinshengmanufacture.com\/wp-content\/uploads\/2025\/04\/%E6%9C%AA%E6%A0%87%E9%A2%98_07.jpg\" alt=\"\" width=\"1200\" height=\"1589\"> <img loading=\"lazy\" decoding=\"async\" class=\"size-full wp-image-4465 aligncenter\" src=\"https:\/\/xinshengmanufacture.com\/wp-content\/uploads\/2025\/04\/%E6%9C%AA%E6%A0%87%E9%A2%98_08.jpg\" alt=\"\" width=\"1200\" height=\"1745\"> <img loading=\"lazy\" decoding=\"async\" class=\"size-full wp-image-4466 aligncenter\" src=\"https:\/\/xinshengmanufacture.com\/wp-content\/uploads\/2025\/04\/%E6%9C%AA%E6%A0%87%E9%A2%98_09.jpg\" alt=\"\" width=\"1200\" height=\"2045\"> <img loading=\"lazy\" decoding=\"async\" class=\"size-full wp-image-4467 aligncenter\" src=\"https:\/\/xinshengmanufacture.com\/wp-content\/uploads\/2025\/04\/%E6%9C%AA%E6%A0%87%E9%A2%98_10.jpg\" alt=\"\" width=\"1200\" height=\"2512\"> <img loading=\"lazy\" decoding=\"async\" class=\"aligncenter wp-image-4468\" src=\"https:\/\/xinshengmanufacture.com\/wp-content\/uploads\/2025\/04\/%E6%9C%AA%E6%A0%87%E9%A2%98_11-scaled.jpg\" alt=\"\" width=\"1200\" height=\"2926\"> <img loading=\"lazy\" decoding=\"async\" class=\"size-full wp-image-4469 aligncenter\" src=\"https:\/\/xinshengmanufacture.com\/wp-content\/uploads\/2025\/04\/%E6%9C%AA%E6%A0%87%E9%A2%98_12.jpg\" alt=\"\" width=\"1200\" height=\"2491\"><\/p>\n","protected":false},"excerpt":{"rendered":"<p>Le lit de massage \u00e9lectrique intelligent peut \u00eatre utilis\u00e9 dans les centres de massage, les salons, les centres de beaut\u00e9, les centres de th\u00e9rapie cr\u00e2nienne, etc.<\/p>\n","protected":false},"featured_media":44257,"template":"","meta":{"_bst_post_transparent":"","_bst_post_title":"","_bst_post_layout":"","_bst_post_sidebar_id":"","_bst_post_content_style":"","_bst_post_vertical_padding":"","_bst_post_feature":"","_bst_post_feature_position":"","_bst_post_header":false,"_bst_post_footer":false},"product_brand":[1081],"product_cat":[890],"product_tag":[],"class_list":{"0":"post-44254","1":"product","2":"type-product","3":"status-publish","4":"has-post-thumbnail","6":"product_brand-xinsheng-fr","7":"product_cat-lit-de-massage-electrique","8":"pa_color-blanc","9":"pa_color-couleurs-personnalisees","10":"pa_size-190cm80cm70cm-fr","12":"first","13":"instock","14":"sale","15":"shipping-taxable","16":"purchasable","17":"product-type-variable","18":"entry","19":"content-bg","20":"loop-entry"},"_links":{"self":[{"href":"https:\/\/xinshengmanufacture.com\/fr\/wp-json\/wp\/v2\/product\/44254","targetHints":{"allow":["GET"]}}],"collection":[{"href":"https:\/\/xinshengmanufacture.com\/fr\/wp-json\/wp\/v2\/product"}],"about":[{"href":"https:\/\/xinshengmanufacture.com\/fr\/wp-json\/wp\/v2\/types\/product"}],"version-history":[{"count":2,"href":"https:\/\/xinshengmanufacture.com\/fr\/wp-json\/wp\/v2\/product\/44254\/revisions"}],"predecessor-version":[{"id":75054,"href":"https:\/\/xinshengmanufacture.com\/fr\/wp-json\/wp\/v2\/product\/44254\/revisions\/75054"}],"wp:featuredmedia":[{"embeddable":true,"href":"https:\/\/xinshengmanufacture.com\/fr\/wp-json\/wp\/v2\/media\/44257"}],"wp:attachment":[{"href":"https:\/\/xinshengmanufacture.com\/fr\/wp-json\/wp\/v2\/media?parent=44254"}],"wp:term":[{"taxonomy":"product_brand","embeddable":true,"href":"https:\/\/xinshengmanufacture.com\/fr\/wp-json\/wp\/v2\/product_brand?post=44254"},{"taxonomy":"product_cat","embeddable":true,"href":"https:\/\/xinshengmanufacture.com\/fr\/wp-json\/wp\/v2\/product_cat?post=44254"},{"taxonomy":"product_tag","embeddable":true,"href":"https:\/\/xinshengmanufacture.com\/fr\/wp-json\/wp\/v2\/product_tag?post=44254"}],"curies":[{"name":"wp","href":"https:\/\/api.w.org\/{rel}","templated":true}]}}