{"id":47009,"date":"2025-05-19T07:36:36","date_gmt":"2025-05-19T07:36:36","guid":{"rendered":"https:\/\/xinshengmanufacture.com\/product\/chaise-de-shampoing-haut-de-gamme-design-moderne-chaise-de-shampoing-intelligente-salon-de-coiffure-mobilier-commercial-massage-pied-centre-de-bain-chaise-de-shampoing-salon-de-beaute-chaise-de-shampo\/"},"modified":"2025-08-26T08:01:47","modified_gmt":"2025-08-26T08:01:47","slug":"chaise-de-shampoing-haut-de-gamme-design-moderne-chaise-de-shampoing-intelligente-salon-de-coiffure-mobilier-commercial-massage-pied-centre-de-bain-chaise-de-shampoing-salon-de-beaute-chaise-de-shampo","status":"publish","type":"product","link":"https:\/\/xinshengmanufacture.com\/fr\/product\/chaise-de-shampoing-haut-de-gamme-design-moderne-chaise-de-shampoing-intelligente-salon-de-coiffure-mobilier-commercial-massage-pied-centre-de-bain-chaise-de-shampoing-salon-de-beaute-chaise-de-shampo\/","title":{"rendered":"Chaise de shampoing haut de gamme design moderne chaise de shampoing intelligente salon de coiffure mobilier commercial massage pied centre de bain chaise de shampoing salon de beaut\u00e9 chaise de shampoing chaise de spa chaise de massage \u00e9quipement"},"content":{"rendered":"<div class=\"wp-playlist wp-video-playlist wp-playlist-light\">\n\t\t<video controls=\"controls\" preload=\"none\" width=\"1408\"\n\t\t height=\"2503\"\t><\/video>\n\t<div class=\"wp-playlist-next\"><\/div>\n\t<div class=\"wp-playlist-prev\"><\/div>\n\t<noscript>\n\t<ol>\n\t\t<li><a href='https:\/\/xinshengmanufacture.com\/wp-content\/uploads\/2025\/05\/450.mp4'>450<\/a><\/li>\t<\/ol>\n\t<\/noscript>\n\t<script type=\"application\/json\" class=\"wp-playlist-script\">{\"type\":\"video\",\"tracklist\":false,\"tracknumbers\":true,\"images\":true,\"artists\":true,\"tracks\":[{\"src\":\"https:\/\/xinshengmanufacture.com\/wp-content\/uploads\/2025\/05\/450.mp4\",\"type\":\"video\/mp4\",\"title\":\"450\",\"caption\":\"\",\"description\":\"\",\"meta\":{\"length_formatted\":\"0:45\"},\"dimensions\":{\"original\":{\"width\":1080,\"height\":1920},\"resized\":{\"width\":1408,\"height\":2503}},\"image\":{\"src\":\"https:\/\/xinshengmanufacture.com\/wp-includes\/images\/media\/video.svg\",\"width\":48,\"height\":64},\"thumb\":{\"src\":\"https:\/\/xinshengmanufacture.com\/wp-includes\/images\/media\/video.svg\",\"width\":48,\"height\":64}}]}<\/script>\n<\/div>\n\t\n<p style=\"text-align: center;\"><img fetchpriority=\"high\" decoding=\"async\" class=\"alignnone size-full wp-image-5189 aligncenter\" src=\"https:\/\/xinshengmanufacture.com\/wp-content\/uploads\/2025\/05\/%E8%B6%85%E5%B7%A5%E5%AE%9A%E5%88%B6%E8%8B%B1%E6%96%87_011-3.jpg\" alt=\"\" width=\"1200\" height=\"1857\"><img decoding=\"async\" class=\"size-full wp-image-5190 aligncenter\" src=\"https:\/\/xinshengmanufacture.com\/wp-content\/uploads\/2025\/05\/%E8%B6%85%E5%B7%A5%E5%AE%9A%E5%88%B6%E8%8B%B1%E6%96%87_021-3.jpg\" alt=\"\" width=\"1200\" height=\"1054\"><img decoding=\"async\" class=\"size-full wp-image-5191 aligncenter\" src=\"https:\/\/xinshengmanufacture.com\/wp-content\/uploads\/2025\/05\/%E8%B6%85%E5%B7%A5%E5%AE%9A%E5%88%B6%E8%8B%B1%E6%96%87_031-3.jpg\" alt=\"\" width=\"1200\" height=\"1563\"><img loading=\"lazy\" decoding=\"async\" class=\"size-full wp-image-5192 aligncenter\" src=\"https:\/\/xinshengmanufacture.com\/wp-content\/uploads\/2025\/05\/%E8%B6%85%E5%B7%A5%E5%AE%9A%E5%88%B6%E8%8B%B1%E6%96%87_041-3.jpg\" alt=\"\" width=\"1200\" height=\"1755\"><img loading=\"lazy\" decoding=\"async\" class=\"size-full wp-image-5193 aligncenter\" src=\"https:\/\/xinshengmanufacture.com\/wp-content\/uploads\/2025\/05\/%E8%B6%85%E5%B7%A5%E5%AE%9A%E5%88%B6%E8%8B%B1%E6%96%87_051-3.jpg\" alt=\"\" width=\"1200\" height=\"2257\"><img loading=\"lazy\" decoding=\"async\" class=\"alignnone wp-image-71475\" src=\"https:\/\/xinshengmanufacture.com\/wp-content\/uploads\/2025\/05\/12340.jpg\" alt=\"\" width=\"1200\" height=\"708\" srcset=\"https:\/\/xinshengmanufacture.com\/wp-content\/uploads\/2025\/05\/12340.jpg 1562w, https:\/\/xinshengmanufacture.com\/wp-content\/uploads\/2025\/05\/12340-300x177.jpg 300w, https:\/\/xinshengmanufacture.com\/wp-content\/uploads\/2025\/05\/12340-1024x604.jpg 1024w, https:\/\/xinshengmanufacture.com\/wp-content\/uploads\/2025\/05\/12340-768x453.jpg 768w, https:\/\/xinshengmanufacture.com\/wp-content\/uploads\/2025\/05\/12340-1536x906.jpg 1536w, https:\/\/xinshengmanufacture.com\/wp-content\/uploads\/2025\/05\/12340-600x354.jpg 600w\" sizes=\"(max-width: 1200px) 100vw, 1200px\" \/><img loading=\"lazy\" decoding=\"async\" class=\"alignnone size-full wp-image-5215\" src=\"https:\/\/xinshengmanufacture.com\/wp-content\/uploads\/2025\/05\/1_01-6.jpg\" alt=\"\" width=\"1200\" height=\"1780\" srcset=\"https:\/\/xinshengmanufacture.com\/wp-content\/uploads\/2025\/05\/1_01-6.jpg 1200w, https:\/\/xinshengmanufacture.com\/wp-content\/uploads\/2025\/05\/1_01-6-600x890.jpg 600w, https:\/\/xinshengmanufacture.com\/wp-content\/uploads\/2025\/05\/1_01-6-202x300.jpg 202w, https:\/\/xinshengmanufacture.com\/wp-content\/uploads\/2025\/05\/1_01-6-690x1024.jpg 690w, https:\/\/xinshengmanufacture.com\/wp-content\/uploads\/2025\/05\/1_01-6-768x1139.jpg 768w, https:\/\/xinshengmanufacture.com\/wp-content\/uploads\/2025\/05\/1_01-6-1036x1536.jpg 1036w\" sizes=\"(max-width: 1200px) 100vw, 1200px\" \/> <img loading=\"lazy\" decoding=\"async\" class=\"alignnone size-full wp-image-5216\" src=\"https:\/\/xinshengmanufacture.com\/wp-content\/uploads\/2025\/05\/1_02-6.jpg\" alt=\"\" width=\"1200\" height=\"1869\" srcset=\"https:\/\/xinshengmanufacture.com\/wp-content\/uploads\/2025\/05\/1_02-6.jpg 1200w, https:\/\/xinshengmanufacture.com\/wp-content\/uploads\/2025\/05\/1_02-6-600x935.jpg 600w, https:\/\/xinshengmanufacture.com\/wp-content\/uploads\/2025\/05\/1_02-6-193x300.jpg 193w, https:\/\/xinshengmanufacture.com\/wp-content\/uploads\/2025\/05\/1_02-6-657x1024.jpg 657w, https:\/\/xinshengmanufacture.com\/wp-content\/uploads\/2025\/05\/1_02-6-768x1196.jpg 768w, https:\/\/xinshengmanufacture.com\/wp-content\/uploads\/2025\/05\/1_02-6-986x1536.jpg 986w\" sizes=\"(max-width: 1200px) 100vw, 1200px\" \/> <img loading=\"lazy\" decoding=\"async\" class=\"alignnone size-full wp-image-5217\" src=\"https:\/\/xinshengmanufacture.com\/wp-content\/uploads\/2025\/05\/1_03-6.jpg\" alt=\"\" width=\"1200\" height=\"1837\" srcset=\"https:\/\/xinshengmanufacture.com\/wp-content\/uploads\/2025\/05\/1_03-6.jpg 1200w, https:\/\/xinshengmanufacture.com\/wp-content\/uploads\/2025\/05\/1_03-6-600x919.jpg 600w, https:\/\/xinshengmanufacture.com\/wp-content\/uploads\/2025\/05\/1_03-6-196x300.jpg 196w, https:\/\/xinshengmanufacture.com\/wp-content\/uploads\/2025\/05\/1_03-6-669x1024.jpg 669w, https:\/\/xinshengmanufacture.com\/wp-content\/uploads\/2025\/05\/1_03-6-768x1176.jpg 768w, https:\/\/xinshengmanufacture.com\/wp-content\/uploads\/2025\/05\/1_03-6-1003x1536.jpg 1003w\" sizes=\"(max-width: 1200px) 100vw, 1200px\" \/> <img loading=\"lazy\" decoding=\"async\" class=\"alignnone size-full wp-image-5218\" src=\"https:\/\/xinshengmanufacture.com\/wp-content\/uploads\/2025\/05\/1_04-6.jpg\" alt=\"\" width=\"1200\" height=\"1792\" srcset=\"https:\/\/xinshengmanufacture.com\/wp-content\/uploads\/2025\/05\/1_04-6.jpg 1200w, https:\/\/xinshengmanufacture.com\/wp-content\/uploads\/2025\/05\/1_04-6-600x896.jpg 600w, https:\/\/xinshengmanufacture.com\/wp-content\/uploads\/2025\/05\/1_04-6-201x300.jpg 201w, https:\/\/xinshengmanufacture.com\/wp-content\/uploads\/2025\/05\/1_04-6-686x1024.jpg 686w, https:\/\/xinshengmanufacture.com\/wp-content\/uploads\/2025\/05\/1_04-6-768x1147.jpg 768w, https:\/\/xinshengmanufacture.com\/wp-content\/uploads\/2025\/05\/1_04-6-1029x1536.jpg 1029w\" sizes=\"(max-width: 1200px) 100vw, 1200px\" \/> <img loading=\"lazy\" decoding=\"async\" class=\"alignnone size-full wp-image-5219\" src=\"https:\/\/xinshengmanufacture.com\/wp-content\/uploads\/2025\/05\/1_05-6.jpg\" alt=\"\" width=\"1200\" height=\"1809\" srcset=\"https:\/\/xinshengmanufacture.com\/wp-content\/uploads\/2025\/05\/1_05-6.jpg 1200w, https:\/\/xinshengmanufacture.com\/wp-content\/uploads\/2025\/05\/1_05-6-600x905.jpg 600w, https:\/\/xinshengmanufacture.com\/wp-content\/uploads\/2025\/05\/1_05-6-199x300.jpg 199w, https:\/\/xinshengmanufacture.com\/wp-content\/uploads\/2025\/05\/1_05-6-679x1024.jpg 679w, https:\/\/xinshengmanufacture.com\/wp-content\/uploads\/2025\/05\/1_05-6-768x1158.jpg 768w, https:\/\/xinshengmanufacture.com\/wp-content\/uploads\/2025\/05\/1_05-6-1019x1536.jpg 1019w\" sizes=\"(max-width: 1200px) 100vw, 1200px\" \/> <img loading=\"lazy\" decoding=\"async\" class=\"alignnone size-full wp-image-5220\" src=\"https:\/\/xinshengmanufacture.com\/wp-content\/uploads\/2025\/05\/1_06-5.jpg\" alt=\"\" width=\"1200\" height=\"1812\" srcset=\"https:\/\/xinshengmanufacture.com\/wp-content\/uploads\/2025\/05\/1_06-5.jpg 1200w, https:\/\/xinshengmanufacture.com\/wp-content\/uploads\/2025\/05\/1_06-5-600x906.jpg 600w, https:\/\/xinshengmanufacture.com\/wp-content\/uploads\/2025\/05\/1_06-5-199x300.jpg 199w, https:\/\/xinshengmanufacture.com\/wp-content\/uploads\/2025\/05\/1_06-5-678x1024.jpg 678w, https:\/\/xinshengmanufacture.com\/wp-content\/uploads\/2025\/05\/1_06-5-768x1160.jpg 768w, https:\/\/xinshengmanufacture.com\/wp-content\/uploads\/2025\/05\/1_06-5-1017x1536.jpg 1017w\" sizes=\"(max-width: 1200px) 100vw, 1200px\" \/> <img loading=\"lazy\" decoding=\"async\" class=\"alignnone size-full wp-image-5221\" src=\"https:\/\/xinshengmanufacture.com\/wp-content\/uploads\/2025\/05\/1_07-6.jpg\" alt=\"\" width=\"1200\" height=\"1796\" srcset=\"https:\/\/xinshengmanufacture.com\/wp-content\/uploads\/2025\/05\/1_07-6.jpg 1200w, https:\/\/xinshengmanufacture.com\/wp-content\/uploads\/2025\/05\/1_07-6-600x898.jpg 600w, https:\/\/xinshengmanufacture.com\/wp-content\/uploads\/2025\/05\/1_07-6-200x300.jpg 200w, https:\/\/xinshengmanufacture.com\/wp-content\/uploads\/2025\/05\/1_07-6-684x1024.jpg 684w, https:\/\/xinshengmanufacture.com\/wp-content\/uploads\/2025\/05\/1_07-6-768x1149.jpg 768w, https:\/\/xinshengmanufacture.com\/wp-content\/uploads\/2025\/05\/1_07-6-1026x1536.jpg 1026w\" sizes=\"(max-width: 1200px) 100vw, 1200px\" \/> <img loading=\"lazy\" decoding=\"async\" class=\"alignnone size-full wp-image-5222\" src=\"https:\/\/xinshengmanufacture.com\/wp-content\/uploads\/2025\/05\/1_08-6.jpg\" alt=\"\" width=\"1200\" height=\"2054\" srcset=\"https:\/\/xinshengmanufacture.com\/wp-content\/uploads\/2025\/05\/1_08-6.jpg 1200w, https:\/\/xinshengmanufacture.com\/wp-content\/uploads\/2025\/05\/1_08-6-600x1027.jpg 600w, https:\/\/xinshengmanufacture.com\/wp-content\/uploads\/2025\/05\/1_08-6-175x300.jpg 175w, https:\/\/xinshengmanufacture.com\/wp-content\/uploads\/2025\/05\/1_08-6-598x1024.jpg 598w, https:\/\/xinshengmanufacture.com\/wp-content\/uploads\/2025\/05\/1_08-6-768x1315.jpg 768w, https:\/\/xinshengmanufacture.com\/wp-content\/uploads\/2025\/05\/1_08-6-897x1536.jpg 897w, https:\/\/xinshengmanufacture.com\/wp-content\/uploads\/2025\/05\/1_08-6-1196x2048.jpg 1196w\" sizes=\"(max-width: 1200px) 100vw, 1200px\" \/> <img loading=\"lazy\" decoding=\"async\" class=\"alignnone wp-image-5223\" src=\"https:\/\/xinshengmanufacture.com\/wp-content\/uploads\/2025\/05\/1_09-6-scaled.jpg\" alt=\"\" width=\"1200\" height=\"2906\" srcset=\"https:\/\/xinshengmanufacture.com\/wp-content\/uploads\/2025\/05\/1_09-6-scaled.jpg 1057w, https:\/\/xinshengmanufacture.com\/wp-content\/uploads\/2025\/05\/1_09-6-scaled-600x1453.jpg 600w, https:\/\/xinshengmanufacture.com\/wp-content\/uploads\/2025\/05\/1_09-6-124x300.jpg 124w, https:\/\/xinshengmanufacture.com\/wp-content\/uploads\/2025\/05\/1_09-6-423x1024.jpg 423w, https:\/\/xinshengmanufacture.com\/wp-content\/uploads\/2025\/05\/1_09-6-768x1860.jpg 768w, https:\/\/xinshengmanufacture.com\/wp-content\/uploads\/2025\/05\/1_09-6-634x1536.jpg 634w, https:\/\/xinshengmanufacture.com\/wp-content\/uploads\/2025\/05\/1_09-6-846x2048.jpg 846w\" sizes=\"(max-width: 1200px) 100vw, 1200px\" \/> <img loading=\"lazy\" decoding=\"async\" class=\"alignnone size-full wp-image-5224\" src=\"https:\/\/xinshengmanufacture.com\/wp-content\/uploads\/2025\/05\/1_10-4.jpg\" alt=\"\" width=\"1200\" height=\"1254\" srcset=\"https:\/\/xinshengmanufacture.com\/wp-content\/uploads\/2025\/05\/1_10-4.jpg 1200w, https:\/\/xinshengmanufacture.com\/wp-content\/uploads\/2025\/05\/1_10-4-600x627.jpg 600w, https:\/\/xinshengmanufacture.com\/wp-content\/uploads\/2025\/05\/1_10-4-287x300.jpg 287w, https:\/\/xinshengmanufacture.com\/wp-content\/uploads\/2025\/05\/1_10-4-980x1024.jpg 980w, https:\/\/xinshengmanufacture.com\/wp-content\/uploads\/2025\/05\/1_10-4-768x803.jpg 768w\" sizes=\"(max-width: 1200px) 100vw, 1200px\" \/><\/p>\n","protected":false},"excerpt":{"rendered":"<p>Le fauteuil de massage et de shampoing intelligent au design moderne et haut de gamme peut \u00eatre utilis\u00e9 dans les salons de coiffure, les centres de massage et de bains de pieds, les centres de beaut\u00e9, les centres de spa, etc.<\/p>\n","protected":false},"featured_media":47012,"template":"","meta":{"_bst_post_transparent":"","_bst_post_title":"","_bst_post_layout":"","_bst_post_sidebar_id":"","_bst_post_content_style":"","_bst_post_vertical_padding":"","_bst_post_feature":"","_bst_post_feature_position":"","_bst_post_header":false,"_bst_post_footer":false},"product_brand":[1081],"product_cat":[883],"product_tag":[],"class_list":{"0":"post-47009","1":"product","2":"type-product","3":"status-publish","4":"has-post-thumbnail","6":"product_brand-xinsheng-fr","7":"product_cat-chaise-de-shampoing-multifonctionnelle","8":"pa_color-couleur-orange","9":"pa_color-couleurs-personnalisees","10":"pa_size-1839580cm-fr","12":"first","13":"instock","14":"sale","15":"shipping-taxable","16":"purchasable","17":"product-type-variable","18":"entry","19":"content-bg","20":"loop-entry"},"_links":{"self":[{"href":"https:\/\/xinshengmanufacture.com\/fr\/wp-json\/wp\/v2\/product\/47009","targetHints":{"allow":["GET"]}}],"collection":[{"href":"https:\/\/xinshengmanufacture.com\/fr\/wp-json\/wp\/v2\/product"}],"about":[{"href":"https:\/\/xinshengmanufacture.com\/fr\/wp-json\/wp\/v2\/types\/product"}],"version-history":[{"count":2,"href":"https:\/\/xinshengmanufacture.com\/fr\/wp-json\/wp\/v2\/product\/47009\/revisions"}],"predecessor-version":[{"id":74819,"href":"https:\/\/xinshengmanufacture.com\/fr\/wp-json\/wp\/v2\/product\/47009\/revisions\/74819"}],"wp:featuredmedia":[{"embeddable":true,"href":"https:\/\/xinshengmanufacture.com\/fr\/wp-json\/wp\/v2\/media\/47012"}],"wp:attachment":[{"href":"https:\/\/xinshengmanufacture.com\/fr\/wp-json\/wp\/v2\/media?parent=47009"}],"wp:term":[{"taxonomy":"product_brand","embeddable":true,"href":"https:\/\/xinshengmanufacture.com\/fr\/wp-json\/wp\/v2\/product_brand?post=47009"},{"taxonomy":"product_cat","embeddable":true,"href":"https:\/\/xinshengmanufacture.com\/fr\/wp-json\/wp\/v2\/product_cat?post=47009"},{"taxonomy":"product_tag","embeddable":true,"href":"https:\/\/xinshengmanufacture.com\/fr\/wp-json\/wp\/v2\/product_tag?post=47009"}],"curies":[{"name":"wp","href":"https:\/\/api.w.org\/{rel}","templated":true}]}}